{"id":4467,"date":"2024-09-25T06:00:05","date_gmt":"2024-09-25T10:00:05","guid":{"rendered":"https:\/\/wowrxpharmacy.com\/?post_type=product&#038;p=4467"},"modified":"2024-11-22T05:12:02","modified_gmt":"2024-11-22T10:12:02","slug":"suhagra-25mg","status":"publish","type":"product","link":"https:\/\/wowrxpharmacy.com\/es\/producto\/suhagra-25mg\/","title":{"rendered":"Suhagra 25mg"},"content":{"rendered":"<h3><span style=\"font-weight: 400;\">Acerca de Suhagra 25mg<\/span><\/h3>\n<p><span style=\"font-weight: 400;\">Suhagra 25 mg es un medicamento oral eficaz prescrito para tratar la disfunci\u00f3n er\u00e9ctil (DE) en un hombre adulto. Contiene un ingrediente activo aprobado por la FDA, Sildenafil, y pertenece a la clase de medicamentos llamados inhibidores de la fosfodiesterasa tipo 5 (PDE5) y mejora las erecciones para una relaci\u00f3n sexual satisfactoria.<\/span><\/p>\n<p><span style=\"font-weight: 400;\">Suhagra 25mg Tablet tambi\u00e9n puede tratar la Hipertensi\u00f3n Arterial Pulmonar (HAP) mediante la dilataci\u00f3n de los vasos sangu\u00edneos y aumentar el suministro de sangre a los pulmones. Cipla Ltd fabrica Suhagra Tablet, que se puede comprar en WowRx a precios reducidos.<\/span><\/p>\n<h3><span style=\"font-weight: 400;\">Usos de Suhagra 25mg Comprimido<\/span><\/h3>\n<p><span style=\"font-weight: 400;\">El sildenafilo es <\/span><a href=\"https:\/\/www.ncbi.nlm.nih.gov\/books\/NBK558978\/#:~:text=Sildenafil%20was%20the,delay%20clinical%20worsening\" target=\"_blank\" rel=\"nofollow noopener\"><span style=\"font-weight: 400;\">Aprobado por la FDA<\/span><\/a><span style=\"font-weight: 400;\"> para el tratamiento de la disfunci\u00f3n er\u00e9ctil en hombres y de la HAP en adultos. Puede beneficiarle de las siguientes maneras:<\/span><\/p>\n<h4><span style=\"font-weight: 400;\">Suhagra 25 mg para la disfunci\u00f3n er\u00e9ctil<\/span><\/h4>\n<p><span style=\"font-weight: 400;\">Suhagra 25 mg se utiliza principalmente para aumentar el flujo sangu\u00edneo al pene, mejorando las erecciones para una mejor experiencia sexual. Suhagra tiene un r\u00e1pido inicio de acci\u00f3n, que es dentro de los 30 minutos de tomar el medicamento, y sigue siendo eficaz durante un m\u00e1ximo de 4 horas.\u00a0<\/span><\/p>\n<p><span style=\"font-weight: 400;\">Sin embargo, Suhagra no cura la disfunci\u00f3n er\u00e9ctil. Consulte a un m\u00e9dico para obtener un diagn\u00f3stico adecuado de su afecci\u00f3n y encontrar la causa ra\u00edz de sus problemas de erecci\u00f3n. Adem\u00e1s, s\u00f3lo puede mejorar las erecciones en presencia de estimulaci\u00f3n sexual y no <\/span><a href=\"https:\/\/med.stanford.edu\/wallcenter\/patient-resources\/fda.html#:~:text=Although%20used%20for%20erectile%20dysfunction%20in%20men%2C%20sildenafil%20has%20not%20been%20shown%20to%20affect%20sexual%20desire%20in%20men%2C%20nor%20does%20it%20have%20any%20effect%20in%20women.\" target=\"_blank\" rel=\"nofollow noopener\"><span style=\"font-weight: 400;\">no mejorar<\/span><\/a><span style=\"font-weight: 400;\"> deseo sexual.<\/span><\/p>\n<h4><span style=\"font-weight: 400;\">Suhagra 25 mg para la hipertensi\u00f3n arterial pulmonar<\/span><\/h4>\n<p><span style=\"font-weight: 400;\">Adem\u00e1s, Suhagra 25mg Comprimido tambi\u00e9n trata la HAP, que causa hipertensi\u00f3n en los pulmones, <\/span><a href=\"https:\/\/my.clevelandclinic.org\/health\/drugs\/20136-sildenafil-tablets-pulmonary-hypertension#:~:text=SILDENAFIL%20(sil%20DEN,be%20more%20active.\" target=\"_blank\" rel=\"noopener\"><span style=\"font-weight: 400;\">resultante<\/span><\/a><span style=\"font-weight: 400;\"> en problemas respiratorios y dolor tor\u00e1cico. Suhagra relaja los vasos sangu\u00edneos y disminuye la presi\u00f3n arterial en los pulmones, reduciendo la carga de trabajo del coraz\u00f3n y ayud\u00e1ndole a bombear sangre al cuerpo con facilidad. El sildenafilo puede mostrar mejor\u00edas a la hora de tomar la dosis para tratar la HAP.<\/span><\/p>\n<h3><span style=\"font-weight: 400;\">\u00bfC\u00f3mo act\u00faa el Sildenafilo?<\/span><\/h3>\n<p><span style=\"font-weight: 400;\">El sildenafilo del comprimido Suhagra es un inhibidor de la PDE5 y puede tratar eficazmente la disfunci\u00f3n er\u00e9ctil para mejorar la erecci\u00f3n y la HAP. La PDE5 es una enzima que se encuentra en el pene, los pulmones y otras partes del cuerpo. Principalmente descompone las mol\u00e9culas de monofosfato de guanosina c\u00edclico (GMPc), que relaja y ensancha los vasos sangu\u00edneos.\u00a0<\/span><\/p>\n<p><span style=\"font-weight: 400;\">El sildenafilo inhibe esta enzima y permite que el GMPc funcione eficazmente. Por lo tanto, el GMPc relaja los vasos sangu\u00edneos y ayuda a que la sangre fluya f\u00e1cilmente por el pene, mejorando las erecciones. En el caso de la HAP, ensancha las arterias y reduce la presi\u00f3n sangu\u00ednea en los pulmones. Como resultado, al coraz\u00f3n le resulta m\u00e1s f\u00e1cil bombear sangre al resto del cuerpo.<\/span><\/p>\n<h3><span style=\"font-weight: 400;\">\u00bfC\u00f3mo tomar Suhagra 25 mg?<\/span><\/h3>\n<p><span style=\"font-weight: 400;\">Para obtener los mejores resultados, utilice Suhagra de las siguientes maneras:<\/span><\/p>\n<ul>\n<li style=\"font-weight: 400;\" aria-level=\"1\"><span style=\"font-weight: 400;\">Tome este medicamento s\u00f3lo bajo prescripci\u00f3n m\u00e9dica<\/span><\/li>\n<li style=\"font-weight: 400;\" aria-level=\"1\"><span style=\"font-weight: 400;\">No mastique ni triture el medicamento. Tr\u00e1guelo entero con agua<\/span><\/li>\n<li style=\"font-weight: 400;\" aria-level=\"1\"><span style=\"font-weight: 400;\">Puede tomarse con o sin alimentos<\/span><\/li>\n<li style=\"font-weight: 400;\" aria-level=\"1\"><span style=\"font-weight: 400;\">T\u00f3melo al menos 30 minutos antes de la actividad sexual prevista<\/span><span style=\"font-weight: 400;\">. <\/span><span style=\"font-weight: 400;\">Da al medicamento el tiempo suficiente para el inicio de su acci\u00f3n<\/span><\/li>\n<li style=\"font-weight: 400;\" aria-level=\"1\"><span style=\"font-weight: 400;\">No duplique la dosis de Suhagra, ya que puede provocar efectos secundarios, como n\u00e1useas y mareos.<\/span><\/li>\n<\/ul>","protected":false},"excerpt":{"rendered":"<p>El Citrato de Sildenafil de Suhagra aumenta la calidad de la erecci\u00f3n, favoreciendo el placer. Aprobado por la FDA y eficaz para la confianza en la intimidad.<\/p>","protected":false},"featured_media":29401,"comment_status":"open","ping_status":"closed","template":"","meta":{"om_disable_all_campaigns":false,"_uf_show_specific_survey":0,"_uf_disable_surveys":false},"product_brand":[],"product_cat":[438],"product_tag":[],"class_list":{"0":"post-4467","1":"product","2":"type-product","3":"status-publish","4":"has-post-thumbnail","6":"product_cat-mens-health","8":"first","9":"instock","10":"sale","11":"shipping-taxable","12":"purchasable","13":"product-type-variable","14":"has-default-attributes"},"_links":{"self":[{"href":"https:\/\/wowrxpharmacy.com\/es\/wp-json\/wp\/v2\/product\/4467","targetHints":{"allow":["GET"]}}],"collection":[{"href":"https:\/\/wowrxpharmacy.com\/es\/wp-json\/wp\/v2\/product"}],"about":[{"href":"https:\/\/wowrxpharmacy.com\/es\/wp-json\/wp\/v2\/types\/product"}],"replies":[{"embeddable":true,"href":"https:\/\/wowrxpharmacy.com\/es\/wp-json\/wp\/v2\/comments?post=4467"}],"wp:featuredmedia":[{"embeddable":true,"href":"https:\/\/wowrxpharmacy.com\/es\/wp-json\/wp\/v2\/media\/29401"}],"wp:attachment":[{"href":"https:\/\/wowrxpharmacy.com\/es\/wp-json\/wp\/v2\/media?parent=4467"}],"wp:term":[{"taxonomy":"product_brand","embeddable":true,"href":"https:\/\/wowrxpharmacy.com\/es\/wp-json\/wp\/v2\/product_brand?post=4467"},{"taxonomy":"product_cat","embeddable":true,"href":"https:\/\/wowrxpharmacy.com\/es\/wp-json\/wp\/v2\/product_cat?post=4467"},{"taxonomy":"product_tag","embeddable":true,"href":"https:\/\/wowrxpharmacy.com\/es\/wp-json\/wp\/v2\/product_tag?post=4467"}],"curies":[{"name":"wp","href":"https:\/\/api.w.org\/{rel}","templated":true}]}}