{"id":4447,"date":"2024-09-30T02:30:33","date_gmt":"2024-09-30T06:30:33","guid":{"rendered":"https:\/\/wowrxpharmacy.com\/?post_type=product&#038;p=4447"},"modified":"2024-11-22T05:47:04","modified_gmt":"2024-11-22T10:47:04","slug":"sifeno-100-mg","status":"publish","type":"product","link":"https:\/\/wowrxpharmacy.com\/es\/producto\/sifeno-100-mg\/","title":{"rendered":"Sifeno 100 mg"},"content":{"rendered":"<h3><span style=\"font-weight: 400;\">Acerca de Siphene 100 mg<\/span><\/h3>\n<p><span style=\"font-weight: 400;\">Siphene 100 mg es un medicamento con receta que se utiliza para tratar la infertilidad en mujeres con ciclos menstruales irregulares o ausentes. Tambi\u00e9n induce la ovulaci\u00f3n en mujeres con infertilidad. Contiene citrato de clomifeno, un ingrediente activo aprobado por la FDA, que puede inducir la ovulaci\u00f3n en mujeres que desean concebir.<\/span><\/p>\n<p><span style=\"font-weight: 400;\">Este medicamento para la fertilidad tambi\u00e9n se utiliza en mujeres con s\u00edndrome de ovario poliqu\u00edstico (SOP) para inducir la ovulaci\u00f3n y ayudarlas a concebir. El clomifeno pertenece a la clase de medicamentos estimulantes de la ovulaci\u00f3n. Serum Institute of India Ltd. fabrica Siphene, y puede adquirirlo directamente en WowRx al mejor precio.<\/span><\/p>\n<h3><span style=\"font-weight: 400;\">Usos de Siphene 100 mg<\/span><\/h3>\n<p><span style=\"font-weight: 400;\">El clomifeno, el ingrediente activo de Siphene 100 mg, es uno de los <\/span><a href=\"https:\/\/www.nichd.nih.gov\/health\/topics\/pcos\/conditioninfo\/treatments\/infertility#:~:text=This%20drug%20is,most%20commonly%20twins.\" target=\"_blank\" rel=\"nofollow noopener\"><span style=\"font-weight: 400;\">m\u00e1s comunes<\/span><\/a><span style=\"font-weight: 400;\"> Tratamientos para mujeres con infertilidad y ausencia de ovulaci\u00f3n en mujeres con s\u00edndrome de ovario poliqu\u00edstico (SOP) o ciclos menstruales irregulares. Adem\u00e1s, otras personas que podr\u00edan beneficiarse de este medicamento para la fertilidad son las mujeres con amenorrea pos-anticonceptivos orales.\u00a0<\/span><\/p>\n<p><span style=\"font-weight: 400;\">Siphene ayuda a desarrollar un \u00f3vulo y a liberar uno maduro para facilitar el embarazo. Adem\u00e1s, investigaciones han demostrado que las mujeres tratadas con clomifeno tienen mayor probabilidad de tener embarazos m\u00faltiples o gemelares.\u00a0<\/span><\/p>\n<h3><span style=\"font-weight: 400;\">\u00bfC\u00f3mo funciona el citrato de clomifeno?<\/span><\/h3>\n<p><span style=\"font-weight: 400;\">El citrato de clomifeno act\u00faa como modulador selectivo del receptor de estr\u00f3geno (SERM), uni\u00e9ndose eficazmente a los receptores de estr\u00f3geno en el cerebro, el ovario, el cuello uterino y el \u00fatero. <\/span><a href=\"https:\/\/www.ncbi.nlm.nih.gov\/books\/NBK559292\/#:~:text=Clomiphene%20is%20a,follicle%2Dstimulating%20hormone%2C\" target=\"_blank\" rel=\"nofollow noopener\"><span style=\"font-weight: 400;\">resultado<\/span><\/a><span style=\"font-weight: 400;\">El clomifeno ayuda a producir efectos estrog\u00e9nicos y antiestrog\u00e9nicos.\u00a0<\/span><\/p>\n<p><span style=\"font-weight: 400;\">El clomifeno tambi\u00e9n act\u00faa como agonista estrog\u00e9nico parcial e inhibe la retroalimentaci\u00f3n estrog\u00e9nica negativa. Por lo tanto, aumenta la producci\u00f3n de gonadotropinas (una hormona que estimula a\u00fan m\u00e1s la liberaci\u00f3n de la hormona fol\u00edculo estimulante y la hormona luteinizante). Como resultado, el clomifeno aumenta la liberaci\u00f3n de la hormona luteinizante (LH) y la hormona fol\u00edculo estimulante (FSH), ambas esenciales para la ovulaci\u00f3n.<\/span><\/p>\n<h3><span style=\"font-weight: 400;\">\u00bfC\u00f3mo utilizar Siphene 100mg?<\/span><\/h3>\n<p><span style=\"font-weight: 400;\">Es importante utilizar Siphene 100mg de las siguientes maneras:<\/span><\/p>\n<ul>\n<li style=\"font-weight: 400;\" aria-level=\"1\"><span style=\"font-weight: 400;\">Tome siempre el medicamento \u00fanicamente en la dosis prescrita.<\/span><\/li>\n<li style=\"font-weight: 400;\" aria-level=\"1\"><span style=\"font-weight: 400;\">Siphene 100 mg se presenta en tabletas orales que se toman por v\u00eda oral. Tr\u00e1guelas enteras con agua.<\/span><\/li>\n<li style=\"font-weight: 400;\" aria-level=\"1\"><span style=\"font-weight: 400;\">No triture, rompa ni mastique la tableta.<\/span><\/li>\n<li style=\"font-weight: 400;\" aria-level=\"1\"><span style=\"font-weight: 400;\">Tome el medicamento una vez al d\u00eda durante 5 d\u00edas sin saltarse ninguna dosis.<\/span><\/li>\n<li style=\"font-weight: 400;\" aria-level=\"1\"><span style=\"font-weight: 400;\">El medicamento se puede tomar con o sin alimentos.<\/span><\/li>\n<li style=\"font-weight: 400;\" aria-level=\"1\"><span style=\"font-weight: 400;\">Recuerde tomar el medicamento a la misma hora todos los d\u00edas para evitar la posibilidad de olvidar dosis.<\/span><\/li>\n<li style=\"font-weight: 400;\" aria-level=\"1\"><span style=\"font-weight: 400;\">No omita, suspenda ni aumente la dosis de su Siphene 100 mg sin consultar a su m\u00e9dico.<\/span><\/li>\n<\/ul>\n<p><span style=\"font-weight: 400;\">Algunas otras cosas importantes para recordar mientras toma Siphene 100 mg:<\/span><\/p>\n<ul>\n<li style=\"font-weight: 400;\" aria-level=\"1\"><span style=\"font-weight: 400;\">Es m\u00e1s probable que Siphene induzca la ovulaci\u00f3n despu\u00e9s de 5 a 10 d\u00edas de tomar la dosis prescrita. Es necesario que tenga relaciones sexuales regularmente durante este periodo para aumentar sus posibilidades de concebir.<\/span><\/li>\n<li style=\"font-weight: 400;\" aria-level=\"1\"><span style=\"font-weight: 400;\">Mientras toma Siphene, si no tiene su per\u00edodo, h\u00e1gase una prueba de embarazo en casa o visite un consultorio m\u00e9dico para confirmar el embarazo.<\/span><\/li>\n<li style=\"font-weight: 400;\" aria-level=\"1\"><span style=\"font-weight: 400;\">No utilice medicamentos que contengan clomifeno durante per\u00edodos prolongados. <\/span><a href=\"https:\/\/my.clevelandclinic.org\/health\/drugs\/19178-clomiphene-tablets#:~:text=This%20medication%20is%20not%20for%20long%2Dterm%20use.%20Most%20women%20that%20benefit%20from%20this%20medication%20do%20so%20within%20the%20first%20three%20cycles%20(months).%20Your%20care%20team%20will%20monitor%20your%20condition.%20This%20medication%20is%20usually%20used%20for%20a%20total%20of%206%20cycles%20of%20treatment.\" target=\"_blank\" rel=\"nofollow noopener\"><span style=\"font-weight: 400;\">usar<\/span><\/a><span style=\"font-weight: 400;\"> (durante seis ciclos menstruales). Consulte con su m\u00e9dico para conocer los problemas de salud asociados con su uso a largo plazo.<\/span><\/li>\n<li style=\"font-weight: 400;\" aria-level=\"1\"><span style=\"font-weight: 400;\">Siphene solo puede aumentar sus posibilidades de quedar embarazada. Se recomienda consultar a su m\u00e9dico para obtener un diagn\u00f3stico preciso y determinar la causa subyacente de sus dificultades para quedar embarazada.<\/span><\/li>\n<\/ul>","protected":false},"excerpt":{"rendered":"<p>Siphene, con clomifeno, favorece la ovulaci\u00f3n y contribuye al tratamiento de fertilidad. Aprobado por la FDA, es seguro y confiable, y promueve eficazmente la salud reproductiva femenina.<\/p>","protected":false},"featured_media":29337,"comment_status":"open","ping_status":"closed","template":"","meta":{"om_disable_all_campaigns":false,"_uf_show_specific_survey":0,"_uf_disable_surveys":false},"product_brand":[],"product_cat":[595],"product_tag":[],"class_list":{"0":"post-4447","1":"product","2":"type-product","3":"status-publish","4":"has-post-thumbnail","6":"product_cat-womens-health","8":"first","9":"instock","10":"sale","11":"shipping-taxable","12":"purchasable","13":"product-type-variable","14":"has-default-attributes"},"_links":{"self":[{"href":"https:\/\/wowrxpharmacy.com\/es\/wp-json\/wp\/v2\/product\/4447","targetHints":{"allow":["GET"]}}],"collection":[{"href":"https:\/\/wowrxpharmacy.com\/es\/wp-json\/wp\/v2\/product"}],"about":[{"href":"https:\/\/wowrxpharmacy.com\/es\/wp-json\/wp\/v2\/types\/product"}],"replies":[{"embeddable":true,"href":"https:\/\/wowrxpharmacy.com\/es\/wp-json\/wp\/v2\/comments?post=4447"}],"wp:featuredmedia":[{"embeddable":true,"href":"https:\/\/wowrxpharmacy.com\/es\/wp-json\/wp\/v2\/media\/29337"}],"wp:attachment":[{"href":"https:\/\/wowrxpharmacy.com\/es\/wp-json\/wp\/v2\/media?parent=4447"}],"wp:term":[{"taxonomy":"product_brand","embeddable":true,"href":"https:\/\/wowrxpharmacy.com\/es\/wp-json\/wp\/v2\/product_brand?post=4447"},{"taxonomy":"product_cat","embeddable":true,"href":"https:\/\/wowrxpharmacy.com\/es\/wp-json\/wp\/v2\/product_cat?post=4447"},{"taxonomy":"product_tag","embeddable":true,"href":"https:\/\/wowrxpharmacy.com\/es\/wp-json\/wp\/v2\/product_tag?post=4447"}],"curies":[{"name":"wp","href":"https:\/\/api.w.org\/{rel}","templated":true}]}}