{"id":4419,"date":"2024-07-13T08:08:05","date_gmt":"2024-07-13T12:08:05","guid":{"rendered":"https:\/\/wowrxpharmacy.com\/?post_type=product&#038;p=4419"},"modified":"2024-10-16T03:51:25","modified_gmt":"2024-10-16T07:51:25","slug":"ezedoc-10-mg","status":"publish","type":"product","link":"https:\/\/wowrxpharmacy.com\/es\/producto\/ezedoc-10-mg\/","title":{"rendered":"Ezedoc 10 mg"},"content":{"rendered":"<h3><span style=\"font-weight: 400;\">Acerca de Ezedoc 10 mg<\/span><\/h3>\n<p><span style=\"font-weight: 400;\">Ezedoc 10 mg es un medicamento recetado para tratar el colesterol alto y reducir el riesgo de infarto. El principio activo de este medicamento es ezetimiba, que reduce eficazmente la cantidad de colesterol y grasas en la sangre.\u00a0<\/span><\/p>\n<p><span style=\"font-weight: 400;\">Las pastillas Ezedoc han recibido cr\u00edticas positivas en internet. El fabricante de este medicamento es Lupin. Puede comprar pastillas Ezedoc en WowRxPharmacy al mejor precio y recibirlas en su domicilio.<\/span><\/p>\n<h3><span style=\"font-weight: 400;\">Usos de Ezedoc 10 mg<\/span><\/h3>\n<p><span style=\"font-weight: 400;\">Ezedoc es un medicamento recetado que se usa principalmente para tratar la hipertensi\u00f3n arterial. Tambi\u00e9n reduce los niveles de colesterol. Como resultado, se reduce el riesgo de enfermedades card\u00edacas y se puede vivir m\u00e1s tiempo y con mejor salud. El colesterol es una sustancia cerosa presente en todas las c\u00e9lulas del cuerpo.<\/span><\/p>\n<p><span style=\"font-weight: 400;\">Es esencial producir vitamina D, hormonas espec\u00edficas y sustancias que ayudan a digerir los alimentos. Aunque el cuerpo produce el colesterol que necesita, este se encuentra en alimentos de origen vegetal y animal.<\/span><\/p>\n<h3><span style=\"font-weight: 400;\">\u00bfC\u00f3mo funciona la ezetimiba?<\/span><\/h3>\n<p><span style=\"font-weight: 400;\">La ezetimiba, una sal activa de Ezedoc, controla el nivel de colesterol en sangre. La tableta de Ezedoc de 10 mg es un inhibidor de la absorci\u00f3n de colesterol. Ayuda a reducir la absorci\u00f3n de colesterol en el intestino, disminuyendo as\u00ed el nivel de colesterol malo en sangre. Un nivel de colesterol bajo control reduce el riesgo de sufrir un infarto, un derrame cerebral o problemas renales.<\/span><\/p>\n<h3><span style=\"font-weight: 400;\">C\u00f3mo tomar Ezetimiba 10 mg<\/span><\/h3>\n<p><span style=\"font-weight: 400;\">Aqu\u00ed hay algunas cosas a tener en cuenta al consumir Ezedoc 10.<\/span><\/p>\n<ul>\n<li style=\"font-weight: 400;\" aria-level=\"1\"><span style=\"font-weight: 400;\">Se puede tomar a cualquier hora del d\u00eda, pero aseg\u00farese de hacerlo a una hora fija.\u00a0<\/span><\/li>\n<li style=\"font-weight: 400;\" aria-level=\"1\"><span style=\"font-weight: 400;\">Evite triturar, masticar o romper la tableta de 10 mg; trate de tragarla entera.<\/span><\/li>\n<li style=\"font-weight: 400;\" aria-level=\"1\"><span style=\"font-weight: 400;\">Consulte con su m\u00e9dico antes de tomar estos medicamentos.<\/span><\/li>\n<\/ul>","protected":false},"excerpt":{"rendered":"<ul>\n<li style=\"font-weight: 400;\" aria-level=\"1\"><span style=\"font-weight: 400;\">Aprobado por la FDA <\/span><span style=\"font-weight: 400;\">Ezetimiba\u00a0<\/span><\/li>\n<li style=\"font-weight: 400;\" aria-level=\"1\"><span style=\"font-weight: 400;\">Resultados visibles en 2 semanas<\/span><\/li>\n<li style=\"font-weight: 400;\" aria-level=\"1\"><span style=\"font-weight: 400;\">Eficaz durante 22 horas<\/span><\/li>\n<li style=\"font-weight: 400;\" aria-level=\"1\"><span style=\"font-weight: 400;\">Env\u00edo en 24 horas<\/span><\/li>\n<\/ul>","protected":false},"featured_media":29947,"comment_status":"open","ping_status":"closed","template":"","meta":{"om_disable_all_campaigns":false,"_uf_show_specific_survey":0,"_uf_disable_surveys":false},"product_brand":[],"product_cat":[608],"product_tag":[],"class_list":{"0":"post-4419","1":"product","2":"type-product","3":"status-publish","4":"has-post-thumbnail","6":"product_cat-heart-blood-pressure","8":"first","9":"instock","10":"shipping-taxable","11":"purchasable","12":"product-type-variable","13":"has-default-attributes"},"_links":{"self":[{"href":"https:\/\/wowrxpharmacy.com\/es\/wp-json\/wp\/v2\/product\/4419","targetHints":{"allow":["GET"]}}],"collection":[{"href":"https:\/\/wowrxpharmacy.com\/es\/wp-json\/wp\/v2\/product"}],"about":[{"href":"https:\/\/wowrxpharmacy.com\/es\/wp-json\/wp\/v2\/types\/product"}],"replies":[{"embeddable":true,"href":"https:\/\/wowrxpharmacy.com\/es\/wp-json\/wp\/v2\/comments?post=4419"}],"wp:featuredmedia":[{"embeddable":true,"href":"https:\/\/wowrxpharmacy.com\/es\/wp-json\/wp\/v2\/media\/29947"}],"wp:attachment":[{"href":"https:\/\/wowrxpharmacy.com\/es\/wp-json\/wp\/v2\/media?parent=4419"}],"wp:term":[{"taxonomy":"product_brand","embeddable":true,"href":"https:\/\/wowrxpharmacy.com\/es\/wp-json\/wp\/v2\/product_brand?post=4419"},{"taxonomy":"product_cat","embeddable":true,"href":"https:\/\/wowrxpharmacy.com\/es\/wp-json\/wp\/v2\/product_cat?post=4419"},{"taxonomy":"product_tag","embeddable":true,"href":"https:\/\/wowrxpharmacy.com\/es\/wp-json\/wp\/v2\/product_tag?post=4419"}],"curies":[{"name":"wp","href":"https:\/\/api.w.org\/{rel}","templated":true}]}}