{"id":4385,"date":"2024-10-01T07:56:25","date_gmt":"2024-10-01T11:56:25","guid":{"rendered":"https:\/\/wowrxpharmacy.com\/?post_type=product&#038;p=4385"},"modified":"2024-11-22T05:52:57","modified_gmt":"2024-11-22T10:52:57","slug":"evalon-15-gm","status":"publish","type":"product","link":"https:\/\/wowrxpharmacy.com\/es\/producto\/evalon-15-gm\/","title":{"rendered":"Evalon 15 gm"},"content":{"rendered":"<h3><span style=\"font-weight: 400;\">Acerca de Evalon 15 g<\/span><\/h3>\n<p><span style=\"font-weight: 400;\">Evalon 15 g es un medicamento t\u00f3pico con receta que se utiliza para tratar los s\u00edntomas relacionados con la menopausia en mujeres. Contiene estriol, un tipo de estr\u00f3geno, y pertenece a la clase de medicamentos de la terapia de reemplazo hormonal (TRH).\u00a0<\/span><\/p>\n<p><span style=\"font-weight: 400;\">Puede tratar problemas vaginales como sequedad, irritaci\u00f3n y ardor causados por la deficiencia de estr\u00f3geno. Torrent Pharmaceuticals Ltd. fabrica la crema Evalon de 15 g y puede adquirirla directamente en WowRx a los mejores precios.\u00a0<\/span><\/p>\n<h3><span style=\"font-weight: 400;\">Usos de Evalon 15 g<\/span><\/h3>\n<p><span style=\"font-weight: 400;\">Evalon 15 gm ofrece varios <\/span><a href=\"https:\/\/pubmed.ncbi.nlm.nih.gov\/9577246\/#:~:text=Depending%20upon%20the%20situation%2C%20estriol%20may%20exert%20either%20agonistic%20or%20antagonistic%20effects%20on%20estrogen.%20Estriol%20appears%20to%20be%20effective%20at%20controlling%20symptoms%20of%20menopause%2C%20including%20hot%20flashes%2C%20insomnia%2C%20vaginal%20dryness%2C%20and%20frequent%20urinary%20tract%20infections.\" target=\"_blank\" rel=\"nofollow noopener\"><span style=\"font-weight: 400;\">beneficios<\/span><\/a><span style=\"font-weight: 400;\"> Para mujeres despu\u00e9s de la menopausia, con menores riesgos en comparaci\u00f3n con otras terapias de reemplazo hormonal (TRH) con niveles altos de estr\u00f3geno. La menopausia es un fen\u00f3meno natural que provoca una deficiencia de estr\u00f3geno y provoca s\u00edntomas como picaz\u00f3n e irritaci\u00f3n vaginal.\u00a0\u00a0<\/span><\/p>\n<p><span style=\"font-weight: 400;\">Por lo tanto, despu\u00e9s de la menopausia, cuando las mujeres experimentan niveles bajos de estr\u00f3geno, la crema Evalon puede brindarles alivio al tratar la insuficiencia hormonal. Trata la picaz\u00f3n, el ardor, la irritaci\u00f3n y el dolor vaginal durante las relaciones sexuales, y tambi\u00e9n restaura la elasticidad y la lubricaci\u00f3n vaginal.\u00a0<\/span><\/p>\n<h3><span style=\"font-weight: 400;\">\u00bfC\u00f3mo funciona el estriol?<\/span><\/h3>\n<p><span style=\"font-weight: 400;\">El estriol es la hormona principal durante el embarazo y <\/span><a href=\"https:\/\/my.clevelandclinic.org\/health\/articles\/22399-estriol#:~:text=Pregnant%20people%20make,ease%20menopause%20symptoms.\" target=\"_blank\" rel=\"nofollow noopener\"><span style=\"font-weight: 400;\">induce<\/span><\/a><span style=\"font-weight: 400;\"> Cambios en el cuerpo de la mujer para facilitar el parto y la lactancia. Tambi\u00e9n puede aliviar problemas vaginales en mujeres despu\u00e9s de la menopausia.<\/span><\/p>\n<p><span style=\"font-weight: 400;\">El estriol funciona reemplazando el estr\u00f3geno perdido, producido principalmente por los ovarios femeninos. Por lo tanto, despu\u00e9s de la menopausia, cuando las mujeres experimentan una disminuci\u00f3n pronunciada de los niveles de estr\u00f3geno, Evalon puede brindarles alivio al tratar la deficiencia hormonal. Adem\u00e1s, controla la atrofia vaginal, donde la pared vaginal se vuelve m\u00e1s seca y delgada.\u00a0<\/span><\/p>\n<h3><span style=\"font-weight: 400;\">\u00bfC\u00f3mo aplicar Evalon 15 g?<\/span><\/h3>\n<p><span style=\"font-weight: 400;\">As\u00ed es como debes hacerlo <\/span><a href=\"https:\/\/medlineplus.gov\/druginfo\/meds\/a606005.html#:~:text=To%20use%20the%20vaginal%20cream,water%20or%20boil%20the%20applicator.\" target=\"_blank\" rel=\"nofollow noopener\"><span style=\"font-weight: 400;\">aplicar<\/span><\/a><span style=\"font-weight: 400;\"> Crema Evalon para obtener los mejores resultados:<\/span><\/p>\n<ul>\n<li style=\"font-weight: 400;\" aria-level=\"1\"><span style=\"font-weight: 400;\">Primero, lea las instrucciones del prospecto para aplicar la crema t\u00f3pica. La crema es solo para uso intravaginal.<\/span><\/li>\n<li style=\"font-weight: 400;\" aria-level=\"1\"><span style=\"font-weight: 400;\">Limpie y seque la zona afectada.<\/span><\/li>\n<li style=\"font-weight: 400;\" aria-level=\"1\"><span style=\"font-weight: 400;\">Retire la tapa del tubo y apriete suavemente el medicamento para llenar el aplicador con la dosis prescrita.<\/span><\/li>\n<li style=\"font-weight: 400;\" aria-level=\"1\"><span style=\"font-weight: 400;\">Rel\u00e1jese recost\u00e1ndose boca arriba con las rodillas hacia arriba sobre una silla.<\/span><\/li>\n<li style=\"font-weight: 400;\" aria-level=\"1\"><span style=\"font-weight: 400;\">Con una mano, inserte suavemente el aplicador dentro de la vagina.<\/span><\/li>\n<li style=\"font-weight: 400;\" aria-level=\"1\"><span style=\"font-weight: 400;\">Presione el \u00e9mbolo hacia abajo para administrar el medicamento en la vagina.<\/span><\/li>\n<li style=\"font-weight: 400;\" aria-level=\"1\"><span style=\"font-weight: 400;\">Retire el aplicador y l\u00e1velo con agua tibia.<\/span><\/li>\n<li style=\"font-weight: 400;\" aria-level=\"1\"><span style=\"font-weight: 400;\">Siga solo la dosis prescrita. Tome el medicamento a la misma hora durante el tratamiento prescrito.<\/span><\/li>\n<\/ul>","protected":false},"excerpt":{"rendered":"<p>Evalon&#8217;s Estriol cream treats vaginal discomfort. Gentle hormone therapy provides soothing relief from menopausal symptoms.<\/p>","protected":false},"featured_media":29962,"comment_status":"open","ping_status":"closed","template":"","meta":{"om_disable_all_campaigns":false,"_uf_show_specific_survey":0,"_uf_disable_surveys":false},"product_brand":[],"product_cat":[595],"product_tag":[],"class_list":{"0":"post-4385","1":"product","2":"type-product","3":"status-publish","4":"has-post-thumbnail","6":"product_cat-womens-health","8":"first","9":"instock","10":"sale","11":"shipping-taxable","12":"purchasable","13":"product-type-variable","14":"has-default-attributes"},"_links":{"self":[{"href":"https:\/\/wowrxpharmacy.com\/es\/wp-json\/wp\/v2\/product\/4385","targetHints":{"allow":["GET"]}}],"collection":[{"href":"https:\/\/wowrxpharmacy.com\/es\/wp-json\/wp\/v2\/product"}],"about":[{"href":"https:\/\/wowrxpharmacy.com\/es\/wp-json\/wp\/v2\/types\/product"}],"replies":[{"embeddable":true,"href":"https:\/\/wowrxpharmacy.com\/es\/wp-json\/wp\/v2\/comments?post=4385"}],"wp:featuredmedia":[{"embeddable":true,"href":"https:\/\/wowrxpharmacy.com\/es\/wp-json\/wp\/v2\/media\/29962"}],"wp:attachment":[{"href":"https:\/\/wowrxpharmacy.com\/es\/wp-json\/wp\/v2\/media?parent=4385"}],"wp:term":[{"taxonomy":"product_brand","embeddable":true,"href":"https:\/\/wowrxpharmacy.com\/es\/wp-json\/wp\/v2\/product_brand?post=4385"},{"taxonomy":"product_cat","embeddable":true,"href":"https:\/\/wowrxpharmacy.com\/es\/wp-json\/wp\/v2\/product_cat?post=4385"},{"taxonomy":"product_tag","embeddable":true,"href":"https:\/\/wowrxpharmacy.com\/es\/wp-json\/wp\/v2\/product_tag?post=4385"}],"curies":[{"name":"wp","href":"https:\/\/api.w.org\/{rel}","templated":true}]}}