{"id":4384,"date":"2024-07-13T08:07:31","date_gmt":"2024-07-13T12:07:31","guid":{"rendered":"https:\/\/wowrxpharmacy.com\/?post_type=product&#038;p=4384"},"modified":"2024-10-16T03:51:25","modified_gmt":"2024-10-16T07:51:25","slug":"danogen-200-mg","status":"publish","type":"product","link":"https:\/\/wowrxpharmacy.com\/es\/producto\/danogen-200-mg\/","title":{"rendered":"Danogen 200 mg"},"content":{"rendered":"<h3><span style=\"font-weight: 400;\">Acerca de Danogen 200 mg<\/span><\/h3>\n<p><span style=\"font-weight: 400;\">La tableta de Danogen 200 mg se usa para tratar diversos problemas menstruales, como per\u00edodos dolorosos o irregulares, trastorno de tensi\u00f3n premenstrual (PMTD), enfermedad fibroqu\u00edstica benigna de las mamas (una afecci\u00f3n dolorosa de las mamas), quistes mamarios y endometriosis.<\/span><\/p>\n<p><span style=\"font-weight: 400;\">El principal componente activo de esta tableta es el danazol, un medicamento perteneciente a la clase de esteroides sint\u00e9ticos. Las tabletas de Danogen pertenecen a una clase de medicamentos con receta que deben tomarse seg\u00fan las indicaciones de un m\u00e9dico. Cipla Ltd. produce tabletas de Danogen de 200 mg.<\/span><\/p>\n<h3><span style=\"font-weight: 400;\">Usos de Danogen 200 mg<\/span><\/h3>\n<p><span style=\"font-weight: 400;\">Los siguientes trastornos m\u00e9dicos suelen tratarse con la p\u00edldora Danogen 200 mg, que es recetada a los pacientes por sus m\u00e9dicos:<\/span><\/p>\n<ul>\n<li style=\"font-weight: 400;\" aria-level=\"1\"><span style=\"font-weight: 400;\">Endometriosis<\/span><\/li>\n<li style=\"font-weight: 400;\" aria-level=\"1\"><span style=\"font-weight: 400;\">Angioedema hereditario<\/span><\/li>\n<li style=\"font-weight: 400;\" aria-level=\"1\"><span style=\"font-weight: 400;\">Protuberancias mamarias<\/span><\/li>\n<li style=\"font-weight: 400;\" aria-level=\"1\"><span style=\"font-weight: 400;\">S\u00edndrome premenstrual (SPM)<\/span><\/li>\n<li style=\"font-weight: 400;\" aria-level=\"1\"><span style=\"font-weight: 400;\">Dolor menstrual<\/span><\/li>\n<li style=\"font-weight: 400;\" aria-level=\"1\"><span style=\"font-weight: 400;\">Enfermedad fibroqu\u00edstica benigna de la mama<\/span><\/li>\n<\/ul>\n<h3><span style=\"font-weight: 400;\">C\u00f3mo funciona Danzol<\/span><\/h3>\n<p><span style=\"font-weight: 400;\">Tanto en hombres como en mujeres, esta pastilla de 200 mg de Danogen inhibe principalmente la funci\u00f3n testicular\/ov\u00e1rica al reducir la secreci\u00f3n de gonadotropinas. Las gonadotropinas pertenecen a una clase de hormonas que aumentan la actividad de las g\u00f3nadas.<\/span><\/p>\n<p><span style=\"font-weight: 400;\">Adem\u00e1s, reduce directamente la actividad gonadal al inhibir las enzimas responsables de la s\u00edntesis de hormonas esteroides. <\/span><span style=\"font-weight: 400;\">Muchas personas han valorado muy positivamente la tableta Danogen, y es un medicamento recetado realmente eficaz. Debe tomar la tableta siguiendo las instrucciones detalladas de su m\u00e9dico.<\/span><span style=\"font-weight: 400;\"><br \/>\n<\/span><\/p>\n<h3><span style=\"font-weight: 400;\">C\u00f3mo tomar Danogen 200<\/span><\/h3>\n<p><span style=\"font-weight: 400;\">La p\u00edldora de Danogen 200 mg debe tomarse seg\u00fan las indicaciones de su m\u00e9dico general.\u00a0<\/span><\/p>\n<p><span style=\"font-weight: 400;\">Tome las siguientes medidas para garantizar la administraci\u00f3n adecuada de los medicamentos:<\/span><\/p>\n<ul>\n<li style=\"font-weight: 400;\" aria-level=\"1\"><span style=\"font-weight: 400;\">Beba abundante agua mientras toma la tableta de Danogen.<\/span><\/li>\n<li style=\"font-weight: 400;\" aria-level=\"1\"><span style=\"font-weight: 400;\">Tome siempre esta receta exactamente como se la recet\u00f3 su m\u00e9dico. No la corte, rompa ni mastique.<\/span><\/li>\n<li style=\"font-weight: 400;\" aria-level=\"1\"><span style=\"font-weight: 400;\">Aseg\u00farese de no exceder nunca la dosis recomendada.<\/span><\/li>\n<li style=\"font-weight: 400;\" aria-level=\"1\"><span style=\"font-weight: 400;\">No deje de usar esta tableta sin consultar primero con un m\u00e9dico.<\/span><\/li>\n<\/ul>","protected":false},"excerpt":{"rendered":"<ul>\n<li style=\"font-weight: 400;\" aria-level=\"1\"><span style=\"font-weight: 400;\">Con la eficacia de Danazol<\/span><\/li>\n<li style=\"font-weight: 400;\" aria-level=\"1\"><span style=\"font-weight: 400;\">Resultados visibles a las 2-3 semanas de uso<\/span><\/li>\n<li style=\"font-weight: 400;\" aria-level=\"1\"><span style=\"font-weight: 400;\">Permanece efectivo hasta por 24 horas.<\/span><\/li>\n<li style=\"font-weight: 400;\" aria-level=\"1\"><span style=\"font-weight: 400;\">Env\u00edo en 24 horas<\/span><\/li>\n<\/ul>","protected":false},"featured_media":4739,"comment_status":"open","ping_status":"closed","template":"","meta":{"om_disable_all_campaigns":false,"_uf_show_specific_survey":0,"_uf_disable_surveys":false},"product_brand":[],"product_cat":[595],"product_tag":[],"class_list":{"0":"post-4384","1":"product","2":"type-product","3":"status-publish","4":"has-post-thumbnail","6":"product_cat-womens-health","8":"first","9":"instock","10":"shipping-taxable","11":"purchasable","12":"product-type-variable","13":"has-default-attributes"},"_links":{"self":[{"href":"https:\/\/wowrxpharmacy.com\/es\/wp-json\/wp\/v2\/product\/4384","targetHints":{"allow":["GET"]}}],"collection":[{"href":"https:\/\/wowrxpharmacy.com\/es\/wp-json\/wp\/v2\/product"}],"about":[{"href":"https:\/\/wowrxpharmacy.com\/es\/wp-json\/wp\/v2\/types\/product"}],"replies":[{"embeddable":true,"href":"https:\/\/wowrxpharmacy.com\/es\/wp-json\/wp\/v2\/comments?post=4384"}],"wp:featuredmedia":[{"embeddable":true,"href":"https:\/\/wowrxpharmacy.com\/es\/wp-json\/wp\/v2\/media\/4739"}],"wp:attachment":[{"href":"https:\/\/wowrxpharmacy.com\/es\/wp-json\/wp\/v2\/media?parent=4384"}],"wp:term":[{"taxonomy":"product_brand","embeddable":true,"href":"https:\/\/wowrxpharmacy.com\/es\/wp-json\/wp\/v2\/product_brand?post=4384"},{"taxonomy":"product_cat","embeddable":true,"href":"https:\/\/wowrxpharmacy.com\/es\/wp-json\/wp\/v2\/product_cat?post=4384"},{"taxonomy":"product_tag","embeddable":true,"href":"https:\/\/wowrxpharmacy.com\/es\/wp-json\/wp\/v2\/product_tag?post=4384"}],"curies":[{"name":"wp","href":"https:\/\/api.w.org\/{rel}","templated":true}]}}