{"id":4377,"date":"2024-07-13T08:08:25","date_gmt":"2024-07-13T12:08:25","guid":{"rendered":"https:\/\/wowrxpharmacy.com\/?post_type=product&#038;p=4377"},"modified":"2024-10-16T03:51:25","modified_gmt":"2024-10-16T07:51:25","slug":"dazeagra-50-30mg","status":"publish","type":"product","link":"https:\/\/wowrxpharmacy.com\/es\/producto\/dazeagra-50-30mg\/","title":{"rendered":"DaZeagra 50\/30mg"},"content":{"rendered":"<h3><span style=\"font-weight: 400;\">Sobre DA' Zeagra 50\/30mg<\/span><\/h3>\n<p><span style=\"font-weight: 400;\">DA' Zeagra 50\/30mg es un medicamento formulado para tratar los problemas relacionados con la Disfunci\u00f3n Er\u00e9ctil y la Eyaculaci\u00f3n Precoz en el hombre. Combina dos principios activos, sildenafilo (50 mg) y dapoxetina (30 mg), en un solo comprimido.\u00a0<\/span><\/p>\n<p><span style=\"font-weight: 400;\">El sildenafilo pertenece a la clase de medicamentos inhibidores de la fosfodiesterasa 5 (PDE5-I), mientras que la dapoxetina es un inhibidor selectivo de la recaptaci\u00f3n de serotonina (ISRS). El comprimido DA' Zeagra permite obtener erecciones m\u00e1s fuertes y duraderas, al tiempo que ayuda a retrasar la eyaculaci\u00f3n, mejorando as\u00ed el rendimiento y la satisfacci\u00f3n sexual.<\/span><\/p>\n<h3><span style=\"font-weight: 400;\">Usos de DA' Zeagra\u00a0<\/span><\/h3>\n<p><span style=\"font-weight: 400;\">DA' Zeagra 50\/30mg se utiliza principalmente para tratar dos trastornos sexuales masculinos comunes:<\/span><\/p>\n<h4><span style=\"font-weight: 400;\">Disfunci\u00f3n er\u00e9ctil (DE)<\/span><\/h4>\n<p><span style=\"font-weight: 400;\">DA' Zeagra contiene <\/span><a href=\"https:\/\/www.accessdata.fda.gov\/drugsatfda_docs\/label\/2014\/20895s039s042lbl.pdf\" target=\"_blank\" rel=\"nofollow noopener\"><span style=\"font-weight: 400;\">Aprobado por la FDA<\/span><\/a><span style=\"font-weight: 400;\"> Sildenafilo, que trata eficazmente la disfunci\u00f3n er\u00e9ctil. Ayuda a los hombres a conseguir y mantener una erecci\u00f3n firme y duradera aumentando el flujo sangu\u00edneo al pene durante la estimulaci\u00f3n sexual.<\/span><\/p>\n<h4><span style=\"font-weight: 400;\">Eyaculaci\u00f3n precoz (EP)<\/span><\/h4>\n<p><span style=\"font-weight: 400;\">DA' Zeagra ayuda en <\/span><a href=\"https:\/\/www.ncbi.nlm.nih.gov\/pmc\/articles\/PMC3273363\/#:~:text=Dapoxetine%20is%20a%20selective%20serotonin%20reuptake%20inhibitor%20specifically%20designed%20to%20treat%20PE.\" target=\"_blank\" rel=\"nofollow noopener\"><span style=\"font-weight: 400;\">tratamiento de<\/span><\/a><span style=\"font-weight: 400;\"> Eyaculaci\u00f3n precoz. Retrasa la eyaculaci\u00f3n, lo que permite a los hombres controlar mejor su rendimiento sexual y prolongar las relaciones sexuales.<\/span><\/p>\n<p><span style=\"font-weight: 400;\">Sin embargo, la Dapoxetina es <\/span><a href=\"https:\/\/www.fda.gov\/drugs\/medication-health-fraud\/public-notification-xzone-premium-contains-hidden-drug-ingredient#:~:text=Dapoxetine%20is%20an%20active%20ingredient%20not%20approved%20by%20FDA%2C%20and%20therefore%20its%20safety%20and%20efficacy%20have%20not%20been%20established.\" target=\"_blank\" rel=\"nofollow noopener\"><span style=\"font-weight: 400;\">todav\u00eda no<\/span><\/a><span style=\"font-weight: 400;\"> Aprobado por la FDA. Por lo tanto, consulte a su m\u00e9dico antes de tomarlo.<\/span><\/p>\n<h3><span style=\"font-weight: 400;\">Funcionamiento de DaZeagra 50\/30mg<\/span><\/h3>\n<p><span style=\"font-weight: 400;\">DA' Zeagra combina las acciones de dos principios activos:<\/span><\/p>\n<h4><span style=\"font-weight: 400;\">Sildenafil<\/span><\/h4>\n<p><span style=\"font-weight: 400;\">Pertenece a una clase de f\u00e1rmacos denominados inhibidores de la PDE-5. Se <\/span><a href=\"https:\/\/medlineplus.gov\/druginfo\/meds\/a699015.html#:~:text=Sildenafil%20is%20in%20a%20class%20of%20medications%20called%20phosphodiesterase%20(PDE)%20inhibitors.%20Sildenafil%20treats%20erectile%20dysfunction%20by%20increasing%20blood%20flow%20to%20the%20penis%20during%20sexual%20stimulation.%20This%20increased%20blood%20flow%20can%20cause%20an%20erection.\" target=\"_blank\" rel=\"nofollow noopener\"><span style=\"font-weight: 400;\">obras de<\/span><\/a><span style=\"font-weight: 400;\"> relajar los vasos sangu\u00edneos del pene, favoreciendo un mayor flujo sangu\u00edneo en la zona, lo que ayuda a lograr y mantener una erecci\u00f3n.<\/span><\/p>\n<h4><span style=\"font-weight: 400;\">Dapoxetina\u00a0<\/span><\/h4>\n<p><span style=\"font-weight: 400;\">Este <\/span><a href=\"https:\/\/www.sciencedirect.com\/topics\/medicine-and-dentistry\/dapoxetine#:~:text=Dapoxetine-,Dapoxetine%20is%20a%20short%2Dacting%20selective%20serotonin%20reuptake%20inhibitor%20(SSRI),-that%20prolongs%20intravaginal\" target=\"_blank\" rel=\"nofollow noopener\"><span style=\"font-weight: 400;\">componente es<\/span><\/a><span style=\"font-weight: 400;\"> un inhibidor selectivo de la recaptaci\u00f3n de serotonina que ayuda a retrasar la eyaculaci\u00f3n aumentando los niveles de serotonina en los nervios. El resultado es un mejor control de la eyaculaci\u00f3n y una mayor duraci\u00f3n de la actividad sexual.<\/span><\/p>\n<h3><span style=\"font-weight: 400;\">C\u00f3mo tomar Da Zeagra 50+30 mg<\/span><\/h3>\n<p><span style=\"font-weight: 400;\">Tome DA' Zeagra siguiendo las instrucciones de su m\u00e9dico. Trague el comprimido entero con agua sin masticarlo ni triturarlo.<\/span><\/p>\n<p><span style=\"font-weight: 400;\">Puede tomarse con o sin alimentos, pero evite las comidas pesadas y grasas, ya que pueden retrasar el inicio de la acci\u00f3n. Puede tomarlo aproximadamente 1-2 horas antes de mantener relaciones sexuales.\u00a0<\/span><\/p>\n<p><span style=\"font-weight: 400;\">No tome m\u00e1s de un comprimido en un per\u00edodo de 24 horas.<\/span><\/p>","protected":false},"excerpt":{"rendered":"<ul>\n<li style=\"font-weight: 400;\" aria-level=\"1\"><span style=\"font-weight: 400;\">F\u00f3rmula de doble acci\u00f3n: Trata la DE y la EP<\/span><\/li>\n<li style=\"font-weight: 400;\" aria-level=\"1\"><span style=\"font-weight: 400;\">Acci\u00f3n r\u00e1pida: Act\u00faa en 30 - 60 minutos<\/span><\/li>\n<li style=\"font-weight: 400;\" aria-level=\"1\"><span style=\"font-weight: 400;\">Efecto prolongado: Hasta 4 horas<\/span><\/li>\n<li style=\"font-weight: 400;\" aria-level=\"1\"><span style=\"font-weight: 400;\">Mejora el rendimiento: Retrasa la eyaculaci\u00f3n<\/span><\/li>\n<li style=\"font-weight: 400;\" aria-level=\"1\"><span style=\"font-weight: 400;\">Mejora la satisfacci\u00f3n: Prolonga el coito<\/span><\/li>\n<li style=\"font-weight: 400;\" aria-level=\"1\"><span style=\"font-weight: 400;\">Embalaje discreto<\/span><\/li>\n<\/ul>","protected":false},"featured_media":29562,"comment_status":"open","ping_status":"closed","template":"","meta":{"om_disable_all_campaigns":false,"_uf_show_specific_survey":0,"_uf_disable_surveys":false},"product_brand":[],"product_cat":[438],"product_tag":[],"class_list":{"0":"post-4377","1":"product","2":"type-product","3":"status-publish","4":"has-post-thumbnail","6":"product_cat-mens-health","8":"first","9":"instock","10":"shipping-taxable","11":"purchasable","12":"product-type-variable","13":"has-default-attributes"},"_links":{"self":[{"href":"https:\/\/wowrxpharmacy.com\/es\/wp-json\/wp\/v2\/product\/4377","targetHints":{"allow":["GET"]}}],"collection":[{"href":"https:\/\/wowrxpharmacy.com\/es\/wp-json\/wp\/v2\/product"}],"about":[{"href":"https:\/\/wowrxpharmacy.com\/es\/wp-json\/wp\/v2\/types\/product"}],"replies":[{"embeddable":true,"href":"https:\/\/wowrxpharmacy.com\/es\/wp-json\/wp\/v2\/comments?post=4377"}],"wp:featuredmedia":[{"embeddable":true,"href":"https:\/\/wowrxpharmacy.com\/es\/wp-json\/wp\/v2\/media\/29562"}],"wp:attachment":[{"href":"https:\/\/wowrxpharmacy.com\/es\/wp-json\/wp\/v2\/media?parent=4377"}],"wp:term":[{"taxonomy":"product_brand","embeddable":true,"href":"https:\/\/wowrxpharmacy.com\/es\/wp-json\/wp\/v2\/product_brand?post=4377"},{"taxonomy":"product_cat","embeddable":true,"href":"https:\/\/wowrxpharmacy.com\/es\/wp-json\/wp\/v2\/product_cat?post=4377"},{"taxonomy":"product_tag","embeddable":true,"href":"https:\/\/wowrxpharmacy.com\/es\/wp-json\/wp\/v2\/product_tag?post=4377"}],"curies":[{"name":"wp","href":"https:\/\/api.w.org\/{rel}","templated":true}]}}