{"id":4376,"date":"2024-07-13T08:07:31","date_gmt":"2024-07-13T12:07:31","guid":{"rendered":"https:\/\/wowrxpharmacy.com\/?post_type=product&#038;p=4376"},"modified":"2024-10-16T03:51:25","modified_gmt":"2024-10-16T07:51:25","slug":"danogen-100-mg","status":"publish","type":"product","link":"https:\/\/wowrxpharmacy.com\/es\/producto\/danogen-100-mg\/","title":{"rendered":"Danogen 100mg"},"content":{"rendered":"<h3><span style=\"font-weight: 400;\">Acerca de Danogen 100mg<\/span><\/h3>\n<p><span style=\"font-weight: 400;\">Danogen 100 mg comprimidos es un medicamento que se toma para tratar diversos problemas menstruales, como las reglas dolorosas o irregulares, la Tensi\u00f3n Premenstrual (TPM), la Enfermedad Mamaria Fibroqu\u00edstica Benigna (enfermedad mamaria dolorosa), los quistes mamarios y la Endometriosis.<\/span><\/p>\n<p><span style=\"font-weight: 400;\">El principal principio activo de este comprimido es el Danazol, que pertenece a una clase de medicamentos conocidos como esteroides sint\u00e9ticos. Los comprimidos de Danogen son medicamentos de venta con receta que deben tomarse cuando los prescriba un profesional m\u00e9dico. Cipla Ltd fabrica Danogen 100 mg comprimidos.<\/span><\/p>\n<h3><span style=\"font-weight: 400;\">Usos de Danogen 100mg<\/span><\/h3>\n<p><span style=\"font-weight: 400;\">Danogen 100 mg comprimido se prescribe principalmente a pacientes para el tratamiento de las siguientes afecciones:<\/span><\/p>\n<ul>\n<li style=\"font-weight: 400;\" aria-level=\"1\"><span style=\"font-weight: 400;\">Endometriosis<\/span><\/li>\n<li style=\"font-weight: 400;\" aria-level=\"1\"><span style=\"font-weight: 400;\">S\u00edndrome premenstrual (SPM)<\/span><\/li>\n<li style=\"font-weight: 400;\" aria-level=\"1\"><span style=\"font-weight: 400;\">Dolor menstrual<\/span><\/li>\n<li style=\"font-weight: 400;\" aria-level=\"1\"><span style=\"font-weight: 400;\">Protuberancias mamarias<\/span><\/li>\n<li style=\"font-weight: 400;\" aria-level=\"1\"><span style=\"font-weight: 400;\">Angioedema hereditario<\/span><\/li>\n<li style=\"font-weight: 400;\" aria-level=\"1\"><span style=\"font-weight: 400;\">Enfermedad fibroqu\u00edstica benigna de la mama<\/span><\/li>\n<\/ul>\n<h3><span style=\"font-weight: 400;\">C\u00f3mo act\u00faa Danazol<\/span><\/h3>\n<p><span style=\"font-weight: 400;\">Danogen 100 mg comprimidos act\u00faa principalmente inhibiendo la funci\u00f3n testicular\/ov\u00e1rica al disminuir la liberaci\u00f3n de gonadotropinas (un grupo de hormonas que aumentan la actividad de las g\u00f3nadas) tanto en hombres como en mujeres.\u00a0<\/span><\/p>\n<p><span style=\"font-weight: 400;\">Adem\u00e1s, reduce directamente la funci\u00f3n gonadal al bloquear las enzimas implicadas en la s\u00edntesis de hormonas esteroideas. <\/span><span style=\"font-weight: 400;\">El comprimido de Danogen es un medicamento muy eficaz y ha recibido numerosas cr\u00edticas y comentarios positivos. La tableta debe tomarse seg\u00fan las instrucciones espec\u00edficas dadas por su proveedor de atenci\u00f3n m\u00e9dica.<\/span><\/p>\n<h3><span style=\"font-weight: 400;\">C\u00f3mo tomar Danogen<\/span><\/h3>\n<p><span style=\"font-weight: 400;\">El comprimido de Danogen 100 mg debe tomarse siguiendo las instrucciones espec\u00edficas de su m\u00e9dico. Siga los siguientes pasos para tomar el medicamento con eficacia:<\/span><\/p>\n<ul>\n<li style=\"font-weight: 400;\" aria-level=\"1\"><span style=\"font-weight: 400;\">Tome el comprimido de Danogen con abundante agua<\/span><\/li>\n<li style=\"font-weight: 400;\" aria-level=\"1\"><span style=\"font-weight: 400;\">Tome siempre este medicamento exactamente como se lo indique su m\u00e9dico<\/span><\/li>\n<li style=\"font-weight: 400;\" aria-level=\"1\"><span style=\"font-weight: 400;\">Tomar el medicamento tal y como se prescribe, sin cortarlo, romperlo ni masticarlo.<\/span><\/li>\n<li style=\"font-weight: 400;\" aria-level=\"1\"><span style=\"font-weight: 400;\">Aseg\u00farese de no superar nunca la dosis recomendada<\/span><\/li>\n<li style=\"font-weight: 400;\" aria-level=\"1\"><span style=\"font-weight: 400;\">No deje de tomar este medicamento sin consultar a un m\u00e9dico<\/span><\/li>\n<\/ul>","protected":false},"excerpt":{"rendered":"<ul>\n<li style=\"font-weight: 400;\" aria-level=\"1\"><span style=\"font-weight: 400;\">Con la eficacia de Danazol<\/span><\/li>\n<li style=\"font-weight: 400;\" aria-level=\"1\"><span style=\"font-weight: 400;\">Resultados visibles a las 2-3 semanas de uso<\/span><\/li>\n<li style=\"font-weight: 400;\" aria-level=\"1\"><span style=\"font-weight: 400;\">Mantiene su eficacia hasta 9 horas<\/span><\/li>\n<li style=\"font-weight: 400;\" aria-level=\"1\"><span style=\"font-weight: 400;\">Env\u00edo en 24 horas<\/span><\/li>\n<\/ul>","protected":false},"featured_media":4732,"comment_status":"open","ping_status":"closed","template":"","meta":{"om_disable_all_campaigns":false,"_uf_show_specific_survey":0,"_uf_disable_surveys":false},"product_brand":[],"product_cat":[595],"product_tag":[],"class_list":{"0":"post-4376","1":"product","2":"type-product","3":"status-publish","4":"has-post-thumbnail","6":"product_cat-womens-health","8":"first","9":"instock","10":"shipping-taxable","11":"purchasable","12":"product-type-variable","13":"has-default-attributes"},"_links":{"self":[{"href":"https:\/\/wowrxpharmacy.com\/es\/wp-json\/wp\/v2\/product\/4376","targetHints":{"allow":["GET"]}}],"collection":[{"href":"https:\/\/wowrxpharmacy.com\/es\/wp-json\/wp\/v2\/product"}],"about":[{"href":"https:\/\/wowrxpharmacy.com\/es\/wp-json\/wp\/v2\/types\/product"}],"replies":[{"embeddable":true,"href":"https:\/\/wowrxpharmacy.com\/es\/wp-json\/wp\/v2\/comments?post=4376"}],"wp:featuredmedia":[{"embeddable":true,"href":"https:\/\/wowrxpharmacy.com\/es\/wp-json\/wp\/v2\/media\/4732"}],"wp:attachment":[{"href":"https:\/\/wowrxpharmacy.com\/es\/wp-json\/wp\/v2\/media?parent=4376"}],"wp:term":[{"taxonomy":"product_brand","embeddable":true,"href":"https:\/\/wowrxpharmacy.com\/es\/wp-json\/wp\/v2\/product_brand?post=4376"},{"taxonomy":"product_cat","embeddable":true,"href":"https:\/\/wowrxpharmacy.com\/es\/wp-json\/wp\/v2\/product_cat?post=4376"},{"taxonomy":"product_tag","embeddable":true,"href":"https:\/\/wowrxpharmacy.com\/es\/wp-json\/wp\/v2\/product_tag?post=4376"}],"curies":[{"name":"wp","href":"https:\/\/api.w.org\/{rel}","templated":true}]}}