{"id":4341,"date":"2024-07-11T05:21:49","date_gmt":"2024-07-11T09:21:49","guid":{"rendered":"https:\/\/wowrxpharmacy.com\/?post_type=product&#038;p=4341"},"modified":"2024-10-16T03:51:26","modified_gmt":"2024-10-16T07:51:26","slug":"calaptin-sr-240-mg","status":"publish","type":"product","link":"https:\/\/wowrxpharmacy.com\/es\/producto\/calaptin-sr-240-mg\/","title":{"rendered":"Calaptin SR 240 mg"},"content":{"rendered":"<h3><span style=\"font-weight: 400;\">Acerca de Calaptin SR 240 mg<\/span><\/h3>\n<p><span style=\"font-weight: 400;\">Calaptin SR 240 mg se utiliza para tratar la hipertensi\u00f3n, la angina (dolor en el pecho relacionado con el coraz\u00f3n) y algunos tipos de arritmia.<\/span><\/p>\n<p><span style=\"font-weight: 400;\">Act\u00faa relajando los vasos sangu\u00edneos para reducir la presi\u00f3n arterial.<\/span><\/p>\n<p><span style=\"font-weight: 400;\">El verapamilo es el ingrediente activo de Calaptin SR 240 Tablet. Abbott Healthcare Pvt Ltd es una de las empresas l\u00edderes en la fabricaci\u00f3n de Calaptin 40 mg Tabletas. <\/span><span style=\"font-weight: 400;\">Puede obtener f\u00e1cilmente este medicamento a precios asequibles en WoWRxphrarmacy.<\/span><\/p>\n<h3><span style=\"font-weight: 400;\">Usos de Calaptin 240 SR<\/span><\/h3>\n<p><span style=\"font-weight: 400;\">Calaptin 240 se prescribe a pacientes con:<\/span><\/p>\n<h4><span style=\"font-weight: 400;\">Hipertensi\u00f3n<\/span><\/h4>\n<p><span style=\"font-weight: 400;\">La hipertensi\u00f3n es una afecci\u00f3n en la que la presi\u00f3n arterial es constantemente m\u00e1s alta de lo habitual. Generalmente, la presi\u00f3n arterial alta no presenta s\u00edntomas. Sin embargo, si no se trata, puede aumentar el riesgo de sufrir problemas card\u00edacos y accidentes cerebrovasculares.<\/span><\/p>\n<h4><span style=\"font-weight: 400;\">Angina<\/span><\/h4>\n<p><span style=\"font-weight: 400;\">La angina de pecho es una afecci\u00f3n card\u00edaca que causa dolor y molestias en el pecho. Diversos factores, como el estr\u00e9s, la enfermedad coronaria y el tabaquismo, son algunas de las causas comunes.<\/span><\/p>\n<h4><span style=\"font-weight: 400;\">Arritmia<\/span><\/h4>\n<p><span style=\"font-weight: 400;\">La arritmia es una afecci\u00f3n en la que el ritmo card\u00edaco es irregular. Un problema del ritmo card\u00edaco ocurre cuando las se\u00f1ales el\u00e9ctricas que coordinan los latidos no funcionan correctamente. Provoca aleteo o aceleraci\u00f3n de los latidos y, en ocasiones, puede ser mortal.<\/span><\/p>\n<h3><span style=\"font-weight: 400;\">\u00bfC\u00f3mo funciona Calaptin SR 240 mg?<\/span><\/h3>\n<p><span style=\"font-weight: 400;\">Calaptin SR 240 mg cuenta con excelentes rese\u00f1as y es un medicamento recomendado para la hipertensi\u00f3n, la angina de pecho y la arritmia. El m\u00fasculo card\u00edaco requiere calcio para contraerse. El ingrediente activo de Calaptin SR 240 mg es el verapamilo. Impide que el calcio entre en el m\u00fasculo card\u00edaco y los vasos sangu\u00edneos. Relaja los vasos sangu\u00edneos para que la sangre fluya con facilidad.<\/span><\/p>\n<h3><span style=\"font-weight: 400;\">C\u00f3mo tomar Calaptin 240mg<\/span><\/h3>\n<p><span style=\"font-weight: 400;\">Calaptin es un medicamento con receta m\u00e9dica. Por lo tanto, debe seguir las indicaciones de su m\u00e9dico antes de tomarlo. Las instrucciones generales para tomar Calaptin 240 mg en comprimidos son:<\/span><\/p>\n<ul>\n<li style=\"font-weight: 400;\" aria-level=\"1\"><span style=\"font-weight: 400;\">Tome 240 mg de Calaptin seg\u00fan lo prescrito por su m\u00e9dico.<\/span><\/li>\n<li style=\"font-weight: 400;\" aria-level=\"1\"><span style=\"font-weight: 400;\">Trague la tableta entera con agua sin triturarla ni masticarla.<\/span><\/li>\n<li style=\"font-weight: 400;\" aria-level=\"1\"><span style=\"font-weight: 400;\">Se aconseja tomarlo regularmente a una hora fija todos los d\u00edas.<\/span><\/li>\n<li style=\"font-weight: 400;\" aria-level=\"1\"><span style=\"font-weight: 400;\">Consulte a su m\u00e9dico antes de tomar este medicamento y no exceda la dosis recomendada.<\/span><\/li>\n<li style=\"font-weight: 400;\" aria-level=\"1\"><span style=\"font-weight: 400;\">No deje de tomar el medicamento repentinamente sin consultar a su m\u00e9dico.<\/span><\/li>\n<\/ul>","protected":false},"excerpt":{"rendered":"<ul>\n<li style=\"font-weight: 400;\" aria-level=\"1\"><span style=\"font-weight: 400;\">Controlar la hipertensi\u00f3n<\/span><\/li>\n<li style=\"font-weight: 400;\" aria-level=\"1\"><span style=\"font-weight: 400;\">Tratar el dolor de pecho relacionado con el coraz\u00f3n y la arritmia<\/span><\/li>\n<li style=\"font-weight: 400;\" aria-level=\"1\"><span style=\"font-weight: 400;\">Efectos visibles en 2 a 4 horas.<\/span><\/li>\n<li style=\"font-weight: 400;\" aria-level=\"1\"><span style=\"font-weight: 400;\">Env\u00edo en 24 horas<\/span><\/li>\n<\/ul>","protected":false},"featured_media":29474,"comment_status":"open","ping_status":"closed","template":"","meta":{"om_disable_all_campaigns":false,"_uf_show_specific_survey":0,"_uf_disable_surveys":false},"product_brand":[],"product_cat":[608],"product_tag":[],"class_list":{"0":"post-4341","1":"product","2":"type-product","3":"status-publish","4":"has-post-thumbnail","6":"product_cat-heart-blood-pressure","8":"first","9":"instock","10":"shipping-taxable","11":"purchasable","12":"product-type-variable"},"_links":{"self":[{"href":"https:\/\/wowrxpharmacy.com\/es\/wp-json\/wp\/v2\/product\/4341","targetHints":{"allow":["GET"]}}],"collection":[{"href":"https:\/\/wowrxpharmacy.com\/es\/wp-json\/wp\/v2\/product"}],"about":[{"href":"https:\/\/wowrxpharmacy.com\/es\/wp-json\/wp\/v2\/types\/product"}],"replies":[{"embeddable":true,"href":"https:\/\/wowrxpharmacy.com\/es\/wp-json\/wp\/v2\/comments?post=4341"}],"wp:featuredmedia":[{"embeddable":true,"href":"https:\/\/wowrxpharmacy.com\/es\/wp-json\/wp\/v2\/media\/29474"}],"wp:attachment":[{"href":"https:\/\/wowrxpharmacy.com\/es\/wp-json\/wp\/v2\/media?parent=4341"}],"wp:term":[{"taxonomy":"product_brand","embeddable":true,"href":"https:\/\/wowrxpharmacy.com\/es\/wp-json\/wp\/v2\/product_brand?post=4341"},{"taxonomy":"product_cat","embeddable":true,"href":"https:\/\/wowrxpharmacy.com\/es\/wp-json\/wp\/v2\/product_cat?post=4341"},{"taxonomy":"product_tag","embeddable":true,"href":"https:\/\/wowrxpharmacy.com\/es\/wp-json\/wp\/v2\/product_tag?post=4341"}],"curies":[{"name":"wp","href":"https:\/\/api.w.org\/{rel}","templated":true}]}}