{"id":4277,"date":"2024-07-13T08:06:31","date_gmt":"2024-07-13T12:06:31","guid":{"rendered":"https:\/\/wowrxpharmacy.com\/?post_type=product&#038;p=4277"},"modified":"2024-10-16T03:51:26","modified_gmt":"2024-10-16T07:51:26","slug":"crema-triluma-de-15-g","status":"publish","type":"product","link":"https:\/\/wowrxpharmacy.com\/es\/producto\/crema-triluma-de-15-g\/","title":{"rendered":"Crema Triluma 15 g"},"content":{"rendered":"<h3><span style=\"font-weight: 400;\">Acerca de Triluma Cream 15 g<\/span><span style=\"font-weight: 400;\"><br \/>\n<\/span><\/h3>\n<p><span style=\"font-weight: 400;\">La crema Triluma es un medicamento para el cuidado de la piel que se receta a pacientes con diagn\u00f3stico de melasma. La crema contiene tres ingredientes activos principales: fluocinolona, hidroquinona y tretino\u00edna. El melasma es una afecci\u00f3n cut\u00e1nea com\u00fan en la que la piel desarrolla manchas oscuras. Las zonas decoloradas (de color marr\u00f3n gris\u00e1ceo) son m\u00e1s prominentes en la frente, el ment\u00f3n, la nariz y las mejillas.\u00a0<\/span><\/p>\n<p><span style=\"font-weight: 400;\">Cuando afecta a mujeres embarazadas, tambi\u00e9n se conoce como cloasma o &quot;m\u00e1scara del embarazo&quot;. La crema Triluma se vende con receta m\u00e9dica y debe tomarse en la dosis y durante el tiempo prescritos por el m\u00e9dico. Galderma India Pvt Ltd fabrica la crema Triluma de 15 g.<\/span><\/p>\n<h3><span style=\"font-weight: 400;\">Usos de la crema Triluma 15 g<\/span><\/h3>\n<p><span style=\"font-weight: 400;\">El tratamiento de cuidado de la piel para el melasma, como Tri luma Cream 15 g, es muy recomendado y ha recibido excelentes cr\u00edticas. <\/span><span style=\"font-weight: 400;\">La crema debe administrarse seg\u00fan las indicaciones del m\u00e9dico y solo est\u00e1 destinada para uso externo.<\/span><\/p>\n<h3><span style=\"font-weight: 400;\">C\u00f3mo funciona la crema Triluma<\/span><\/h3>\n<p><span style=\"font-weight: 400;\">Triluma Cream 15 g es un medicamento para el cuidado de la piel con tres compuestos qu\u00edmicos principales: tretino\u00edna, fluocinolona e hidroquinona. Todos sus ingredientes activos act\u00faan en conjunto para tratar afecciones cut\u00e1neas como el melasma. El acet\u00f3nido de fluocinolona impide que el cuerpo produzca ciertos mensajeros qu\u00edmicos (prostaglandinas) que causan picaz\u00f3n, hinchaz\u00f3n y enrojecimiento de la piel.\u00a0<\/span><\/p>\n<p><span style=\"font-weight: 400;\">La hidroquinona pertenece al grupo de agentes aclaradores de la piel que act\u00faa reduciendo la producci\u00f3n de melanina, un pigmento que oscurece la piel. La tretino\u00edna pertenece al grupo de los retinoides (formas artificiales de vitamina A) que aumentan la renovaci\u00f3n celular, contribuyendo a la exfoliaci\u00f3n natural de la epidermis. Para obtener los mejores resultados, tome el medicamento seg\u00fan las indicaciones de su m\u00e9dico.<\/span><\/p>\n<h3><span style=\"font-weight: 400;\">C\u00f3mo usar la crema Triluma<\/span><\/h3>\n<p><span style=\"font-weight: 400;\">La crema Triluma es un medicamento t\u00f3pico de uso externo. Aplique una peque\u00f1a cantidad de 15 g de crema Triluma en la zona afectada, que debe estar limpia y seca, con la yema del dedo.\u00a0<\/span><\/p>\n<p><span style=\"font-weight: 400;\">Evite el contacto de la crema Tri Luma de 15 g con la boca, la nariz, los ojos, los o\u00eddos o la vagina. No se recomienda aplicarla sobre cortes, heridas abiertas o quemaduras. En caso de accidente, enjuague r\u00e1pidamente con agua. Para obtener resultados positivos, tome el medicamento seg\u00fan las indicaciones de su m\u00e9dico.<\/span><\/p>","protected":false},"excerpt":{"rendered":"<ul>\n<li style=\"font-weight: 400;\" aria-level=\"1\"><span style=\"font-weight: 400;\">F\u00f3rmula aprobada por la FDA<\/span><\/li>\n<li style=\"font-weight: 400;\" aria-level=\"1\"><span style=\"font-weight: 400;\">Repleto de potencia y con tres ingredientes activos<\/span><\/li>\n<li style=\"font-weight: 400;\" aria-level=\"1\"><span style=\"font-weight: 400;\">Resultados visibles en 4 semanas<\/span><\/li>\n<li style=\"font-weight: 400;\" aria-level=\"1\"><span style=\"font-weight: 400;\">Env\u00edo en 24 horas<\/span><\/li>\n<\/ul>","protected":false},"featured_media":29284,"comment_status":"open","ping_status":"closed","template":"","meta":{"om_disable_all_campaigns":false,"_uf_show_specific_survey":0,"_uf_disable_surveys":false},"product_brand":[],"product_cat":[534],"product_tag":[],"class_list":{"0":"post-4277","1":"product","2":"type-product","3":"status-publish","4":"has-post-thumbnail","6":"product_cat-skin-care","8":"first","9":"instock","10":"shipping-taxable","11":"purchasable","12":"product-type-variable","13":"has-default-attributes"},"_links":{"self":[{"href":"https:\/\/wowrxpharmacy.com\/es\/wp-json\/wp\/v2\/product\/4277","targetHints":{"allow":["GET"]}}],"collection":[{"href":"https:\/\/wowrxpharmacy.com\/es\/wp-json\/wp\/v2\/product"}],"about":[{"href":"https:\/\/wowrxpharmacy.com\/es\/wp-json\/wp\/v2\/types\/product"}],"replies":[{"embeddable":true,"href":"https:\/\/wowrxpharmacy.com\/es\/wp-json\/wp\/v2\/comments?post=4277"}],"wp:featuredmedia":[{"embeddable":true,"href":"https:\/\/wowrxpharmacy.com\/es\/wp-json\/wp\/v2\/media\/29284"}],"wp:attachment":[{"href":"https:\/\/wowrxpharmacy.com\/es\/wp-json\/wp\/v2\/media?parent=4277"}],"wp:term":[{"taxonomy":"product_brand","embeddable":true,"href":"https:\/\/wowrxpharmacy.com\/es\/wp-json\/wp\/v2\/product_brand?post=4277"},{"taxonomy":"product_cat","embeddable":true,"href":"https:\/\/wowrxpharmacy.com\/es\/wp-json\/wp\/v2\/product_cat?post=4277"},{"taxonomy":"product_tag","embeddable":true,"href":"https:\/\/wowrxpharmacy.com\/es\/wp-json\/wp\/v2\/product_tag?post=4277"}],"curies":[{"name":"wp","href":"https:\/\/api.w.org\/{rel}","templated":true}]}}