{"id":4252,"date":"2024-07-13T08:06:32","date_gmt":"2024-07-13T12:06:32","guid":{"rendered":"https:\/\/wowrxpharmacy.com\/?post_type=product&#038;p=4252"},"modified":"2026-03-31T06:31:20","modified_gmt":"2026-03-31T10:31:20","slug":"xalatan-gotas-para-los-ojos-0-005-2-5-ml","status":"publish","type":"product","link":"https:\/\/wowrxpharmacy.com\/es\/producto\/xalatan-gotas-para-los-ojos-0-005-2-5-ml\/","title":{"rendered":"Xalatan Colirio de 0,005% (2,5 ml)"},"content":{"rendered":"<h3><span style=\"font-weight: 400;\">Acerca de las gotas oft\u00e1lmicas Xalatan<\/span><\/h3>\n<p><span style=\"font-weight: 400;\">Las gotas oft\u00e1lmicas Xalatan se usan ampliamente para tratar el glaucoma de \u00e1ngulo abierto y la hipertensi\u00f3n ocular. Su ingrediente activo es latanoprost. Act\u00faa liberando el exceso de l\u00edquido ocular y disminuyendo la presi\u00f3n ocular. Puede comprar las gotas oft\u00e1lmicas de latanoprost f\u00e1cilmente en WowRxPharmacy.\u00a0<\/span><\/p>\n<h3><span style=\"font-weight: 400;\">Usos de las gotas oft\u00e1lmicas Xalatan<\/span><\/h3>\n<p><span style=\"font-weight: 400;\">Su ingrediente principal, Latanoprost, se utiliza activamente para tratar afecciones como el glaucoma y la hipertensi\u00f3n ocular.<\/span><\/p>\n<h4><span style=\"font-weight: 400;\">Glaucoma\u00a0<\/span><\/h4>\n<p><span style=\"font-weight: 400;\">Esta afecci\u00f3n m\u00e9dica provoca un aumento excesivo de la presi\u00f3n ocular, lo que puede provocar da\u00f1o al nervio \u00f3ptico y ceguera. Cuando se crea o acumula demasiado l\u00edquido en los ojos, se genera una presi\u00f3n excesiva. El nervio \u00f3ptico, que se comunica con el cerebro, se ve afectado por esta tensi\u00f3n ocular. El latanoprost libera el exceso de l\u00edquido del ojo y reduce la presi\u00f3n ocular.\u00a0<\/span><\/p>\n<h4><span style=\"font-weight: 400;\">Hipertensi\u00f3n ocular<\/span><\/h4>\n<p><span style=\"font-weight: 400;\">Es una afecci\u00f3n ocular que se caracteriza por el aumento de la presi\u00f3n intraocular. La presi\u00f3n ocular alta puede provocar da\u00f1o al nervio \u00f3ptico y ser un signo temprano de glaucoma.\u00a0<\/span><\/p>\n<h3><span style=\"font-weight: 400;\">Acci\u00f3n del latanoprost<\/span><\/h3>\n<p><span style=\"font-weight: 400;\">Xalatan tiene cr\u00edticas muy positivas y es un medicamento recomendado para el glaucoma de \u00e1ngulo abierto. <\/span><span style=\"font-weight: 400;\">El latanoprost, principio activo del colirio Xalatan, pertenece al grupo de los an\u00e1logos de las prostaglandinas. Estos f\u00e1rmacos se utilizan principalmente para tratar afecciones oculares. La acumulaci\u00f3n excesiva de l\u00edquido (humor acuoso) en los ojos provoca presi\u00f3n intraocular elevada.\u00a0<\/span><\/p>\n<p><span style=\"font-weight: 400;\">Este humor acuoso, tambi\u00e9n conocido como l\u00edquido ocular, es un l\u00edquido transparente que llena el espacio entre la c\u00f3rnea y el cristalino en la c\u00e1mara anterior del globo ocular. El latanoprost reduce la presi\u00f3n intraocular alta al aumentar la liberaci\u00f3n de humor acuoso. Por lo tanto, esto ayuda a relajar el nervio \u00f3ptico, liberando la tensi\u00f3n.\u00a0<\/span><\/p>\n<h3><span style=\"font-weight: 400;\">C\u00f3mo usar las gotas oft\u00e1lmicas Xalatan<\/span><\/h3>\n<p><span style=\"font-weight: 400;\">El proceso de aplicaci\u00f3n de Travatan (2,5 ml) difiere de su uso habitual. Debe aplicar una gota de gotas oft\u00e1lmicas de Xalatan en el ojo afectado. Una sola aplicaci\u00f3n regular es suficiente. Sin embargo, siga siempre la prescripci\u00f3n m\u00e9dica. Despu\u00e9s de aplicar las gotas, mantenga los ojos cerrados durante un rato.\u00a0<\/span><\/p>\n<p><span style=\"font-weight: 400;\">Generalmente se recomienda seguir los siguientes pasos:\u00a0<\/span><\/p>\n<ul>\n<li style=\"font-weight: 400;\" aria-level=\"1\"><span style=\"font-weight: 400;\">Mantenga el gotero cerca de su cara sin presionar la punta contra el ojo.<\/span><\/li>\n<li style=\"font-weight: 400;\" aria-level=\"1\"><span style=\"font-weight: 400;\">Coloque el l\u00edquido de gotas para los ojos en el p\u00e1rpado inferior presionando suavemente el gotero.<\/span><\/li>\n<li style=\"font-weight: 400;\" aria-level=\"1\"><span style=\"font-weight: 400;\">Limpie el exceso de l\u00edquido con una toalla limpia.<\/span><\/li>\n<\/ul>","protected":false},"excerpt":{"rendered":"<ul>\n<li style=\"font-weight: 400;\" aria-level=\"1\"><span style=\"font-weight: 400;\">Aprobado por la FDA <\/span><span style=\"font-weight: 400;\">Latanoprost\u00a0<\/span><\/li>\n<li style=\"font-weight: 400;\" aria-level=\"1\"><span style=\"font-weight: 400;\">Resultados visibles en 3-4 horas<\/span><\/li>\n<li style=\"font-weight: 400;\" aria-level=\"1\"><span style=\"font-weight: 400;\">Eficaz hasta por 24 horas.<\/span><\/li>\n<li style=\"font-weight: 400;\" aria-level=\"1\"><span style=\"font-weight: 400;\">Pago seguro y env\u00edo r\u00e1pido<\/span><\/li>\n<\/ul>","protected":false},"featured_media":30043,"comment_status":"open","ping_status":"closed","template":"","meta":{"om_disable_all_campaigns":false,"_uf_show_specific_survey":0,"_uf_disable_surveys":false},"product_brand":[],"product_cat":[469],"product_tag":[],"class_list":{"0":"post-4252","1":"product","2":"type-product","3":"status-publish","4":"has-post-thumbnail","6":"product_cat-eye-care","8":"first","9":"instock","10":"shipping-taxable","11":"purchasable","12":"product-type-variable","13":"has-default-attributes"},"_links":{"self":[{"href":"https:\/\/wowrxpharmacy.com\/es\/wp-json\/wp\/v2\/product\/4252","targetHints":{"allow":["GET"]}}],"collection":[{"href":"https:\/\/wowrxpharmacy.com\/es\/wp-json\/wp\/v2\/product"}],"about":[{"href":"https:\/\/wowrxpharmacy.com\/es\/wp-json\/wp\/v2\/types\/product"}],"replies":[{"embeddable":true,"href":"https:\/\/wowrxpharmacy.com\/es\/wp-json\/wp\/v2\/comments?post=4252"}],"wp:featuredmedia":[{"embeddable":true,"href":"https:\/\/wowrxpharmacy.com\/es\/wp-json\/wp\/v2\/media\/30043"}],"wp:attachment":[{"href":"https:\/\/wowrxpharmacy.com\/es\/wp-json\/wp\/v2\/media?parent=4252"}],"wp:term":[{"taxonomy":"product_brand","embeddable":true,"href":"https:\/\/wowrxpharmacy.com\/es\/wp-json\/wp\/v2\/product_brand?post=4252"},{"taxonomy":"product_cat","embeddable":true,"href":"https:\/\/wowrxpharmacy.com\/es\/wp-json\/wp\/v2\/product_cat?post=4252"},{"taxonomy":"product_tag","embeddable":true,"href":"https:\/\/wowrxpharmacy.com\/es\/wp-json\/wp\/v2\/product_tag?post=4252"}],"curies":[{"name":"wp","href":"https:\/\/api.w.org\/{rel}","templated":true}]}}