{"id":4197,"date":"2024-07-12T05:25:35","date_gmt":"2024-07-12T09:25:35","guid":{"rendered":"https:\/\/wowrxpharmacy.com\/?post_type=product&#038;p=4197"},"modified":"2024-10-16T03:51:26","modified_gmt":"2024-10-16T07:51:26","slug":"ciplox-250-mg","status":"publish","type":"product","link":"https:\/\/wowrxpharmacy.com\/es\/producto\/ciplox-250-mg\/","title":{"rendered":"Ciplox 250 mg"},"content":{"rendered":"<h3><span style=\"font-weight: 400;\">Acerca de Ciplox 250 mg<\/span><\/h3>\n<p><span style=\"font-weight: 400;\">Ciplox comprimido 250 mg es un comprimido antibi\u00f3tico muy eficaz fabricado por Cipla. Combate principalmente las infecciones bacterianas en varias partes del cuerpo, incluyendo el tracto urinario, la nariz, la garganta, la piel y los pulmones. El ingrediente activo presente en este comprimido es la Ciprofloxacina; este medicamento es una soluci\u00f3n fiable para luchar contra una amplia gama de cepas bacterianas. Puede comprar un comprimido de Ciplox 250 mg en l\u00ednea en WowRXPharmacy a precios asequibles.<\/span><\/p>\n<h3><span style=\"font-weight: 400;\">Usos de Ciplox 250<\/span><\/h3>\n<p><span style=\"font-weight: 400;\">Ciplox 250 mg tiene cr\u00edticas muy positivas para el tratamiento de infecciones bacterianas en diferentes zonas del cuerpo. Se prescribe com\u00fanmente para las infecciones respiratorias, infecciones del tracto urinario (ITU), infecciones de la piel e infecciones de nariz y garganta. El medicamento antibi\u00f3tico est\u00e1 aprobado por la FDA para tratar las siguientes infecciones bacterianas. Ciplox comprimido 250 mg elimina las bacterias responsables de estas infecciones, ayudando a aliviar los s\u00edntomas y a promover la recuperaci\u00f3n.<\/span><\/p>\n<h3><span style=\"font-weight: 400;\">Funcionamiento del ciprofloxacino<\/span><\/h3>\n<p><span style=\"font-weight: 400;\">El ciprofloxacino, principio activo del comprimido Ciplox 250 mg, pertenece a la familia de los <\/span><a href=\"https:\/\/www.webmd.com\/drugs\/2\/drug-7748\/ciprofloxacin-oral\/details#:~:text=Ciprofloxacin%20belongs%20to%20a%20class,as%20common%20cold%2C%20flu).\" target=\"_blank\" rel=\"nofollow noopener\"><span style=\"font-weight: 400;\">clase de<\/span><\/a><span style=\"font-weight: 400;\"> medicamentos conocidos como antibi\u00f3ticos de quinolona. Inhibe las enzimas bacterianas ADN girasa y Topoisomerasa IV. Estas enzimas desempe\u00f1an papeles cruciales en la replicaci\u00f3n, reparaci\u00f3n y s\u00edntesis del ADN bacteriano. Al interferir en estos procesos, Ciplox interrumpe el crecimiento y la divisi\u00f3n bacterianos, lo que conduce en \u00faltima instancia a la muerte de las bacterias susceptibles. Su amplio espectro de actividad lo hace eficaz contra diversas bacterias grampositivas y gramnegativas. La dosificaci\u00f3n regular y el cumplimiento del tratamiento prescrito son esenciales para obtener resultados terap\u00e9uticos \u00f3ptimos.<\/span><\/p>\n<h3><span style=\"font-weight: 400;\">C\u00f3mo utilizar Ciplox 250<\/span><\/h3>\n<p><span style=\"font-weight: 400;\">Para garantizar unos resultados \u00f3ptimos, es esencial seguir las instrucciones de su m\u00e9dico en cuanto a la dosis y la duraci\u00f3n del tratamiento con Ciplox comprimido 250 mg,\u00a0<\/span><\/p>\n<ul>\n<li style=\"font-weight: 400;\" aria-level=\"1\"><span style=\"font-weight: 400;\">Trague el comprimido entero con agua, sin masticarlo, triturarlo ni romperlo.<\/span><\/li>\n<li style=\"font-weight: 400;\" aria-level=\"1\"><span style=\"font-weight: 400;\">Puede tomar Ciplox comprimido 250 mg con o sin alimentos dos veces al d\u00eda<\/span><\/li>\n<li style=\"font-weight: 400;\" aria-level=\"1\"><span style=\"font-weight: 400;\">Evite tomar productos l\u00e1cteos, como leche, queso, cuajada, mantequilla, paneer y helado, con Ciplox 250 mg.<\/span><\/li>\n<\/ul>","protected":false},"excerpt":{"rendered":"<ul>\n<li style=\"font-weight: 400;\" aria-level=\"1\"><span style=\"font-weight: 400;\">Aprobado por la FDA para infecciones bacterianas<\/span><\/li>\n<li style=\"font-weight: 400;\" aria-level=\"1\"><span style=\"font-weight: 400;\">Vers\u00e1til, trata las ITU, la fiebre tifoidea y las infecciones cut\u00e1neas<\/span><\/li>\n<li style=\"font-weight: 400;\" aria-level=\"1\"><span style=\"font-weight: 400;\">Resultados visibles en 2 \u00f3 3 d\u00edas<\/span><\/li>\n<li style=\"font-weight: 400;\" aria-level=\"1\"><span style=\"font-weight: 400;\">Marca de confianza, recomendada por m\u00e9dicos<\/span><\/li>\n<li style=\"font-weight: 400;\" aria-level=\"1\"><span style=\"font-weight: 400;\">Cr\u00edticas muy positivas<\/span><\/li>\n<\/ul>","protected":false},"featured_media":4711,"comment_status":"open","ping_status":"closed","template":"","meta":{"om_disable_all_campaigns":false,"_uf_show_specific_survey":0,"_uf_disable_surveys":false},"product_brand":[],"product_cat":[504,1757,1758],"product_tag":[],"class_list":{"0":"post-4197","1":"product","2":"type-product","3":"status-publish","4":"has-post-thumbnail","6":"product_cat-antibiotics","7":"product_cat-featured-products","8":"product_cat-top-picks","10":"first","11":"instock","12":"shipping-taxable","13":"purchasable","14":"product-type-variable"},"_links":{"self":[{"href":"https:\/\/wowrxpharmacy.com\/es\/wp-json\/wp\/v2\/product\/4197","targetHints":{"allow":["GET"]}}],"collection":[{"href":"https:\/\/wowrxpharmacy.com\/es\/wp-json\/wp\/v2\/product"}],"about":[{"href":"https:\/\/wowrxpharmacy.com\/es\/wp-json\/wp\/v2\/types\/product"}],"replies":[{"embeddable":true,"href":"https:\/\/wowrxpharmacy.com\/es\/wp-json\/wp\/v2\/comments?post=4197"}],"wp:featuredmedia":[{"embeddable":true,"href":"https:\/\/wowrxpharmacy.com\/es\/wp-json\/wp\/v2\/media\/4711"}],"wp:attachment":[{"href":"https:\/\/wowrxpharmacy.com\/es\/wp-json\/wp\/v2\/media?parent=4197"}],"wp:term":[{"taxonomy":"product_brand","embeddable":true,"href":"https:\/\/wowrxpharmacy.com\/es\/wp-json\/wp\/v2\/product_brand?post=4197"},{"taxonomy":"product_cat","embeddable":true,"href":"https:\/\/wowrxpharmacy.com\/es\/wp-json\/wp\/v2\/product_cat?post=4197"},{"taxonomy":"product_tag","embeddable":true,"href":"https:\/\/wowrxpharmacy.com\/es\/wp-json\/wp\/v2\/product_tag?post=4197"}],"curies":[{"name":"wp","href":"https:\/\/api.w.org\/{rel}","templated":true}]}}