{"id":4044,"date":"2024-07-11T12:45:17","date_gmt":"2024-07-11T16:45:17","guid":{"rendered":"https:\/\/wowrxpharmacy.com\/?post_type=product&#038;p=4044"},"modified":"2024-10-16T03:51:27","modified_gmt":"2024-10-16T07:51:27","slug":"aldactona-100-mg","status":"publish","type":"product","link":"https:\/\/wowrxpharmacy.com\/es\/producto\/aldactona-100-mg\/","title":{"rendered":"Aldactone 100 mg"},"content":{"rendered":"<h3><span style=\"font-weight: 400;\">Acerca de Aldactone 100 mg<\/span><\/h3>\n<p><span style=\"font-weight: 400;\">Aldactone 100 es un medicamento para la hipertensi\u00f3n arterial que ha recibido excelentes cr\u00edticas de los pacientes que lo utilizan. Su principal sal es la espironolactona. Por lo tanto, Aldactone ayuda a prevenir la insuficiencia card\u00edaca.<\/span><\/p>\n<p><span style=\"font-weight: 400;\">RPG Life Sciences Ltd. fabrica este medicamento. C\u00f3mprelo en la farmacia en l\u00ednea m\u00e1s confiable: WowRXPharmacy.<\/span><\/p>\n<h3><span style=\"font-weight: 400;\">Usos de Aldactone 100 mg<\/span><\/h3>\n<p><span style=\"font-weight: 400;\">Hay muchas formas en las que este medicamento ayuda al cuerpo a funcionar mejor:<\/span><\/p>\n<ul>\n<li style=\"font-weight: 400;\" aria-level=\"1\"><span style=\"font-weight: 400;\">Trata la hipertensi\u00f3n (presi\u00f3n arterial alta)<\/span><\/li>\n<li style=\"font-weight: 400;\" aria-level=\"1\"><span style=\"font-weight: 400;\">Previene las insuficiencias card\u00edacas<\/span><\/li>\n<li style=\"font-weight: 400;\" aria-level=\"1\"><span style=\"font-weight: 400;\">No deja que baje el Potasio en el cuerpo<\/span><\/li>\n<li style=\"font-weight: 400;\" aria-level=\"1\"><span style=\"font-weight: 400;\">Trata el edema<\/span><\/li>\n<\/ul>\n<h3><span style=\"font-weight: 400;\">Acci\u00f3n de la espironolactona<\/span><\/h3>\n<p><span style=\"font-weight: 400;\">Aldactone 100 mg es un diur\u00e9tico ahorrador de potasio. La espironolactona presente en este medicamento act\u00faa reduciendo el nivel de electrolitos y el exceso de agua en el organismo. Sin embargo, conserva el potasio presente en el organismo.<\/span><\/p>\n<h3><span style=\"font-weight: 400;\">C\u00f3mo usarlo<\/span><\/h3>\n<p><span style=\"font-weight: 400;\">Debe seguir las instrucciones dadas mientras toma la tableta Aldactone 100:<\/span><\/p>\n<ul>\n<li style=\"font-weight: 400;\" aria-level=\"1\"><span style=\"font-weight: 400;\">Tome este medicamento como se lo indique su m\u00e9dico.<\/span><\/li>\n<li style=\"font-weight: 400;\" aria-level=\"1\"><span style=\"font-weight: 400;\">Por favor, no rompa esta tableta ni la mastique ni la triture.<\/span><\/li>\n<li style=\"font-weight: 400;\" aria-level=\"1\"><span style=\"font-weight: 400;\">Tr\u00e1galo entero<\/span><\/li>\n<li style=\"font-weight: 400;\" aria-level=\"1\"><span style=\"font-weight: 400;\">Aldactone 100 mg debe tomarse con alimentos.<\/span><\/li>\n<\/ul>","protected":false},"excerpt":{"rendered":"<ul>\n<li style=\"font-weight: 400;\" aria-level=\"1\"><span style=\"font-weight: 400;\">Espironolactona aprobada por la FDA<\/span><\/li>\n<li style=\"font-weight: 400;\" aria-level=\"1\"><span style=\"font-weight: 400;\">Trata la presi\u00f3n arterial alta y la insuficiencia card\u00edaca.<\/span><\/li>\n<li style=\"font-weight: 400;\" aria-level=\"1\"><span style=\"font-weight: 400;\">Controla la retenci\u00f3n de l\u00edquidos<\/span><\/li>\n<li style=\"font-weight: 400;\" aria-level=\"1\"><span style=\"font-weight: 400;\">Efectos visibles en 2 semanas<\/span><\/li>\n<li style=\"font-weight: 400;\" aria-level=\"1\"><span style=\"font-weight: 400;\">Env\u00edo en 24 horas<\/span><\/li>\n<\/ul>","protected":false},"featured_media":29212,"comment_status":"open","ping_status":"closed","template":"","meta":{"om_disable_all_campaigns":false,"_uf_show_specific_survey":0,"_uf_disable_surveys":false},"product_brand":[],"product_cat":[608],"product_tag":[],"class_list":{"0":"post-4044","1":"product","2":"type-product","3":"status-publish","4":"has-post-thumbnail","6":"product_cat-heart-blood-pressure","8":"first","9":"instock","10":"shipping-taxable","11":"purchasable","12":"product-type-variable","13":"has-default-attributes"},"_links":{"self":[{"href":"https:\/\/wowrxpharmacy.com\/es\/wp-json\/wp\/v2\/product\/4044","targetHints":{"allow":["GET"]}}],"collection":[{"href":"https:\/\/wowrxpharmacy.com\/es\/wp-json\/wp\/v2\/product"}],"about":[{"href":"https:\/\/wowrxpharmacy.com\/es\/wp-json\/wp\/v2\/types\/product"}],"replies":[{"embeddable":true,"href":"https:\/\/wowrxpharmacy.com\/es\/wp-json\/wp\/v2\/comments?post=4044"}],"wp:featuredmedia":[{"embeddable":true,"href":"https:\/\/wowrxpharmacy.com\/es\/wp-json\/wp\/v2\/media\/29212"}],"wp:attachment":[{"href":"https:\/\/wowrxpharmacy.com\/es\/wp-json\/wp\/v2\/media?parent=4044"}],"wp:term":[{"taxonomy":"product_brand","embeddable":true,"href":"https:\/\/wowrxpharmacy.com\/es\/wp-json\/wp\/v2\/product_brand?post=4044"},{"taxonomy":"product_cat","embeddable":true,"href":"https:\/\/wowrxpharmacy.com\/es\/wp-json\/wp\/v2\/product_cat?post=4044"},{"taxonomy":"product_tag","embeddable":true,"href":"https:\/\/wowrxpharmacy.com\/es\/wp-json\/wp\/v2\/product_tag?post=4044"}],"curies":[{"name":"wp","href":"https:\/\/api.w.org\/{rel}","templated":true}]}}