{"id":4024,"date":"2024-09-25T06:00:45","date_gmt":"2024-09-25T10:00:45","guid":{"rendered":"https:\/\/wowrxpharmacy.com\/?post_type=product&#038;p=4024"},"modified":"2025-04-26T20:23:52","modified_gmt":"2025-04-27T00:23:52","slug":"lovegra-100mg","status":"publish","type":"product","link":"https:\/\/wowrxpharmacy.com\/es\/producto\/lovegra-100mg\/","title":{"rendered":"Lovegra 100mg"},"content":{"rendered":"<h3><span style=\"font-weight: 400;\">\u00bfQu\u00e9 es Lovegra 100 mg?<\/span><\/h3>\n<p><span style=\"font-weight: 400;\">Lovegra 100 mg es un comprimido oral con el principio activo Citrato de Sildenafilo, que pertenece a la clase de los inhibidores de la PDE-5. Se utiliza para tratar la disfunci\u00f3n sexual en las mujeres. Por lo tanto, tambi\u00e9n se conoce como Viagra femenina o Womengra.\u00a0<\/span><\/p>\n<p><span style=\"font-weight: 400;\">Potencia la experiencia sexual mejorando la estimulaci\u00f3n en la mujer. Las mujeres que utilizan Lovegra 100 mg experimentan un mejor flujo sangu\u00edneo a la regi\u00f3n genital, aumentando la lubricaci\u00f3n natural y el placer sexual.<\/span><\/p>\n<p><span style=\"font-weight: 400;\">Lovegra 100mg comprimidos son fabricados por Ajanta Pharma. Usted puede conseguir en su puerta de WowRx.\u00a0<\/span><\/p>\n<h3><span style=\"font-weight: 400;\">Lovegra 100mg usos<\/span><\/h3>\n<p><span style=\"font-weight: 400;\">Female Viagra se utiliza principalmente para aumentar el placer sexual en las mujeres. Se <\/span><a href=\"https:\/\/www.ncbi.nlm.nih.gov\/pmc\/articles\/PMC4232035\/#:~:text=In%20smooth%20muscle,by%20primary%20FSAD.\" target=\"_blank\" rel=\"nofollow noopener\"><span style=\"font-weight: 400;\">potencia<\/span><\/a><span style=\"font-weight: 400;\"> funci\u00f3n y satisfacci\u00f3n sexual en las mujeres de las siguientes maneras:\u00a0<\/span><\/p>\n<ul>\n<li style=\"font-weight: 400;\" aria-level=\"1\"><span style=\"font-weight: 400;\">Mejora el flujo sangu\u00edneo a la regi\u00f3n genital, incrementando la expansi\u00f3n del cl\u00edtoris y aumentando el placer sexual<\/span><\/li>\n<li style=\"font-weight: 400;\" aria-level=\"1\"><span style=\"font-weight: 400;\">Aumenta la intensidad de la experiencia sexual\u00a0<\/span><\/li>\n<li style=\"font-weight: 400;\" aria-level=\"1\"><span style=\"font-weight: 400;\">Mejora de la excitaci\u00f3n sexual<\/span><\/li>\n<li style=\"font-weight: 400;\" aria-level=\"1\"><span style=\"font-weight: 400;\">Aumento del pico de excitaci\u00f3n<\/span><\/li>\n<li style=\"font-weight: 400;\" aria-level=\"1\"><span style=\"font-weight: 400;\">Aumenta la intensidad del orgasmo y tambi\u00e9n las posibilidades de orgasmos m\u00faltiples<\/span><\/li>\n<\/ul>\n<p><span style=\"font-weight: 400;\">El principio activo de Lovegra, el citrato de sildenafilo, se utiliza en muchos otros medicamentos para tratar eficazmente la hipertensi\u00f3n arterial pulmonar y la disfunci\u00f3n er\u00e9ctil (DE).\u00a0<\/span><\/p>\n<h3><span style=\"font-weight: 400;\">\u00bfC\u00f3mo act\u00faa el citrato de sildenafilo?\u00a0<\/span><\/h3>\n<p><span style=\"font-weight: 400;\">Citrato de sildenafilo, el principio activo de Lovegra 100 mg comprimidos, <\/span><a href=\"https:\/\/www.ncbi.nlm.nih.gov\/books\/NBK549843\/#:~:text=These%20drugs%20inhibit,downstream%20effector%20molecules.\" target=\"_blank\" rel=\"nofollow noopener\"><span style=\"font-weight: 400;\">mejora<\/span><\/a><span style=\"font-weight: 400;\"> el flujo sangu\u00edneo genital y aumenta el placer sexual. Es un inhibidor de la Fosfodiesterasa Tipo-5 (PDE-5) que bloquea la enzima PDE-5 responsable de descomponer la Guanosina Monofosfato C\u00edclico (GMPc), un compuesto responsable de relajar el m\u00fasculo liso. As\u00ed, al bloquearla, se produce una acumulaci\u00f3n de GMPc, lo que aumenta el flujo sangu\u00edneo y provoca una mayor estimulaci\u00f3n.\u00a0<\/span><\/p>\n<p><span style=\"font-weight: 400;\">Aunque puede tomarse hasta cuatro horas antes de la actividad sexual, el mejor resultado suele verse cuando se toma entre 30 y 60 minutos antes.\u00a0<\/span><\/p>\n<h3><span style=\"font-weight: 400;\">\u00bfC\u00f3mo utilizar Lovegra 100 mg?\u00a0<\/span><\/h3>\n<p><span style=\"font-weight: 400;\">Utilice Lovegra 100mg de la siguiente manera para obtener los mejores resultados:<\/span><\/p>\n<ul>\n<li style=\"font-weight: 400;\" aria-level=\"1\"><span style=\"font-weight: 400;\">Lovegra puede consumirse hasta 4 horas antes de iniciar la actividad sexual, pero lo ideal es hacerlo entre 30 minutos y una hora antes.<\/span><\/li>\n<li style=\"font-weight: 400;\" aria-level=\"1\"><span style=\"font-weight: 400;\">Puede consumir los comprimidos de Citrato de Sildenafilo en ayunas o con alimentos<\/span><\/li>\n<li style=\"font-weight: 400;\" aria-level=\"1\"><span style=\"font-weight: 400;\">T\u00f3melo entero y no lo triture, rompa ni mastique.<\/span><\/li>\n<li style=\"font-weight: 400;\" aria-level=\"1\"><span style=\"font-weight: 400;\">No debe tomar m\u00e1s de un comprimido de Viagra femenina de 100 mg en 24 horas a menos que se lo indique un m\u00e9dico para evitar efectos secundarios graves.<\/span><\/li>\n<\/ul>","protected":false},"excerpt":{"rendered":"<p>El citrato de sildenafilo de Lovegra aumenta la intimidad mejorando la excitaci\u00f3n y la satisfacci\u00f3n de la mujer. Aprobado por la FDA y eficaz.<\/p>","protected":false},"featured_media":37099,"comment_status":"open","ping_status":"closed","template":"","meta":{"om_disable_all_campaigns":false,"_uf_show_specific_survey":0,"_uf_disable_surveys":false},"product_brand":[],"product_cat":[595],"product_tag":[],"class_list":{"0":"post-4024","1":"product","2":"type-product","3":"status-publish","4":"has-post-thumbnail","6":"product_cat-womens-health","8":"first","9":"instock","10":"sale","11":"shipping-taxable","12":"purchasable","13":"product-type-variable","14":"has-default-attributes"},"_links":{"self":[{"href":"https:\/\/wowrxpharmacy.com\/es\/wp-json\/wp\/v2\/product\/4024","targetHints":{"allow":["GET"]}}],"collection":[{"href":"https:\/\/wowrxpharmacy.com\/es\/wp-json\/wp\/v2\/product"}],"about":[{"href":"https:\/\/wowrxpharmacy.com\/es\/wp-json\/wp\/v2\/types\/product"}],"replies":[{"embeddable":true,"href":"https:\/\/wowrxpharmacy.com\/es\/wp-json\/wp\/v2\/comments?post=4024"}],"wp:featuredmedia":[{"embeddable":true,"href":"https:\/\/wowrxpharmacy.com\/es\/wp-json\/wp\/v2\/media\/37099"}],"wp:attachment":[{"href":"https:\/\/wowrxpharmacy.com\/es\/wp-json\/wp\/v2\/media?parent=4024"}],"wp:term":[{"taxonomy":"product_brand","embeddable":true,"href":"https:\/\/wowrxpharmacy.com\/es\/wp-json\/wp\/v2\/product_brand?post=4024"},{"taxonomy":"product_cat","embeddable":true,"href":"https:\/\/wowrxpharmacy.com\/es\/wp-json\/wp\/v2\/product_cat?post=4024"},{"taxonomy":"product_tag","embeddable":true,"href":"https:\/\/wowrxpharmacy.com\/es\/wp-json\/wp\/v2\/product_tag?post=4024"}],"curies":[{"name":"wp","href":"https:\/\/api.w.org\/{rel}","templated":true}]}}