{"id":4012,"date":"2024-07-13T08:07:13","date_gmt":"2024-07-13T12:07:13","guid":{"rendered":"https:\/\/wowrxpharmacy.com\/?post_type=product&#038;p=4012"},"modified":"2024-10-16T03:47:35","modified_gmt":"2024-10-16T07:47:35","slug":"finpecia-1mg","status":"publish","type":"product","link":"https:\/\/wowrxpharmacy.com\/es\/producto\/finpecia-1mg\/","title":{"rendered":"Finpecia 1mg"},"content":{"rendered":"<h3><span style=\"font-weight: 400;\">\u00bfQu\u00e9 es Finpecia 1 mg?<\/span><\/h3>\n<p><span style=\"font-weight: 400;\">Finpecia es un medicamento recetado para el tratamiento de la calvicie de patr\u00f3n masculino (MPB), un tipo de ca\u00edda del cabello frecuente en los hombres. El principio activo de Finpecia es la finasterida, un inhibidor de la 5\u03b1-reductasa. La calvicie de patr\u00f3n masculino suele manifestarse en forma de p\u00e9rdida de cabello en las zonas frontal y superior del cuero cabelludo.<\/span><\/p>\n<p><span style=\"font-weight: 400;\">La finasterida ayuda a prevenir el debilitamiento y la ca\u00edda del cabello y, en ocasiones, favorece su crecimiento. Tambi\u00e9n se utiliza en diferentes concentraciones para tratar la hiperplasia benigna de pr\u00f3stata (HBP). Cipla Ltd fabrica y comercializa Finasterida en todo el mundo.<\/span><\/p>\n<h3><span style=\"font-weight: 400;\">Usos de Finpecia (Finasterida)<\/span><\/h3>\n<p><span style=\"font-weight: 400;\">Finpecia es un medicamento utilizado para tratar la calvicie de patr\u00f3n masculino, tambi\u00e9n conocida como alopecia androgen\u00e9tica. Esta enfermedad hereditaria provoca la ca\u00edda del cabello, afectando principalmente a las zonas frontal y de la coronilla del cuero cabelludo.<\/span><\/p>\n<p><span style=\"font-weight: 400;\">Aunque los efectos completos de la finasterida pueden tardar varios meses en manifestarse, el medicamento ralentiza o invierte eficazmente la progresi\u00f3n de la MPB en muchos pacientes.<\/span><\/p>\n<h3><span style=\"font-weight: 400;\">Funcionamiento de Finasteride<\/span><\/h3>\n<p><a href=\"https:\/\/www.nhs.uk\/medicines\/finasteride\/common-questions-about-finasteride\/#:~:text=It%20works%20by,reduce%20hair%20loss.\" target=\"_blank\" rel=\"nofollow noopener\"><span style=\"font-weight: 400;\">La finasterida act\u00faa inhibiendo<\/span><\/a><span style=\"font-weight: 400;\"> la enzima 5-alfa-reductasa. Esta enzima convierte la testosterona en dihidrotestosterona (DHT), una hormona que provoca la ca\u00edda del cabello en los hombres con calvicie de patr\u00f3n masculino.<\/span><\/p>\n<p><span style=\"font-weight: 400;\">Al bloquear esta conversi\u00f3n, Finpecia ayuda a prevenir el debilitamiento y la ca\u00edda del cabello y puede favorecer el crecimiento de cabello nuevo en algunos pacientes.\u00a0<\/span><\/p>\n<h3><span style=\"font-weight: 400;\">Dosis de Finpecia<\/span><\/h3>\n<p><span style=\"font-weight: 400;\">Antes de empezar a tomar Finpecia (Finasterida), consulte a su m\u00e9dico o profesional sanitario sobre la dosis. Siga estas instrucciones mientras est\u00e9 tomando Finpecia 1 mg:<\/span><\/p>\n<ul>\n<li style=\"font-weight: 400;\" aria-level=\"1\"><b>T\u00f3malo entero:<\/b><span style=\"font-weight: 400;\"> Tome el comprimido con un vaso lleno de agua. Evite triturarlo, romperlo o masticarlo.<\/span><\/li>\n<li style=\"font-weight: 400;\" aria-level=\"1\"><b>Con o sin comida: <\/b><span style=\"font-weight: 400;\">Puede tomar Finpecia con o sin alimentos. Sin embargo, tomarlo con una comida puede aliviar las molestias estomacales<\/span><\/li>\n<li style=\"font-weight: 400;\" aria-level=\"1\"><b>Horario regular:<\/b><span style=\"font-weight: 400;\"> Para obtener resultados \u00f3ptimos, siga las instrucciones de su m\u00e9dico cuando tome los comprimidos de Finpecia. Los beneficios del crecimiento y mantenimiento del cabello pueden tardar varios meses en ser totalmente perceptibles<\/span><\/li>\n<\/ul>","protected":false},"excerpt":{"rendered":"<ul>\n<li style=\"font-weight: 400;\" aria-level=\"1\"><span style=\"font-weight: 400;\">Finasterida aprobada por la FDA<\/span><\/li>\n<li style=\"font-weight: 400;\" aria-level=\"1\"><span style=\"font-weight: 400;\">Trata la calvicie de patr\u00f3n masculino Favorece el crecimiento del cabello<\/span><\/li>\n<li style=\"font-weight: 400;\" aria-level=\"1\"><span style=\"font-weight: 400;\">C\u00f3modo comprimido oral<\/span><\/li>\n<li style=\"font-weight: 400;\" aria-level=\"1\"><span style=\"font-weight: 400;\">Cl\u00ednicamente probado<\/span><\/li>\n<li style=\"font-weight: 400;\" aria-level=\"1\"><span style=\"font-weight: 400;\">Env\u00edo en 24 horas desde la realizaci\u00f3n del pedido<\/span><\/li>\n<\/ul>","protected":false},"featured_media":13365,"comment_status":"open","ping_status":"closed","template":"","meta":{"om_disable_all_campaigns":false,"_uf_show_specific_survey":0,"_uf_disable_surveys":false},"product_brand":[],"product_cat":[1757,770],"product_tag":[],"class_list":{"0":"post-4012","1":"product","2":"type-product","3":"status-publish","4":"has-post-thumbnail","6":"product_cat-featured-products","7":"product_cat-hair-loss","9":"first","10":"instock","11":"shipping-taxable","12":"purchasable","13":"product-type-variable"},"_links":{"self":[{"href":"https:\/\/wowrxpharmacy.com\/es\/wp-json\/wp\/v2\/product\/4012","targetHints":{"allow":["GET"]}}],"collection":[{"href":"https:\/\/wowrxpharmacy.com\/es\/wp-json\/wp\/v2\/product"}],"about":[{"href":"https:\/\/wowrxpharmacy.com\/es\/wp-json\/wp\/v2\/types\/product"}],"replies":[{"embeddable":true,"href":"https:\/\/wowrxpharmacy.com\/es\/wp-json\/wp\/v2\/comments?post=4012"}],"wp:featuredmedia":[{"embeddable":true,"href":"https:\/\/wowrxpharmacy.com\/es\/wp-json\/wp\/v2\/media\/13365"}],"wp:attachment":[{"href":"https:\/\/wowrxpharmacy.com\/es\/wp-json\/wp\/v2\/media?parent=4012"}],"wp:term":[{"taxonomy":"product_brand","embeddable":true,"href":"https:\/\/wowrxpharmacy.com\/es\/wp-json\/wp\/v2\/product_brand?post=4012"},{"taxonomy":"product_cat","embeddable":true,"href":"https:\/\/wowrxpharmacy.com\/es\/wp-json\/wp\/v2\/product_cat?post=4012"},{"taxonomy":"product_tag","embeddable":true,"href":"https:\/\/wowrxpharmacy.com\/es\/wp-json\/wp\/v2\/product_tag?post=4012"}],"curies":[{"name":"wp","href":"https:\/\/api.w.org\/{rel}","templated":true}]}}