{"id":3976,"date":"2024-09-21T06:00:05","date_gmt":"2024-09-21T10:00:05","guid":{"rendered":"https:\/\/wowrxpharmacy.com\/?post_type=product&#038;p=3976"},"modified":"2024-12-05T00:28:38","modified_gmt":"2024-12-05T05:28:38","slug":"apcalis-oral-jelly-20mg","status":"publish","type":"product","link":"https:\/\/wowrxpharmacy.com\/es\/producto\/apcalis-oral-jelly-20mg\/","title":{"rendered":"Apcalis Oral Jelly 20 mg"},"content":{"rendered":"<h3><span style=\"font-weight: 400;\">\u00bfQu\u00e9 es Apcalis jalea oral 20mg?\u00a0<\/span><\/h3>\n<p><span style=\"font-weight: 400;\">Apcalis-SX jalea oral 20mg es un medicamento utilizado principalmente para tratar la impotencia o Disfunci\u00f3n Er\u00e9ctil en varones. Tambi\u00e9n se utiliza para tratar los s\u00edntomas de agrandamiento de la pr\u00f3stata, tambi\u00e9n conocida como hiperplasia prost\u00e1tica benigna.<\/span><\/p>\n<p><span style=\"font-weight: 400;\">Apcalis jalea oral contiene Tadalafil como sal principal. Pertenece a una clase de medicamentos llamados inhibidores de la fosfodiesterasa 5 (PDE5). Ajanta Pharma Limited fabrica Apcalis jalea oral 20 mg.<\/span><\/p>\n<p><span style=\"font-weight: 400;\">WowRx entrega Apcalis SX 20mg jalea oral a sus puertas a precios asequibles.<\/span><\/p>\n<h3><span style=\"font-weight: 400;\">\u00bfPara qu\u00e9 se utiliza Apcalis jalea oral-20mg?\u00a0<\/span><\/h3>\n<p><span style=\"font-weight: 400;\">Tadalafil presente en Apcalis jalea oral 20mg es principalmente <\/span><a href=\"https:\/\/www.nhs.uk\/medicines\/tadalafil\/about-tadalafil\/#:~:text=Tadalafil%20is%20a,supply%20the%20lungs).\" target=\"_blank\" rel=\"nofollow noopener\"><span style=\"font-weight: 400;\">usado<\/span><\/a><span style=\"font-weight: 400;\"> de las siguientes maneras:<\/span><\/p>\n<h4><span style=\"font-weight: 400;\">Disfunci\u00f3n er\u00e9ctil (DE)<\/span><\/h4>\n<p><span style=\"font-weight: 400;\">La disfunci\u00f3n er\u00e9ctil es un trastorno m\u00e9dico en el que el hombre tiene dificultades constantes para lograr o mantener una erecci\u00f3n suficiente para la actividad sexual. A menudo se debe a problemas de salud subyacentes o a factores psicol\u00f3gicos.<\/span><\/p>\n<h4><span style=\"font-weight: 400;\">Hiperplasia benigna de pr\u00f3stata (HBP)<\/span><\/h4>\n<p><span style=\"font-weight: 400;\">La hiperplasia benigna de pr\u00f3stata es un agrandamiento no canceroso de la gl\u00e1ndula prost\u00e1tica, frecuente en hombres mayores. Puede provocar s\u00edntomas urinarios como micci\u00f3n frecuente y flujo d\u00e9bil de orina debido a que la pr\u00f3stata agrandada presiona la uretra.<\/span><\/p>\n<h4><span style=\"font-weight: 400;\">Hipertensi\u00f3n arterial pulmonar (HAP)<\/span><\/h4>\n<p><span style=\"font-weight: 400;\">Hipertensi\u00f3n arterial pulmonar es una enfermedad rara en la que las arterias de los pulmones tienen presi\u00f3n arterial alta, que puede conducir a s\u00edntomas potencialmente mortales y la tensi\u00f3n del coraz\u00f3n. Algunos m\u00e9dicos pueden prescribir Apacalis jalea oral 20mg como un medicamento fuera de etiqueta para tratar la HAP.<\/span><\/p>\n<h3><span style=\"font-weight: 400;\">\u00bfC\u00f3mo funciona Apcalis oral jelly 20mg?\u00a0<\/span><\/h3>\n<p><span style=\"font-weight: 400;\">Apcalis-SX contiene Tadalafilo, <\/span><a href=\"https:\/\/medlineplus.gov\/druginfo\/meds\/a604008.html#:~:text=Tadalafil%20is%20in%20a%20class%20of%20medications%20called%20phosphodiesterase%20(PDE)%20inhibitors.\" target=\"_blank\" rel=\"nofollow noopener\"><span style=\"font-weight: 400;\">que es<\/span><\/a><span style=\"font-weight: 400;\"> un inhibidor de la fosfodiesterasa. Tiene m\u00faltiples funciones. Cuando se ingiere, act\u00faa inhibiendo la enzima PDE5, que regula el flujo sangu\u00edneo en el pene. Esta inhibici\u00f3n permite aumentar los niveles de monofosfato de guanosina c\u00edclico (GMPc), una sustancia qu\u00edmica que relaja los m\u00fasculos de las arterias del pene.\u00a0<\/span><\/p>\n<p><span style=\"font-weight: 400;\">Como resultado, mejora la circulaci\u00f3n sangu\u00ednea en el pene durante la excitaci\u00f3n sexual. Esto permite a los hombres mantener una erecci\u00f3n lo suficientemente dura para el sexo. Adem\u00e1s, alivia los vasos sangu\u00edneos pulmonares para el tratamiento de la HAP y calma los m\u00fasculos de la vejiga\/pr\u00f3stata para controlar la micci\u00f3n frecuente en la HBP.<\/span><\/p>\n<h3><span style=\"font-weight: 400;\">\u00bfC\u00f3mo tomar Apcalis-SX 20 mg jalea oral?\u00a0<\/span><\/h3>\n<p><span style=\"font-weight: 400;\">Apcalis oral jelly 20 mg puede tomarse con el est\u00f3mago vac\u00edo o despu\u00e9s de ingerir alimentos. Al tomar esta jalea, debe seguir estrictamente las instrucciones de su m\u00e9dico. Puede consumirla aproximadamente 30-60 minutos antes de mantener relaciones sexuales.\u00a0<\/span><\/p>\n<p><span style=\"font-weight: 400;\">Siga estos pasos para administrar Apcalis jalea oral 20 mg de forma segura:<\/span><\/p>\n<ul>\n<li style=\"font-weight: 400;\" aria-level=\"1\"><span style=\"font-weight: 400;\">Abrir el sobre con cuidado, asegur\u00e1ndose de tener las manos limpias para mantener la higiene<\/span><\/li>\n<li style=\"font-weight: 400;\" aria-level=\"1\"><span style=\"font-weight: 400;\">Dispensar el contenido en una cuchara o administrar directamente en la boca<\/span><\/li>\n<li style=\"font-weight: 400;\" aria-level=\"1\"><span style=\"font-weight: 400;\">La forma gelatinosa permite un consumo f\u00e1cil sin agua<\/span><\/li>\n<li style=\"font-weight: 400;\" aria-level=\"1\"><span style=\"font-weight: 400;\">Tome Apcalis en gelatina s\u00f3lo una vez al d\u00eda. No tome dos o m\u00e1s jaleas de una sola vez<\/span><\/li>\n<\/ul>\n<p><span style=\"font-weight: 400;\">Una vez tomado, Tadalafil puede <\/span><a href=\"https:\/\/www.nhs.uk\/medicines\/tadalafil\/common-questions-about-tadalafil\/#:~:text=If%20you%20take%20tadalafil%2C%20it%20can%20be%20effective%20for%20up%20to%2036%20hours.\" target=\"_blank\" rel=\"nofollow noopener\"><span style=\"font-weight: 400;\">eficaz<\/span><\/a><span style=\"font-weight: 400;\"> hasta 36 horas. Siga siempre las recomendaciones mencionadas en la etiqueta o en la receta<\/span><\/p>","protected":false},"excerpt":{"rendered":"<p>Apcalis Oral Jelly contiene tadalafilo, que proporciona un alivio duradero de la disfunci\u00f3n er\u00e9ctil en una gama de sabores, mejorando el sabor y el disfrute para una experiencia satisfactoria.<\/p>","protected":false},"featured_media":38904,"comment_status":"open","ping_status":"closed","template":"","meta":{"om_disable_all_campaigns":false,"_uf_show_specific_survey":0,"_uf_disable_surveys":false},"product_brand":[],"product_cat":[1757,438],"product_tag":[],"class_list":{"0":"post-3976","1":"product","2":"type-product","3":"status-publish","4":"has-post-thumbnail","6":"product_cat-featured-products","7":"product_cat-mens-health","9":"first","10":"instock","11":"sale","12":"shipping-taxable","13":"purchasable","14":"product-type-variable","15":"has-default-attributes"},"_links":{"self":[{"href":"https:\/\/wowrxpharmacy.com\/es\/wp-json\/wp\/v2\/product\/3976","targetHints":{"allow":["GET"]}}],"collection":[{"href":"https:\/\/wowrxpharmacy.com\/es\/wp-json\/wp\/v2\/product"}],"about":[{"href":"https:\/\/wowrxpharmacy.com\/es\/wp-json\/wp\/v2\/types\/product"}],"replies":[{"embeddable":true,"href":"https:\/\/wowrxpharmacy.com\/es\/wp-json\/wp\/v2\/comments?post=3976"}],"wp:featuredmedia":[{"embeddable":true,"href":"https:\/\/wowrxpharmacy.com\/es\/wp-json\/wp\/v2\/media\/38904"}],"wp:attachment":[{"href":"https:\/\/wowrxpharmacy.com\/es\/wp-json\/wp\/v2\/media?parent=3976"}],"wp:term":[{"taxonomy":"product_brand","embeddable":true,"href":"https:\/\/wowrxpharmacy.com\/es\/wp-json\/wp\/v2\/product_brand?post=3976"},{"taxonomy":"product_cat","embeddable":true,"href":"https:\/\/wowrxpharmacy.com\/es\/wp-json\/wp\/v2\/product_cat?post=3976"},{"taxonomy":"product_tag","embeddable":true,"href":"https:\/\/wowrxpharmacy.com\/es\/wp-json\/wp\/v2\/product_tag?post=3976"}],"curies":[{"name":"wp","href":"https:\/\/api.w.org\/{rel}","templated":true}]}}