{"id":3934,"date":"2024-09-26T06:00:49","date_gmt":"2024-09-26T10:00:49","guid":{"rendered":"https:\/\/wowrxpharmacy.com\/?post_type=product&#038;p=3934"},"modified":"2024-11-16T01:18:22","modified_gmt":"2024-11-16T06:18:22","slug":"ceebis-20-mg","status":"publish","type":"product","link":"https:\/\/wowrxpharmacy.com\/es\/producto\/ceebis-20-mg\/","title":{"rendered":"Ceebis 20 mg"},"content":{"rendered":"<h3><span style=\"font-weight: 400;\">\u00bfQu\u00e9 es Ceebis 20mg?<\/span><\/h3>\n<p><span style=\"font-weight: 400;\">Ceebis 20 mg es un medicamento altamente eficaz que contiene tadalafilo 20 mg como ingrediente activo. Esta pastilla amarilla, a menudo reconocida por su marca \u00abt 20\u00bb, est\u00e1 dise\u00f1ada para mejorar la funci\u00f3n sexual masculina al aumentar el flujo sangu\u00edneo a ciertas \u00e1reas del cuerpo.\u00a0<\/span><\/p>\n<p><span style=\"font-weight: 400;\">Ceebis 20 mg, fabricado por Cooper Pharma Ltd., es una versi\u00f3n gen\u00e9rica de Cialis.\u00a0<\/span><\/p>\n<h3><span style=\"font-weight: 400;\">\u00bfPara qu\u00e9 se utiliza Ceebis 20mg?<\/span><\/h3>\n<p><span style=\"font-weight: 400;\">Ceebis 20 mg es principalmente <\/span><a href=\"https:\/\/www.mayoclinic.org\/drugs-supplements\/tadalafil-oral-route\/before-using\/drg-20067204?p=1#:~:text=Tadalafil%20is%20used%20to%20treat%20men%20who%20have%20erectile%20dysfunction%20(also%20called%20sexual%20impotence).\" target=\"_blank\" rel=\"nofollow noopener\"><span style=\"font-weight: 400;\">usado<\/span><\/a><span style=\"font-weight: 400;\"> en:<\/span><\/p>\n<ul>\n<li style=\"font-weight: 400;\" aria-level=\"1\"><span style=\"font-weight: 400;\">Tratamiento de la disfunci\u00f3n er\u00e9ctil (DE), una afecci\u00f3n en la que los hombres tienen dificultad para lograr o mantener una erecci\u00f3n suficiente para la actividad sexual. Ceebis 20 mg ayuda a los hombres a lograr y mantener una erecci\u00f3n.<\/span><\/li>\n<\/ul>\n<p><span style=\"font-weight: 400;\">Adem\u00e1s, puede ser eficaz en el tratamiento de afecciones como:<\/span><\/p>\n<ul>\n<li style=\"font-weight: 400;\" aria-level=\"1\"><span style=\"font-weight: 400;\">Hiperplasia Prost\u00e1tica Benigna (HPB) al mejorar el flujo urinario. Adem\u00e1s, disminuye s\u00edntomas como la micci\u00f3n frecuente y la dificultad para iniciar o detener el flujo.<\/span><\/li>\n<li style=\"font-weight: 400;\" aria-level=\"1\"><span style=\"font-weight: 400;\">Hipertensi\u00f3n arterial pulmonar (HAP)<\/span><\/li>\n<\/ul>\n<h3><span style=\"font-weight: 400;\">\u00bfC\u00f3mo act\u00faa Tadalafil?<\/span><\/h3>\n<p><span style=\"font-weight: 400;\">Ceebis 20 mg <\/span><a href=\"https:\/\/www.ncbi.nlm.nih.gov\/books\/NBK549843\/#:~:text=To%20understand%20the,penile%20blood%20flow.\" target=\"_blank\" rel=\"nofollow noopener\"><span style=\"font-weight: 400;\">funciona<\/span><\/a><span style=\"font-weight: 400;\"> Como inhibidor de la fosfodiesterasa tipo 5 (PDE5). Mejora el flujo sangu\u00edneo del pene durante la estimulaci\u00f3n sexual al relajar los m\u00fasculos de esta zona, lo que aumenta los niveles de guanosina monofosfato c\u00edclico (GMPc).\u00a0<\/span><\/p>\n<p><span style=\"font-weight: 400;\">Esta actividad ayuda a relajar los m\u00fasculos lisos y a mejorar el flujo sangu\u00edneo a zonas espec\u00edficas como el pene, mejorando as\u00ed la funci\u00f3n er\u00e9ctil. El efecto de tadalafilo 20 mg puede durar hasta 36 horas, ofreciendo un efecto prolongado.<\/span><\/p>\n<h3><span style=\"font-weight: 400;\">\u00bfC\u00f3mo utilizar Ceebis 20mg?<\/span><\/h3>\n<p><span style=\"font-weight: 400;\">A continuaci\u00f3n te explicamos c\u00f3mo tomar una dosis de Ceebis:<\/span><\/p>\n<ul>\n<li style=\"font-weight: 400;\" aria-level=\"1\"><span style=\"font-weight: 400;\">Tome Ceebis 20 mg <\/span><a href=\"https:\/\/www.mayoclinic.org\/drugs-supplements\/tadalafil-oral-route\/proper-use\/drg-20067204#:~:text=You%20may%20take,or%20crush%20it.\" target=\"_blank\" rel=\"nofollow noopener\"><span style=\"font-weight: 400;\">oralmente<\/span><\/a><span style=\"font-weight: 400;\"> con agua, con o sin comida<\/span><\/li>\n<li style=\"font-weight: 400;\" aria-level=\"1\"><span style=\"font-weight: 400;\">Para tratar la disfunci\u00f3n er\u00e9ctil, tome una tableta de Ceebis 20 mg al menos 30 minutos antes de tener relaciones sexuales.<\/span><\/li>\n<li style=\"font-weight: 400;\" aria-level=\"1\"><span style=\"font-weight: 400;\">No exceda la dosis m\u00e1xima de Tadalafil en 24 horas.<\/span><\/li>\n<\/ul>\n<p><span style=\"font-weight: 400;\">Tadalafil 20 mg puede durar hasta 36 horas, ofreciendo un efecto duradero y haciendo innecesario tomar m\u00e1s de la dosis m\u00e1xima de Tadalafil para la disfunci\u00f3n er\u00e9ctil en 24 horas.\u00a0<\/span><\/p>\n<p><span style=\"font-weight: 400;\">Siga siempre las instrucciones de su proveedor de atenci\u00f3n m\u00e9dica con respecto a la dosis y el uso.<\/span><\/p>\n<p>&nbsp;<\/p>","protected":false},"excerpt":{"rendered":"<p>Ceebis con Tadalafil ofrece un alivio duradero de la disfunci\u00f3n er\u00e9ctil con su f\u00f3rmula aprobada por la FDA, brindando hasta 36 horas de rendimiento mejorado para una mejor intimidad.<\/p>","protected":false},"featured_media":29509,"comment_status":"open","ping_status":"closed","template":"","meta":{"om_disable_all_campaigns":false,"_uf_show_specific_survey":0,"_uf_disable_surveys":false},"product_brand":[],"product_cat":[438],"product_tag":[],"class_list":{"0":"post-3934","1":"product","2":"type-product","3":"status-publish","4":"has-post-thumbnail","6":"product_cat-mens-health","8":"first","9":"instock","10":"sale","11":"shipping-taxable","12":"purchasable","13":"product-type-variable","14":"has-default-attributes"},"_links":{"self":[{"href":"https:\/\/wowrxpharmacy.com\/es\/wp-json\/wp\/v2\/product\/3934","targetHints":{"allow":["GET"]}}],"collection":[{"href":"https:\/\/wowrxpharmacy.com\/es\/wp-json\/wp\/v2\/product"}],"about":[{"href":"https:\/\/wowrxpharmacy.com\/es\/wp-json\/wp\/v2\/types\/product"}],"replies":[{"embeddable":true,"href":"https:\/\/wowrxpharmacy.com\/es\/wp-json\/wp\/v2\/comments?post=3934"}],"wp:featuredmedia":[{"embeddable":true,"href":"https:\/\/wowrxpharmacy.com\/es\/wp-json\/wp\/v2\/media\/29509"}],"wp:attachment":[{"href":"https:\/\/wowrxpharmacy.com\/es\/wp-json\/wp\/v2\/media?parent=3934"}],"wp:term":[{"taxonomy":"product_brand","embeddable":true,"href":"https:\/\/wowrxpharmacy.com\/es\/wp-json\/wp\/v2\/product_brand?post=3934"},{"taxonomy":"product_cat","embeddable":true,"href":"https:\/\/wowrxpharmacy.com\/es\/wp-json\/wp\/v2\/product_cat?post=3934"},{"taxonomy":"product_tag","embeddable":true,"href":"https:\/\/wowrxpharmacy.com\/es\/wp-json\/wp\/v2\/product_tag?post=3934"}],"curies":[{"name":"wp","href":"https:\/\/api.w.org\/{rel}","templated":true}]}}