{"id":3852,"date":"2024-07-09T03:14:09","date_gmt":"2024-07-09T07:14:09","guid":{"rendered":"https:\/\/wowrxpharmacy.com\/?post_type=product&#038;p=3852"},"modified":"2024-10-16T03:51:27","modified_gmt":"2024-10-16T07:51:27","slug":"cardivas-cr-10mg","status":"publish","type":"product","link":"https:\/\/wowrxpharmacy.com\/es\/producto\/cardivas-cr-10mg\/","title":{"rendered":"Cardivas CR 10mg"},"content":{"rendered":"<h3><span style=\"font-weight: 400;\">Acerca de Cardivas CR 10 mg<\/span><\/h3>\n<p><span style=\"font-weight: 400;\">Cardivas CR 10 Comprimidos es un medicamento de venta con receta utilizado en el tratamiento de la hipertensi\u00f3n arterial, angina de pecho e insuficiencia card\u00edaca.Carvedilol es el ingrediente activo en Cardivas CR 10mg Comprimidos. Mejora el flujo sangu\u00edneo a trav\u00e9s de las partes del cuerpo mediante la relajaci\u00f3n de los vasos sangu\u00edneos. El fabricante de este medicamento es Sun Pharma. Puede comprar Cardivas CR 10 mg a precios razonables en WowRxPharmacy.<\/span><\/p>\n<h3><span style=\"font-weight: 400;\">Cardivas CR 10 mg usos<\/span><\/h3>\n<p><span style=\"font-weight: 400;\">Los comprimidos Cardivas se utilizan para tratar las siguientes afecciones:<\/span><\/p>\n<h4><span style=\"font-weight: 400;\">Hipertensi\u00f3n<\/span><\/h4>\n<p><span style=\"font-weight: 400;\">Es una afecci\u00f3n en la que la fuerza de la sangre contra las paredes arteriales es superior a la habitual. La hipertensi\u00f3n arterial no suele presentar s\u00edntomas aparentes. Si no se trata, con el tiempo puede provocar problemas de salud, como un mayor riesgo de cardiopat\u00edas y accidentes cerebrovasculares.<\/span><\/p>\n<h4><span style=\"font-weight: 400;\">Angina\u00a0<\/span><\/h4>\n<p><span style=\"font-weight: 400;\">Tambi\u00e9n llamada angina de pecho, la angina de pecho es un tipo de dolor tor\u00e1cico causado por la reducci\u00f3n del flujo sangu\u00edneo al coraz\u00f3n. El dolor anginoso suele describirse como opresi\u00f3n, pesadez, presi\u00f3n, dolor u opresi\u00f3n en el pecho.<\/span><\/p>\n<h4><span style=\"font-weight: 400;\">Insuficiencia cardiaca<\/span><\/h4>\n<p><span style=\"font-weight: 400;\">La insuficiencia card\u00edaca es una enfermedad que se produce cuando el coraz\u00f3n no puede bombear suficiente sangre a todo el organismo. Suele deberse a una enfermedad coronaria, a un aumento de la presi\u00f3n arterial o a un infarto previo.<\/span><\/p>\n<h3><span style=\"font-weight: 400;\">Funcionamiento del carvedilol<\/span><\/h3>\n<p><span style=\"font-weight: 400;\">Cardivas CR 10 mg viene con cr\u00edticas muy positivas y es un medicamento recomendado para el tratamiento de la hipertensi\u00f3n arterial, infarto de miocardio y angina de pecho. Cardivas contiene Carvedilol que es un betabloqueante. Act\u00faa ralentizando el ritmo card\u00edaco, facilitando al coraz\u00f3n el bombeo de sangre a todo el cuerpo. Tambi\u00e9n act\u00faa como alfabloqueante y dilata los vasos sangu\u00edneos.<\/span><\/p>\n<p><span style=\"font-weight: 400;\">Esto reduce la presi\u00f3n sangu\u00ednea y, por tanto, ayuda a prevenir futuros derrames cerebrales y ataques al coraz\u00f3n.<\/span><\/p>\n<h3><span style=\"font-weight: 400;\">C\u00f3mo utilizarlo<\/span><\/h3>\n<p><span style=\"font-weight: 400;\">Por lo general, se recomienda tomar el comprimido oral en los siguientes pasos:<\/span><\/p>\n<ul>\n<li style=\"font-weight: 400;\" aria-level=\"1\"><span style=\"font-weight: 400;\">Debe tomar Carvedilol con alimentos<\/span><\/li>\n<li style=\"font-weight: 400;\" aria-level=\"1\"><span style=\"font-weight: 400;\">La dosis y la duraci\u00f3n de este medicamento deben seguir las instrucciones de su m\u00e9dico.\u00a0<\/span><\/li>\n<li style=\"font-weight: 400;\" aria-level=\"1\"><span style=\"font-weight: 400;\">Trague el comprimido entero y no lo mastique, aplaste ni rompa. <\/span><\/li>\n<\/ul>","protected":false},"excerpt":{"rendered":"<ul>\n<li style=\"font-weight: 400;\" aria-level=\"1\"><span style=\"font-weight: 400;\">Aprobado por la FDA para tratar la insuficiencia card\u00edaca<\/span><\/li>\n<li style=\"font-weight: 400;\" aria-level=\"1\"><span style=\"font-weight: 400;\">Reduce eficazmente la hipertensi\u00f3n<\/span><\/li>\n<li style=\"font-weight: 400;\" aria-level=\"1\"><span style=\"font-weight: 400;\">Empieza a funcionar en 1 hora<\/span><\/li>\n<li style=\"font-weight: 400;\" aria-level=\"1\"><span style=\"font-weight: 400;\">Resultados visibles en pocos d\u00edas<\/span><\/li>\n<li style=\"font-weight: 400;\" aria-level=\"1\"><span style=\"font-weight: 400;\">Atenci\u00f3n al cliente 24 horas al d\u00eda, 7 d\u00edas a la semana<\/span><\/li>\n<\/ul>","protected":false},"featured_media":4664,"comment_status":"open","ping_status":"closed","template":"","meta":{"om_disable_all_campaigns":false,"_uf_show_specific_survey":0,"_uf_disable_surveys":false},"product_brand":[],"product_cat":[608,1758],"product_tag":[],"class_list":{"0":"post-3852","1":"product","2":"type-product","3":"status-publish","4":"has-post-thumbnail","6":"product_cat-heart-blood-pressure","7":"product_cat-top-picks","9":"first","10":"instock","11":"shipping-taxable","12":"purchasable","13":"product-type-variable","14":"has-default-attributes"},"_links":{"self":[{"href":"https:\/\/wowrxpharmacy.com\/es\/wp-json\/wp\/v2\/product\/3852","targetHints":{"allow":["GET"]}}],"collection":[{"href":"https:\/\/wowrxpharmacy.com\/es\/wp-json\/wp\/v2\/product"}],"about":[{"href":"https:\/\/wowrxpharmacy.com\/es\/wp-json\/wp\/v2\/types\/product"}],"replies":[{"embeddable":true,"href":"https:\/\/wowrxpharmacy.com\/es\/wp-json\/wp\/v2\/comments?post=3852"}],"wp:featuredmedia":[{"embeddable":true,"href":"https:\/\/wowrxpharmacy.com\/es\/wp-json\/wp\/v2\/media\/4664"}],"wp:attachment":[{"href":"https:\/\/wowrxpharmacy.com\/es\/wp-json\/wp\/v2\/media?parent=3852"}],"wp:term":[{"taxonomy":"product_brand","embeddable":true,"href":"https:\/\/wowrxpharmacy.com\/es\/wp-json\/wp\/v2\/product_brand?post=3852"},{"taxonomy":"product_cat","embeddable":true,"href":"https:\/\/wowrxpharmacy.com\/es\/wp-json\/wp\/v2\/product_cat?post=3852"},{"taxonomy":"product_tag","embeddable":true,"href":"https:\/\/wowrxpharmacy.com\/es\/wp-json\/wp\/v2\/product_tag?post=3852"}],"curies":[{"name":"wp","href":"https:\/\/api.w.org\/{rel}","templated":true}]}}