{"id":38250,"date":"2024-10-21T08:17:50","date_gmt":"2024-10-21T12:17:50","guid":{"rendered":"https:\/\/wowrxpharmacy.com\/?post_type=product&#038;p=38250"},"modified":"2026-01-28T02:09:59","modified_gmt":"2026-01-28T07:09:59","slug":"fildena-ct-100","status":"publish","type":"product","link":"https:\/\/wowrxpharmacy.com\/es\/producto\/fildena-ct-100\/","title":{"rendered":"Fildena CT 100 mg ( Sildenafil Comprimidos Masticables )"},"content":{"rendered":"<h3><span style=\"font-weight: 400;\">Acerca de Fildena CT 100 mg (comprimidos masticables de sildenafilo)<\/span><\/h3>\n<p><span style=\"font-weight: 400;\">Fildena CT 100 mg es un comprimido masticable de prescripci\u00f3n m\u00e9dica dise\u00f1ado para tratar la Disfunci\u00f3n Er\u00e9ctil (DE) en hombres. Gracias a su principio activo, el citrato de sildenafilo, ayuda a conseguir y mantener una erecci\u00f3n firme durante 4 a 6 horas. La forma masticable ofrece una opci\u00f3n c\u00f3moda para los hombres que prefieren no tragar las p\u00edldoras tradicionales, por lo que es f\u00e1cil de tomar antes de la actividad sexual.\u00a0<\/span><\/p>\n<p><span style=\"font-weight: 400;\">Fabricado por Fortune Healthcare, Fildena CT 100 mg es una soluci\u00f3n de confianza para mejorar el rendimiento sexual. Usted puede comprar f\u00e1cilmente en WowRx para la entrega discreta.<\/span><\/p>\n<h3><span style=\"font-weight: 400;\">Fildena CT 100 usos\u00a0<\/span><\/h3>\n<p><span style=\"font-weight: 400;\">Fildena CT 100 mg se utiliza para tratar la disfunci\u00f3n er\u00e9ctil (DE) en los hombres. Esta formulaci\u00f3n en comprimidos masticables ofrece una alternativa c\u00f3moda para los hombres que prefieren no tragar los comprimidos tradicionales. Fildena CT 100 mg <\/span><a href=\"https:\/\/pmc.ncbi.nlm.nih.gov\/articles\/PMC2699643\/#:~:text=Erectile%20dysfunction%20(ED,has%20been%20suggested.\" target=\"_blank\" rel=\"nofollow noopener\"><span style=\"font-weight: 400;\">asiste a<\/span><\/a><span style=\"font-weight: 400;\"> a los hombres a superar las dificultades para lograr la erecci\u00f3n, lo que conduce a una experiencia sexual m\u00e1s satisfactoria.<\/span><\/p>\n<h3><span style=\"font-weight: 400;\">\u00bfC\u00f3mo act\u00faa el citrato de sildenafilo?<\/span><\/h3>\n<p><span style=\"font-weight: 400;\">El Citrato de Sildenafilo en Fildena CT 100 mg es un inhibidor de la Fosfodiesterasa Tipo 5 (PDE5), crucial en <\/span><a href=\"https:\/\/jamanetwork.com\/journals\/jamainternalmedicine\/fullarticle\/211714#:~:text=Sildenafil%20citrate%20(Viagra%3B%20Pfizer,before%20desired%20sexual%20activity.\" target=\"_blank\" rel=\"nofollow noopener\"><span style=\"font-weight: 400;\">tratamiento de<\/span><\/a><span style=\"font-weight: 400;\"> Disfunci\u00f3n er\u00e9ctil (DE). Cuando se estimula sexualmente a un hombre, se libera \u00f3xido n\u00edtrico en el tejido er\u00e9ctil del pene. Esta liberaci\u00f3n activa la guanilato ciclasa, aumentando los niveles de guanosina monofosfato c\u00edclico (GMPc).<\/span><\/p>\n<p><span style=\"font-weight: 400;\">El GMPc ayuda a relajar los m\u00fasculos lisos y a ensanchar los vasos sangu\u00edneos del pene, permitiendo un mayor flujo sangu\u00edneo, necesario para la erecci\u00f3n. Normalmente, la enzima PDE5 descompone el GMPc, dificultando el mantenimiento de la erecci\u00f3n. El citrato de sildenafilo bloquea la PDE5, permitiendo que el GMPc se acumule, mejorando el flujo sangu\u00edneo y favoreciendo una erecci\u00f3n firme durante la actividad sexual.<\/span><\/p>\n<p><span style=\"font-weight: 400;\">Fildena CT 100 mg s\u00f3lo act\u00faa en respuesta a la estimulaci\u00f3n sexual; no inicia la excitaci\u00f3n ni aumenta el deseo sexual por s\u00ed solo. Se dirige espec\u00edficamente a los problemas de erecci\u00f3n, ayudando a los hombres a mantener una erecci\u00f3n durante la actividad sexual.<\/span><\/p>\n<h3><span style=\"font-weight: 400;\">Dosis de Fildena CT 100<\/span><span style=\"font-weight: 400;\"><br \/>\n<\/span><\/h3>\n<p><span style=\"font-weight: 400;\">Antes de tomar Fildena CT 100 mg, consulte a su m\u00e9dico para saber si es adecuado para su estado, especialmente si tiene alg\u00fan problema de salud subyacente o est\u00e1 tomando otros medicamentos.<\/span><span style=\"font-weight: 400;\"><br \/>\n<\/span><\/p>\n<ul>\n<li style=\"font-weight: 400;\" aria-level=\"1\"><span style=\"font-weight: 400;\">La dosis recomendada de Fildena CT 100 mg es un solo comprimido masticable de 100 mg, que no debe superarse en un periodo de 24 horas. Para obtener resultados \u00f3ptimos, tome el comprimido aproximadamente 30 minutos antes de la actividad sexual prevista<\/span><span style=\"font-weight: 400;\"><br \/>\n<\/span><\/li>\n<li style=\"font-weight: 400;\" aria-level=\"1\"><span style=\"font-weight: 400;\">Para asegurar una absorci\u00f3n adecuada, mastique bien el comprimido antes de tragarlo; no lo trague entero<\/span><span style=\"font-weight: 400;\"><br \/>\n<\/span><\/li>\n<li style=\"font-weight: 400;\" aria-level=\"1\"><span style=\"font-weight: 400;\">Fildena CT puede tomarse con o sin alimentos, pero es aconsejable evitar las comidas pesadas o grasas, ya que pueden retrasar su eficacia.<\/span><\/li>\n<\/ul>","protected":false},"excerpt":{"rendered":"<p>Fildena CT 100 mg contiene citrato de sildenafilo en forma masticable, ofreciendo una soluci\u00f3n c\u00f3moda, eficaz y segura para el tratamiento de la disfunci\u00f3n er\u00e9ctil en el hombre.<\/p>","protected":false},"featured_media":38946,"comment_status":"open","ping_status":"closed","template":"","meta":{"om_disable_all_campaigns":false,"_uf_show_specific_survey":0,"_uf_disable_surveys":false},"product_brand":[],"product_cat":[438],"product_tag":[],"class_list":{"0":"post-38250","1":"product","2":"type-product","3":"status-publish","4":"has-post-thumbnail","6":"product_cat-mens-health","8":"first","9":"instock","10":"sale","11":"shipping-taxable","12":"purchasable","13":"product-type-variable"},"_links":{"self":[{"href":"https:\/\/wowrxpharmacy.com\/es\/wp-json\/wp\/v2\/product\/38250","targetHints":{"allow":["GET"]}}],"collection":[{"href":"https:\/\/wowrxpharmacy.com\/es\/wp-json\/wp\/v2\/product"}],"about":[{"href":"https:\/\/wowrxpharmacy.com\/es\/wp-json\/wp\/v2\/types\/product"}],"replies":[{"embeddable":true,"href":"https:\/\/wowrxpharmacy.com\/es\/wp-json\/wp\/v2\/comments?post=38250"}],"wp:featuredmedia":[{"embeddable":true,"href":"https:\/\/wowrxpharmacy.com\/es\/wp-json\/wp\/v2\/media\/38946"}],"wp:attachment":[{"href":"https:\/\/wowrxpharmacy.com\/es\/wp-json\/wp\/v2\/media?parent=38250"}],"wp:term":[{"taxonomy":"product_brand","embeddable":true,"href":"https:\/\/wowrxpharmacy.com\/es\/wp-json\/wp\/v2\/product_brand?post=38250"},{"taxonomy":"product_cat","embeddable":true,"href":"https:\/\/wowrxpharmacy.com\/es\/wp-json\/wp\/v2\/product_cat?post=38250"},{"taxonomy":"product_tag","embeddable":true,"href":"https:\/\/wowrxpharmacy.com\/es\/wp-json\/wp\/v2\/product_tag?post=38250"}],"curies":[{"name":"wp","href":"https:\/\/api.w.org\/{rel}","templated":true}]}}