{"id":3806,"date":"2024-09-27T06:00:54","date_gmt":"2024-09-27T10:00:54","guid":{"rendered":"https:\/\/wowrxpharmacy.com\/?post_type=product&#038;p=3806"},"modified":"2024-11-22T05:45:59","modified_gmt":"2024-11-22T10:45:59","slug":"aromasin-25-mg","status":"publish","type":"product","link":"https:\/\/wowrxpharmacy.com\/es\/producto\/aromasin-25-mg\/","title":{"rendered":"Aromasina 25 mg"},"content":{"rendered":"<h3><span style=\"font-weight: 400;\">\u00bfQu\u00e9 es Aromasin 25 mg?\u00a0<\/span><\/h3>\n<p><span style=\"font-weight: 400;\">Aromasin 25 mg es un medicamento utilizado para tratar a mujeres con c\u00e1ncer de mama que han llegado a la Menopausia. Su ingrediente, el exemestano, controla los niveles de estr\u00f3geno y ayuda a ralentizar el crecimiento de las c\u00e9lulas cancerosas en las mujeres. Tambi\u00e9n se utiliza para reducir el riesgo de c\u00e1ncer de mama en mujeres despu\u00e9s de la Menopausia.\u00a0<\/span><\/p>\n<p><span style=\"font-weight: 400;\">Estas pastillas de Exemestane 25 mg son producidas por el gigante farmac\u00e9utico mundialmente reconocido Pfizer. Usted puede ordenar Aromasin 25 mg desde la comodidad de su hogar a trav\u00e9s WowRx al mejor precio.\u00a0<\/span><\/p>\n<h3><span style=\"font-weight: 400;\">\u00bfPara qu\u00e9 se utiliza Exemestano 25 mg?\u00a0<\/span><\/h3>\n<p><span style=\"font-weight: 400;\">Aromasin 25 mg comprimidos se utiliza, en combinaci\u00f3n con otros medicamentos, para <\/span><a href=\"https:\/\/medlineplus.gov\/druginfo\/meds\/a607006.html#:~:text=Exemestane%20is%20used,estrogen%20to%20grow.\" target=\"_blank\" rel=\"nofollow noopener\"><span style=\"font-weight: 400;\">tratar<\/span><\/a><span style=\"font-weight: 400;\"> Mujeres menop\u00e1usicas con c\u00e1ncer de mama en estadios iniciales o evitar su reaparici\u00f3n. Se suele prescribir a las mujeres durante 2-3 a\u00f1os. Puede ayudar a aliviar los s\u00edntomas del c\u00e1ncer de mama, como la alteraci\u00f3n de la textura y la forma de las mamas, la aparici\u00f3n de bultos o la secreci\u00f3n sanguinolenta por el pez\u00f3n, y tambi\u00e9n a prevenir el riesgo de c\u00e1ncer en el futuro.<\/span><\/p>\n<h3><span style=\"font-weight: 400;\">\u00bfC\u00f3mo act\u00faa el exemestano?\u00a0<\/span><\/h3>\n<p><span style=\"font-weight: 400;\">El principio activo de Aromasin 25, el exemestano, es un inhibidor de la aromatasa. Se <\/span><a href=\"https:\/\/my.clevelandclinic.org\/health\/drugs\/18116-exemestane-tablets#:~:text=EXEMESTANE%20(ex%20e%20MES%20tane)%20blocks%20the%20production%20of%20the%20hormone%20estrogen.%20Some%20types%20of%20breast%20cancer%20depend%20on%20estrogen%20to%20grow%2C%20and%20this%20medicine%20can%20stop%20tumor%20growth%20by%20blocking%20estrogen%20production.%20This%20medicine%20is%20for%20the%20treatment%20of%20breast%20cancer%20in%20postmenopausal%20women%20only.\" target=\"_blank\" rel=\"nofollow noopener\"><span style=\"font-weight: 400;\">bloquea<\/span><\/a><span style=\"font-weight: 400;\"> la enzima Aromatasa, responsable de la producci\u00f3n de Estr\u00f3genos. Esta acci\u00f3n se traduce en una reducci\u00f3n de los niveles de estr\u00f3geno, lo que detiene el crecimiento y la propagaci\u00f3n de las c\u00e9lulas del c\u00e1ncer de mama.\u00a0<\/span><\/p>\n<h3><span style=\"font-weight: 400;\">\u00bfC\u00f3mo tomar Aromasin 25 mg?\u00a0<\/span><\/h3>\n<p><span style=\"font-weight: 400;\">Su m\u00e9dico decidir\u00e1 la dosis y la duraci\u00f3n del tratamiento con Aromasin 25 mg en funci\u00f3n de sus s\u00edntomas. Por lo tanto, debe tomarlo seg\u00fan su prescripci\u00f3n para obtener los mejores resultados. Las instrucciones generales para tomar Aromasin 25 mg son las siguientes:<\/span><\/p>\n<ul>\n<li style=\"font-weight: 400;\" aria-level=\"1\"><span style=\"font-weight: 400;\">Tragar la p\u00edldora entera<\/span><\/li>\n<li style=\"font-weight: 400;\" aria-level=\"1\"><span style=\"font-weight: 400;\">No rompa, mastique ni triture el comprimido de Aromasin 25 mg.<\/span><\/li>\n<li style=\"font-weight: 400;\" aria-level=\"1\"><span style=\"font-weight: 400;\">Consumir Aromasin despu\u00e9s de la comida con un vaso de agua<\/span><\/li>\n<\/ul>","protected":false},"excerpt":{"rendered":"<p>Aromasin (Exemestano) ayuda a controlar los niveles de estr\u00f3genos, reduciendo el riesgo de recurrencia del c\u00e1ncer de mama. Terapia eficaz y aprobada por la FDA.<\/p>","protected":false},"featured_media":36663,"comment_status":"open","ping_status":"closed","template":"","meta":{"om_disable_all_campaigns":false,"_uf_show_specific_survey":0,"_uf_disable_surveys":false},"product_brand":[],"product_cat":[662],"product_tag":[],"class_list":{"0":"post-3806","1":"product","2":"type-product","3":"status-publish","4":"has-post-thumbnail","6":"product_cat-breast-cancer","8":"first","9":"instock","10":"sale","11":"shipping-taxable","12":"purchasable","13":"product-type-variable","14":"has-default-attributes"},"_links":{"self":[{"href":"https:\/\/wowrxpharmacy.com\/es\/wp-json\/wp\/v2\/product\/3806","targetHints":{"allow":["GET"]}}],"collection":[{"href":"https:\/\/wowrxpharmacy.com\/es\/wp-json\/wp\/v2\/product"}],"about":[{"href":"https:\/\/wowrxpharmacy.com\/es\/wp-json\/wp\/v2\/types\/product"}],"replies":[{"embeddable":true,"href":"https:\/\/wowrxpharmacy.com\/es\/wp-json\/wp\/v2\/comments?post=3806"}],"wp:featuredmedia":[{"embeddable":true,"href":"https:\/\/wowrxpharmacy.com\/es\/wp-json\/wp\/v2\/media\/36663"}],"wp:attachment":[{"href":"https:\/\/wowrxpharmacy.com\/es\/wp-json\/wp\/v2\/media?parent=3806"}],"wp:term":[{"taxonomy":"product_brand","embeddable":true,"href":"https:\/\/wowrxpharmacy.com\/es\/wp-json\/wp\/v2\/product_brand?post=3806"},{"taxonomy":"product_cat","embeddable":true,"href":"https:\/\/wowrxpharmacy.com\/es\/wp-json\/wp\/v2\/product_cat?post=3806"},{"taxonomy":"product_tag","embeddable":true,"href":"https:\/\/wowrxpharmacy.com\/es\/wp-json\/wp\/v2\/product_tag?post=3806"}],"curies":[{"name":"wp","href":"https:\/\/api.w.org\/{rel}","templated":true}]}}