{"id":3801,"date":"2024-07-09T03:14:54","date_gmt":"2024-07-09T07:14:54","guid":{"rendered":"https:\/\/wowrxpharmacy.com\/?post_type=product&#038;p=3801"},"modified":"2024-10-16T03:51:27","modified_gmt":"2024-10-16T07:51:27","slug":"augmentin-1000-mg","status":"publish","type":"product","link":"https:\/\/wowrxpharmacy.com\/es\/producto\/augmentin-1000-mg\/","title":{"rendered":"Augmentin 1000mg (875+125)"},"content":{"rendered":"<h3><span style=\"font-weight: 400;\">Acerca de Augmentin 1000 mg<\/span><\/h3>\n<p><span style=\"font-weight: 400;\">Augmentin 1000 mg es un potente medicamento antibi\u00f3tico dise\u00f1ado para combatir una amplia gama de infecciones bacterianas. Este medicamento est\u00e1 fabricado por Glaxo SmithKline Pharmaceuticals Ltd. Es un medicamento combinado que contiene dos principios activos, Amoxicilina (875 mg) y \u00e1cido clavul\u00e1nico (125 mg). La amoxicilina pertenece a la clase de los antibi\u00f3ticos penicil\u00ednicos, mientras que el \u00e1cido clavul\u00e1nico es un inhibidor de la betalactamasa. Estos dos componentes trabajan juntos para eliminar eficazmente las bacterias que pueden estar causando diversas infecciones en el organismo.\u00a0<\/span><\/p>\n<h3><span style=\"font-weight: 400;\">Augmentin 1000 mg usos<\/span><\/h3>\n<p><span style=\"font-weight: 400;\">Augmentin 1000mg se prescribe com\u00fanmente para tratar la <\/span><a href=\"https:\/\/www.medicalnewstoday.com\/articles\/325154#:~:text=It%E2%80%99s%20used%20to%20treat%20infections%20caused%20by%20bacteria.\" target=\"_blank\" rel=\"nofollow noopener\"><span style=\"font-weight: 400;\">los siguientes tipos<\/span><\/a><span style=\"font-weight: 400;\"> de las infecciones bacterianas:<\/span><\/p>\n<ul>\n<li style=\"font-weight: 400;\" aria-level=\"1\"><b>Infecciones respiratorias:<\/b><span style=\"font-weight: 400;\"> Incluidas la sinusitis, la bronquitis y la neumon\u00eda<\/span><\/li>\n<li style=\"font-weight: 400;\" aria-level=\"1\"><b>Infecciones del tracto urinario:<\/b><span style=\"font-weight: 400;\"> Como Cistitis o Pielonefritis<\/span><\/li>\n<li style=\"font-weight: 400;\" aria-level=\"1\"><b>Infecciones de piel y tejidos blandos:<\/b><span style=\"font-weight: 400;\"> Como celulitis o abscesos<\/span><\/li>\n<li style=\"font-weight: 400;\" aria-level=\"1\"><b>Infecciones dentales:<\/b><span style=\"font-weight: 400;\"> Incluidos los abscesos dentales<\/span><\/li>\n<li style=\"font-weight: 400;\" aria-level=\"1\"><b>Infecciones \u00f3seas y articulares: <\/b><span style=\"font-weight: 400;\">Cuando est\u00e1 causada por bacterias susceptibles<\/span><\/li>\n<li style=\"font-weight: 400;\" aria-level=\"1\"><b>Otras infecciones:<\/b><span style=\"font-weight: 400;\"> Augmentin tambi\u00e9n puede utilizarse para otras infecciones, seg\u00fan determine un profesional sanitario<\/span><\/li>\n<\/ul>\n<h3><span style=\"font-weight: 400;\">Funcionamiento de Augmentin 1000mg\u00a0<\/span><\/h3>\n<p><span style=\"font-weight: 400;\">Los comprimidos de Augmentin combinan las acciones de dos principios activos:<\/span><\/p>\n<h4><span style=\"font-weight: 400;\">Amoxicilina<\/span><\/h4>\n<p><span style=\"font-weight: 400;\">La amoxicilina es un antibi\u00f3tico que <\/span><a href=\"https:\/\/www.sciencedirect.com\/science\/article\/pii\/S0032579119392880#:~:text=Amoxicillin%20acts%20by%20inhibiting%20the%20cross%2Dlinkage%20between%20the%20linear%20peptidoglycan%20polymer%20chains%20that%20make%20up%20the%20bacterial%20cell%20walls\" target=\"_blank\" rel=\"nofollow noopener\"><span style=\"font-weight: 400;\">obras de<\/span><\/a><span style=\"font-weight: 400;\"> alterando la construcci\u00f3n de las paredes celulares bacterianas. Sin paredes celulares bien formadas, las bacterias se vuelven estructuralmente d\u00e9biles y no pueden mantener su forma e integridad. Esta alteraci\u00f3n facilita que el sistema inmunitario ataque y destruya las bacterias. La amoxicilina se dirige principalmente a una amplia gama de bacterias y las destruye, por lo que es eficaz contra diversas infecciones.<\/span><\/p>\n<h4><span style=\"font-weight: 400;\">\u00c1cido clavul\u00e1nico<\/span><\/h4>\n<p><span style=\"font-weight: 400;\">El \u00e1cido clavul\u00e1nico es un medicamento utilizado en <\/span><a href=\"https:\/\/www.ncbi.nlm.nih.gov\/books\/NBK545273\/#:~:text=Clavulanic%20acid%20is%20a%20medication%20that%20can%20be%20used%20in%20conjunction%20with%20amoxicillin%20to%20manage%20and%20treat%20bacterial%20infections\" target=\"_blank\" rel=\"nofollow noopener\"><span style=\"font-weight: 400;\">combinaci\u00f3n<\/span><\/a><span style=\"font-weight: 400;\"> con antibi\u00f3ticos como la Amoxicilina para aumentar su eficacia contra las bacterias. Act\u00faa inhibiendo unas enzimas bacterianas llamadas betalactamasas, que algunas bacterias producen para neutralizar la amoxicilina. Las betalactamasas pueden descomponer estos antibi\u00f3ticos, haci\u00e9ndolos ineficaces. \u00c1cido clavul\u00e1nico <\/span><a href=\"https:\/\/www.ncbi.nlm.nih.gov\/books\/NBK538164\/#:~:text=Clavulanic%20acid%20is%20a%20beta%2Dlactamase%20inhibitor%20often%20used%20in%20conjunction%20with%20amoxicillin%20to%20broaden%20its%20spectrum%20and%20combat%20resistance.%C2%A0\" rel=\"nofollow sponsored noopener\" target=\"_blank\"><span style=\"font-weight: 400;\">act\u00faa como<\/span><\/a><span style=\"font-weight: 400;\"> un \"inhibidor de la betalactamasa\", que impide que las bacterias degraden la amoxicilina. Esto permite que la amoxicilina siga atacando y alterando las paredes celulares bacterianas. Mejora la capacidad de eliminar un espectro m\u00e1s amplio de bacterias y aumenta la eficacia global de la combinaci\u00f3n antibi\u00f3tica contra las infecciones bacterianas.<\/span><\/p>\n<h3><span style=\"font-weight: 400;\">C\u00f3mo tomar 1000 mg de Augmentin<\/span><\/h3>\n<p><span style=\"font-weight: 400;\">Los comprimidos de Augmentin 1000 mg deben tragarse enteros con un vaso lleno de agua. T\u00f3melos con alimentos. No triture ni rompa los comprimidos a menos que se lo indique su m\u00e9dico.<\/span><\/p>","protected":false},"excerpt":{"rendered":"<ul>\n<li style=\"font-weight: 400;\" aria-level=\"1\"><span style=\"font-weight: 400;\">Trata las infecciones bacterianas<\/span><\/li>\n<li style=\"font-weight: 400;\" aria-level=\"1\"><span style=\"font-weight: 400;\">Efecto visible en 1-2 horas\u00a0<\/span><\/li>\n<li style=\"font-weight: 400;\" aria-level=\"1\"><span style=\"font-weight: 400;\">Trata la amigdalitis y la sinusitis<\/span><\/li>\n<li style=\"font-weight: 400;\" aria-level=\"1\"><span style=\"font-weight: 400;\">Antibi\u00f3tico vers\u00e1til y potente<\/span><\/li>\n<li style=\"font-weight: 400;\" aria-level=\"1\"><span style=\"font-weight: 400;\">Env\u00edo en 24 horas<\/span><\/li>\n<\/ul>","protected":false},"featured_media":32909,"comment_status":"open","ping_status":"closed","template":"","meta":{"om_disable_all_campaigns":false,"_uf_show_specific_survey":0,"_uf_disable_surveys":false},"product_brand":[],"product_cat":[504],"product_tag":[],"class_list":{"0":"post-3801","1":"product","2":"type-product","3":"status-publish","4":"has-post-thumbnail","6":"product_cat-antibiotics","8":"first","9":"instock","10":"shipping-taxable","11":"purchasable","12":"product-type-variable","13":"has-default-attributes"},"_links":{"self":[{"href":"https:\/\/wowrxpharmacy.com\/es\/wp-json\/wp\/v2\/product\/3801","targetHints":{"allow":["GET"]}}],"collection":[{"href":"https:\/\/wowrxpharmacy.com\/es\/wp-json\/wp\/v2\/product"}],"about":[{"href":"https:\/\/wowrxpharmacy.com\/es\/wp-json\/wp\/v2\/types\/product"}],"replies":[{"embeddable":true,"href":"https:\/\/wowrxpharmacy.com\/es\/wp-json\/wp\/v2\/comments?post=3801"}],"wp:featuredmedia":[{"embeddable":true,"href":"https:\/\/wowrxpharmacy.com\/es\/wp-json\/wp\/v2\/media\/32909"}],"wp:attachment":[{"href":"https:\/\/wowrxpharmacy.com\/es\/wp-json\/wp\/v2\/media?parent=3801"}],"wp:term":[{"taxonomy":"product_brand","embeddable":true,"href":"https:\/\/wowrxpharmacy.com\/es\/wp-json\/wp\/v2\/product_brand?post=3801"},{"taxonomy":"product_cat","embeddable":true,"href":"https:\/\/wowrxpharmacy.com\/es\/wp-json\/wp\/v2\/product_cat?post=3801"},{"taxonomy":"product_tag","embeddable":true,"href":"https:\/\/wowrxpharmacy.com\/es\/wp-json\/wp\/v2\/product_tag?post=3801"}],"curies":[{"name":"wp","href":"https:\/\/api.w.org\/{rel}","templated":true}]}}