{"id":37824,"date":"2024-10-17T01:07:31","date_gmt":"2024-10-17T05:07:31","guid":{"rendered":"https:\/\/wowrxpharmacy.com\/?post_type=product&#038;p=37824"},"modified":"2026-04-17T22:56:00","modified_gmt":"2026-04-18T02:56:00","slug":"levitra-20mg","status":"publish","type":"product","link":"https:\/\/wowrxpharmacy.com\/es\/producto\/levitra-20mg\/","title":{"rendered":"Levitra 20mg"},"content":{"rendered":"<h3><span style=\"font-weight: 400;\">\u00bfQu\u00e9 es Levitra 20 mg?<\/span><\/h3>\n<p><span style=\"font-weight: 400;\">Levitra 20 mg es un medicamento de venta con receta dise\u00f1ado para el tratamiento de la disfunci\u00f3n er\u00e9ctil (DE) en hombres. Su ingrediente activo, el vardenafilo, forma parte de la familia de los inhibidores de la fosfodiesterasa tipo 5 (PDE5), que act\u00faa mejorando el flujo sangu\u00edneo al pene, ayudando a los hombres a lograr y mantener una erecci\u00f3n durante la actividad sexual. Levitra 20 mg hace efecto en 30-60 minutos y dura 4-5 horas.<\/span><\/p>\n<p><span style=\"font-weight: 400;\">Bayer Pharmaceuticals fabrica Levitra 20 mg, una opci\u00f3n fiable para las personas que desean recuperar la confianza en sus relaciones \u00edntimas.<\/span><\/p>\n<p><span style=\"font-weight: 400;\">Puede comprar Levitra 20 mg en l\u00ednea c\u00f3modamente en WowRx y recibirlo discretamente en la puerta de su casa.<\/span><\/p>\n<h3><span style=\"font-weight: 400;\">Levitra 20mg usos<\/span><\/h3>\n<p><span style=\"font-weight: 400;\">Levitra 20mg es un <\/span><a href=\"https:\/\/www.accessdata.fda.gov\/drugsatfda_docs\/nda\/2003\/21-400_Levitra.cfm\" target=\"_blank\" rel=\"nofollow noopener\"><span style=\"font-weight: 400;\">Aprobado por la FDA<\/span><\/a><span style=\"font-weight: 400;\"> medicamento para el tratamiento de la disfunci\u00f3n er\u00e9ctil (DE), una afecci\u00f3n en la que los hombres luchan por lograr o mantener una erecci\u00f3n suficiente para la actividad sexual. Su principio activo, el vardenafilo, aumenta el flujo sangu\u00edneo al pene durante la estimulaci\u00f3n sexual, lo que permite una erecci\u00f3n firme y duradera.<\/span><\/p>\n<p><span style=\"font-weight: 400;\">La disfunci\u00f3n er\u00e9ctil puede estar causada por varios factores, incluyendo problemas psicol\u00f3gicos como el estr\u00e9s o la ansiedad, o condiciones f\u00edsicas como enfermedades cardiovasculares o diabetes. Es importante tener en cuenta que Levitra 20 mg s\u00f3lo funciona con la estimulaci\u00f3n sexual y no provoca una erecci\u00f3n sin excitaci\u00f3n.<\/span><\/p>\n<h3><span style=\"font-weight: 400;\">\u00bfC\u00f3mo act\u00faa el Vardenafilo?<\/span><\/h3>\n<p><span style=\"font-weight: 400;\">El vardenafilo, el componente activo de Levitra, es un inhibidor de la PDE5. Bloquea la acci\u00f3n de la enzima fosfodiesterasa tipo 5, responsable de regular el flujo sangu\u00edneo en el pene. En <\/span><a href=\"https:\/\/pubchem.ncbi.nlm.nih.gov\/compound\/Vardenafil#:~:text=PDE5%20inhibitors%2C%20such,dysfunction%20in%202003.\" target=\"_blank\" rel=\"nofollow noopener\"><span style=\"font-weight: 400;\">inhibiendo<\/span><\/a><span style=\"font-weight: 400;\"> esta enzima, el Vardenafilo permite aumentar los niveles de GMP c\u00edclico (monofosfato de guanosina), que relaja los m\u00fasculos lisos del pene, facilitando un mayor flujo sangu\u00edneo y una mejor funci\u00f3n er\u00e9ctil.<\/span><\/p>\n<p><span style=\"font-weight: 400;\">Levitra 20 mg act\u00faa en 30-60 minutos y ofrece un efecto sostenido, lo que lo convierte en una opci\u00f3n pr\u00e1ctica para los hombres con disfunci\u00f3n er\u00e9ctil.<\/span><\/p>\n<h3><span style=\"font-weight: 400;\">\u00bfC\u00f3mo tomar Levitra 20 mg?<\/span><\/h3>\n<p><span style=\"font-weight: 400;\">Tome Levitra 20 mg aproximadamente 30-60 minutos antes de iniciar la actividad sexual. Para obtener los mejores resultados:<\/span><\/p>\n<ul>\n<li style=\"font-weight: 400;\" aria-level=\"1\"><span style=\"font-weight: 400;\">Tragar el comprimido entero con agua<\/span><\/li>\n<li style=\"font-weight: 400;\" aria-level=\"1\"><span style=\"font-weight: 400;\">Se puede tomar con o sin comida<\/span><\/li>\n<li style=\"font-weight: 400;\" aria-level=\"1\"><span style=\"font-weight: 400;\">Siga la prescripci\u00f3n de su m\u00e9dico y evite tomar m\u00e1s de una dosis al d\u00eda<\/span><\/li>\n<\/ul>","protected":false},"excerpt":{"rendered":"<p>Levitra 20 mg, que contiene Vardenafilo, ofrece una soluci\u00f3n eficaz para tratar la disfunci\u00f3n er\u00e9ctil. Seguro, f\u00e1cil de consumir e ideal para hombres que buscan mejorar su rendimiento sexual.<\/p>","protected":false},"featured_media":37968,"comment_status":"open","ping_status":"closed","template":"","meta":{"om_disable_all_campaigns":false,"_uf_show_specific_survey":0,"_uf_disable_surveys":false},"product_brand":[],"product_cat":[438],"product_tag":[],"class_list":{"0":"post-37824","1":"product","2":"type-product","3":"status-publish","4":"has-post-thumbnail","6":"product_cat-mens-health","8":"first","9":"instock","10":"sale","11":"shipping-taxable","12":"purchasable","13":"product-type-variable"},"_links":{"self":[{"href":"https:\/\/wowrxpharmacy.com\/es\/wp-json\/wp\/v2\/product\/37824","targetHints":{"allow":["GET"]}}],"collection":[{"href":"https:\/\/wowrxpharmacy.com\/es\/wp-json\/wp\/v2\/product"}],"about":[{"href":"https:\/\/wowrxpharmacy.com\/es\/wp-json\/wp\/v2\/types\/product"}],"replies":[{"embeddable":true,"href":"https:\/\/wowrxpharmacy.com\/es\/wp-json\/wp\/v2\/comments?post=37824"}],"wp:featuredmedia":[{"embeddable":true,"href":"https:\/\/wowrxpharmacy.com\/es\/wp-json\/wp\/v2\/media\/37968"}],"wp:attachment":[{"href":"https:\/\/wowrxpharmacy.com\/es\/wp-json\/wp\/v2\/media?parent=37824"}],"wp:term":[{"taxonomy":"product_brand","embeddable":true,"href":"https:\/\/wowrxpharmacy.com\/es\/wp-json\/wp\/v2\/product_brand?post=37824"},{"taxonomy":"product_cat","embeddable":true,"href":"https:\/\/wowrxpharmacy.com\/es\/wp-json\/wp\/v2\/product_cat?post=37824"},{"taxonomy":"product_tag","embeddable":true,"href":"https:\/\/wowrxpharmacy.com\/es\/wp-json\/wp\/v2\/product_tag?post=37824"}],"curies":[{"name":"wp","href":"https:\/\/api.w.org\/{rel}","templated":true}]}}