{"id":3773,"date":"2024-07-09T03:14:09","date_gmt":"2024-07-09T07:14:09","guid":{"rendered":"https:\/\/wowrxpharmacy.com\/?post_type=product&#038;p=3773"},"modified":"2024-11-07T06:35:51","modified_gmt":"2024-11-07T11:35:51","slug":"jarabe-seco-augmentin-30-ml","status":"publish","type":"product","link":"https:\/\/wowrxpharmacy.com\/es\/producto\/jarabe-seco-augmentin-30-ml\/","title":{"rendered":"Augmentin Jarabe Seco 30 ml"},"content":{"rendered":"<h3><span style=\"font-weight: 400;\">Acerca de Augmentin jarabe seco 30 ml<\/span><\/h3>\n<p><span style=\"font-weight: 400;\">Augmentin Jarabe Seco 30 ml es un medicamento que ayuda a combatir infecciones bacterianas. Es una combinaci\u00f3n de dos ingredientes activos: amoxicilina y clavulanato de potasio. Estos ingredientes act\u00faan conjuntamente para detener el crecimiento de bacterias da\u00f1inas en el organismo.<\/span><\/p>\n<p><span style=\"font-weight: 400;\">GlaxoSmithKline Pharmaceuticals Ltd. fabrica Augmentin. Est\u00e1 disponible a precios asequibles en WowRxPharmacy.<\/span><\/p>\n<h3><span style=\"font-weight: 400;\">Usos del jarabe seco de Augmentin<\/span><\/h3>\n<p><span style=\"font-weight: 400;\">Augmentin Jarabe Seco 30ml es un medicamento recetado por los m\u00e9dicos para tratar diversas infecciones bacterianas.\u00a0<\/span><\/p>\n<p><span style=\"font-weight: 400;\">Aqu\u00ed hay algunos <\/span><a href=\"https:\/\/www.lancastergeneralhealth.org\/healthwise-library\/healthwise-article?documentId=d00089a1\" target=\"_blank\" rel=\"noopener\"><span style=\"font-weight: 400;\">com\u00fan<\/span><\/a><span style=\"font-weight: 400;\"> usos:<\/span><\/p>\n<ul>\n<li style=\"font-weight: 400;\" aria-level=\"1\"><b>Infecciones de los senos paranasales<\/b><span style=\"font-weight: 400;\">:Augmentin puede eliminar las infecciones de los senos nasales, aliviando la congesti\u00f3n y el malestar.<\/span><span style=\"font-weight: 400;\"><br \/>\n<\/span><\/li>\n<li style=\"font-weight: 400;\" aria-level=\"1\"><b>Infecciones del tracto urinario:<\/b><span style=\"font-weight: 400;\"> Si tiene una infecci\u00f3n urinaria, Augmentin puede ayudar a eliminar las bacterias que la causan.<\/span><\/li>\n<li style=\"font-weight: 400;\" aria-level=\"1\"><b>Infecciones de la piel<\/b><span style=\"font-weight: 400;\">:Afecciones de la piel como la celulitis o el imp\u00e9tigo se pueden tratar con Augmentin<\/span><span style=\"font-weight: 400;\"><br \/>\n<\/span><\/li>\n<li style=\"font-weight: 400;\" aria-level=\"1\"><b>Infecciones dentales<\/b><span style=\"font-weight: 400;\">:Los dentistas a veces recetan Augmentin para combatir las infecciones bucales.<\/span><\/li>\n<li style=\"font-weight: 400;\" aria-level=\"1\"><b>Infecciones del tracto respiratorio<\/b><span style=\"font-weight: 400;\">:Augmentin puede ayudar a tratar infecciones en el sistema respiratorio, como bronquitis y neumon\u00eda.<\/span><span style=\"font-weight: 400;\"><br \/>\n<\/span><\/li>\n<li style=\"font-weight: 400;\" aria-level=\"1\"><b>Infecciones de o\u00eddo:<\/b><span style=\"font-weight: 400;\"> Es eficaz contra las infecciones de o\u00eddo, que pueden ser bastante dolorosas, especialmente en los ni\u00f1os.<\/span><span style=\"font-weight: 400;\"><br \/>\n<\/span><\/li>\n<li style=\"font-weight: 400;\" aria-level=\"1\"><b>Otras infecciones bacterianas<\/b><span style=\"font-weight: 400;\">:Su m\u00e9dico puede recomendarle Augmentin para varias otras infecciones bacterianas, dependiendo de la bacteria espec\u00edfica que cause la enfermedad.<\/span><\/li>\n<\/ul>\n<h3><span style=\"font-weight: 400;\">Laboral<\/span><\/h3>\n<p><span style=\"font-weight: 400;\">Jarabe seco Augmentin 30 ml <\/span><a href=\"https:\/\/www.medsafe.govt.nz\/consumers\/cmi\/a\/augmentinsyr.pdf\" target=\"_blank\" rel=\"noopener\"><span style=\"font-weight: 400;\">contiene<\/span><\/a><span style=\"font-weight: 400;\"> dos ingredientes activos: Amoxicilina y Clavulanato de Potasio.<\/span><\/p>\n<h4><span style=\"font-weight: 400;\">Amoxicilina<\/span><\/h4>\n<p><span style=\"font-weight: 400;\">Este es un antibi\u00f3tico que combate las infecciones bacterianas. Act\u00faa interfiriendo con la capacidad de las bacterias para construir sus paredes celulares, debilit\u00e1ndolas y finalmente mat\u00e1ndolas.<\/span><\/p>\n<h4><span style=\"font-weight: 400;\">Clavulanato de potasio<\/span><\/h4>\n<p><span style=\"font-weight: 400;\">Este compuesto potencia la eficacia de la amoxicilina. Inhibe las enzimas producidas por ciertas bacterias que pueden destruirla, lo que le permite actuar con mayor eficacia contra una gama m\u00e1s amplia de bacterias.<\/span><\/p>\n<p><span style=\"font-weight: 400;\">Juntos, estos ingredientes combaten una amplia variedad de infecciones bacterianas, ayudando al sistema inmunol\u00f3gico del cuerpo a superar la infecci\u00f3n y restaurar la salud.\u00a0<\/span><\/p>\n<h3><span style=\"font-weight: 400;\">C\u00f3mo tomar<\/span><\/h3>\n<p><span style=\"font-weight: 400;\">El jarabe seco de Augmentin se suele tomar por v\u00eda oral (v\u00eda oral). Use el vaso medidor incluido para asegurarse de tomar la dosis correcta. Puede tomarlo con o sin alimentos.\u00a0<\/span><\/p>\n<p><span style=\"font-weight: 400;\">Si le causa molestias estomacales, considere tomarlo junto con una comida. Es fundamental completar el tratamiento prescrito para asegurar la eliminaci\u00f3n de todas las bacterias.<\/span><\/p>","protected":false},"excerpt":{"rendered":"<ul>\n<li style=\"font-weight: 400;\" aria-level=\"1\"><span style=\"font-weight: 400;\">Augmentin aprobado por la FDA<\/span><\/li>\n<li style=\"font-weight: 400;\" aria-level=\"1\"><span style=\"font-weight: 400;\">Trata las infecciones bacterianas<\/span><\/li>\n<li style=\"font-weight: 400;\" aria-level=\"1\"><span style=\"font-weight: 400;\">Comienza a funcionar en 1 hora<\/span><\/li>\n<li style=\"font-weight: 400;\" aria-level=\"1\"><span style=\"font-weight: 400;\">Efecto visible en 3-5 d\u00edas<\/span><\/li>\n<li style=\"font-weight: 400;\" aria-level=\"1\"><span style=\"font-weight: 400;\">Env\u00edo en 24 horas<\/span><\/li>\n<\/ul>","protected":false},"featured_media":3905,"comment_status":"open","ping_status":"closed","template":"","meta":{"om_disable_all_campaigns":false,"_uf_show_specific_survey":0,"_uf_disable_surveys":false},"product_brand":[],"product_cat":[504,1758],"product_tag":[],"class_list":{"0":"post-3773","1":"product","2":"type-product","3":"status-publish","4":"has-post-thumbnail","6":"product_cat-antibiotics","7":"product_cat-top-picks","9":"first","10":"instock","11":"shipping-taxable","12":"purchasable","13":"product-type-variable","14":"has-default-attributes"},"_links":{"self":[{"href":"https:\/\/wowrxpharmacy.com\/es\/wp-json\/wp\/v2\/product\/3773","targetHints":{"allow":["GET"]}}],"collection":[{"href":"https:\/\/wowrxpharmacy.com\/es\/wp-json\/wp\/v2\/product"}],"about":[{"href":"https:\/\/wowrxpharmacy.com\/es\/wp-json\/wp\/v2\/types\/product"}],"replies":[{"embeddable":true,"href":"https:\/\/wowrxpharmacy.com\/es\/wp-json\/wp\/v2\/comments?post=3773"}],"wp:featuredmedia":[{"embeddable":true,"href":"https:\/\/wowrxpharmacy.com\/es\/wp-json\/wp\/v2\/media\/3905"}],"wp:attachment":[{"href":"https:\/\/wowrxpharmacy.com\/es\/wp-json\/wp\/v2\/media?parent=3773"}],"wp:term":[{"taxonomy":"product_brand","embeddable":true,"href":"https:\/\/wowrxpharmacy.com\/es\/wp-json\/wp\/v2\/product_brand?post=3773"},{"taxonomy":"product_cat","embeddable":true,"href":"https:\/\/wowrxpharmacy.com\/es\/wp-json\/wp\/v2\/product_cat?post=3773"},{"taxonomy":"product_tag","embeddable":true,"href":"https:\/\/wowrxpharmacy.com\/es\/wp-json\/wp\/v2\/product_tag?post=3773"}],"curies":[{"name":"wp","href":"https:\/\/api.w.org\/{rel}","templated":true}]}}