{"id":37706,"date":"2024-10-15T03:00:08","date_gmt":"2024-10-15T07:00:08","guid":{"rendered":"https:\/\/wowrxpharmacy.com\/?post_type=product&#038;p=37706"},"modified":"2024-12-05T00:13:07","modified_gmt":"2024-12-05T05:13:07","slug":"vidalista-20mg","status":"publish","type":"product","link":"https:\/\/wowrxpharmacy.com\/es\/producto\/vidalista-20mg\/","title":{"rendered":"Vidalista 20mg Comprimidos"},"content":{"rendered":"<h3><span style=\"font-weight: 400;\">Acerca de Vidalista 20 mg comprimidos<\/span><\/h3>\n<p><span style=\"font-weight: 400;\">Vidalista 20 mg es un medicamento altamente eficaz dise\u00f1ado para tratar la disfunci\u00f3n er\u00e9ctil (DE). Su ingrediente activo, Tadalafil, es reconocido por su capacidad para promover mejores erecciones, por lo que es una opci\u00f3n confiable para los hombres que enfrentan problemas de erecci\u00f3n.<\/span><\/p>\n<p><span style=\"font-weight: 400;\">Adem\u00e1s, tambi\u00e9n se utiliza para tratar la hiperplasia benigna de pr\u00f3stata (HBP) y la hipertensi\u00f3n arterial pulmonar (HAP).<\/span><\/p>\n<p><span style=\"font-weight: 400;\">Centurion Laboratories fabrica Vidalista 20, que a menudo se recomienda por su r\u00e1pida acci\u00f3n y eficacia prolongada. Usted puede comprar f\u00e1cilmente Vidalista 20mg tabletas en l\u00ednea de WowRx a precios reducidos.<\/span><\/p>\n<h3><span style=\"font-weight: 400;\">Usos de Vidalista 20mg<\/span><\/h3>\n<p><span style=\"font-weight: 400;\">Vidalista 20mg desempe\u00f1a un papel crucial en la gesti\u00f3n de diversos problemas de salud, incluyendo:<\/span><span style=\"font-weight: 400;\"><br \/>\n<\/span><\/p>\n<h4><span style=\"font-weight: 400;\">Tratamiento de la disfunci\u00f3n er\u00e9ctil<\/span><\/h4>\n<p><span style=\"font-weight: 400;\">La disfunci\u00f3n er\u00e9ctil es una condici\u00f3n com\u00fan en la que los hombres tienen dificultades para lograr o mantener una erecci\u00f3n adecuada para el coito. Vidalista 20 mg act\u00faa relajando los vasos sangu\u00edneos del pene, aumentando el flujo sangu\u00edneo, lo que resulta en erecciones mejoradas. Normalmente comienza <\/span><a href=\"https:\/\/www.ncbi.nlm.nih.gov\/pmc\/articles\/PMC2699638\/#:~:text=The%20availability%20of%20specific,related%20to%20the%20treatment\" target=\"_blank\" rel=\"nofollow noopener\"><span style=\"font-weight: 400;\">trabajando<\/span><\/a><span style=\"font-weight: 400;\"> en los 30-60 minutos siguientes al consumo, siempre que haya estimulaci\u00f3n sexual.\u00a0<\/span><\/p>\n<p><span style=\"font-weight: 400;\">Es importante se\u00f1alar que, aunque el Tadalafilo no cura la disfunci\u00f3n er\u00e9ctil ni aumenta el deseo sexual, ayuda a desencadenar el proceso natural necesario para una erecci\u00f3n firme durante la estimulaci\u00f3n sexual.<\/span><\/p>\n<h4><span style=\"font-weight: 400;\">Tratamiento de la hiperplasia benigna de pr\u00f3stata (HBP)<\/span><\/h4>\n<p><span style=\"font-weight: 400;\">Tadalafil en Vidalista 20mg tambi\u00e9n es eficaz en el manejo de los s\u00edntomas de la hiperplasia prost\u00e1tica benigna, una condici\u00f3n que causa el agrandamiento de la pr\u00f3stata. Los hombres que sufren HBP a menudo experimentan dificultades para orinar, micci\u00f3n frecuente por la noche y vacilaci\u00f3n.<\/span><\/p>\n<p><span style=\"font-weight: 400;\">Vidalista 20 mg relaja los m\u00fasculos de la pr\u00f3stata y de la vejiga, ayudando a aliviar estos s\u00edntomas y mejorando el flujo urinario y la comodidad.<\/span><\/p>\n<h4><span style=\"font-weight: 400;\">Tratamiento de la hipertensi\u00f3n arterial pulmonar (HAP)<\/span><\/h4>\n<p><span style=\"font-weight: 400;\">Vidalista 20mg tambi\u00e9n puede ayudar <\/span><a href=\"https:\/\/phassociation.org\/patients\/treatments\/tadalafil\/#:~:text=Tadalafil%20is%20used%20to%20treat%20pulmonary%20arterial%20hypertension%20(PAH)%2C%20also%20known%20as%20Group%201%20pulmonary%20hypertension.%20The%20goal%20of%20this%20therapy%20is%20to%20improve%20exercise%20ability.\" target=\"_blank\" rel=\"nofollow noopener\"><span style=\"font-weight: 400;\">tratar<\/span><\/a><span style=\"font-weight: 400;\"> Hipertensi\u00f3n Arterial Pulmonar, enfermedad caracterizada por hipertensi\u00f3n arterial en las arterias pulmonares. Este medicamento ayuda a ensanchar los vasos sangu\u00edneos, reduciendo la presi\u00f3n arterial y mejorando la funci\u00f3n general del coraz\u00f3n. Esto aumenta la capacidad de ejercicio y reduce s\u00edntomas como el dolor tor\u00e1cico.<\/span><\/p>\n<h3><span style=\"font-weight: 400;\">\u00bfC\u00f3mo act\u00faa Tadalafil?<\/span><\/h3>\n<p><span style=\"font-weight: 400;\">Tadalafil <\/span><a href=\"https:\/\/go.drugbank.com\/drugs\/DB00820#:~:text=Tadalafil%20is%20a%20selective%20phosphodiesterase%2D5%20(PDE5,the%20eye%20and%20contributes%20to%20color%20vision\" target=\"_blank\" rel=\"nofollow noopener\"><span style=\"font-weight: 400;\">funciona<\/span><\/a><span style=\"font-weight: 400;\"> bloqueando una enzima espec\u00edfica llamada Fosfodiesterasa-5 (PDE5), que ayuda a relajar los m\u00fasculos lisos del cuerpo. Esto es especialmente importante para tratar la disfunci\u00f3n er\u00e9ctil, ya que mejora el flujo sangu\u00edneo al pene durante la excitaci\u00f3n sexual.\u00a0<\/span><\/p>\n<p><span style=\"font-weight: 400;\">Cuando se toma para la hipertensi\u00f3n arterial pulmonar, el tadalafilo mejora el flujo sangu\u00edneo en los pulmones al promover la relajaci\u00f3n del m\u00fasculo liso en las arterias pulmonares.\u00a0<\/span><\/p>\n<p><span style=\"font-weight: 400;\">En el caso de la hiperplasia prost\u00e1tica benigna, ayuda a reducir los problemas urinarios al disminuir la inflamaci\u00f3n y el crecimiento celular en la pr\u00f3stata. En general, el tadalafilo mejora el flujo sangu\u00edneo y alivia los s\u00edntomas de estas afecciones al potenciar una mol\u00e9cula de se\u00f1alizaci\u00f3n llamada monofosfato de guanosina c\u00edclico (GMPc).<\/span><\/p>\n<h3><span style=\"font-weight: 400;\">\u00bfC\u00f3mo utilizar Vidalista 20 mg?<\/span><\/h3>\n<p><span style=\"font-weight: 400;\">Para obtener los mejores resultados con Vidalista 20 mg, siga estas pautas:<\/span><\/p>\n<ul>\n<li style=\"font-weight: 400;\" aria-level=\"1\"><span style=\"font-weight: 400;\">Tome Vidalista 20 mg s\u00f3lo despu\u00e9s de recibir una receta de un profesional sanitario<\/span><\/li>\n<li style=\"font-weight: 400;\" aria-level=\"1\"><span style=\"font-weight: 400;\">Trague el comprimido entero con agua; no lo mastique ni lo triture<\/span><\/li>\n<li style=\"font-weight: 400;\" aria-level=\"1\"><span style=\"font-weight: 400;\">Tomar la medicaci\u00f3n al menos 30 minutos antes de la actividad sexual para dejar tiempo suficiente para el inicio de la misma.<\/span><\/li>\n<li style=\"font-weight: 400;\" aria-level=\"1\"><span style=\"font-weight: 400;\">Vidalista puede tomarse con o sin alimentos<\/span><\/li>\n<li style=\"font-weight: 400;\" aria-level=\"1\"><span style=\"font-weight: 400;\">No superar un comprimido en 24 horas<\/span><\/li>\n<li style=\"font-weight: 400;\" aria-level=\"1\"><span style=\"font-weight: 400;\">Si est\u00e1 tomando HBP o HAP, siga un programa diario coherente tal y como le prescriba su m\u00e9dico<\/span><\/li>\n<li style=\"font-weight: 400;\" aria-level=\"1\"><span style=\"font-weight: 400;\">Evitar duplicar las dosis para prevenir posibles efectos secundarios<\/span><\/li>\n<\/ul>","protected":false},"excerpt":{"rendered":"<p>Vidalista 20mg es un medicamento de confianza para la disfunci\u00f3n er\u00e9ctil que contiene Tadalafil, dise\u00f1ado para mejorar la erecci\u00f3n en los hombres para una experiencia consistentemente satisfactoria con sus parejas.<\/p>","protected":false},"featured_media":38794,"comment_status":"open","ping_status":"closed","template":"","meta":{"om_disable_all_campaigns":false,"_uf_show_specific_survey":0,"_uf_disable_surveys":false},"product_brand":[],"product_cat":[438],"product_tag":[],"class_list":{"0":"post-37706","1":"product","2":"type-product","3":"status-publish","4":"has-post-thumbnail","6":"product_cat-mens-health","8":"first","9":"instock","10":"sale","11":"shipping-taxable","12":"purchasable","13":"product-type-variable"},"_links":{"self":[{"href":"https:\/\/wowrxpharmacy.com\/es\/wp-json\/wp\/v2\/product\/37706","targetHints":{"allow":["GET"]}}],"collection":[{"href":"https:\/\/wowrxpharmacy.com\/es\/wp-json\/wp\/v2\/product"}],"about":[{"href":"https:\/\/wowrxpharmacy.com\/es\/wp-json\/wp\/v2\/types\/product"}],"replies":[{"embeddable":true,"href":"https:\/\/wowrxpharmacy.com\/es\/wp-json\/wp\/v2\/comments?post=37706"}],"wp:featuredmedia":[{"embeddable":true,"href":"https:\/\/wowrxpharmacy.com\/es\/wp-json\/wp\/v2\/media\/38794"}],"wp:attachment":[{"href":"https:\/\/wowrxpharmacy.com\/es\/wp-json\/wp\/v2\/media?parent=37706"}],"wp:term":[{"taxonomy":"product_brand","embeddable":true,"href":"https:\/\/wowrxpharmacy.com\/es\/wp-json\/wp\/v2\/product_brand?post=37706"},{"taxonomy":"product_cat","embeddable":true,"href":"https:\/\/wowrxpharmacy.com\/es\/wp-json\/wp\/v2\/product_cat?post=37706"},{"taxonomy":"product_tag","embeddable":true,"href":"https:\/\/wowrxpharmacy.com\/es\/wp-json\/wp\/v2\/product_tag?post=37706"}],"curies":[{"name":"wp","href":"https:\/\/api.w.org\/{rel}","templated":true}]}}