{"id":36802,"date":"2024-10-08T07:54:20","date_gmt":"2024-10-08T11:54:20","guid":{"rendered":"https:\/\/wowrxpharmacy.com\/?post_type=product&#038;p=36802"},"modified":"2026-02-21T04:53:34","modified_gmt":"2026-02-21T09:53:34","slug":"cenforce-150-mg","status":"publish","type":"product","link":"https:\/\/wowrxpharmacy.com\/es\/producto\/cenforce-150-mg\/","title":{"rendered":"Cenforce 150 mg Comprimidos"},"content":{"rendered":"<h3><span style=\"font-weight: 400;\">Acerca de Cenforce 150 mg<\/span><\/h3>\n<p><span style=\"font-weight: 400;\">Cenforce 150 mg es un medicamento de prescripci\u00f3n dise\u00f1ado para tratar la disfunci\u00f3n er\u00e9ctil (DE) en los hombres. Su ingrediente activo es el citrato de sildenafil.<\/span><\/p>\n<p><span style=\"font-weight: 400;\">Cuando se toma 30 minutos antes del coito, Cenforce 150 mg ayuda a conseguir y mantener una erecci\u00f3n firme, eficaz durante 4-6 horas. Fabricado por Centurion Laboratories, Cenforce pertenece a la clase de medicamentos inhibidores de la fosfodiesterasa tipo 5 (PDE5).\u00a0<\/span><\/p>\n<p><span style=\"font-weight: 400;\">Usted puede ordenar Cenforce 150 mg tableta de WowRx a precios asequibles para recuperar la confianza en sus momentos \u00edntimos.<\/span><\/p>\n<h3><span style=\"font-weight: 400;\">Usos de Cenforce 150 mg<\/span><\/h3>\n<p><span style=\"font-weight: 400;\">Cenforce 150 comprimidos se prescribe principalmente para<\/span><a href=\"https:\/\/medlineplus.gov\/druginfo\/meds\/a699015.html#:~:text=Sildenafil%20is%20in,to%20flow%20easily.\" target=\"_blank\" rel=\"nofollow noopener\"> <span style=\"font-weight: 400;\">tratamiento de<\/span><\/a><span style=\"font-weight: 400;\"> Disfunci\u00f3n er\u00e9ctil masculina. Contiene citrato de sildenafilo, el mismo ingrediente aprobado por la FDA que se encuentra en Viagra, que mejora el rendimiento sexual mediante la mejora de la funci\u00f3n er\u00e9ctil.<\/span><\/p>\n<p><span style=\"font-weight: 400;\">La disfunci\u00f3n er\u00e9ctil se refiere a la dificultad para lograr o mantener una erecci\u00f3n suficiente para la actividad sexual. Cenforce 150 mg para los hombres ayuda a resolver estos problemas, asegurando una mejor satisfacci\u00f3n sexual.<\/span><\/p>\n<p><span style=\"font-weight: 400;\">Adem\u00e1s, este medicamento tambi\u00e9n es eficaz para tratar la hipertensi\u00f3n arterial pulmonar (HAP), una forma de hipertensi\u00f3n arterial que afecta a las arterias que conectan el coraz\u00f3n y los pulmones.<\/span><\/p>\n<h3><span style=\"font-weight: 400;\">\u00bfC\u00f3mo act\u00faa el citrato de sildenafilo?<\/span><\/h3>\n<p><span style=\"font-weight: 400;\">Cenforce 150 mg comprimidos contiene Citrato de Sildenafilo, un inhibidor de la Fosfodiesterasa Tipo 5 (PDE5). Es un tratamiento de primera l\u00ednea ampliamente reconocido para la Disfunci\u00f3n Er\u00e9ctil, que mejora la funci\u00f3n er\u00e9ctil al aumentar el flujo sangu\u00edneo a la zona del pene.<\/span><\/p>\n<p><span style=\"font-weight: 400;\">Act\u00faa inhibiendo la acci\u00f3n de la PDE-5, una enzima que reduce el monofosfato de guanosina c\u00edclico (GMPc). Es un compuesto que<\/span><a href=\"https:\/\/www.ncbi.nlm.nih.gov\/books\/NBK558978\/#:~:text=The%20molecular%20structure,pulmonary%20arterial%20pressure\" target=\"_blank\" rel=\"nofollow noopener\"> <span style=\"font-weight: 400;\">relaja<\/span><\/a><span style=\"font-weight: 400;\"> m\u00fasculos lisos y ensancha los vasos sangu\u00edneos. Al bloquear la PDE-5, los vasos sangu\u00edneos del pene se relajan, permitiendo un aumento del flujo sangu\u00edneo, lo que se traduce en una erecci\u00f3n firme.<\/span><\/p>\n<p><span style=\"font-weight: 400;\">Sin embargo, Cenforce 150 mg no inicia la excitaci\u00f3n sexual; sigue siendo necesaria la estimulaci\u00f3n sexual para que act\u00fae eficazmente.<\/span><\/p>\n<h3><span style=\"font-weight: 400;\">\u00bfC\u00f3mo tomar Cenforce 150 mg?<\/span><\/h3>\n<p><span style=\"font-weight: 400;\">Para obtener los mejores resultados, siga estos pasos cuando tome Cenforce 150 mg comprimido:<\/span><\/p>\n<ul>\n<li style=\"font-weight: 400;\" aria-level=\"1\"><span style=\"font-weight: 400;\">Tomar el comprimido al menos 30 minutos antes del coito<\/span><\/li>\n<li style=\"font-weight: 400;\" aria-level=\"1\"><span style=\"font-weight: 400;\">Tragar el comprimido entero con agua<\/span><\/li>\n<li style=\"font-weight: 400;\" aria-level=\"1\"><span style=\"font-weight: 400;\">No triturar ni masticar el comprimido<\/span><\/li>\n<li style=\"font-weight: 400;\" aria-level=\"1\"><span style=\"font-weight: 400;\">Se puede tomar con o sin comida<\/span><\/li>\n<li style=\"font-weight: 400;\" aria-level=\"1\"><span style=\"font-weight: 400;\">Consultar al m\u00e9dico si se producen efectos secundarios<\/span><\/li>\n<\/ul>","protected":false},"excerpt":{"rendered":"<p>Cenforce 150 ofrece una soluci\u00f3n asequible para la disfunci\u00f3n er\u00e9ctil con citrato de sildenafilo para aumentar el flujo sangu\u00edneo y conseguir erecciones m\u00e1s potentes. Una elecci\u00f3n discreta y de confianza para el bienestar masculino.<\/p>","protected":false},"featured_media":38186,"comment_status":"open","ping_status":"closed","template":"","meta":{"om_disable_all_campaigns":false,"_uf_show_specific_survey":0,"_uf_disable_surveys":false},"product_brand":[],"product_cat":[438,2387],"product_tag":[],"class_list":{"0":"post-36802","1":"product","2":"type-product","3":"status-publish","4":"has-post-thumbnail","6":"product_cat-mens-health","7":"product_cat-sildenafil-citrate","9":"first","10":"instock","11":"sale","12":"shipping-taxable","13":"purchasable","14":"product-type-variable","15":"has-default-attributes"},"_links":{"self":[{"href":"https:\/\/wowrxpharmacy.com\/es\/wp-json\/wp\/v2\/product\/36802","targetHints":{"allow":["GET"]}}],"collection":[{"href":"https:\/\/wowrxpharmacy.com\/es\/wp-json\/wp\/v2\/product"}],"about":[{"href":"https:\/\/wowrxpharmacy.com\/es\/wp-json\/wp\/v2\/types\/product"}],"replies":[{"embeddable":true,"href":"https:\/\/wowrxpharmacy.com\/es\/wp-json\/wp\/v2\/comments?post=36802"}],"wp:featuredmedia":[{"embeddable":true,"href":"https:\/\/wowrxpharmacy.com\/es\/wp-json\/wp\/v2\/media\/38186"}],"wp:attachment":[{"href":"https:\/\/wowrxpharmacy.com\/es\/wp-json\/wp\/v2\/media?parent=36802"}],"wp:term":[{"taxonomy":"product_brand","embeddable":true,"href":"https:\/\/wowrxpharmacy.com\/es\/wp-json\/wp\/v2\/product_brand?post=36802"},{"taxonomy":"product_cat","embeddable":true,"href":"https:\/\/wowrxpharmacy.com\/es\/wp-json\/wp\/v2\/product_cat?post=36802"},{"taxonomy":"product_tag","embeddable":true,"href":"https:\/\/wowrxpharmacy.com\/es\/wp-json\/wp\/v2\/product_tag?post=36802"}],"curies":[{"name":"wp","href":"https:\/\/api.w.org\/{rel}","templated":true}]}}