{"id":36686,"date":"2024-10-01T03:18:28","date_gmt":"2024-10-01T07:18:28","guid":{"rendered":"https:\/\/wowrxpharmacy.com\/?post_type=product&#038;p=36686"},"modified":"2024-11-22T05:52:41","modified_gmt":"2024-11-22T10:52:41","slug":"estrabet-2-tablet","status":"publish","type":"product","link":"https:\/\/wowrxpharmacy.com\/es\/producto\/estrabet-2-tablet\/","title":{"rendered":"Tableta Estrabet 2"},"content":{"rendered":"<h3><span style=\"font-weight: 400;\">Acerca de la tableta Estrabet 2<\/span><\/h3>\n<p><span style=\"font-weight: 400;\">La tableta Estrabet 2 contiene estradiol, un tipo de estr\u00f3geno que se utiliza para aliviar diversos s\u00edntomas de la menopausia, como sofocos, sequedad vaginal y desequilibrio hormonal. Se prescribe principalmente para la terapia de reemplazo hormonal (TRH) en mujeres que han pasado la menopausia y necesitan restablecer sus niveles de estr\u00f3geno.\u00a0<\/span><\/p>\n<p><span style=\"font-weight: 400;\">Fabricado por Abbott Ltd, este medicamento ayuda a controlar la reducci\u00f3n de estr\u00f3geno natural en el cuerpo. Estrabet solo se puede obtener con receta m\u00e9dica y se puede comprar f\u00e1cilmente en l\u00ednea en WowRx.<\/span><\/p>\n<h3><span style=\"font-weight: 400;\">Usos de la tableta Estrabet 2<\/span><\/h3>\n<p><span style=\"font-weight: 400;\">Los comprimidos de Estrabet (Estradiol) 2 mg son <\/span><a href=\"https:\/\/go.drugbank.com\/drugs\/DB00783#:~:text=Estradiol%20is%20indicated,form%20of%20estradiol).\" target=\"_blank\" rel=\"nofollow noopener\"><span style=\"font-weight: 400;\">prescrito<\/span><\/a><span style=\"font-weight: 400;\"> para las siguientes condiciones relacionadas con el desequilibrio hormonal en las mujeres:<\/span><\/p>\n<ul>\n<li style=\"font-weight: 400;\" aria-level=\"1\"><b>S\u00edntomas de la menopausia:<\/b><span style=\"font-weight: 400;\"> El estradiol se prescribe principalmente para aliviar los s\u00edntomas vasomotores moderados a graves, como los sofocos, y para tratar la atrofia vulvar y vaginal causada por la menopausia.<\/span><\/li>\n<li style=\"font-weight: 400;\" aria-level=\"1\"><b>Prevenci\u00f3n de la osteoporosis:<\/b><span style=\"font-weight: 400;\"> Desempe\u00f1a un papel vital en la prevenci\u00f3n de la p\u00e9rdida \u00f3sea en las mujeres despu\u00e9s de la menopausia.<\/span><\/li>\n<li style=\"font-weight: 400;\" aria-level=\"1\"><b>Deficiencia hormonal:<\/b><span style=\"font-weight: 400;\"> Se utiliza para tratar afecciones como el hipoestrogenismo, que se refiere a niveles bajos de estr\u00f3geno en mujeres que experimentan insuficiencia ov\u00e1rica.<\/span><\/li>\n<li style=\"font-weight: 400;\" aria-level=\"1\"><b>Tratamiento del c\u00e1ncer:<\/b><span style=\"font-weight: 400;\"> El estradiol tambi\u00e9n se utiliza en el tratamiento de formas espec\u00edficas de c\u00e1ncer de mama y c\u00e1ncer de pr\u00f3stata avanzado.<\/span><\/li>\n<\/ul>\n<h2><span style=\"font-weight: 400;\">\u00bfC\u00f3mo funciona la tableta Estrogenl 2?<\/span><\/h2>\n<p><span style=\"font-weight: 400;\">La tableta Estrabet 2 contiene estradiol, un tipo de estr\u00f3geno que ayuda a contrarrestar la disminuci\u00f3n de esta hormona que se produce durante la menopausia. Al restaurar los niveles de estr\u00f3geno en el cuerpo, alivia los s\u00edntomas de la menopausia (sofocos y sequedad vaginal), a la vez que favorece la salud \u00f3sea para prevenir la osteoporosis.\u00a0<\/span><\/p>\n<p><span style=\"font-weight: 400;\">El estradiol funciona uni\u00e9ndose a los receptores de estr\u00f3geno en diferentes tejidos, imitando la acci\u00f3n del estr\u00f3geno natural y proporcionando el apoyo hormonal necesario durante esta fase de transici\u00f3n.<\/span><\/p>\n<h2><span style=\"font-weight: 400;\">\u00bfC\u00f3mo tomar la tableta Estrabet 2?<\/span><\/h2>\n<p><span style=\"font-weight: 400;\">A continuaci\u00f3n se muestran las pautas generales para tomar la tableta de Estrabet 2 mg:<\/span><\/p>\n<ul>\n<li style=\"font-weight: 400;\" aria-level=\"1\"><span style=\"font-weight: 400;\">Tome la tableta entera con agua.\u00a0\u00a0<\/span><\/li>\n<li style=\"font-weight: 400;\" aria-level=\"1\"><span style=\"font-weight: 400;\">No triturar ni masticar el comprimido\u00a0\u00a0<\/span><\/li>\n<li style=\"font-weight: 400;\" aria-level=\"1\"><span style=\"font-weight: 400;\">Estrabet 2 comprimidos debe tomarse con las comidas, preferiblemente a la misma hora cada d\u00eda.<\/span><\/li>\n<\/ul>","protected":false},"excerpt":{"rendered":"<p>La tableta Estrabet 2 contiene estradiol para ayudar a controlar los s\u00edntomas de la menopausia, como los sofocos y la sequedad. Ofrece un alivio eficaz, es asequible y f\u00e1cil de conseguir.<\/p>","protected":false},"featured_media":30043,"comment_status":"open","ping_status":"closed","template":"","meta":{"om_disable_all_campaigns":false,"_uf_show_specific_survey":0,"_uf_disable_surveys":false},"product_brand":[],"product_cat":[595],"product_tag":[],"class_list":{"0":"post-36686","1":"product","2":"type-product","3":"status-publish","4":"has-post-thumbnail","6":"product_cat-womens-health","8":"first","9":"instock","10":"sale","11":"shipping-taxable","12":"purchasable","13":"product-type-variable"},"_links":{"self":[{"href":"https:\/\/wowrxpharmacy.com\/es\/wp-json\/wp\/v2\/product\/36686","targetHints":{"allow":["GET"]}}],"collection":[{"href":"https:\/\/wowrxpharmacy.com\/es\/wp-json\/wp\/v2\/product"}],"about":[{"href":"https:\/\/wowrxpharmacy.com\/es\/wp-json\/wp\/v2\/types\/product"}],"replies":[{"embeddable":true,"href":"https:\/\/wowrxpharmacy.com\/es\/wp-json\/wp\/v2\/comments?post=36686"}],"wp:featuredmedia":[{"embeddable":true,"href":"https:\/\/wowrxpharmacy.com\/es\/wp-json\/wp\/v2\/media\/30043"}],"wp:attachment":[{"href":"https:\/\/wowrxpharmacy.com\/es\/wp-json\/wp\/v2\/media?parent=36686"}],"wp:term":[{"taxonomy":"product_brand","embeddable":true,"href":"https:\/\/wowrxpharmacy.com\/es\/wp-json\/wp\/v2\/product_brand?post=36686"},{"taxonomy":"product_cat","embeddable":true,"href":"https:\/\/wowrxpharmacy.com\/es\/wp-json\/wp\/v2\/product_cat?post=36686"},{"taxonomy":"product_tag","embeddable":true,"href":"https:\/\/wowrxpharmacy.com\/es\/wp-json\/wp\/v2\/product_tag?post=36686"}],"curies":[{"name":"wp","href":"https:\/\/api.w.org\/{rel}","templated":true}]}}