{"id":3617,"date":"2024-09-25T08:10:06","date_gmt":"2024-09-25T12:10:06","guid":{"rendered":"https:\/\/wowrxpharmacy.com\/?post_type=product&#038;p=3617"},"modified":"2024-11-22T05:26:40","modified_gmt":"2024-11-22T10:26:40","slug":"fertomid-50mg","status":"publish","type":"product","link":"https:\/\/wowrxpharmacy.com\/es\/producto\/fertomid-50mg\/","title":{"rendered":"Fertomid 50 mg"},"content":{"rendered":"<h3><span style=\"font-weight: 400;\">\u00bfQu\u00e9 es Fertomid 50 mg?<\/span><\/h3>\n<p><span style=\"font-weight: 400;\">Fertomid 50 mg es un medicamento que contiene citrato de clomifeno, un modulador selectivo de los receptores de estr\u00f3genos (SERM) que se suele prescribir para tratar la infertilidad en las mujeres. Este medicamento para la fertilidad se ha dise\u00f1ado espec\u00edficamente para <\/span><a href=\"https:\/\/www.mdpi.com\/2673-4605\/14\/1\/6#:~:text=Clomiphene%20acts%20as%20an%20ovulatory%20stimulant%20and%20is%20a%20selective%20estrogen%20receptor%20modulator%20(SERM).%20It%20exerts%20estrogenic%20and%20antiestrogenic%20effects%20by%20selectively%20binding%20to%20estrogen%20receptors%20in%20the%20brain%2C%20ovary%2C%20endometrium%2C%20and%20cervix.\" target=\"_blank\" rel=\"nofollow noopener\"><span style=\"font-weight: 400;\">estimular<\/span><\/a><span style=\"font-weight: 400;\"> los ovarios para aumentar la producci\u00f3n de \u00f3vulos. Las mujeres con trastornos ovulatorios pueden utilizar Fertomid para concebir con \u00e9xito.\u00a0<\/span><\/p>\n<p><span style=\"font-weight: 400;\">Cada comprimido de Fertomid 50 mg estimula los ovarios y favorece la liberaci\u00f3n de \u00f3vulos. Fertomid 50mg p\u00edldoras por Cipla Ltd son ampliamente recomendados como tratamiento de primera l\u00ednea para las mujeres inf\u00e9rtiles. WowRx env\u00eda el medicamento dentro de las pr\u00f3ximas 24 horas despu\u00e9s de que usted lo ordene.<\/span><\/p>\n<h3><span style=\"font-weight: 400;\">\u00bfPara qu\u00e9 se utiliza Fertomid 50 mg?<\/span><\/h3>\n<p><span style=\"font-weight: 400;\">Fertomid 50 mg comprimidos se utiliza principalmente para tratar la infertilidad en mujeres que no pueden ovular correctamente. Ayuda a provocar la ovulaci\u00f3n en mujeres que no ovulan con regularidad, como las que padecen el s\u00edndrome de ovario poliqu\u00edstico (SOP) u otras disfunciones ovulatorias.\u00a0<\/span><\/p>\n<p><span style=\"font-weight: 400;\">Al abordar estas cuestiones, Fertomid 50 mg ayuda a aumentar las posibilidades de concepci\u00f3n, por lo que es una opci\u00f3n viable para aquellos que buscan quedar embarazadas. Los usuarios Fertomid tratando de embarazo encontrar el \u00e9xito con este medicamento.\u00a0<\/span><\/p>\n<p><span style=\"font-weight: 400;\">Fertomid 50mg tambi\u00e9n es conocido por su <\/span><a href=\"https:\/\/www.ncbi.nlm.nih.gov\/pmc\/articles\/PMC4169845\/#:~:text=Clomiphene%20can%20induce%20ovulation%20in%2080%25%20of%20anovulatory%20women\" target=\"_blank\" rel=\"nofollow noopener\"><span style=\"font-weight: 400;\">gran \u00e9xito<\/span><\/a><span style=\"font-weight: 400;\"> en la promoci\u00f3n de ciclos ovulatorios sanos.<\/span><\/p>\n<h3><span style=\"font-weight: 400;\">\u00bfC\u00f3mo act\u00faa el Citrato de Clomifeno 50 mg?<\/span><\/h3>\n<p><span style=\"font-weight: 400;\">Fertomid 50 mg act\u00faa estimulando un aumento de las hormonas que favorecen la ovulaci\u00f3n, es decir, el crecimiento y la liberaci\u00f3n de un \u00f3vulo maduro. Enga\u00f1a al cuerpo para que <\/span><a href=\"https:\/\/pubmed.ncbi.nlm.nih.gov\/1915937\/#:~:text=Clomiphene%20citrate%20increases%20the%20amplitudes%20of%20both%20LH%20and%20FSH%20pulses%20in%20the%20midfollicular%20phase%20of%20a%20stimulated%20cycle%2C%20an%20effect%20which%20is%20not%20influenced%20by%20pure%20FSH%20administration.\" target=\"_blank\" rel=\"nofollow noopener\"><span style=\"font-weight: 400;\">aumentando<\/span><\/a><span style=\"font-weight: 400;\"> niveles de hormona foliculoestimulante (FSH) y hormona luteinizante (LH), esenciales para la ovulaci\u00f3n.<\/span><\/p>\n<p><span style=\"font-weight: 400;\">Citrato de clomifeno <\/span><a href=\"https:\/\/www.sciencedirect.com\/topics\/agricultural-and-biological-sciences\/clomifene#:~:text=By%20binding%20to,at%20mid%2Dcycle.\" target=\"_blank\" rel=\"nofollow noopener\"><span style=\"font-weight: 400;\">bloquea<\/span><\/a><span style=\"font-weight: 400;\"> Receptores de estr\u00f3geno en el hipot\u00e1lamo del cerebro, lo que aumenta la liberaci\u00f3n de hormonas gonadotropinas. Esta estimulaci\u00f3n anima a los ovarios a producir y liberar \u00f3vulos, facilitando la ovulaci\u00f3n. La eficacia de Fertomid 50 mg para iniciar la ovulaci\u00f3n lo ha hecho popular entre los tratamientos de fertilidad.<\/span><\/p>\n<h3><span style=\"font-weight: 400;\">\u00bfC\u00f3mo utilizar Fertomid 50 mg?<\/span><\/h3>\n<p><span style=\"font-weight: 400;\">Tome un comprimido de 50 mg de Fertomid por v\u00eda oral seg\u00fan la prescripci\u00f3n de su m\u00e9dico. T\u00edpicamente, la dosis de Fertomid 50 mg. <\/span><a href=\"https:\/\/www.ncbi.nlm.nih.gov\/books\/NBK559292\/#:~:text=The%20dosage%20is%2050%20mg%20daily%20(1%20tablet)%20for%C2%A05%20days.%20Treatment%20should%20start%20on%20day%205%20of%20the%20menstrual%20cycle%20if%20there%20is%20spontaneous%20or%20induced%20bleeding.\" target=\"_blank\" rel=\"nofollow noopener\"><span style=\"font-weight: 400;\">comienza<\/span><\/a><span style=\"font-weight: 400;\"> el 5\u00ba d\u00eda del ciclo menstrual, se toma una vez al d\u00eda y se contin\u00faa durante 5 d\u00edas.\u00a0<\/span><\/p>\n<p><span style=\"font-weight: 400;\">Refi\u00e9rase a su prescripci\u00f3n o consulte a su m\u00e9dico para las instrucciones exactas de dosificaci\u00f3n, incluyendo cu\u00e1ndo tomar Fertomid 50mg. Es crucial para controlar su ovulaci\u00f3n a trav\u00e9s de orientaci\u00f3n m\u00e9dica durante este per\u00edodo.\u00a0<\/span><\/p>\n<p><span style=\"font-weight: 400;\">El horario es importante en la eficacia de Fertomid para promover la ovulaci\u00f3n. Para obtener los mejores resultados, tome los comprimidos de 50 mg de Fertomid a la misma hora todos los d\u00edas. Sin embargo, la dosis o la duraci\u00f3n del tratamiento pueden variar en funci\u00f3n del estado de cada persona.<\/span><\/p>","protected":false},"excerpt":{"rendered":"<p>El Citrato de Clomifeno de Fertomid mejora la fertilidad de forma natural. El tratamiento aprobado por la FDA estimula la ovulaci\u00f3n para mejorar las posibilidades de concepci\u00f3n.<\/p>","protected":false},"featured_media":3626,"comment_status":"open","ping_status":"closed","template":"","meta":{"om_disable_all_campaigns":false,"_uf_show_specific_survey":0,"_uf_disable_surveys":false},"product_brand":[],"product_cat":[595],"product_tag":[],"class_list":{"0":"post-3617","1":"product","2":"type-product","3":"status-publish","4":"has-post-thumbnail","6":"product_cat-womens-health","8":"first","9":"instock","10":"sale","11":"shipping-taxable","12":"purchasable","13":"product-type-variable","14":"has-default-attributes"},"_links":{"self":[{"href":"https:\/\/wowrxpharmacy.com\/es\/wp-json\/wp\/v2\/product\/3617","targetHints":{"allow":["GET"]}}],"collection":[{"href":"https:\/\/wowrxpharmacy.com\/es\/wp-json\/wp\/v2\/product"}],"about":[{"href":"https:\/\/wowrxpharmacy.com\/es\/wp-json\/wp\/v2\/types\/product"}],"replies":[{"embeddable":true,"href":"https:\/\/wowrxpharmacy.com\/es\/wp-json\/wp\/v2\/comments?post=3617"}],"wp:featuredmedia":[{"embeddable":true,"href":"https:\/\/wowrxpharmacy.com\/es\/wp-json\/wp\/v2\/media\/3626"}],"wp:attachment":[{"href":"https:\/\/wowrxpharmacy.com\/es\/wp-json\/wp\/v2\/media?parent=3617"}],"wp:term":[{"taxonomy":"product_brand","embeddable":true,"href":"https:\/\/wowrxpharmacy.com\/es\/wp-json\/wp\/v2\/product_brand?post=3617"},{"taxonomy":"product_cat","embeddable":true,"href":"https:\/\/wowrxpharmacy.com\/es\/wp-json\/wp\/v2\/product_cat?post=3617"},{"taxonomy":"product_tag","embeddable":true,"href":"https:\/\/wowrxpharmacy.com\/es\/wp-json\/wp\/v2\/product_tag?post=3617"}],"curies":[{"name":"wp","href":"https:\/\/api.w.org\/{rel}","templated":true}]}}