{"id":3604,"date":"2024-09-27T08:24:06","date_gmt":"2024-09-27T12:24:06","guid":{"rendered":"https:\/\/wowrxpharmacy.com\/?post_type=product&#038;p=3604"},"modified":"2024-11-22T05:50:22","modified_gmt":"2024-11-22T10:50:22","slug":"cabgolin-0-5-mg","status":"publish","type":"product","link":"https:\/\/wowrxpharmacy.com\/es\/producto\/cabgolin-0-5-mg\/","title":{"rendered":"Cabgolin 0,5 mg"},"content":{"rendered":"<h3><span style=\"font-weight: 400;\">\u00bfQu\u00e9 es Cabgolin 0,5 mg?<\/span><\/h3>\n<p><span style=\"font-weight: 400;\">Cabgolin 0.5 mg es un medicamento con receta que contiene cabergolina, un potente agonista del receptor de dopamina. Se utiliza para tratar los niveles elevados de prolactina en el organismo y controlar afecciones asociadas con niveles elevados de prolactina, como la hiperprolactinemia y ciertos tipos de infertilidad. Sun Pharmaceutical Industries fabrica esta tableta, que ayuda a regular la producci\u00f3n de prolactina, hormona responsable de la producci\u00f3n de leche en las mujeres.\u00a0<\/span><\/p>\n<p><span style=\"font-weight: 400;\">Cabgolin 0.5 mg podr\u00eda ser una opci\u00f3n ideal para controlar los problemas de lactancia si busca las mejores pastillas para interrumpir la lactancia. Compre Cabgolin 0.5 mg hoy mismo en WowRx, su farmacia en l\u00ednea de confianza, para controlar eficazmente la hiperprolactinemia.<\/span><\/p>\n<h3><span style=\"font-weight: 400;\">\u00bfPara qu\u00e9 se utiliza Cabgolin 0,5 mg?\u00a0<\/span><\/h3>\n<p><span style=\"font-weight: 400;\">Cabgolin 0,5 mg se utiliza principalmente para el <\/span><a href=\"https:\/\/my.clevelandclinic.org\/health\/drugs\/20863-cabergoline-tablets#:~:text=Cabergoline%20(ca%20BER%20goe%20leen)%20is%20used%20to%20treat%20high%20levels%20of%20prolactin%20in%20the%20blood.%20High%20prolactin%20levels%20may%20cause%20bone%20loss%2C%20irregular%20menstrual%20cycles%2C%20infertility%2C%20unwanted%20breast%20milk%20production%2C%20or%20sexual%20problems.%20This%20medicine%20also%20treats%20high%20levels%20of%20prolactin%20caused%20by%20certain%20tumors.\" target=\"_blank\" rel=\"nofollow noopener\"><span style=\"font-weight: 400;\">tratamiento<\/span><\/a><span style=\"font-weight: 400;\"> Hiperprolactinemia, una afecci\u00f3n caracterizada por niveles excesivos de prolactina en la sangre. La hip\u00f3fisis la produce. Su exceso puede provocar diversos problemas reproductivos y hormonales.\u00a0<\/span><\/p>\n<p><span style=\"font-weight: 400;\">Los niveles altos de prolactina pueden provocar infertilidad, menstruaci\u00f3n irregular y disminuci\u00f3n de la libido tanto en mujeres como en hombres. Cabgolin 0.5 mg tambi\u00e9n puede ayudar a controlar los s\u00edntomas relacionados con la infertilidad asociada a la prolactina excesiva.\u00a0<\/span><\/p>\n<p><span style=\"font-weight: 400;\">Las tabletas reducen eficazmente la prolactina, restableciendo el equilibrio hormonal normal y mejorando la salud reproductiva.<\/span><\/p>\n<p><span style=\"font-weight: 400;\">Adem\u00e1s, Cabgolin puede ser <\/span><a href=\"https:\/\/www.sciencedirect.com\/topics\/neuroscience\/cabergoline#:~:text=Cabergoline%20is%20an%20ergoline%20derivative%20that%20has%20been%20used%20in%20patients%20with%20hyperprolactinemia%20%5B1%5D%2C%20but%20is%20used%20nowadays%20in%20patients%20with%20Parkinson%E2%80%99s%20disease.\" target=\"_blank\" rel=\"nofollow noopener\"><span style=\"font-weight: 400;\">indicado<\/span><\/a><span style=\"font-weight: 400;\"> para la enfermedad de Parkinson.\u00a0<\/span><\/p>\n<h3><span style=\"font-weight: 400;\">\u00bfC\u00f3mo act\u00faa la cabergolina?<\/span><\/h3>\n<p><span style=\"font-weight: 400;\">As\u00ed es como funciona la cabergolina, el ingrediente activo de Cabgolin 0,5 mg:<\/span><\/p>\n<ul>\n<li style=\"font-weight: 400;\" aria-level=\"1\"><b>Se une a los receptores de dopamina: <\/b><span style=\"font-weight: 400;\">Cabergolina <\/span><a href=\"https:\/\/www.cancer.gov\/publications\/dictionaries\/cancer-drug\/def\/cabergoline#:~:text=A%20synthetic%20ergoline%20derivative%20and%20a%20long%2Dacting%20dopamine%20receptor%20agonist%20with%20high%20affinity%20for%20the%20dopamine%20D2%20receptor.%20Cabergoline%20exerts%20an%20inhibitory%20effect%20on%20prolactin%20secretion%20by%20acting%20on%20dopamine%20receptors%20present%20in%20pituitary%20lactotrophs.%20This%20drug%20also%20binds%20to%20dopamine%20D2%20receptors\" target=\"_blank\" rel=\"nofollow noopener\"><span style=\"font-weight: 400;\">se une<\/span><\/a><span style=\"font-weight: 400;\"> a los receptores de dopamina, particularmente a los receptores D2, en el cerebro<\/span><\/li>\n<li style=\"font-weight: 400;\" aria-level=\"1\"><b>Inhibe la liberaci\u00f3n de prolactina:<\/b><span style=\"font-weight: 400;\"> Esta acci\u00f3n de uni\u00f3n bloquea la liberaci\u00f3n de prolactina de la gl\u00e1ndula pituitaria. La cabergolina reduce eficazmente los niveles de prolactina en el organismo.<\/span><\/li>\n<li style=\"font-weight: 400;\" aria-level=\"1\"><b>Detiene la producci\u00f3n de leche materna:<\/b><span style=\"font-weight: 400;\"> Ayuda a detener la producci\u00f3n de leche materna.<\/span><\/li>\n<li style=\"font-weight: 400;\" aria-level=\"1\"><b>Trata los desequilibrios hormonales:<\/b><span style=\"font-weight: 400;\"> Aborda los desequilibrios hormonales relacionados con los altos niveles de prolactina.<\/span><\/li>\n<li style=\"font-weight: 400;\" aria-level=\"1\"><b>Restaura la fertilidad:<\/b><span style=\"font-weight: 400;\"> Ayuda a restablecer la fertilidad normal en mujeres con hiperprolactinemia.<\/span><\/li>\n<li style=\"font-weight: 400;\" aria-level=\"1\"><b>Alivia los s\u00edntomas:<\/b><span style=\"font-weight: 400;\"> Ayuda a aliviar los s\u00edntomas asociados con la hiperprolactinemia, como ciclos menstruales irregulares y disminuci\u00f3n de la libido.<\/span><\/li>\n<li style=\"font-weight: 400;\" aria-level=\"1\"><b>Mejora la ovulaci\u00f3n:<\/b><span style=\"font-weight: 400;\"> Puede mejorar la ovulaci\u00f3n regulando los niveles de prolactina.<\/span><\/li>\n<\/ul>\n<h3><span style=\"font-weight: 400;\">\u00bfC\u00f3mo utilizar Cabgolin 0,5 mg?\u00a0\u00a0<\/span><\/h3>\n<p><span style=\"font-weight: 400;\">Debe tomar este medicamento seg\u00fan lo prescrito y seguir el plan de tratamiento en cuanto a la dosis y la duraci\u00f3n del tratamiento con Cabgolin. No lo suspenda por su cuenta. Suspender el medicamento demasiado pronto podr\u00eda provocar la reaparici\u00f3n de su afecci\u00f3n.\u00a0<\/span><\/p>\n<p><span style=\"font-weight: 400;\">Recuerde estos puntos clave antes de usar Cabgolin 0,5 mg:<\/span><\/p>\n<ul>\n<li style=\"font-weight: 400;\" aria-level=\"1\"><span style=\"font-weight: 400;\">Comience con un bajo <\/span><a href=\"https:\/\/www.mayoclinic.org\/drugs-supplements\/cabergoline-oral-route\/proper-use\/drg-20062485#:~:text=For%20disorders%20of%20high,two%20times%20a%20week.\" target=\"_blank\" rel=\"nofollow noopener\"><span style=\"font-weight: 400;\">dosis<\/span><\/a><span style=\"font-weight: 400;\"> (generalmente 0,25 mg dos veces por semana). Su m\u00e9dico ajustar\u00e1 la dosis seg\u00fan sus niveles de prolactina y su respuesta.<\/span><\/li>\n<li style=\"font-weight: 400;\" aria-level=\"1\"><span style=\"font-weight: 400;\">Tome los comprimidos por v\u00eda oral con o sin alimentos.<\/span><\/li>\n<li style=\"font-weight: 400;\" aria-level=\"1\"><span style=\"font-weight: 400;\">Trague las tabletas enteras con agua; no las mastique ni las triture.<\/span><\/li>\n<li style=\"font-weight: 400;\" aria-level=\"1\"><span style=\"font-weight: 400;\">Siga el horario prescrito con constancia. Tome el medicamento a la misma hora cada semana para obtener mejores resultados.<\/span><\/li>\n<li style=\"font-weight: 400;\" aria-level=\"1\"><span style=\"font-weight: 400;\">Siga siempre las instrucciones de su m\u00e9dico con respecto a la dosis, los ajustes y el uso.<\/span><\/li>\n<\/ul>\n<p><span style=\"font-weight: 400;\">Consulte a su m\u00e9dico para obtener orientaci\u00f3n sobre el uso de Cabgolin 0,5 mg, ya que las necesidades individuales y las condiciones m\u00e9dicas pueden variar.<\/span><\/p>","protected":false},"excerpt":{"rendered":"<p>Cabgolin, con Cabergolina, ofrece un potente control de la prolactina para una regulaci\u00f3n hormonal \u00f3ptima y un tratamiento eficaz.<\/p>","protected":false},"featured_media":3608,"comment_status":"open","ping_status":"closed","template":"","meta":{"om_disable_all_campaigns":false,"_uf_show_specific_survey":0,"_uf_disable_surveys":false},"product_brand":[],"product_cat":[595],"product_tag":[],"class_list":{"0":"post-3604","1":"product","2":"type-product","3":"status-publish","4":"has-post-thumbnail","6":"product_cat-womens-health","8":"first","9":"instock","10":"sale","11":"shipping-taxable","12":"purchasable","13":"product-type-variable"},"_links":{"self":[{"href":"https:\/\/wowrxpharmacy.com\/es\/wp-json\/wp\/v2\/product\/3604","targetHints":{"allow":["GET"]}}],"collection":[{"href":"https:\/\/wowrxpharmacy.com\/es\/wp-json\/wp\/v2\/product"}],"about":[{"href":"https:\/\/wowrxpharmacy.com\/es\/wp-json\/wp\/v2\/types\/product"}],"replies":[{"embeddable":true,"href":"https:\/\/wowrxpharmacy.com\/es\/wp-json\/wp\/v2\/comments?post=3604"}],"wp:featuredmedia":[{"embeddable":true,"href":"https:\/\/wowrxpharmacy.com\/es\/wp-json\/wp\/v2\/media\/3608"}],"wp:attachment":[{"href":"https:\/\/wowrxpharmacy.com\/es\/wp-json\/wp\/v2\/media?parent=3604"}],"wp:term":[{"taxonomy":"product_brand","embeddable":true,"href":"https:\/\/wowrxpharmacy.com\/es\/wp-json\/wp\/v2\/product_brand?post=3604"},{"taxonomy":"product_cat","embeddable":true,"href":"https:\/\/wowrxpharmacy.com\/es\/wp-json\/wp\/v2\/product_cat?post=3604"},{"taxonomy":"product_tag","embeddable":true,"href":"https:\/\/wowrxpharmacy.com\/es\/wp-json\/wp\/v2\/product_tag?post=3604"}],"curies":[{"name":"wp","href":"https:\/\/api.w.org\/{rel}","templated":true}]}}