{"id":3588,"date":"2024-09-30T03:15:21","date_gmt":"2024-09-30T07:15:21","guid":{"rendered":"https:\/\/wowrxpharmacy.com\/?post_type=product&#038;p=3588"},"modified":"2024-11-22T05:48:55","modified_gmt":"2024-11-22T10:48:55","slug":"cabgolin-0-25-mg","status":"publish","type":"product","link":"https:\/\/wowrxpharmacy.com\/es\/producto\/cabgolin-0-25-mg\/","title":{"rendered":"Cabgolin 0,25 mg"},"content":{"rendered":"<h3><span style=\"font-weight: 400;\">Acerca de Cabgolin 0,25 mg<\/span><\/h3>\n<p><span style=\"font-weight: 400;\">Cabgolin 0.25 mg es un medicamento con receta que se utiliza para el tratamiento de la hiperprolactinemia o niveles altos de prolactina. Tambi\u00e9n ayuda a suprimir la producci\u00f3n de leche materna en mujeres con muerte fetal intrauterina, abortos o abortos espont\u00e1neos. Contiene cabergolina como principio activo y pertenece a la clase de medicamentos agonistas de la dopamina.<\/span><\/p>\n<p><span style=\"font-weight: 400;\">Adem\u00e1s, Cabgolin 0,25 mg tambi\u00e9n trata otras afecciones causadas por desequilibrios hormonales que provocan niveles elevados de prolactina, como la ausencia de menstruaci\u00f3n. Sun Pharmaceutical Industries Ltd. fabrica Cabgolin, que puede adquirir con descuento en WowRx.<\/span><\/p>\n<h3><span style=\"font-weight: 400;\">Usos de Cabgolin 0,25 mg<\/span><\/h3>\n<p><span style=\"font-weight: 400;\">Cabgolin 0.25 mg es un medicamento que se utiliza para tratar la hiperprolactinemia o los niveles elevados de prolactina. La prolactina es una sustancia natural que ayuda a las mujeres a producir leche para la lactancia. Sin embargo, en mujeres que no est\u00e1n amamantando, el aumento de los niveles de prolactina puede causar infertilidad, p\u00e9rdida \u00f3sea y problemas sexuales.<\/span><\/p>\n<h3><span style=\"font-weight: 400;\">\u00bfC\u00f3mo act\u00faa la cabergolina?<\/span><\/h3>\n<p><span style=\"font-weight: 400;\">La cabergolina pertenece a la clase de medicamentos agonistas de la dopamina. Impide que el cerebro libere prolactina. Es una hormona que... <\/span><a href=\"https:\/\/www.ncbi.nlm.nih.gov\/pmc\/articles\/PMC6558502\/#:~:text=Prolactin%20is%20a,inhibition%20of%20lactation.\" target=\"_blank\" rel=\"nofollow noopener\"><span style=\"font-weight: 400;\">liberado<\/span><\/a><span style=\"font-weight: 400;\"> Producida por la hip\u00f3fisis, la cabergolina contribuye a la s\u00edntesis y el mantenimiento de la secreci\u00f3n l\u00e1ctea. Act\u00faa sobre los receptores de dopamina tipo D2 y disminuye la s\u00edntesis y secreci\u00f3n de prolactina, lo que inhibe la lactancia o la producci\u00f3n de leche materna.<\/span><\/p>\n<h3><span style=\"font-weight: 400;\">\u00bfC\u00f3mo utilizar Cabgolin 0,25 mg?<\/span><\/h3>\n<p><span style=\"font-weight: 400;\">El comprimido de Cabgolin 0,25 mg se puede utilizar de las siguientes maneras:<\/span><\/p>\n<ul>\n<li style=\"font-weight: 400;\" aria-level=\"1\"><span style=\"font-weight: 400;\">Tome Cabgolin en la dosis prescrita.<\/span><\/li>\n<li style=\"font-weight: 400;\" aria-level=\"1\"><span style=\"font-weight: 400;\">Puede tomar este medicamento con o sin alimentos.<\/span><\/li>\n<li style=\"font-weight: 400;\" aria-level=\"1\"><span style=\"font-weight: 400;\">No triture, rompa ni mastique la tableta de Cabgolin. Tr\u00e1guela entera con un vaso de agua.<\/span><\/li>\n<li style=\"font-weight: 400;\" aria-level=\"1\"><span style=\"font-weight: 400;\">No omita, suspenda ni aumente la dosis de este medicamento sin consultar a su m\u00e9dico.<\/span><\/li>\n<li style=\"font-weight: 400;\" aria-level=\"1\"><span style=\"font-weight: 400;\">Si experimenta alg\u00fan efecto secundario despu\u00e9s de tomar este medicamento, consulte a su m\u00e9dico y busque tratamiento m\u00e9dico.<\/span><\/li>\n<li style=\"font-weight: 400;\" aria-level=\"1\"><span style=\"font-weight: 400;\">Cabgolin 0,25 mg es un medicamento semanal, por lo que debe recordar tomarlo a su hora. Generalmente se toma una o dos veces por semana.<\/span><\/li>\n<\/ul>\n<p><span style=\"font-weight: 400;\">El medicamento comienza a actuar en tres horas y permanece activo. <\/span><a href=\"https:\/\/academic.oup.com\/jcem\/article\/84\/7\/2518\/2864450#:~:text=With%20duration%20of%20action%20up%20to%2014%20days%20after%20a%20single%20dose%2C%20cabergoline%20needs%20to%20be%20taken%20only%20once%20or%20twice%20weekly\" target=\"_blank\" rel=\"nofollow noopener\"><span style=\"font-weight: 400;\">eficaz<\/span><\/a><span style=\"font-weight: 400;\"> por hasta 14 d\u00edas<\/span><\/p>","protected":false},"excerpt":{"rendered":"<p>Cabgolin reduce los niveles altos de prolactina, favoreciendo el equilibrio hormonal y tratando eficazmente afecciones como la hiperprolactinemia.<\/p>","protected":false},"featured_media":3592,"comment_status":"open","ping_status":"closed","template":"","meta":{"om_disable_all_campaigns":false,"_uf_show_specific_survey":0,"_uf_disable_surveys":false},"product_brand":[],"product_cat":[595],"product_tag":[],"class_list":{"0":"post-3588","1":"product","2":"type-product","3":"status-publish","4":"has-post-thumbnail","6":"product_cat-womens-health","8":"first","9":"instock","10":"sale","11":"shipping-taxable","12":"purchasable","13":"product-type-variable"},"_links":{"self":[{"href":"https:\/\/wowrxpharmacy.com\/es\/wp-json\/wp\/v2\/product\/3588","targetHints":{"allow":["GET"]}}],"collection":[{"href":"https:\/\/wowrxpharmacy.com\/es\/wp-json\/wp\/v2\/product"}],"about":[{"href":"https:\/\/wowrxpharmacy.com\/es\/wp-json\/wp\/v2\/types\/product"}],"replies":[{"embeddable":true,"href":"https:\/\/wowrxpharmacy.com\/es\/wp-json\/wp\/v2\/comments?post=3588"}],"wp:featuredmedia":[{"embeddable":true,"href":"https:\/\/wowrxpharmacy.com\/es\/wp-json\/wp\/v2\/media\/3592"}],"wp:attachment":[{"href":"https:\/\/wowrxpharmacy.com\/es\/wp-json\/wp\/v2\/media?parent=3588"}],"wp:term":[{"taxonomy":"product_brand","embeddable":true,"href":"https:\/\/wowrxpharmacy.com\/es\/wp-json\/wp\/v2\/product_brand?post=3588"},{"taxonomy":"product_cat","embeddable":true,"href":"https:\/\/wowrxpharmacy.com\/es\/wp-json\/wp\/v2\/product_cat?post=3588"},{"taxonomy":"product_tag","embeddable":true,"href":"https:\/\/wowrxpharmacy.com\/es\/wp-json\/wp\/v2\/product_tag?post=3588"}],"curies":[{"name":"wp","href":"https:\/\/api.w.org\/{rel}","templated":true}]}}