{"id":3438,"date":"2024-09-25T07:15:22","date_gmt":"2024-09-25T11:15:22","guid":{"rendered":"https:\/\/wowrxpharmacy.com\/?post_type=product&#038;p=3438"},"modified":"2025-02-21T04:52:05","modified_gmt":"2025-02-21T09:52:05","slug":"gel-de-adaferina-015-g","status":"publish","type":"product","link":"https:\/\/wowrxpharmacy.com\/es\/producto\/gel-de-adaferina-015-g\/","title":{"rendered":"Adaferin Gel 0.1% (15gm)"},"content":{"rendered":"<h3><span style=\"font-weight: 400;\">\u00bfQu\u00e9 es Adaferin 0.1 Gel 15g?<\/span><\/h3>\n<p><span style=\"font-weight: 400;\">El gel Adaferin 0.1% (15 g) es un medicamento t\u00f3pico fabricado por Galderma, dise\u00f1ado para tratar eficazmente el acn\u00e9 leve a moderado. Este gel contiene adapaleno, un compuesto similar a un retinoide que reduce la producci\u00f3n de grasa en la piel y destapa los poros. Esto ayuda a disminuir la cantidad de granos, puntos negros y puntos blancos, a la vez que promueve una piel m\u00e1s suave.\u00a0<\/span><\/p>\n<p><span style=\"font-weight: 400;\">Gracias a sus propiedades antiinflamatorias, Adaferin tambi\u00e9n reduce el enrojecimiento y la irritaci\u00f3n asociados con el acn\u00e9. Conocido por su eficacia, este gel suele ser recomendado por dermat\u00f3logos para una piel m\u00e1s limpia.\u00a0<\/span><\/p>\n<p><span style=\"font-weight: 400;\">Para una piel m\u00e1s limpia, considere comprar Adaferina 0.1% Gel c\u00f3modamente a trav\u00e9s de WowRx hoy mismo para una entrega r\u00e1pida. Aseg\u00farese de consultar con su profesional de la salud antes de usarlo.<\/span><\/p>\n<h3><span style=\"font-weight: 400;\">\u00bfPara qu\u00e9 se utiliza Adaferin 0.1 gel 15g?<\/span><\/h3>\n<p><span style=\"font-weight: 400;\">Adaferina 0.1 gel 15g se utiliza para <\/span><a href=\"https:\/\/medlineplus.gov\/druginfo\/meds\/a604001.html#:~:text=Adapalene%20is%20used%20to%20treat%20acne%20in%20adults%20and%20children%2012%20years%20of%20and%20older.%20Adapalene%20is%20in%20a%20class%20of%20medications%20called%20retinoid%2Dlike%20compounds.%20It%20works%20by%20stopping%20pimples%20from%20forming%20under%20the%20surface%20of%20the%20skin.\" target=\"_blank\" rel=\"nofollow noopener\"><span style=\"font-weight: 400;\">tratar<\/span><\/a><span style=\"font-weight: 400;\"> acn\u00e9, incluyendo:<\/span><\/p>\n<ul>\n<li style=\"font-weight: 400;\" aria-level=\"1\"><span style=\"font-weight: 400;\">Puntos blancos<\/span><\/li>\n<li style=\"font-weight: 400;\" aria-level=\"1\"><span style=\"font-weight: 400;\">puntos negros<\/span><\/li>\n<li style=\"font-weight: 400;\" aria-level=\"1\"><span style=\"font-weight: 400;\">Granos<\/span><\/li>\n<\/ul>\n<h3><span style=\"font-weight: 400;\">\u00bfC\u00f3mo act\u00faa Adapalene 0.1%?<\/span><\/h3>\n<p><span style=\"font-weight: 400;\">El ingrediente activo, adapaleno, <\/span><a href=\"https:\/\/www.ncbi.nlm.nih.gov\/books\/NBK482509\/#:~:text=The%20microcomedone%20is%20the%20precursor%20to%20all%20visible%20acne%20lesions%20like%20open%20comedones%2C%20closed%20comedones%2C%20inflammatory%20papules%2C%20pustules%2C%20and%20nodulocystic%20lesions.%20Adapalene%20normalizes%20the%20differentiation%20of%20follicular%20epithelial%20cells%20to%20prevent%20microcomedone%20formation.\" target=\"_blank\" rel=\"nofollow noopener\"><span style=\"font-weight: 400;\">afecta<\/span><\/a><span style=\"font-weight: 400;\"> Impulsa el crecimiento celular y reduce la inflamaci\u00f3n. Ayuda a destapar los poros, disminuye la hinchaz\u00f3n y previene la formaci\u00f3n de nuevas lesiones de acn\u00e9 al normalizar la descamaci\u00f3n de las c\u00e9lulas cut\u00e1neas.<\/span><\/p>\n<h3><span style=\"font-weight: 400;\">\u00bfC\u00f3mo utilizar Adaferin 0.1 gel 15g?<\/span><\/h3>\n<p><span style=\"font-weight: 400;\">Para utilizar el gel Adaferin\u00a0<\/span><\/p>\n<ul>\n<li style=\"font-weight: 400;\" aria-level=\"1\"><span style=\"font-weight: 400;\">Lave y seque bien su piel.<\/span><\/li>\n<li style=\"font-weight: 400;\" aria-level=\"1\"><span style=\"font-weight: 400;\">Aplicar una capa fina sobre la zona afectada. <\/span><a href=\"https:\/\/www.mayoclinic.org\/drugs-supplements\/adapalene-topical-route\/proper-use\/drg-20061544#:~:text=Apply%20a%20small%20amount%20as%20a%20thin%20film%20once%20a%20day%2C%20at%20least%20one%20hour%20before%20bedtime.%20Apply%20the%20medicine%20to%20dry%2C%20clean%20areas%20affected%20by%20acne.\" target=\"_blank\" rel=\"nofollow noopener\"><span style=\"font-weight: 400;\">una vez<\/span><\/a><span style=\"font-weight: 400;\"> diariamente por la noche o al menos una hora antes de ir a dormir despu\u00e9s<\/span><\/li>\n<li style=\"font-weight: 400;\" aria-level=\"1\"><span style=\"font-weight: 400;\">Evite el contacto del gel con los ojos, labios y mucosas.<\/span><\/li>\n<li style=\"font-weight: 400;\" aria-level=\"1\"><span style=\"font-weight: 400;\">L\u00e1vese las manos antes y despu\u00e9s de aplicar el gel.\u00a0<\/span><\/li>\n<\/ul>\n<p><span style=\"font-weight: 400;\">Siga las instrucciones de uso de su dermat\u00f3logo.<\/span><\/p>","protected":false},"excerpt":{"rendered":"<ul>\n<li style=\"font-weight: 400;\" aria-level=\"1\"><span style=\"font-weight: 400;\">Gel de adapaleno aprobado por la FDA<\/span><\/li>\n<li style=\"font-weight: 400;\" aria-level=\"1\"><span style=\"font-weight: 400;\">Trata el acn\u00e9<\/span><\/li>\n<li style=\"font-weight: 400;\" aria-level=\"1\"><span style=\"font-weight: 400;\">Resultados visibles en 2-3 semanas<\/span><\/li>\n<li style=\"font-weight: 400;\" aria-level=\"1\"><span style=\"font-weight: 400;\">F\u00e1cil aplicaci\u00f3n t\u00f3pica<\/span><\/li>\n<li style=\"font-weight: 400;\" aria-level=\"1\"><span style=\"font-weight: 400;\">Env\u00edo en 24 horas<\/span><\/li>\n<\/ul>","protected":false},"featured_media":3450,"comment_status":"open","ping_status":"closed","template":"","meta":{"om_disable_all_campaigns":false,"_uf_show_specific_survey":0,"_uf_disable_surveys":false},"product_brand":[],"product_cat":[534],"product_tag":[],"class_list":{"0":"post-3438","1":"product","2":"type-product","3":"status-publish","4":"has-post-thumbnail","6":"product_cat-skin-care","8":"first","9":"instock","10":"shipping-taxable","11":"purchasable","12":"product-type-variable"},"_links":{"self":[{"href":"https:\/\/wowrxpharmacy.com\/es\/wp-json\/wp\/v2\/product\/3438","targetHints":{"allow":["GET"]}}],"collection":[{"href":"https:\/\/wowrxpharmacy.com\/es\/wp-json\/wp\/v2\/product"}],"about":[{"href":"https:\/\/wowrxpharmacy.com\/es\/wp-json\/wp\/v2\/types\/product"}],"replies":[{"embeddable":true,"href":"https:\/\/wowrxpharmacy.com\/es\/wp-json\/wp\/v2\/comments?post=3438"}],"wp:featuredmedia":[{"embeddable":true,"href":"https:\/\/wowrxpharmacy.com\/es\/wp-json\/wp\/v2\/media\/3450"}],"wp:attachment":[{"href":"https:\/\/wowrxpharmacy.com\/es\/wp-json\/wp\/v2\/media?parent=3438"}],"wp:term":[{"taxonomy":"product_brand","embeddable":true,"href":"https:\/\/wowrxpharmacy.com\/es\/wp-json\/wp\/v2\/product_brand?post=3438"},{"taxonomy":"product_cat","embeddable":true,"href":"https:\/\/wowrxpharmacy.com\/es\/wp-json\/wp\/v2\/product_cat?post=3438"},{"taxonomy":"product_tag","embeddable":true,"href":"https:\/\/wowrxpharmacy.com\/es\/wp-json\/wp\/v2\/product_tag?post=3438"}],"curies":[{"name":"wp","href":"https:\/\/api.w.org\/{rel}","templated":true}]}}