{"id":3372,"date":"2024-06-13T08:09:52","date_gmt":"2024-06-13T12:09:52","guid":{"rendered":"https:\/\/wowrxpharmacy.com\/?post_type=product&#038;p=3372"},"modified":"2024-10-16T03:51:28","modified_gmt":"2024-10-16T07:51:28","slug":"a-ret-gel-0-05-20-gm","status":"publish","type":"product","link":"https:\/\/wowrxpharmacy.com\/es\/producto\/a-ret-gel-0-05-20-gm\/","title":{"rendered":"A Ret Gel 0.05% Tretinoin Gel 20gm"},"content":{"rendered":"<h3><span style=\"font-weight: 400;\">Sobre el medicamento<\/span><\/h3>\n<p><span style=\"font-weight: 400;\">A Ret Gel 0,05 es un tratamiento \u00fatil para las manchas cut\u00e1neas, el acn\u00e9 y la piel da\u00f1ada por el sol. El ingrediente activo del gel t\u00f3pico es la Tretino\u00edna, que mantiene la piel limpia. Este gel de Tretino\u00edna reduce el exceso de grasa de la piel y mantiene los poros limpios.\u00a0<\/span><\/p>\n<p><span style=\"font-weight: 400;\">Adem\u00e1s, A Ret gel 0,05 es una forma de vitamina A que mejora la textura \u00e1spera de la piel y disminuye la aparici\u00f3n de arrugas, l\u00edneas finas y manchas oscuras. Este gel est\u00e1 fabricado por<\/span><span style=\"font-weight: 400;\"> A. Menarini Pvt Ltd.\u00a0<\/span><\/p>\n<h3><span style=\"font-weight: 400;\">Usos de A Ret Gel\u00a0<\/span><\/h3>\n<p><span style=\"font-weight: 400;\">A Ret 0.05% tiene cr\u00edticas muy positivas y es un medicamento recomendado <\/span><span style=\"font-weight: 400;\">para tratar su piel da\u00f1ada.<\/span><span style=\"font-weight: 400;\">Se aplica sobre la piel como medicamento t\u00f3pico para tratar el acn\u00e9.<\/span><\/p>\n<p><span style=\"font-weight: 400;\">El acn\u00e9 es una <\/span><span style=\"font-weight: 400;\">condici\u00f3n en <\/span><span style=\"font-weight: 400;\">que los fol\u00edculos pilosos de la superficie de la piel se obstruyen con grasa, c\u00e9lulas cut\u00e1neas muertas y polvo, lo que acaba provocando trastornos como puntos negros, puntos blancos y espinillas.<\/span><\/p>\n<p><span style=\"font-weight: 400;\">Evitar la congesti\u00f3n de los poros puede hacer frente al acn\u00e9. A Ret Gel 0.05% es un potente gel para desobstruir los poros obstruidos que favorece una recuperaci\u00f3n m\u00e1s r\u00e1pida de la piel y reduce el n\u00famero de nuevos brotes de acn\u00e9.<\/span><\/p>\n<h3><span style=\"font-weight: 400;\">Funcionamiento de la Tretino\u00edna 0,05<\/span><\/h3>\n<p><span style=\"font-weight: 400;\">A Ret Gel 0,05 contiene el principio activo Tretino\u00edna, clasificado en la clase m\u00e9dica de los Retinoides. Facilita la eliminaci\u00f3n de las c\u00e9lulas muertas de la piel, promoviendo el crecimiento de nuevas c\u00e9lulas en su lugar.<\/span><\/p>\n<p><span style=\"font-weight: 400;\">Al desobstruir los poros y reducir el n\u00famero de puntos negros, la Tretino\u00edna ayuda a eliminar las imperfecciones de la piel. <\/span><span style=\"font-weight: 400;\">Se ha demostrado que A Ret Gel, una versi\u00f3n de la vitamina A, puede retrasar el proceso de envejecimiento. Ayuda en el tratamiento del acn\u00e9 al desobstruir los poros y evitar futuros brotes.<\/span><\/p>\n<p><span style=\"font-weight: 400;\">Puede tardar m\u00e1s de una semana en ver resultados. Por lo tanto, es fundamental seguir haci\u00e9ndolo aunque parezca ineficaz. Adem\u00e1s, el ingrediente activo nutre la piel propensa al acn\u00e9 y elimina cualquier desarrollo bacteriano que pueda haber estado presente en los poros.<\/span><\/p>\n<h3><span style=\"font-weight: 400;\">C\u00f3mo utilizar A Ret gel 0,05<\/span><\/h3>\n<p><span style=\"font-weight: 400;\">Aplicar el medicamento sobre la piel antes de acostarse durante el tiempo que recomiende el m\u00e9dico proporcionar\u00e1 los mejores resultados. Lave y seque bien la regi\u00f3n antes de aplicar una fina capa de este gel.<\/span><\/p>\n<p><span style=\"font-weight: 400;\">La Tretino\u00edna 0,05 no debe ingerirse, comerse ni aplicarse sobre la piel lesionada. Para obtener resultados eficaces, utilice el gel todos los d\u00edas o seg\u00fan prescripci\u00f3n m\u00e9dica. Si su problema no ha mejorado en unas semanas, debe ponerse en contacto de nuevo con su m\u00e9dico.<\/span><\/p>","protected":false},"excerpt":{"rendered":"<ul>\n<li style=\"font-weight: 400;\" aria-level=\"1\"><span style=\"font-weight: 400;\">Trata y reduce el acn\u00e9<\/span><\/li>\n<li style=\"font-weight: 400;\" aria-level=\"1\"><span style=\"font-weight: 400;\">Aten\u00faa las l\u00edneas de expresi\u00f3n, las arrugas y las manchas oscuras<\/span><\/li>\n<li style=\"font-weight: 400;\" aria-level=\"1\"><span style=\"font-weight: 400;\">Controla el exceso de grasa y aclara la piel<\/span><\/li>\n<li style=\"font-weight: 400;\" aria-level=\"1\"><span style=\"font-weight: 400;\">Previene los puntos negros y blancos<\/span><\/li>\n<li style=\"font-weight: 400;\" aria-level=\"1\"><span style=\"font-weight: 400;\">Efectos visibles en 6 semanas<\/span><\/li>\n<\/ul>","protected":false},"featured_media":3381,"comment_status":"open","ping_status":"closed","template":"","meta":{"om_disable_all_campaigns":false,"_uf_show_specific_survey":0,"_uf_disable_surveys":false},"product_brand":[],"product_cat":[534],"product_tag":[],"class_list":{"0":"post-3372","1":"product","2":"type-product","3":"status-publish","4":"has-post-thumbnail","6":"product_cat-skin-care","8":"first","9":"instock","10":"shipping-taxable","11":"purchasable","12":"product-type-variable","13":"has-default-attributes"},"_links":{"self":[{"href":"https:\/\/wowrxpharmacy.com\/es\/wp-json\/wp\/v2\/product\/3372","targetHints":{"allow":["GET"]}}],"collection":[{"href":"https:\/\/wowrxpharmacy.com\/es\/wp-json\/wp\/v2\/product"}],"about":[{"href":"https:\/\/wowrxpharmacy.com\/es\/wp-json\/wp\/v2\/types\/product"}],"replies":[{"embeddable":true,"href":"https:\/\/wowrxpharmacy.com\/es\/wp-json\/wp\/v2\/comments?post=3372"}],"wp:featuredmedia":[{"embeddable":true,"href":"https:\/\/wowrxpharmacy.com\/es\/wp-json\/wp\/v2\/media\/3381"}],"wp:attachment":[{"href":"https:\/\/wowrxpharmacy.com\/es\/wp-json\/wp\/v2\/media?parent=3372"}],"wp:term":[{"taxonomy":"product_brand","embeddable":true,"href":"https:\/\/wowrxpharmacy.com\/es\/wp-json\/wp\/v2\/product_brand?post=3372"},{"taxonomy":"product_cat","embeddable":true,"href":"https:\/\/wowrxpharmacy.com\/es\/wp-json\/wp\/v2\/product_cat?post=3372"},{"taxonomy":"product_tag","embeddable":true,"href":"https:\/\/wowrxpharmacy.com\/es\/wp-json\/wp\/v2\/product_tag?post=3372"}],"curies":[{"name":"wp","href":"https:\/\/api.w.org\/{rel}","templated":true}]}}