{"id":3327,"date":"2024-06-10T05:29:38","date_gmt":"2024-06-10T09:29:38","guid":{"rendered":"https:\/\/wowrxpharmacy.com\/?post_type=product&#038;p=3327"},"modified":"2024-11-21T01:33:43","modified_gmt":"2024-11-21T06:33:43","slug":"careprost-colirio-3ml","status":"publish","type":"product","link":"https:\/\/wowrxpharmacy.com\/es\/producto\/careprost-colirio-3ml\/","title":{"rendered":"Careprost 3 ml. de 0,03%"},"content":{"rendered":"<h3><span style=\"font-weight: 400;\">\u00bfQu\u00e9 es Careprost 3ml?<\/span><\/h3>\n<p><span style=\"font-weight: 400;\">Careprost 3ml es un colirio en soluci\u00f3n que contiene Bimatoprost 0,03% como principio activo.\u00a0<\/span><\/p>\n<p><span style=\"font-weight: 400;\">El bimatoprost es un an\u00e1logo de la prostaglandina, aprobado por la FDA para el tratamiento del glaucoma de \u00e1ngulo abierto y la hipertensi\u00f3n ocular, que mejora el drenaje del l\u00edquido (humor acuoso) del ojo, lo que ayuda a reducir la presi\u00f3n intraocular.\u00a0<\/span><\/p>\n<p><span style=\"font-weight: 400;\">Careprost tambi\u00e9n se utiliza para tratar la hipotricosis (crecimiento inadecuado de las pesta\u00f1as).<\/span><\/p>\n<p><span style=\"font-weight: 400;\">Sun Pharmaceutical Industries Ltd lo fabrica.\u00a0<\/span><\/p>\n<p><span style=\"font-weight: 400;\">El Careprost gotas para los ojos son f\u00e1cilmente disponibles a precios asequibles en l\u00ednea en WowRxPharmacy.<\/span><\/p>\n<h3><span style=\"font-weight: 400;\">\u00bfPara qu\u00e9 se utiliza el colirio Careprost?<\/span><\/h3>\n<p><span style=\"font-weight: 400;\">Careprost contiene Bimatoprost, y la FDA lo ha aprobado para diversas afecciones.<\/span><\/p>\n<p><span style=\"font-weight: 400;\">Algunos de los usos de Careprost 3ml incluyen:<\/span><\/p>\n<ul>\n<li style=\"font-weight: 400;\" aria-level=\"1\"><b>Glaucoma de \u00e1ngulo abierto: <\/b><span style=\"font-weight: 400;\">El glaucoma de \u00e1ngulo abierto es un tipo com\u00fan de glaucoma en el que el drenaje de l\u00edquido del ojo se vuelve ineficaz, lo que provoca un aumento de la presi\u00f3n intraocular.<\/span><\/li>\n<li style=\"font-weight: 400;\" aria-level=\"1\"><b>Hipertensi\u00f3n ocular: <\/b><span style=\"font-weight: 400;\">Enfermedad caracterizada por una presi\u00f3n superior a la normal en el interior del ojo (presi\u00f3n intraocular) sin que se produzcan da\u00f1os en el nervio \u00f3ptico ni p\u00e9rdida de visi\u00f3n. Es similar al glaucoma en cuanto al aumento de la presi\u00f3n intraocular, pero sin los signos o s\u00edntomas t\u00edpicos del glaucoma, como da\u00f1o del nervio \u00f3ptico o p\u00e9rdida de visi\u00f3n.<\/span><\/li>\n<li style=\"font-weight: 400;\" aria-level=\"1\"><b>Hipotricosis:<\/b><span style=\"font-weight: 400;\">\u00a0 Enfermedad rara caracterizada por un crecimiento deficiente o nulo del cabello, que suele presentarse desde el nacimiento.<\/span><\/li>\n<\/ul>\n<h3><span style=\"font-weight: 400;\">\u00bfC\u00f3mo act\u00faa Careprost?<\/span><\/h3>\n<p><a href=\"https:\/\/www.accessdata.fda.gov\/drugsatfda_docs\/nda\/2001\/21275_Lumigan0.03percentOpthalmisSolution_approv.pdf\" target=\"_blank\" rel=\"noopener\"><span style=\"font-weight: 400;\">Careprost 3ml trata eficazmente el glaucoma de \u00e1ngulo abierto<\/span><\/a><span style=\"font-weight: 400;\"> e Hipertensi\u00f3n Ocular al mejorar el drenaje de l\u00edquido (humor acuoso) del ojo.\u00a0<\/span><\/p>\n<p><span style=\"font-weight: 400;\">En estas enfermedades, el deterioro de la secreci\u00f3n o el drenaje del l\u00edquido provoca un aumento de la presi\u00f3n intraocular. Al mejorar el flujo de salida del humor acuoso, Bimatoprost reduce la presi\u00f3n intraocular elevada, controlando as\u00ed el glaucoma y la hipertensi\u00f3n ocular.\u00a0<\/span><\/p>\n<p>&nbsp;<\/p>\n<p><span style=\"font-weight: 400;\">Adem\u00e1s, <\/span><a href=\"https:\/\/www.ncbi.nlm.nih.gov\/pmc\/articles\/PMC2861943\/\" target=\"_blank\" rel=\"noopener\"><span style=\"font-weight: 400;\">Bimatoprost trata la hipotricosis<\/span><\/a><span style=\"font-weight: 400;\"> estimulando la conversi\u00f3n de fol\u00edculos de pesta\u00f1as finas y claras en fol\u00edculos m\u00e1s gruesos y oscuros, lo que da lugar a pesta\u00f1as m\u00e1s largas y voluminosas.<\/span><\/p>\n<h3><span style=\"font-weight: 400;\">\u00bfC\u00f3mo utilizar Careprost 3ml?<\/span><\/h3>\n<p><span style=\"font-weight: 400;\">Para utilizar Careprost 0,03%, consulte a un m\u00e9dico antes de utilizar la soluci\u00f3n oft\u00e1lmica de Bimatoprost. Siga atentamente estas instrucciones:<\/span><\/p>\n<ul>\n<li style=\"font-weight: 400;\" aria-level=\"1\"><span style=\"font-weight: 400;\">L\u00e1vese bien las manos antes y despu\u00e9s de ponerse el colirio.<\/span><\/li>\n<li style=\"font-weight: 400;\" aria-level=\"1\"><span style=\"font-weight: 400;\">Poner el n\u00famero de gotas prescrito una vez al d\u00eda por la tarde o por la noche en el ojo afectado o seg\u00fan las instrucciones<\/span><\/li>\n<li style=\"font-weight: 400;\" aria-level=\"1\"><span style=\"font-weight: 400;\">Cierre los ojos durante 2 \u00f3 3 minutos despu\u00e9s de aplicar las gotas y evite parpadear o apretar los ojos.<\/span><\/li>\n<li style=\"font-weight: 400;\" aria-level=\"1\"><span style=\"font-weight: 400;\">Aseg\u00farese de no tocarse los ojos con el cuentagotas y mant\u00e9ngalo limpio<\/span><\/li>\n<li style=\"font-weight: 400;\" aria-level=\"1\"><span style=\"font-weight: 400;\">Limpia el exceso de l\u00edquido de tu cara con un pa\u00f1uelo de papel<\/span><\/li>\n<li style=\"font-weight: 400;\" aria-level=\"1\"><span style=\"font-weight: 400;\">Utilice el n\u00famero exacto de gotas recomendado por su m\u00e9dico<\/span><\/li>\n<\/ul>\n<p><span style=\"font-weight: 400;\">Si utiliza lentes de contacto, espere al menos 15 minutos antes de volver a pon\u00e9rselas. Si experimenta cualquier nueva afecci\u00f3n o reacci\u00f3n ocular, interrumpa su uso y consulte a su m\u00e9dico inmediatamente.<\/span><\/p>","protected":false},"excerpt":{"rendered":"<ul>\n<li style=\"font-weight: 400;\" aria-level=\"1\"><span style=\"font-weight: 400;\">Bimatoprost aprobado por la FDA<\/span><\/li>\n<li style=\"font-weight: 400;\" aria-level=\"1\"><span style=\"font-weight: 400;\">Reduce la presi\u00f3n ocular hasta 24 horas<\/span><\/li>\n<li style=\"font-weight: 400;\" aria-level=\"1\"><span style=\"font-weight: 400;\">Pesta\u00f1as m\u00e1s largas, espesas y oscuras<\/span><\/li>\n<li style=\"font-weight: 400;\" aria-level=\"1\"><span style=\"font-weight: 400;\">Resultados visibles en 8 semanas<\/span><\/li>\n<li style=\"font-weight: 400;\" aria-level=\"1\"><span style=\"font-weight: 400;\">Env\u00edo en 24 horas<\/span><\/li>\n<\/ul>","protected":false},"featured_media":3339,"comment_status":"open","ping_status":"closed","template":"","meta":{"om_disable_all_campaigns":false,"_uf_show_specific_survey":0,"_uf_disable_surveys":false},"product_brand":[],"product_cat":[2116,469,1757],"product_tag":[],"class_list":{"0":"post-3327","1":"product","2":"type-product","3":"status-publish","4":"has-post-thumbnail","6":"product_cat-2-day-delivery","7":"product_cat-eye-care","8":"product_cat-featured-products","10":"first","11":"instock","12":"shipping-taxable","13":"purchasable","14":"product-type-variable","15":"has-default-attributes"},"_links":{"self":[{"href":"https:\/\/wowrxpharmacy.com\/es\/wp-json\/wp\/v2\/product\/3327","targetHints":{"allow":["GET"]}}],"collection":[{"href":"https:\/\/wowrxpharmacy.com\/es\/wp-json\/wp\/v2\/product"}],"about":[{"href":"https:\/\/wowrxpharmacy.com\/es\/wp-json\/wp\/v2\/types\/product"}],"replies":[{"embeddable":true,"href":"https:\/\/wowrxpharmacy.com\/es\/wp-json\/wp\/v2\/comments?post=3327"}],"wp:featuredmedia":[{"embeddable":true,"href":"https:\/\/wowrxpharmacy.com\/es\/wp-json\/wp\/v2\/media\/3339"}],"wp:attachment":[{"href":"https:\/\/wowrxpharmacy.com\/es\/wp-json\/wp\/v2\/media?parent=3327"}],"wp:term":[{"taxonomy":"product_brand","embeddable":true,"href":"https:\/\/wowrxpharmacy.com\/es\/wp-json\/wp\/v2\/product_brand?post=3327"},{"taxonomy":"product_cat","embeddable":true,"href":"https:\/\/wowrxpharmacy.com\/es\/wp-json\/wp\/v2\/product_cat?post=3327"},{"taxonomy":"product_tag","embeddable":true,"href":"https:\/\/wowrxpharmacy.com\/es\/wp-json\/wp\/v2\/product_tag?post=3327"}],"curies":[{"name":"wp","href":"https:\/\/api.w.org\/{rel}","templated":true}]}}