{"id":32437,"date":"2024-09-21T06:00:14","date_gmt":"2024-09-21T10:00:14","guid":{"rendered":"https:\/\/wowrxpharmacy.com\/?post_type=product&#038;p=32437"},"modified":"2025-02-19T23:52:48","modified_gmt":"2025-02-20T04:52:48","slug":"oestrogel-80g","status":"publish","type":"product","link":"https:\/\/wowrxpharmacy.com\/es\/producto\/oestrogel-80g\/","title":{"rendered":"Oestrogel 80g"},"content":{"rendered":"<h3><span style=\"font-weight: 400;\">Acerca de Oestrogel 80g<\/span><\/h3>\n<p><span style=\"font-weight: 400;\">Oestrogel 80g es una Terapia Hormonal Sustitutiva (THS) t\u00f3pica de prescripci\u00f3n m\u00e9dica. Contiene estradiol, un derivado del estr\u00f3geno que act\u00faa como \u00e9ste, producido principalmente por los ovarios. Por lo tanto, despu\u00e9s de la menopausia, cuando las mujeres experimentan un descenso pronunciado de los niveles de estr\u00f3geno, el gel Oestrogel puede proporcionarles alivio al tratar la deficiencia hormonal.<\/span><\/p>\n<p><span style=\"font-weight: 400;\">Oestrogel pertenece a la clase de medicamentos de las hormonas estrog\u00e9nicas. Puede tratar la sequedad vaginal y otros s\u00edntomas de la menopausia. Besins Healthcare es su fabricante, y puedes comprar Oestrogel 80g online en WowRx a los mejores precios.<\/span><\/p>\n<h3><span style=\"font-weight: 400;\">Beneficios de Oestrogel 80g<\/span><\/h3>\n<p><span style=\"font-weight: 400;\">El gel puede <\/span><a href=\"https:\/\/my.clevelandclinic.org\/health\/drugs\/20075-estradiol-topical-gel#:~:text=ESTRADIOL%20(es%20tra,an%20estrogen%20hormone.\" target=\"_blank\" rel=\"nofollow noopener\"><span style=\"font-weight: 400;\">proporcionar alivio <\/span><\/a><span style=\"font-weight: 400;\">de sofocos, sequedad vaginal, picor, sensaci\u00f3n de quemaz\u00f3n, irritaci\u00f3n y dolor durante las relaciones sexuales. Adem\u00e1s, su m\u00e9dico tambi\u00e9n puede recomendarle el gel de Oestrogel para reducir los riesgos de fragilidad \u00f3sea u osteoporosis tras la menopausia. El estr\u00f3geno desempe\u00f1a un papel crucial en el mantenimiento de una densidad \u00f3sea sana. Con descensos pronunciados de los niveles de estr\u00f3genos, las mujeres se vuelven sensibles a las fracturas \u00f3seas.<\/span><\/p>\n<h3><span style=\"font-weight: 400;\">\u00bfC\u00f3mo funciona Oestrogel 80g?<\/span><\/h3>\n<p><span style=\"font-weight: 400;\">Oestrogel es una THS eficaz y act\u00faa sustituyendo el estr\u00f3geno liberado principalmente por los ovarios, para que pueda tener niveles de estr\u00f3geno premenop\u00e1usicos. Cuando se aplica t\u00f3picamente sobre la piel, la hormona se absorbe en el torrente sangu\u00edneo, elevando los niveles de estr\u00f3geno y aliviando los s\u00edntomas de la menopausia.\u00a0<\/span><\/p>\n<h3><span style=\"font-weight: 400;\">\u00bfC\u00f3mo aplicar Oestrogel 80g?<\/span><\/h3>\n<p><span style=\"font-weight: 400;\">Oestrogel es un medicamento t\u00f3pico que se aplica sobre la piel. Te hace sentir m\u00e1s c\u00f3moda mientras recibes una dosis de estr\u00f3geno para diversas funciones corporales. Debe utilizarse en la dosis prescrita y seg\u00fan las indicaciones de su profesional sanitario.\u00a0<\/span><\/p>\n<p><span style=\"font-weight: 400;\">Para <\/span><a href=\"https:\/\/www.nhs.uk\/medicines\/hormone-replacement-therapy-hrt\/oestrogen-tablets-patches-gel-and-spray\/how-and-when-to-take-or-use-oestrogen-tablets-patches-gel-and-spray\/#:~:text=Your%20doctor%20will,breasts%20or%20genitals.\" target=\"_blank\" rel=\"nofollow noopener\"><span style=\"font-weight: 400;\">mejores resultados<\/span><\/a><span style=\"font-weight: 400;\">Aplicar Oestrogel de las siguientes maneras:<\/span><\/p>\n<ul>\n<li style=\"font-weight: 400;\" aria-level=\"1\"><span style=\"font-weight: 400;\">El gel medicado debe ser aplicado s\u00f3lo por usted para evitar cambios en los niveles de estr\u00f3geno.<\/span><\/li>\n<li style=\"font-weight: 400;\" aria-level=\"1\"><span style=\"font-weight: 400;\">L\u00e1vese y s\u00e9quese las manos y la zona donde se aplicar\u00e1 el gel de Estradiol<\/span><\/li>\n<li style=\"font-weight: 400;\" aria-level=\"1\"><span style=\"font-weight: 400;\">Tome la dosis prescrita de Oestrogel 80g. Una bomba suministra una dosis del medicamento<\/span><\/li>\n<li style=\"font-weight: 400;\" aria-level=\"1\"><span style=\"font-weight: 400;\">Recoger el gel y aplicarlo suavemente en la parte externa de los brazos y hombros de ambas manos o en la parte media de los muslos de ambas piernas.<\/span><\/li>\n<li style=\"font-weight: 400;\" aria-level=\"1\"><span style=\"font-weight: 400;\">No masajear ni frotar el gel. Dejar secar 5 minutos antes de cubrir<\/span><\/li>\n<li style=\"font-weight: 400;\" aria-level=\"1\"><span style=\"font-weight: 400;\">L\u00e1vese las manos despu\u00e9s de aplicar el medicamento para reducir las posibilidades de que se transmita a otras personas.<\/span><\/li>\n<li style=\"font-weight: 400;\" aria-level=\"1\"><span style=\"font-weight: 400;\">No lavar la zona de aplicaci\u00f3n del gel durante una hora<\/span><\/li>\n<li style=\"font-weight: 400;\" aria-level=\"1\"><span style=\"font-weight: 400;\">Aplicar Estradiol gel a la misma hora todos los d\u00edas<\/span><\/li>\n<li style=\"font-weight: 400;\" aria-level=\"1\"><span style=\"font-weight: 400;\">No aplicar en el pecho, la cara o la regi\u00f3n genital<\/span><\/li>\n<\/ul>","protected":false},"excerpt":{"rendered":"<p>Gel de estradiol aprobado por la FDA que proporciona una eficaz terapia hormonal sustitutiva. Su f\u00f3rmula suave y de r\u00e1pida absorci\u00f3n ayuda a controlar los s\u00edntomas de la menopausia con una c\u00f3moda aplicaci\u00f3n diaria.<\/p>","protected":false},"featured_media":36584,"comment_status":"open","ping_status":"closed","template":"","meta":{"om_disable_all_campaigns":false,"_uf_show_specific_survey":0,"_uf_disable_surveys":false},"product_brand":[],"product_cat":[1757,595],"product_tag":[],"class_list":{"0":"post-32437","1":"product","2":"type-product","3":"status-publish","4":"has-post-thumbnail","6":"product_cat-featured-products","7":"product_cat-womens-health","9":"first","10":"instock","11":"sale","12":"shipping-taxable","13":"purchasable","14":"product-type-variable","15":"has-default-attributes"},"_links":{"self":[{"href":"https:\/\/wowrxpharmacy.com\/es\/wp-json\/wp\/v2\/product\/32437","targetHints":{"allow":["GET"]}}],"collection":[{"href":"https:\/\/wowrxpharmacy.com\/es\/wp-json\/wp\/v2\/product"}],"about":[{"href":"https:\/\/wowrxpharmacy.com\/es\/wp-json\/wp\/v2\/types\/product"}],"replies":[{"embeddable":true,"href":"https:\/\/wowrxpharmacy.com\/es\/wp-json\/wp\/v2\/comments?post=32437"}],"wp:featuredmedia":[{"embeddable":true,"href":"https:\/\/wowrxpharmacy.com\/es\/wp-json\/wp\/v2\/media\/36584"}],"wp:attachment":[{"href":"https:\/\/wowrxpharmacy.com\/es\/wp-json\/wp\/v2\/media?parent=32437"}],"wp:term":[{"taxonomy":"product_brand","embeddable":true,"href":"https:\/\/wowrxpharmacy.com\/es\/wp-json\/wp\/v2\/product_brand?post=32437"},{"taxonomy":"product_cat","embeddable":true,"href":"https:\/\/wowrxpharmacy.com\/es\/wp-json\/wp\/v2\/product_cat?post=32437"},{"taxonomy":"product_tag","embeddable":true,"href":"https:\/\/wowrxpharmacy.com\/es\/wp-json\/wp\/v2\/product_tag?post=32437"}],"curies":[{"name":"wp","href":"https:\/\/api.w.org\/{rel}","templated":true}]}}