{"id":4973,"date":"2024-07-15T08:09:25","date_gmt":"2024-07-15T12:09:25","guid":{"rendered":"https:\/\/wowrxpharmacy.com\/?page_id=4973"},"modified":"2024-08-19T06:16:30","modified_gmt":"2024-08-19T10:16:30","slug":"aviso-ccpa-en-la-recogida","status":"publish","type":"page","link":"https:\/\/wowrxpharmacy.com\/es\/aviso-ccpa-en-la-recogida\/","title":{"rendered":"Notificaci\u00f3n CCPA en la recogida"},"content":{"rendered":"<div class=\"wpb-content-wrapper\"><div class=\"vc_row wpb_row vc_row-fluid vc_column-gap-24\" >\n\t<div class=\"container et-clearfix\">\n\t\t<div class=\"wpb_column vc_column_container vc_col-sm-12 text-align-none\" >\n\t<div class=\"vc_column-inner vci\" >\n\t\t<div class=\"wpb_wrapper\">\n\t\t\t<h1 style=\"color: #000000;text-align: center\" class=\"vc_custom_heading\" ><a href=\"https:\/\/wowrxpharmacy.com\/es\/aviso-ccpa-en-la-recogida\/\" title=\"Aviso de recogida\">Notificaci\u00f3n CCPA en la recogida<\/a><\/h1>\t\t<\/div>\n\t\t<div class=\"col-back\">\n\t\t\t\t\t<\/div>\n\t<\/div>\n<\/div>\t<\/div>\n\t<div class=\"row-back\">\n\t\t\t\t\t<\/div>\n<\/div><div class=\"vc_row wpb_row vc_row-fluid vc_column-gap-24\" >\n\t<div class=\"container et-clearfix\">\n\t\t<div class=\"wpb_column vc_column_container vc_col-sm-12 text-align-none\" >\n\t<div class=\"vc_column-inner vci\" >\n\t\t<div class=\"wpb_wrapper\">\n\t\t\t\n<div class=\"wpb_text_column wpb_content_element\"  data-del=\"0\">\n\t<div class=\"wpb_wrapper\">\n\t\t<p>Respetamos sus derechos de privacidad en virtud de la Ley de Privacidad del Consumidor de California (CCPA) y la ley y nos comprometemos a proteger los derechos otorgados a los residentes de California en relaci\u00f3n con su informaci\u00f3n personal. Consulte nuestra Pol\u00edtica de derechos de privacidad de los consumidores CCPA para obtener una explicaci\u00f3n detallada de sus derechos y de nuestras pr\u00e1cticas de recopilaci\u00f3n, uso, almacenamiento y divulgaci\u00f3n de datos. Puede leerla aqu\u00ed.&nbsp;<\/p>\n<p>La finalidad del AVISO EN LA RECOGIDA es informarle sobre los datos personales recogidos y los fines para los que se utilizan.&nbsp;<\/p>\n<p>California define la informaci\u00f3n personal como \"cualquier dato que le identifique a usted o a su familia, directa o indirectamente, o que est\u00e9 relacionado con ellos o pueda relacionarse razonablemente con ellos\". Incluye informaci\u00f3n como el nombre, la direcci\u00f3n postal, la direcci\u00f3n IP, la direcci\u00f3n de correo electr\u00f3nico, el identificador en l\u00ednea o cualquier otro dato similar. No incluye informaci\u00f3n agregada o desidentificada ni los datos legalmente disponibles por el gobierno federal, estatal o local.&nbsp;<\/p>\n<p>Si usted es residente local, la legislaci\u00f3n de California le otorga derechos adicionales en relaci\u00f3n con el uso de informaci\u00f3n personal. Consulte la <a href=\"https:\/\/wowrxpharmacy.com\/es\/privacy-policy\/\" data-type=\"page\" data-id=\"4970\">Pol\u00edtica de privacidad<\/a> para obtener m\u00e1s informaci\u00f3n sobre las disposiciones, los derechos de los datos recogidos y las solicitudes de rectificaci\u00f3n y supresi\u00f3n.<\/p>\n<p><\/p>\n<h2 class=\"wp-block-heading\" id=\"information-you-sharenbsp\">Informaci\u00f3n que comparte <\/h2>\n<p>La informaci\u00f3n privada que usted proporciona a WowRx es la siguiente:<\/p>\n<p><\/p>\n<ul class=\"wp-block-list\">\n<li><strong>Datos de registro: <\/strong>Cuando se registra en nuestros servicios, nos facilita informaci\u00f3n personal como su nombre, datos de contacto, etc.<\/li>\n<\/ul>\n<p><\/p>\n<ul class=\"wp-block-list\">\n<li><strong>Informaci\u00f3n por correo electr\u00f3nico: <\/strong>Si se pone en contacto con nosotros o plantea una consulta por correo electr\u00f3nico, guardaremos la informaci\u00f3n compartida, como el contenido, la revisi\u00f3n del servicio de atenci\u00f3n al cliente, las interacciones de mantenimiento, las respuestas y la direcci\u00f3n.<\/li>\n<\/ul>\n<p><\/p>\n<ul class=\"wp-block-list\">\n<li><strong>Informaci\u00f3n demogr\u00e1fica: <\/strong>Tambi\u00e9n almacenamos otra informaci\u00f3n valiosa que nos proporciona, como el sexo, el c\u00f3digo postal y la fecha de nacimiento.<\/li>\n<\/ul>\n<p><\/p>\n<ul class=\"wp-block-list\">\n<li><strong>Plug-ins sociales: <\/strong>En ocasiones, almacenamos informaci\u00f3n sobre sitios web, aplicaciones o servidores de terceros<\/li>\n<\/ul>\n<p><\/p>\n<ul class=\"wp-block-list\">\n<li><strong>Informaci\u00f3n sobre el pago: <\/strong>Datos relativos al pago, como la informaci\u00f3n de la cuenta financiera, el modo de pago, la direcci\u00f3n de facturaci\u00f3n y otros detalles.<\/li>\n<\/ul>\n<p><\/p>\n<ul class=\"wp-block-list\">\n<li><strong>Contenido y archivos: <\/strong>Si carga alg\u00fan contenido multimedia en nuestro sitio web o correos electr\u00f3nicos, guardamos el contenido<\/li>\n<\/ul>\n<p><\/p>\n<h3 class=\"wp-block-heading\" id=\"sensitive-personal-information\">Informaci\u00f3n personal sensible<\/h3>\n<p>Tambi\u00e9n podemos almacenar otra informaci\u00f3n que nos proporcione y que pueda considerarse sensible. Esto incluye:&nbsp;<\/p>\n<p><\/p>\n<ul class=\"wp-block-list\">\n<li><strong>Informaci\u00f3n sobre la cuenta:<\/strong> Conservamos los datos de la cuenta que usted crea en nuestro sitio web, como su nombre de usuario, contrase\u00f1as y otras credenciales de inicio de sesi\u00f3n.<\/li>\n<\/ul>\n<p><\/p>\n<ul class=\"wp-block-list\">\n<li><strong>Informaci\u00f3n demogr\u00e1fica sensible:<\/strong> Tambi\u00e9n podemos conservar datos sensibles como el origen \u00e9tnico o racial<\/li>\n<\/ul>\n<p><\/p>\n<ul class=\"wp-block-list\">\n<li><strong>Contenido de las comunicaciones:<\/strong> Podemos recopilar el contenido de las comunicaciones que realice a trav\u00e9s del servicio, incluido el contenido, la fuente, los comentarios y el contexto.<\/li>\n<\/ul>\n<p><\/p>\n<ul class=\"wp-block-list\">\n<li><strong>Informaci\u00f3n sanitaria: <\/strong>Tambi\u00e9n podemos recopilar informaci\u00f3n sobre su salud, como su actividad de navegaci\u00f3n en nuestro sitio web, sus intereses y los productos que busca.&nbsp;<\/li>\n<\/ul>\n<p><\/p>\n<h2 class=\"wp-block-heading\" id=\"information-we-automatically-collect\">Informaci\u00f3n que recopilamos autom\u00e1ticamente<\/h2>\n<p>WowRx recoge determinados datos autom\u00e1ticamente cuando usted interact\u00faa con nuestros servicios. Entre ellos se incluyen:&nbsp;<\/p>\n<p><\/p>\n<ul class=\"wp-block-list\">\n<li><strong>Informaci\u00f3n del dispositivo: <\/strong>Recopilamos datos del dispositivo, como el sistema operativo, el tipo de navegador, la zona horaria, el idioma, el tipo, la direcci\u00f3n IP, el software, etc. despu\u00e9s de que inicie sesi\u00f3n en nuestro sitio web.<\/li>\n<\/ul>\n<p><\/p>\n<ul class=\"wp-block-list\">\n<li><strong>Informaci\u00f3n de uso: <\/strong>Cuando utiliza nuestros servicios, datos como la fecha y hora de la interacci\u00f3n, los enlaces en los que ha hecho clic, las p\u00e1ginas que ha visitado, el historial de b\u00fasquedas, el tiempo que ha pasado en p\u00e1ginas y sitios web<\/li>\n<\/ul>\n<p><\/p>\n<ul class=\"wp-block-list\">\n<li><strong>Informaci\u00f3n sobre la ubicaci\u00f3n: <\/strong>Tambi\u00e9n almacenamos informaci\u00f3n sobre su ubicaci\u00f3n cuando accede a nuestro sitio web<\/li>\n<\/ul>\n<p><\/p>\n<h2 class=\"wp-block-heading\" id=\"information-we-obtain-from-thirdparty-sources\">Informaci\u00f3n que obtenemos de terceras fuentes<\/h2>\n<p>Tambi\u00e9n podemos obtener su informaci\u00f3n de fuentes de terceros como:<\/p>\n<p><\/p>\n<ul class=\"wp-block-list\">\n<li><strong>Proveedores de servicios: <\/strong>Terceras partes, como empresas que encuentran la ubicaci\u00f3n de su dispositivo utilizando la direcci\u00f3n IP.<\/li>\n<\/ul>\n<p><\/p>\n<ul class=\"wp-block-list\">\n<li><strong>Terceros socios: <\/strong>Aplicaciones o servicios a los que decida acceder o que interact\u00faen con nuestros servicios<\/li>\n<\/ul>\n<p><\/p>\n<ul class=\"wp-block-list\">\n<li><strong>Fuentes de acceso p\u00fablico:<\/strong> Fuentes de informaci\u00f3n p\u00fablica, como las bases de datos gubernamentales abiertas del Estado<\/li>\n<\/ul>\n<p><\/p>\n<ul class=\"wp-block-list\">\n<li><strong>Socios de marca\/marketing: <\/strong>Actividades conjuntas de marketing o servicios asociados<\/li>\n<\/ul>\n<p>Puede negarse a facilitar sus datos o utilizar navegadores o sistemas operativos que impidan la recogida autom\u00e1tica de informaci\u00f3n. Sin embargo, la falta de informaci\u00f3n obligatoria puede hacer que un servicio o funci\u00f3n sea inaccesible.<\/p>\n<p><\/p>\n<h2 class=\"wp-block-heading\" id=\"how-we-use-your-information\">C\u00f3mo utilizamos su informaci\u00f3n<\/h2>\n<p>Utilizamos su informaci\u00f3n para mejorar nuestros servicios, la atenci\u00f3n al cliente y las operaciones comerciales. A continuaci\u00f3n encontrar\u00e1 un desglose detallado de cada uso y su aplicaci\u00f3n.&nbsp;<\/p>\n<p><\/p>\n<h3 class=\"wp-block-heading\" id=\"provide-and-manage-services\">Prestaci\u00f3n y gesti\u00f3n de servicios<\/h3>\n<p>Utilizamos su informaci\u00f3n para:<\/p>\n<p><\/p>\n<ul class=\"wp-block-list\">\n<li>Realizar, mejorar o gestionar los servicios y facilitar la prestaci\u00f3n de servicios sanitarios<\/li>\n<\/ul>\n<p><\/p>\n<ul class=\"wp-block-list\">\n<li>Proporcionar asistencia t\u00e9cnica o al cliente y solucionar errores t\u00e9cnicos<\/li>\n<\/ul>\n<p><\/p>\n<ul class=\"wp-block-list\">\n<li>Comunicar sobre los servicios en nombre de los expertos sanitarios que los utilizan para satisfacer todas sus necesidades.<\/li>\n<\/ul>\n<p><\/p>\n<ul class=\"wp-block-list\">\n<li>Verificar su identidad y administrar la cuenta para procesar los pagos y tramitar sus pedidos.<\/li>\n<\/ul>\n<p><\/p>\n<h3 class=\"wp-block-heading\" id=\"analyze-and-improve-services\">Analizar y mejorar los servicios<\/h3>\n<p><\/p>\n<ul class=\"wp-block-list\">\n<li>Participar en investigaciones para comprender la eficacia, la mejora y un mejor an\u00e1lisis de nuestros servicios. Garantizamos la protecci\u00f3n de los datos si damos a conocer la investigaci\u00f3n a terceros.<\/li>\n<\/ul>\n<p><\/p>\n<ul class=\"wp-block-list\">\n<li>Garantizar que el contenido de WowRx es conveniente para participar en las funciones de nuestro servicio interactivo y es seguro y protegido<\/li>\n<\/ul>\n<p><\/p>\n<ul class=\"wp-block-list\">\n<li>Reconocer mejor los intereses de los usuarios mediante su participaci\u00f3n en an\u00e1lisis e investigaciones sobre nuestros servicios.<\/li>\n<\/ul>\n<p><\/p>\n<h3 class=\"wp-block-heading\" id=\"advertising-and-marketing\">Publicidad y marketing<\/h3>\n<p><\/p>\n<ul class=\"wp-block-list\">\n<li>Comunicarnos con usted por correo electr\u00f3nico o tel\u00e9fono (de acuerdo con los requisitos legales) acerca de nuestros productos y servicios, que pueden incluir los de nuestros socios externos.<\/li>\n<\/ul>\n<p><\/p>\n<ul class=\"wp-block-list\">\n<li>Proporcionarle anuncios relevantes, medir su eficacia y ofrecerle anuncios y contenidos personalizados.<\/li>\n<\/ul>\n<p><\/p>\n<h3 class=\"wp-block-heading\" id=\"legal-purposes\">Fines jur\u00eddicos<\/h3>\n<p><\/p>\n<ul class=\"wp-block-list\">\n<li>Seguir los procedimientos y leyes aplicables para nuestros intereses leg\u00edtimos o los de terceros<\/li>\n<\/ul>\n<p><\/p>\n<ul class=\"wp-block-list\">\n<li>Establecer, ejercer o defender derechos legales para nuestros intereses leg\u00edtimos o los de otros, como la protecci\u00f3n contra actividades ilegales y el robo de datos.<\/li>\n<\/ul>\n<p><\/p>\n<h2 class=\"wp-block-heading\" id=\"retention-of-information\">Conservaci\u00f3n de la informaci\u00f3n<\/h2>\n<p>No conservaremos su informaci\u00f3n m\u00e1s tiempo del necesario. La duraci\u00f3n de la conservaci\u00f3n depende de factores como el tipo de informaci\u00f3n, la finalidad de la recogida, la sensibilidad de la informaci\u00f3n, el riesgo potencial de acceso no autorizado y nuestros intereses leg\u00edtimos en el cumplimiento de la legislaci\u00f3n. Si desea que corrijamos o eliminemos su informaci\u00f3n, puede enviarnos un correo a <a href=\"mailto:support@wowrxpharmacy.com\">support@wowrxpharmacy.com<\/a>. Le aseguramos que tomaremos las medidas necesarias para satisfacer sus demandas.&nbsp;<\/p>\n<p>Tenga en cuenta que WowRx puede compartir su informaci\u00f3n con terceros para satisfacer sus necesidades y ofrecerle publicidad m\u00e1s relevante y personalizada sobre nuestros servicios. Nuestra utilizaci\u00f3n de servicios de an\u00e1lisis de terceros y servicios de publicidad en l\u00ednea puede implicar el intercambio de identificadores en l\u00ednea (datos de cookies, direcciones IP, identificadores de dispositivos e informaci\u00f3n de uso) de una manera que podr\u00eda considerarse una \"venta\" en virtud de la CCPA.<\/p>\n<p>Siempre le informamos si un tercero est\u00e1 recopilando su informaci\u00f3n. Si no desea que compartamos su informaci\u00f3n, puede ejercer su derecho de exclusi\u00f3n enviando un correo electr\u00f3nico a <a href=\"mailto:support@wowrxpharmacy.com\">support@wowrxpharmacy.com<\/a>. Si tiene alguna duda, p\u00f3ngase en contacto con nosotros.<\/p>\n\t<\/div>\n<\/div>\n\n\t\t<\/div>\n\t\t<div class=\"col-back\">\n\t\t\t\t\t<\/div>\n\t<\/div>\n<\/div>\t<\/div>\n\t<div class=\"row-back\">\n\t\t\t\t\t<\/div>\n<\/div>\n<\/div>","protected":false},"excerpt":{"rendered":"CCPA Notice at Collection We respect your privacy rights under the California Consumer Privacy Act (CCPA) and law and are committed to protecting the rights given to California residents regarding their personal information. Please refer to our CCPA Consumers Privacy Rights Policy for a detailed explanation of your rights and our practices of data collection, [...]","protected":false},"author":1,"featured_media":0,"parent":0,"menu_order":0,"comment_status":"closed","ping_status":"closed","template":"","meta":{"om_disable_all_campaigns":false,"_uf_show_specific_survey":0,"_uf_disable_surveys":false,"footnotes":""},"class_list":["post-4973","page","type-page","status-publish","hentry"],"_links":{"self":[{"href":"https:\/\/wowrxpharmacy.com\/es\/wp-json\/wp\/v2\/pages\/4973","targetHints":{"allow":["GET"]}}],"collection":[{"href":"https:\/\/wowrxpharmacy.com\/es\/wp-json\/wp\/v2\/pages"}],"about":[{"href":"https:\/\/wowrxpharmacy.com\/es\/wp-json\/wp\/v2\/types\/page"}],"author":[{"embeddable":true,"href":"https:\/\/wowrxpharmacy.com\/es\/wp-json\/wp\/v2\/users\/1"}],"replies":[{"embeddable":true,"href":"https:\/\/wowrxpharmacy.com\/es\/wp-json\/wp\/v2\/comments?post=4973"}],"version-history":[{"count":5,"href":"https:\/\/wowrxpharmacy.com\/es\/wp-json\/wp\/v2\/pages\/4973\/revisions"}],"predecessor-version":[{"id":30921,"href":"https:\/\/wowrxpharmacy.com\/es\/wp-json\/wp\/v2\/pages\/4973\/revisions\/30921"}],"wp:attachment":[{"href":"https:\/\/wowrxpharmacy.com\/es\/wp-json\/wp\/v2\/media?parent=4973"}],"curies":[{"name":"wp","href":"https:\/\/api.w.org\/{rel}","templated":true}]}}