{"id":5117,"date":"2024-09-23T06:00:57","date_gmt":"2024-09-23T10:00:57","guid":{"rendered":"https:\/\/wowrxpharmacy.com\/?post_type=product&#038;p=5117"},"modified":"2024-11-22T04:52:26","modified_gmt":"2024-11-22T09:52:26","slug":"naturogest-100-mg","status":"publish","type":"product","link":"https:\/\/wowrxpharmacy.com\/de\/product\/naturogest-100-mg\/","title":{"rendered":"Naturogest 100 mg"},"content":{"rendered":"<h3><span style=\"font-weight: 400;\">\u00dcber Naturogest 100 mg Kapseln<\/span><\/h3>\n<p><span style=\"font-weight: 400;\">Die Naturogest 100 mg-Kapsel erh\u00e4lt \u00e4u\u00dferst positive Bewertungen und ist ein empfohlenes Medikament bei Menstruationsbeschwerden und schwangerschaftsbedingten Problemen, die durch hormonelle Ungleichgewichte verursacht werden.\u00a0<\/span><\/p>\n<p><span style=\"font-weight: 400;\">Es enth\u00e4lt Progesteron, ein nat\u00fcrliches weibliches Sexualhormon. Naturogest behandelt die Wechseljahre und andere Beschwerden, die durch einen niedrigen Progesteronspiegel verursacht werden. Dar\u00fcber hinaus senkt es das Risiko einer vorzeitigen Menopause, von Krebs, unregelm\u00e4\u00dfiger Menstruation, benignen Mastopathien und sekund\u00e4rer Amenorrhoe (Ausbleiben der Periode). Dieses Medikament ist nur auf \u00e4rztliche Verschreibung erh\u00e4ltlich.<\/span><\/p>\n<p><span style=\"font-weight: 400;\">Progesteron-Kapseln mit 100 mg sind bequem von zu Hause aus bei WowRx erh\u00e4ltlich.<\/span><\/p>\n<h3><span style=\"font-weight: 400;\">Anwendung der Naturogest 100 mg Kapsel<\/span><\/h3>\n<p><span style=\"font-weight: 400;\">Naturogest (Progesteron) 100 mg Kapseln sind in erster Linie <\/span><a href=\"https:\/\/my.clevelandclinic.org\/health\/drugs\/19484-progesterone-capsules#:~:text=What%20is%20this,you%20have%20questions.\" target=\"_blank\" rel=\"nofollow noopener\"><span style=\"font-weight: 400;\">gebraucht<\/span><\/a><span style=\"font-weight: 400;\"> f\u00fcr verschiedene medizinische Zwecke im Zusammenhang mit der Hormonregulierung bei Frauen. Hier sind die wichtigsten Verwendungszwecke:<\/span><\/p>\n<h4><span style=\"font-weight: 400;\">Behandlung der sekund\u00e4ren Amenorrhoe<\/span><\/h4>\n<p><span style=\"font-weight: 400;\">Progesteronkapseln werden h\u00e4ufig zur Behandlung von sekund\u00e4rer Amenorrhoe (Ausbleiben der Menstruation bei Frauen) eingesetzt, die zuvor einen normalen Zyklus hatten. Ein Mangel an ausreichend Progesteron im K\u00f6rper verursacht diese Erkrankung h\u00e4ufig. Die Einnahme von Progesteronpr\u00e4paraten hilft, einen regelm\u00e4\u00dfigen Menstruationszyklus wiederherzustellen.<\/span><\/p>\n<h4><span style=\"font-weight: 400;\">Hormonersatztherapie (HRT)<\/span><\/h4>\n<p><span style=\"font-weight: 400;\">Bei Frauen nach der Menopause wird Progesteron in Kombination mit \u00d6strogen zur Hormonersatztherapie eingesetzt. Dies ist besonders wichtig f\u00fcr Frauen ohne Hysterektomie, da Progesteron einer Verdickung der Geb\u00e4rmutterschleimhaut (Endometriumhyperplasie) vorbeugt, die zu Geb\u00e4rmutterkrebs f\u00fchren kann. Es gleicht die Wirkung von \u00d6strogen aus und reduziert so dieses Risiko.<\/span><\/p>\n<h4><span style=\"font-weight: 400;\">Regulierung des Menstruationszyklus<\/span><\/h4>\n<p><span style=\"font-weight: 400;\">Frauen mit unregelm\u00e4\u00dfiger Periode aufgrund hormoneller Ungleichgewichte wird Progesteron verschrieben, um den Menstruationszyklus zu regulieren. Es ahmt das nat\u00fcrliche Hormon des K\u00f6rpers nach und sorgt f\u00fcr einen normalen Menstruationszyklus.<\/span><\/p>\n<h4><span style=\"font-weight: 400;\">Unterst\u00fctzung der Schwangerschaft<\/span><\/h4>\n<p><span style=\"font-weight: 400;\">Progesteron spielt eine wichtige Rolle bei der Unterst\u00fctzung einer fr\u00fchen Schwangerschaft. Es hilft, die Geb\u00e4rmutterschleimhaut auf die Einnistung vorzubereiten und wird h\u00e4ufig bei Frauen eingesetzt, die sich einer Fruchtbarkeitsbehandlung unterziehen oder eine Fehlgeburt in der Vorgeschichte hatten.<\/span><\/p>\n<h3><span style=\"font-weight: 400;\">Wie wirken Naturogest 100 mg Kapseln?<\/span><\/h3>\n<p><span style=\"font-weight: 400;\">Naturogest 100 mg Kapseln enthalten Progesteron (weibliches Hormon). Die 100 mg Naturogest Kapsel kann schnell in die Zellen diffundieren, sich an Progesteronrezeptoren binden und so ihre gestagene Wirkung entfalten. Sie wirkt, indem sie das hormonelle Gleichgewicht des K\u00f6rpers wiederherstellt.\u00a0<\/span><\/p>\n<p><span style=\"font-weight: 400;\">Das hormonelle Ungleichgewicht kann mit Beginn der Menopause, w\u00e4hrend der Menopause, vor der Menstruation und bei anderen Menstruationsbeschwerden auftreten. Es hilft, eine Schwangerschaft zu entwickeln und aufrechtzuerhalten. Dar\u00fcber hinaus verringert es die Dicke des Endometriums, das durch \u00d6strogen (ungew\u00f6hnliche Geb\u00e4rmutterschleimhaut) verursacht wird.<\/span><\/p>\n<h3><span style=\"font-weight: 400;\">Wie ist die Naturogest 100 mg Kapsel anzuwenden?<\/span><\/h3>\n<p><span style=\"font-weight: 400;\">Im Folgenden finden Sie allgemeine Anweisungen zur Verwendung der 100-mg-Progesteron-Kapsel:<\/span><\/p>\n<ul>\n<li style=\"font-weight: 400;\" aria-level=\"1\"><span style=\"font-weight: 400;\">Nehmen Sie das Medikament unzerkaut ein<\/span><\/li>\n<li style=\"font-weight: 400;\" aria-level=\"1\"><span style=\"font-weight: 400;\">Nicht kauen, zerdr\u00fccken oder zerbrechen<\/span><\/li>\n<li style=\"font-weight: 400;\" aria-level=\"1\"><span style=\"font-weight: 400;\">Naturogest 100 mg Kapseln werden zu den Mahlzeiten eingenommen<\/span><\/li>\n<\/ul>","protected":false},"excerpt":{"rendered":"<p>Die nat\u00fcrlichen Progesteronkapseln von Naturogest unterst\u00fctzen den Hormonhaushalt und die Fruchtbarkeit. Sanft und dennoch wirksam zur Menstruationsregulierung und Schwangerschaftsunterst\u00fctzung.<\/p>","protected":false},"featured_media":29680,"comment_status":"open","ping_status":"closed","template":"","meta":{"om_disable_all_campaigns":false,"_uf_show_specific_survey":0,"_uf_disable_surveys":false},"product_brand":[],"product_cat":[595],"product_tag":[],"class_list":{"0":"post-5117","1":"product","2":"type-product","3":"status-publish","4":"has-post-thumbnail","6":"product_cat-womens-health","8":"first","9":"instock","10":"sale","11":"shipping-taxable","12":"purchasable","13":"product-type-variable","14":"has-default-attributes"},"_links":{"self":[{"href":"https:\/\/wowrxpharmacy.com\/de\/wp-json\/wp\/v2\/product\/5117","targetHints":{"allow":["GET"]}}],"collection":[{"href":"https:\/\/wowrxpharmacy.com\/de\/wp-json\/wp\/v2\/product"}],"about":[{"href":"https:\/\/wowrxpharmacy.com\/de\/wp-json\/wp\/v2\/types\/product"}],"replies":[{"embeddable":true,"href":"https:\/\/wowrxpharmacy.com\/de\/wp-json\/wp\/v2\/comments?post=5117"}],"wp:featuredmedia":[{"embeddable":true,"href":"https:\/\/wowrxpharmacy.com\/de\/wp-json\/wp\/v2\/media\/29680"}],"wp:attachment":[{"href":"https:\/\/wowrxpharmacy.com\/de\/wp-json\/wp\/v2\/media?parent=5117"}],"wp:term":[{"taxonomy":"product_brand","embeddable":true,"href":"https:\/\/wowrxpharmacy.com\/de\/wp-json\/wp\/v2\/product_brand?post=5117"},{"taxonomy":"product_cat","embeddable":true,"href":"https:\/\/wowrxpharmacy.com\/de\/wp-json\/wp\/v2\/product_cat?post=5117"},{"taxonomy":"product_tag","embeddable":true,"href":"https:\/\/wowrxpharmacy.com\/de\/wp-json\/wp\/v2\/product_tag?post=5117"}],"curies":[{"name":"wp","href":"https:\/\/api.w.org\/{rel}","templated":true}]}}