{"id":4996,"date":"2024-07-13T08:03:08","date_gmt":"2024-07-13T12:03:08","guid":{"rendered":"https:\/\/wowrxpharmacy.com\/?post_type=product&#038;p=4996"},"modified":"2024-10-16T03:51:23","modified_gmt":"2024-10-16T07:51:23","slug":"sebowash-shampoo-100ml","status":"publish","type":"product","link":"https:\/\/wowrxpharmacy.com\/de\/product\/sebowash-shampoo-100ml\/","title":{"rendered":"Sebowash Shampoo 0,01 (100 ml)"},"content":{"rendered":"<h3><span style=\"font-weight: 400;\">Um<\/span><\/h3>\n<p><span style=\"font-weight: 400;\">Sebowash Shampoo ist eine wirksame Behandlung gegen Schuppen und Hauterkrankungen, die durch Entz\u00fcndungen und Juckreiz gekennzeichnet sind, wie z. B. seborrhoische Dermatitis. Sein Wirkstoff ist Fluocinolonacetonid, das zur Klasse der Kortikosteroide geh\u00f6rt.\u00a0<\/span><\/p>\n<p><span style=\"font-weight: 400;\">Sebowash Shampoo wird von Cipla Ltd hergestellt und ist in einer 100-ml-Flasche erh\u00e4ltlich. Es wird in der Regel f\u00fcr Erwachsene empfohlen und sollte gem\u00e4\u00df den Anweisungen eines Arztes angewendet werden, um optimale Ergebnisse zu erzielen.\u00a0<\/span><\/p>\n<h3><span style=\"font-weight: 400;\">Anwendung<\/span><\/h3>\n<p><span style=\"font-weight: 400;\">Sebowash Shampoo wird haupts\u00e4chlich verwendet f\u00fcr:<\/span><\/p>\n<ul>\n<li style=\"font-weight: 400;\" aria-level=\"1\"><span style=\"font-weight: 400;\">Schuppen: Es hilft bei der Bek\u00e4mpfung von Schuppen, indem es Schuppenbildung und Juckreiz der Kopfhaut reduziert<\/span><\/li>\n<li style=\"font-weight: 400;\" aria-level=\"1\"><span style=\"font-weight: 400;\">Seborrhoische Dermatitis: Das Shampoo lindert die Symptome der seborrhoischen Dermatitis, einer Erkrankung, die schuppige Stellen und rote Haut verursacht<\/span><\/li>\n<li style=\"font-weight: 400;\" aria-level=\"1\"><span style=\"font-weight: 400;\">Entz\u00fcndungen und Juckreiz: Es ist wirksam bei der Behandlung von Hauterkrankungen, die durch Entz\u00fcndungen und Juckreiz auf der Kopfhaut gekennzeichnet sind<\/span><\/li>\n<\/ul>\n<h3><span style=\"font-weight: 400;\">Arbeiten<\/span><\/h3>\n<p><span style=\"font-weight: 400;\">Sebowash Shampoo enth\u00e4lt 0,01 Fluocinolonacetonid-L\u00f6sung, ein Kortikosteroid, das Entz\u00fcndungen und Juckreiz lindert. Es wirkt, indem es die Produktion bestimmter chemischer Botenstoffe im K\u00f6rper stoppt, die Entz\u00fcndungen (R\u00f6tungen und Schwellungen) verursachen. Dadurch werden die Symptome von Schuppen und anderen Hauterkrankungen, die durch Entz\u00fcndungen und Juckreiz gekennzeichnet sind, gelindert.<\/span><\/p>\n<h3><span style=\"font-weight: 400;\">So bewerben Sie sich<\/span><\/h3>\n<p><span style=\"font-weight: 400;\">Sebowash Shampoo ist nur zur \u00e4u\u00dferlichen Anwendung bestimmt. Zur Anwendung von Sebowash Shampoo <\/span><a href=\"https:\/\/medlineplus.gov\/druginfo\/meds\/a682271.html#:~:text=To%20use%20the,by%20your%20doctor.\" target=\"_blank\" rel=\"nofollow noopener\"><span style=\"font-weight: 400;\">Befolgen Sie diese Schritte<\/span><\/a><span style=\"font-weight: 400;\">:<\/span><\/p>\n<ul>\n<li style=\"font-weight: 400;\" aria-level=\"1\"><span style=\"font-weight: 400;\">Machen Sie Ihr Haar gr\u00fcndlich nass<\/span><\/li>\n<li style=\"font-weight: 400;\" aria-level=\"1\"><span style=\"font-weight: 400;\">Tragen Sie eine ausreichende Menge Shampoo direkt auf die Kopfhaut auf<\/span><\/li>\n<li style=\"font-weight: 400;\" aria-level=\"1\"><span style=\"font-weight: 400;\">Sanft einmassieren, um Schaum zu erzeugen<\/span><\/li>\n<li style=\"font-weight: 400;\" aria-level=\"1\"><span style=\"font-weight: 400;\">Lassen Sie das Shampoo 5 Minuten einwirken<\/span><\/li>\n<li style=\"font-weight: 400;\" aria-level=\"1\"><span style=\"font-weight: 400;\">Gr\u00fcndlich mit Wasser aussp\u00fclen<\/span><\/li>\n<li style=\"font-weight: 400;\" aria-level=\"1\"><span style=\"font-weight: 400;\">Anschlie\u00dfend keine weiteren Produkte auftragen<\/span><\/li>\n<\/ul>\n<p><span style=\"font-weight: 400;\">Die besten Ergebnisse erzielen Sie, wenn Sie die Anwendung gem\u00e4\u00df den Anweisungen Ihres Arztes durchf\u00fchren, in der Regel einige Male pro Woche, je nach Ihrem Zustand.<\/span><\/p>","protected":false},"excerpt":{"rendered":"<ul>\n<li style=\"font-weight: 400;\" aria-level=\"1\"><span style=\"font-weight: 400;\">Von der FDA zugelassenes Fluocinolonacetonid<\/span><\/li>\n<li style=\"font-weight: 400;\" aria-level=\"1\"><span style=\"font-weight: 400;\">Bek\u00e4mpft Schuppen und Hautentz\u00fcndungen<\/span><\/li>\n<li style=\"font-weight: 400;\" aria-level=\"1\"><span style=\"font-weight: 400;\">Sichtbare Ergebnisse innerhalb weniger Tage<\/span><\/li>\n<li style=\"font-weight: 400;\" aria-level=\"1\"><span style=\"font-weight: 400;\">Sanft zur Kopfhaut, keine aggressiven Reaktionen<\/span><\/li>\n<li style=\"font-weight: 400;\" aria-level=\"1\"><span style=\"font-weight: 400;\">Versand innerhalb von 24 Stunden <\/span><\/li>\n<\/ul>","protected":false},"featured_media":5004,"comment_status":"open","ping_status":"closed","template":"","meta":{"om_disable_all_campaigns":false,"_uf_show_specific_survey":0,"_uf_disable_surveys":false},"product_brand":[],"product_cat":[774],"product_tag":[],"class_list":{"0":"post-4996","1":"product","2":"type-product","3":"status-publish","4":"has-post-thumbnail","6":"product_cat-antifungal","8":"first","9":"instock","10":"shipping-taxable","11":"purchasable","12":"product-type-variable","13":"has-default-attributes"},"_links":{"self":[{"href":"https:\/\/wowrxpharmacy.com\/de\/wp-json\/wp\/v2\/product\/4996","targetHints":{"allow":["GET"]}}],"collection":[{"href":"https:\/\/wowrxpharmacy.com\/de\/wp-json\/wp\/v2\/product"}],"about":[{"href":"https:\/\/wowrxpharmacy.com\/de\/wp-json\/wp\/v2\/types\/product"}],"replies":[{"embeddable":true,"href":"https:\/\/wowrxpharmacy.com\/de\/wp-json\/wp\/v2\/comments?post=4996"}],"wp:featuredmedia":[{"embeddable":true,"href":"https:\/\/wowrxpharmacy.com\/de\/wp-json\/wp\/v2\/media\/5004"}],"wp:attachment":[{"href":"https:\/\/wowrxpharmacy.com\/de\/wp-json\/wp\/v2\/media?parent=4996"}],"wp:term":[{"taxonomy":"product_brand","embeddable":true,"href":"https:\/\/wowrxpharmacy.com\/de\/wp-json\/wp\/v2\/product_brand?post=4996"},{"taxonomy":"product_cat","embeddable":true,"href":"https:\/\/wowrxpharmacy.com\/de\/wp-json\/wp\/v2\/product_cat?post=4996"},{"taxonomy":"product_tag","embeddable":true,"href":"https:\/\/wowrxpharmacy.com\/de\/wp-json\/wp\/v2\/product_tag?post=4996"}],"curies":[{"name":"wp","href":"https:\/\/api.w.org\/{rel}","templated":true}]}}