{"id":4858,"date":"2024-07-13T08:06:32","date_gmt":"2024-07-13T12:06:32","guid":{"rendered":"https:\/\/wowrxpharmacy.com\/?post_type=product&#038;p=4858"},"modified":"2024-10-16T03:51:24","modified_gmt":"2024-10-16T07:51:24","slug":"seroflo-rotacaps-50-%c2%b5g-250-%c2%b5g","status":"publish","type":"product","link":"https:\/\/wowrxpharmacy.com\/de\/product\/seroflo-rotacaps-50-%c2%b5g-250-%c2%b5g\/","title":{"rendered":"Seroflo Rotacaps 50\u00a0\u00b5g 250\u00a0\u00b5g"},"content":{"rendered":"<h3><span style=\"font-weight: 400;\">\u00dcber Seroflo Rotacaps 250 mcg<\/span><\/h3>\n<p><span style=\"font-weight: 400;\">Seroflo Rotacaps 250 \u00b5g ist ein Arzneimittel zur Behandlung von Asthma und chronisch obstruktiver Lungenerkrankung. Es enth\u00e4lt zwei Wirkstoffe: Salmeterol (50 \u00b5g) und Fluticasonpropionat (250 \u00b5g). Beide geh\u00f6ren zur Medikamentenklasse der Bronchodilatatoren bzw. Kortikosteroide.<\/span><\/p>\n<p><span style=\"font-weight: 400;\">Seroflo Rotacaps 250 mcg ist ein verschreibungspflichtiges Medikament mit vielen guten Bewertungen und sollte nach \u00e4rztlicher Verschreibung eingenommen werden. Cipla Ltd stellt Seroflo Rotacaps 50 mcg 250 mcg her.<\/span><\/p>\n<h3><span style=\"font-weight: 400;\">Verwendung von Seroflo Rotacaps 250 mcg<\/span><\/h3>\n<p><span style=\"font-weight: 400;\">Patienten verwenden Seroflo 250 Rotacaps haupts\u00e4chlich zur Behandlung der folgenden Erkrankungen:<\/span><\/p>\n<h4><span style=\"font-weight: 400;\">Asthma<\/span><\/h4>\n<p><span style=\"font-weight: 400;\">Asthma zeichnet sich durch eingeschr\u00e4nkte und <\/span><a href=\"https:\/\/www.mayoclinic.org\/diseases-conditions\/asthma\/symptoms-causes\/syc-20369653#:~:text=Asthma%20is%20a%20condition%20in,asthma%20is%20a%20minor%20nuisance.\" target=\"_blank\" rel=\"nofollow noopener\"><span style=\"font-weight: 400;\">geschwollene Atemwege<\/span><\/a><span style=\"font-weight: 400;\"> Dies kann zu \u00fcberm\u00e4\u00dfiger Schleimbildung f\u00fchren. Dies kann das Atmen erschweren und zu Husten, Keuchen und Kurzatmigkeit f\u00fchren.<\/span><\/p>\n<p><span style=\"font-weight: 400;\">Seroflo 250 Rotacaps kann dazu beitragen, Asthmaanf\u00e4llen vorzubeugen, wenn es vor dem Auftreten bestimmter \u201eAusl\u00f6ser\u201c eingenommen wird.<\/span><\/p>\n<h4><span style=\"font-weight: 400;\">Chronisch obstruktive Lungenerkrankung<\/span><\/h4>\n<p><span style=\"font-weight: 400;\">Die chronisch obstruktive Lungenerkrankung (COPD) ist eine chronisch-entz\u00fcndliche Lungenerkrankung, die den Luftstrom durch die Lunge erschwert. Zu den Symptomen von COPD geh\u00f6ren Keuchen, Atembeschwerden, Husten und Schleimbildung (Sputum).<\/span><\/p>\n<p><span style=\"font-weight: 400;\">Mit diesem Medikament k\u00f6nnen Sie sich freier bewegen, ohne sich um Keuchen, Husten oder Kurzatmigkeit sorgen zu m\u00fcssen. Seroflo Rotacaps 250 wirkt als langwirksamer Bronchodilatator, indem es die Muskeln rund um die Atemwege entspannt und so mehr Luft durchl\u00e4sst.<\/span><\/p>\n<h3><span style=\"font-weight: 400;\">So funktioniert es<\/span><\/h3>\n<p><span style=\"font-weight: 400;\">Seroflo 250 Rotacap-Kapseln enthalten zwei Wirkstoffe: Salmeterol (Bronchodilatator) und Fluticason. Als lang anhaltender Bronchodilatator entspannt Salmeterol die Atemwegsmuskulatur und verbessert den Luftstrom zur Lunge, wodurch die Atemwege erweitert und so das Atmen erleichtert wird.<\/span><\/p>\n<p><span style=\"font-weight: 400;\">Fluticason, ein Kortikosteroid, hemmt die Produktion von Prostaglandinen (chemischen Botenstoffen), die zu Entz\u00fcndungen (Schwellungen) der Atemwege beitragen. Gemeinsam erleichtern sie die Atmung.<\/span><\/p>\n<h3><span style=\"font-weight: 400;\">Einnahme<\/span><\/h3>\n<p><span style=\"font-weight: 400;\">Seroflo 250 Rotacaps sollte gem\u00e4\u00df der \u00e4rztlichen Verordnung eingenommen werden. Beachten Sie die folgenden Ma\u00dfnahmen, um eine ordnungsgem\u00e4\u00dfe Verabreichung des Arzneimittels zu gew\u00e4hrleisten:<\/span><\/p>\n<ul>\n<li style=\"font-weight: 400;\" aria-level=\"1\"><span style=\"font-weight: 400;\">Informieren Sie sich bei Ihrem Arzt oder Apotheker \u00fcber die richtige Einnahme von Seroflo Rotacaps 250 und nehmen Sie diese wenn m\u00f6glich beim ersten Mal in deren Anwesenheit vor.<\/span><\/li>\n<li style=\"font-weight: 400;\" aria-level=\"1\"><span style=\"font-weight: 400;\">Lesen Sie vor der Anwendung die Anweisungen auf dem Etikett oder der Packungsbeilage<\/span><\/li>\n<li style=\"font-weight: 400;\" aria-level=\"1\"><span style=\"font-weight: 400;\">Die Kapsel sollte in die Basis des Rotahalers und nicht in das Mundst\u00fcck gelegt werden.<\/span><\/li>\n<li style=\"font-weight: 400;\" aria-level=\"1\"><span style=\"font-weight: 400;\">Atmen Sie tief in das Mundst\u00fcck ein, nachdem Sie es vollst\u00e4ndig gedreht haben, bis ein Klicken zu h\u00f6ren ist<\/span><\/li>\n<li style=\"font-weight: 400;\" aria-level=\"1\"><span style=\"font-weight: 400;\">Halten Sie den Atem maximal 10 Sekunden lang an. Wenn sich noch Pulver im Rotahaler befindet, wiederholen Sie den Vorgang<\/span><\/li>\n<li style=\"font-weight: 400;\" aria-level=\"1\"><span style=\"font-weight: 400;\">Um Mund- und Racheninfektionen vorzubeugen, sp\u00fclen Sie Ihren Mund nach jedem Gebrauch mit Wasser aus, schlucken Sie es jedoch nicht<\/span><\/li>\n<li style=\"font-weight: 400;\" aria-level=\"1\"><span style=\"font-weight: 400;\">Nehmen Sie dieses Arzneimittel genau nach Anweisung Ihres Arztes und f\u00fcr die angegebene Dauer ein.<\/span><\/li>\n<\/ul>","protected":false},"excerpt":{"rendered":"<ul>\n<li style=\"font-weight: 400;\" aria-level=\"1\"><span style=\"font-weight: 400;\">Behandelt Asthma und COPD<\/span><\/li>\n<li style=\"font-weight: 400;\" aria-level=\"1\"><span style=\"font-weight: 400;\">Schnelle und langanhaltende Linderung von Asthmasymptomen<\/span><\/li>\n<li style=\"font-weight: 400;\" aria-level=\"1\"><span style=\"font-weight: 400;\">Wirkt in 30 Minuten<\/span><\/li>\n<li style=\"font-weight: 400;\" aria-level=\"1\"><span style=\"font-weight: 400;\">12 Stunden Wirkungsdauer<\/span><\/li>\n<li style=\"font-weight: 400;\" aria-level=\"1\"><span style=\"font-weight: 400;\">Reduziert Entz\u00fcndungen, entspannt die Atemwegsmuskulatur<\/span><\/li>\n<li style=\"font-weight: 400;\" aria-level=\"1\"><span style=\"font-weight: 400;\">Verbessert die Atmung<\/span><\/li>\n<li style=\"font-weight: 400;\" aria-level=\"1\"><span style=\"font-weight: 400;\">Vertrauensw\u00fcrdiger Hersteller, gew\u00e4hrleistet hohe Qualit\u00e4tsstandards<\/span><\/li>\n<\/ul>","protected":false},"featured_media":29443,"comment_status":"open","ping_status":"closed","template":"","meta":{"om_disable_all_campaigns":false,"_uf_show_specific_survey":0,"_uf_disable_surveys":false},"product_brand":[],"product_cat":[555],"product_tag":[],"class_list":{"0":"post-4858","1":"product","2":"type-product","3":"status-publish","4":"has-post-thumbnail","6":"product_cat-asthma","8":"first","9":"instock","10":"shipping-taxable","11":"purchasable","12":"product-type-variable","13":"has-default-attributes"},"_links":{"self":[{"href":"https:\/\/wowrxpharmacy.com\/de\/wp-json\/wp\/v2\/product\/4858","targetHints":{"allow":["GET"]}}],"collection":[{"href":"https:\/\/wowrxpharmacy.com\/de\/wp-json\/wp\/v2\/product"}],"about":[{"href":"https:\/\/wowrxpharmacy.com\/de\/wp-json\/wp\/v2\/types\/product"}],"replies":[{"embeddable":true,"href":"https:\/\/wowrxpharmacy.com\/de\/wp-json\/wp\/v2\/comments?post=4858"}],"wp:featuredmedia":[{"embeddable":true,"href":"https:\/\/wowrxpharmacy.com\/de\/wp-json\/wp\/v2\/media\/29443"}],"wp:attachment":[{"href":"https:\/\/wowrxpharmacy.com\/de\/wp-json\/wp\/v2\/media?parent=4858"}],"wp:term":[{"taxonomy":"product_brand","embeddable":true,"href":"https:\/\/wowrxpharmacy.com\/de\/wp-json\/wp\/v2\/product_brand?post=4858"},{"taxonomy":"product_cat","embeddable":true,"href":"https:\/\/wowrxpharmacy.com\/de\/wp-json\/wp\/v2\/product_cat?post=4858"},{"taxonomy":"product_tag","embeddable":true,"href":"https:\/\/wowrxpharmacy.com\/de\/wp-json\/wp\/v2\/product_tag?post=4858"}],"curies":[{"name":"wp","href":"https:\/\/api.w.org\/{rel}","templated":true}]}}