{"id":4799,"date":"2024-07-13T08:07:12","date_gmt":"2024-07-13T12:07:12","guid":{"rendered":"https:\/\/wowrxpharmacy.com\/?post_type=product&#038;p=4799"},"modified":"2024-10-16T03:51:24","modified_gmt":"2024-10-16T07:51:24","slug":"simvotin-20-mg","status":"publish","type":"product","link":"https:\/\/wowrxpharmacy.com\/de\/product\/simvotin-20-mg\/","title":{"rendered":"Simvotin 20 mg"},"content":{"rendered":"<h3><span style=\"font-weight: 400;\">\u00dcber Simvotin 20 mg<\/span><\/h3>\n<p><span style=\"font-weight: 400;\">Simvotin 20 mg ist ein wirksames Medikament zur Senkung des schlechten Cholesterinspiegels und zur Verringerung des Risikos von Herzerkrankungen. Es tr\u00e4gt auch zur Verringerung des Risikos von Herzinfarkt und Schlaganfall bei. Simvastatin 20 mg, der Wirkstoff in Simvotin 20 mg, erh\u00f6ht auch den Spiegel des guten Cholesterins im Blut.\u00a0<\/span><\/p>\n<p><span style=\"font-weight: 400;\">Sie k\u00f6nnen eine Simvotin 20 mg-Tablette ganz einfach online bei WowRxPharmacy kaufen.<\/span><\/p>\n<h3><span style=\"font-weight: 400;\">Simvotin 20 Anwendungen<\/span><\/h3>\n<p><span style=\"font-weight: 400;\">Simvotin 20 mg geh\u00f6rt zur Gruppe der Statine (HMG-CoA-Reduktase-Enzym) und ist ein bekanntes Medikament zur Behandlung von Cholesterin und zur Senkung des Risikos von Herzerkrankungen. Cholesterin ist eine fetthaltige Substanz, die sich mit der Zeit in den Blutgef\u00e4\u00dfen ansammelt und die Arterien verengt. Dies kann zu einem Schlaganfall oder Herzinfarkt f\u00fchren.\u00a0<\/span><\/p>\n<h3><span style=\"font-weight: 400;\">Wie wirkt die Simvastatin 20 mg Tablette?<\/span><\/h3>\n<p><span style=\"font-weight: 400;\">Simvotin 20 mg enth\u00e4lt Simvastatin als Wirkstoff. Es hemmt das Enzym HMG-CoA-Reduktase, das der K\u00f6rper zur Cholesterinproduktion ben\u00f6tigt. Dadurch steigert es die Produktion von gutem Cholesterin und senkt Triglyceride und schlechtes Cholesterin.\u00a0<\/span><\/p>\n<p><span style=\"font-weight: 400;\">Die Ansammlung von Fett- und Cholesterinmolek\u00fclen entlang der Arterienw\u00e4nde verringert die Sauerstoff- und Blutversorgung von Gehirn, Herz und anderen K\u00f6rperteilen. Simvastatin hilft bei der Vorbeugung von Herzinfarkten, Angina pectoris (Brustschmerzen), Arteriosklerose und Schlaganf\u00e4llen, indem es Fettablagerungen und Cholesterin im Blut senkt.\u00a0<\/span><\/p>\n<p><span style=\"font-weight: 400;\">Simvotin 20 mg hat sehr positive R\u00fcckmeldungen erhalten und ist ein empfohlenes Medikament bei Herzerkrankungen.<\/span><\/p>\n<h3><span style=\"font-weight: 400;\">Wie ist das Arzneimittel einzunehmen?<\/span><\/h3>\n<p><span style=\"font-weight: 400;\">Hier sind einige Dinge, die Sie bei der Einnahme von Simvotin 20 beachten sollten.<\/span><\/p>\n<ul>\n<li style=\"font-weight: 400;\" aria-level=\"1\"><span style=\"font-weight: 400;\">Sie sollten Simvotin 20 mg Tabletten gem\u00e4\u00df Ihrem Rezept einnehmen<\/span><\/li>\n<li style=\"font-weight: 400;\" aria-level=\"1\"><span style=\"font-weight: 400;\">Die Tabletten sollten nicht gekaut, zerkleinert oder zerbrochen werden; schlucken Sie sie am besten im Ganzen.<\/span><\/li>\n<li style=\"font-weight: 400;\" aria-level=\"1\"><span style=\"font-weight: 400;\">Um die Wirksamkeit dieses Medikaments zu maximieren, nehmen Sie es regelm\u00e4\u00dfig ein und nehmen Sie die erforderlichen \u00c4nderungen an Ihrem Lebensstil vor (z. B. aktiv bleiben und sich gesund ern\u00e4hren).<\/span><\/li>\n<\/ul>","protected":false},"excerpt":{"rendered":"<ul>\n<li style=\"font-weight: 400;\" aria-level=\"1\"><span style=\"font-weight: 400;\">Behandelt hohen Cholesterinspiegel im Blut<\/span><\/li>\n<li style=\"font-weight: 400;\" aria-level=\"1\"><span style=\"font-weight: 400;\">Senkt den LDL-Cholesterinspiegel um bis zu 55%<\/span><\/li>\n<li style=\"font-weight: 400;\" aria-level=\"1\"><span style=\"font-weight: 400;\">Zeigt bereits nach 2 Wochen Wirkung<\/span><\/li>\n<li style=\"font-weight: 400;\" aria-level=\"1\"><span style=\"font-weight: 400;\">Beugt Herzinfarkten, Schlaganf\u00e4llen usw. vor.<\/span><\/li>\n<li style=\"font-weight: 400;\" aria-level=\"1\"><span style=\"font-weight: 400;\">Maximaler Nutzen in 4 Wochen<\/span><\/li>\n<\/ul>","protected":false},"featured_media":29413,"comment_status":"open","ping_status":"closed","template":"","meta":{"om_disable_all_campaigns":false,"_uf_show_specific_survey":0,"_uf_disable_surveys":false},"product_brand":[],"product_cat":[608],"product_tag":[],"class_list":{"0":"post-4799","1":"product","2":"type-product","3":"status-publish","4":"has-post-thumbnail","6":"product_cat-heart-blood-pressure","8":"first","9":"instock","10":"shipping-taxable","11":"purchasable","12":"product-type-variable","13":"has-default-attributes"},"_links":{"self":[{"href":"https:\/\/wowrxpharmacy.com\/de\/wp-json\/wp\/v2\/product\/4799","targetHints":{"allow":["GET"]}}],"collection":[{"href":"https:\/\/wowrxpharmacy.com\/de\/wp-json\/wp\/v2\/product"}],"about":[{"href":"https:\/\/wowrxpharmacy.com\/de\/wp-json\/wp\/v2\/types\/product"}],"replies":[{"embeddable":true,"href":"https:\/\/wowrxpharmacy.com\/de\/wp-json\/wp\/v2\/comments?post=4799"}],"wp:featuredmedia":[{"embeddable":true,"href":"https:\/\/wowrxpharmacy.com\/de\/wp-json\/wp\/v2\/media\/29413"}],"wp:attachment":[{"href":"https:\/\/wowrxpharmacy.com\/de\/wp-json\/wp\/v2\/media?parent=4799"}],"wp:term":[{"taxonomy":"product_brand","embeddable":true,"href":"https:\/\/wowrxpharmacy.com\/de\/wp-json\/wp\/v2\/product_brand?post=4799"},{"taxonomy":"product_cat","embeddable":true,"href":"https:\/\/wowrxpharmacy.com\/de\/wp-json\/wp\/v2\/product_cat?post=4799"},{"taxonomy":"product_tag","embeddable":true,"href":"https:\/\/wowrxpharmacy.com\/de\/wp-json\/wp\/v2\/product_tag?post=4799"}],"curies":[{"name":"wp","href":"https:\/\/api.w.org\/{rel}","templated":true}]}}