{"id":4788,"date":"2024-07-13T08:06:45","date_gmt":"2024-07-13T12:06:45","guid":{"rendered":"https:\/\/wowrxpharmacy.com\/?post_type=product&#038;p=4788"},"modified":"2026-02-20T21:59:39","modified_gmt":"2026-02-21T02:59:39","slug":"seroflo-inhalator-25-%c2%b5g-250-%c2%b5g","status":"publish","type":"product","link":"https:\/\/wowrxpharmacy.com\/de\/product\/seroflo-inhalator-25-%c2%b5g-250-%c2%b5g\/","title":{"rendered":"Seroflo Inhalator 25 mcg 250 mcg (120 mdi)"},"content":{"rendered":"<h3><span style=\"font-weight: 400;\">\u00dcber Seroflo Inhalator 25 mcg 250 mcg<\/span><\/h3>\n<p><span style=\"font-weight: 400;\">Der Seroflo Inhalator 250 hat sehr positive Bewertungen und wird bei Asthma und chronisch obstruktiver Lungenerkrankung (COPD) empfohlen. Es handelt sich um ein Kombinationspr\u00e4parat mit zwei Wirkstoffen: Fluticasonpropionat (250 \u00b5g) und Salmeterol (25 \u00b5g). Der Inhalator erleichtert die Atmung, indem er die Atemwege \u00f6ffnet.\u00a0<\/span><\/p>\n<p><span style=\"font-weight: 400;\">Sie k\u00f6nnen diesen von Cipla Ltd hergestellten Inhalator schnell und zu den besten Preisen auf WowRx erhalten.<\/span><\/p>\n<h3><span style=\"font-weight: 400;\">Anwendung<\/span><\/h3>\n<p><span style=\"font-weight: 400;\">Seroflo Inhalator 250 behandelt die <\/span><a href=\"https:\/\/www.nps.org.au\/assets\/medicines\/a35cde50-4c77-42c7-af1c-abac0089489e.pdf\" target=\"_blank\" rel=\"nofollow noopener\"><span style=\"font-weight: 400;\">folgende Bedingungen<\/span><\/a><span style=\"font-weight: 400;\">:<\/span><\/p>\n<h4><span style=\"font-weight: 400;\">Chronisch obstruktive Lungenerkrankung ( COPD )<\/span><\/h4>\n<p><span style=\"font-weight: 400;\">Der Seroflo 250 Inhalator h\u00e4lt Ihre Atemwege offen, indem er die umgebende Muskulatur entspannt. Dadurch erleichtert er den Luftstrom. Er ist wirksam und sicher und lindert Symptome wie Engegef\u00fchl in der Brust, Kurzatmigkeit, Keuchen und Husten und erleichtert so die Bew\u00e4ltigung allt\u00e4glicher Aufgaben.\u00a0<\/span><\/p>\n<p><span style=\"font-weight: 400;\">Die Wirkung setzt oft innerhalb weniger Minuten ein und kann mehrere Stunden anhalten. Brechen Sie die Anwendung nicht ab, es sei denn, Ihr Arzt weist Sie dazu an.<\/span><\/p>\n<h4><span style=\"font-weight: 400;\">Asthma<\/span><\/h4>\n<p><span style=\"font-weight: 400;\">Die Anwendung des Seroflo 125 Inhalators vor k\u00f6rperlicher Aktivit\u00e4t oder dem Kontakt mit bestimmten \u201eAusl\u00f6sern\u201c kann dazu beitragen, den Beginn eines Asthmaanfalls zu verhindern. Dazu geh\u00f6ren beispielsweise Rauchen, Pollen, Tierhaare und Staub.<\/span><\/p>\n<p><span style=\"font-weight: 400;\">Mit diesem Inhalator k\u00f6nnen Sie Atemnot beim Sport vermeiden. Er erm\u00f6glicht Ihnen ein freieres Leben und weniger Sorgen \u00fcber die Ursachen Ihrer Symptome.<\/span><\/p>\n<h3><span style=\"font-weight: 400;\">Wie funktioniert Seroflo Inhaler 250<\/span><\/h3>\n<p><span style=\"font-weight: 400;\">Salmeterol 25\u00a0\u00b5g und Fluticasonpropionat 250\u00a0\u00b5g sind die beiden Salze im Seroflo 125 Inhalator. Salmeterol ist ein langwirksamer Bronchodilatator, der die Atemwegsmuskulatur entspannt und erweitert.<\/span><\/p>\n<p><span style=\"font-weight: 400;\">Fluticasonpropionat ist ein Steroidmedikament. Es unterdr\u00fcckt die Bildung bestimmter chemischer Botenstoffe, die f\u00fcr Entz\u00fcndungen (Schwellungen) der Atemwege verantwortlich sind.\u00a0<\/span><\/p>\n<h3><span style=\"font-weight: 400;\">Anwendung von Seroflo Inhaler 250<\/span><\/h3>\n<p><span style=\"font-weight: 400;\">Seroflo Inhaler 250 sollte wie vom Arzt verschrieben angewendet werden. \u00dcberpr\u00fcfen Sie vor der Anwendung das Etikett.\u00a0<\/span><\/p>\n<p><span style=\"font-weight: 400;\">Die allgemeinen Anweisungen zur Verwendung des Inhalators lauten wie folgt:<\/span><\/p>\n<ul>\n<li style=\"font-weight: 400;\" aria-level=\"1\"><span style=\"font-weight: 400;\">Sch\u00fctteln Sie den Inhalator vor Gebrauch<\/span><\/li>\n<li style=\"font-weight: 400;\" aria-level=\"1\"><span style=\"font-weight: 400;\">Dr\u00fccken Sie den Inhalator einmal nach unten, um das Medikament freizugeben, w\u00e4hrend Sie es durch den Mund einatmen<\/span><\/li>\n<li style=\"font-weight: 400;\" aria-level=\"1\"><span style=\"font-weight: 400;\">Halten Sie dann 10 Sekunden lang den Atem an<\/span><\/li>\n<li style=\"font-weight: 400;\" aria-level=\"1\"><span style=\"font-weight: 400;\">Fahren Sie fort, bis Sie die vom Arzt empfohlene Anzahl an Atemz\u00fcgen erreicht haben.<\/span><\/li>\n<li style=\"font-weight: 400;\" aria-level=\"1\"><span style=\"font-weight: 400;\">Sp\u00fclen Sie Ihren Mund nach der Anwendung gr\u00fcndlich mit Wasser aus, bevor Sie es ausspucken<\/span><\/li>\n<\/ul>","protected":false},"excerpt":{"rendered":"<ul>\n<li style=\"font-weight: 400;\" aria-level=\"1\"><span style=\"font-weight: 400;\">Behandelt Asthma und COPD<\/span><\/li>\n<li style=\"font-weight: 400;\" aria-level=\"1\"><span style=\"font-weight: 400;\">Sichtbare Ergebnisse innerhalb von 5 Stunden<\/span><\/li>\n<li style=\"font-weight: 400;\" aria-level=\"1\"><span style=\"font-weight: 400;\">Langanhaltende Wirkung bis zu 12 Stunden<\/span><\/li>\n<li style=\"font-weight: 400;\" aria-level=\"1\"><span style=\"font-weight: 400;\">Einfaches und praktisches Inhalatordesign<\/span><\/li>\n<li style=\"font-weight: 400;\" aria-level=\"1\"><span style=\"font-weight: 400;\">Von \u00c4rzten gesch\u00e4tzt<\/span><\/li>\n<li style=\"font-weight: 400;\" aria-level=\"1\"><span style=\"font-weight: 400;\">Sicherer Versand zum Lieferort<\/span><\/li>\n<\/ul>","protected":false},"featured_media":29455,"comment_status":"open","ping_status":"closed","template":"","meta":{"om_disable_all_campaigns":false,"_uf_show_specific_survey":0,"_uf_disable_surveys":false},"product_brand":[],"product_cat":[555],"product_tag":[],"class_list":{"0":"post-4788","1":"product","2":"type-product","3":"status-publish","4":"has-post-thumbnail","6":"product_cat-asthma","8":"first","9":"instock","10":"shipping-taxable","11":"purchasable","12":"product-type-variable","13":"has-default-attributes"},"_links":{"self":[{"href":"https:\/\/wowrxpharmacy.com\/de\/wp-json\/wp\/v2\/product\/4788","targetHints":{"allow":["GET"]}}],"collection":[{"href":"https:\/\/wowrxpharmacy.com\/de\/wp-json\/wp\/v2\/product"}],"about":[{"href":"https:\/\/wowrxpharmacy.com\/de\/wp-json\/wp\/v2\/types\/product"}],"replies":[{"embeddable":true,"href":"https:\/\/wowrxpharmacy.com\/de\/wp-json\/wp\/v2\/comments?post=4788"}],"wp:featuredmedia":[{"embeddable":true,"href":"https:\/\/wowrxpharmacy.com\/de\/wp-json\/wp\/v2\/media\/29455"}],"wp:attachment":[{"href":"https:\/\/wowrxpharmacy.com\/de\/wp-json\/wp\/v2\/media?parent=4788"}],"wp:term":[{"taxonomy":"product_brand","embeddable":true,"href":"https:\/\/wowrxpharmacy.com\/de\/wp-json\/wp\/v2\/product_brand?post=4788"},{"taxonomy":"product_cat","embeddable":true,"href":"https:\/\/wowrxpharmacy.com\/de\/wp-json\/wp\/v2\/product_cat?post=4788"},{"taxonomy":"product_tag","embeddable":true,"href":"https:\/\/wowrxpharmacy.com\/de\/wp-json\/wp\/v2\/product_tag?post=4788"}],"curies":[{"name":"wp","href":"https:\/\/api.w.org\/{rel}","templated":true}]}}