{"id":4626,"date":"2024-07-13T08:07:50","date_gmt":"2024-07-13T12:07:50","guid":{"rendered":"https:\/\/wowrxpharmacy.com\/?post_type=product&#038;p=4626"},"modified":"2024-10-16T03:51:25","modified_gmt":"2024-10-16T07:51:25","slug":"ramipres-1-25-mg","status":"publish","type":"product","link":"https:\/\/wowrxpharmacy.com\/de\/product\/ramipres-1-25-mg\/","title":{"rendered":"Ramipres 1,25 mg"},"content":{"rendered":"<h3><span style=\"font-weight: 400;\">\u00dcber Ramipres 1,25 mg<\/span><\/h3>\n<p><span style=\"font-weight: 400;\">Ramipres 1,25 Tabletten sind ein wirksames Arzneimittel gegen Bluthochdruck und Herzinsuffizienz. Ramipril 1,25 mg, der Wirkstoff in diesem Arzneimittel, reduziert auch das Risiko eines Herzinfarkts oder Schlaganfalls.<\/span><\/p>\n<p><span style=\"font-weight: 400;\">Ihr Arzt kann es Ihnen sogar nach einem Herzinfarkt verschreiben. Diese Tabletten entspannen die Blutgef\u00e4\u00dfe und sorgen so f\u00fcr einen gleichm\u00e4\u00dfigeren Blutfluss.<\/span><\/p>\n<p><span style=\"font-weight: 400;\">Sie k\u00f6nnen Ramipres 1,25 mg ganz einfach bei WowRXPharmacy kaufen. Bestellen Sie online im One-Stop-Shop f\u00fcr alle Ihre Herz- und Blutdruckmedikamente.<\/span><\/p>\n<h3><span style=\"font-weight: 400;\">Anwendung<\/span><\/h3>\n<p><span style=\"font-weight: 400;\">Ramipril-Tabletten werden zur Behandlung der folgenden Erkrankungen verwendet:<\/span><\/p>\n<h4><span style=\"font-weight: 400;\">Hypertonie<\/span><\/h4>\n<p><span style=\"font-weight: 400;\">Bluthochdruck oder Hypertonie ist ein Zustand, bei dem die Kraft, die das Blut auf die W\u00e4nde der Blutgef\u00e4\u00dfe aus\u00fcbt, erh\u00f6ht ist.<\/span><\/p>\n<h4><span style=\"font-weight: 400;\">Herz-Kreislauf-Erkrankungen<\/span><\/h4>\n<p><span style=\"font-weight: 400;\">Ramipres 1,25 mg Kapseln verringern das Risiko eines Herzinfarkts, Schlaganfalls (verminderte Durchblutung Ihres Gehirns) oder Todes durch kardiovaskul\u00e4re Ursachen.<\/span><\/p>\n<h4><span style=\"font-weight: 400;\">Kongestive Herzinsuffizienz<\/span><\/h4>\n<p><span style=\"font-weight: 400;\">Eine Herzinsuffizienz tritt auf, wenn das Herz das Blut nicht ausreichend pumpt. Zu den Symptomen geh\u00f6ren Kurzatmigkeit, Schw\u00e4che, M\u00fcdigkeit, Schwellungen der Kn\u00f6chel und F\u00fc\u00dfe usw.<\/span><\/p>\n<h4><span style=\"font-weight: 400;\">Nierenerkrankung<\/span><\/h4>\n<p><span style=\"font-weight: 400;\">Ramipril 1,25 mg wird zur Behandlung der diabetischen glomerul\u00e4ren Nephropathie (Nierensch\u00e4den infolge erh\u00f6hter Blutzuckerwerte) eingesetzt.<\/span><\/p>\n<h3><span style=\"font-weight: 400;\">Wie wirkt Ramipril?<\/span><\/h3>\n<p><span style=\"font-weight: 400;\">Ramipres enth\u00e4lt als Wirkstoff Ramipril. Es geh\u00f6rt zur Klasse der sogenannten Angiotensin-Converting-Enzym-Hemmer (ACE-Hemmer).<\/span><\/p>\n<p><span style=\"font-weight: 400;\">Dieses Arzneimittel verhindert die k\u00f6rpereigene Produktion einer Substanz, die die Blutgef\u00e4\u00dfe verengt. Dadurch entspannt Ramipril die Blutgef\u00e4\u00dfe. Es senkt den Blutdruck und erh\u00f6ht gleichzeitig die Blut- und Sauerstoffversorgung des Herzens.<\/span><\/p>\n<p><span style=\"font-weight: 400;\">Ramipres (Ramipril) hat sehr positive Bewertungen erhalten und ist ein empfohlenes Medikament bei Herzerkrankungen. Ramipres 1,25 mg Tabletten k\u00f6nnen bequem von zu Hause aus bestellt werden. Bestellen Sie Ihre Herz- und Blutdruckmedikamente bei der besten Online-Apotheke.<\/span><\/p>\n<h3><span style=\"font-weight: 400;\">Wie ist Ramipres 1,25 mg einzunehmen?<\/span><\/h3>\n<p><span style=\"font-weight: 400;\">Nehmen Sie die 1,25 mg Ramipril-Tabletten gem\u00e4\u00df den Anweisungen Ihres Arztes ein. Die Einnahme einer gr\u00f6\u00dferen Menge Ramipril als empfohlen kann das Risiko von Nebenwirkungen erh\u00f6hen.<\/span><\/p>\n<p><span style=\"font-weight: 400;\">Beachten Sie bei der Einnahme von Medikamenten die folgenden Richtlinien:<\/span><\/p>\n<ul>\n<li style=\"font-weight: 400;\" aria-level=\"1\"><span style=\"font-weight: 400;\">Ramipres Tabletten sollten unzerkaut eingenommen werden.<\/span><\/li>\n<li style=\"font-weight: 400;\" aria-level=\"1\"><span style=\"font-weight: 400;\">Die Pillen d\u00fcrfen nicht gekaut, zerkleinert oder zerbrochen werden.<\/span><\/li>\n<li style=\"font-weight: 400;\" aria-level=\"1\"><span style=\"font-weight: 400;\">Ramipres 1,25 Tabletten sollten auf n\u00fcchternen Magen zu einer bestimmten Zeit eingenommen werden<\/span><\/li>\n<\/ul>","protected":false},"excerpt":{"rendered":"<ul>\n<li style=\"font-weight: 400;\" aria-level=\"1\"><span style=\"font-weight: 400;\">Behandelt Bluthochdruck und Herzinsuffizienz<\/span><\/li>\n<li style=\"font-weight: 400;\" aria-level=\"1\"><span style=\"font-weight: 400;\">Herzschutz: Reduziert das Herzinfarkt-\/Schlaganfallrisiko<\/span><\/li>\n<li style=\"font-weight: 400;\" aria-level=\"1\"><span style=\"font-weight: 400;\">Reduziert das Risiko von Nierenproblemen<\/span><\/li>\n<li style=\"font-weight: 400;\" aria-level=\"1\"><span style=\"font-weight: 400;\">Schnelle Wirkung: Beginnt innerhalb von 60 Minuten<\/span><\/li>\n<li style=\"font-weight: 400;\" aria-level=\"1\"><span style=\"font-weight: 400;\">Verl\u00e4ngerte Wirkung: H\u00e4lt bis zu 24 Stunden an<\/span><\/li>\n<\/ul>","protected":false},"featured_media":29573,"comment_status":"open","ping_status":"closed","template":"","meta":{"om_disable_all_campaigns":false,"_uf_show_specific_survey":0,"_uf_disable_surveys":false},"product_brand":[],"product_cat":[608],"product_tag":[],"class_list":{"0":"post-4626","1":"product","2":"type-product","3":"status-publish","4":"has-post-thumbnail","6":"product_cat-heart-blood-pressure","8":"first","9":"instock","10":"shipping-taxable","11":"purchasable","12":"product-type-variable"},"_links":{"self":[{"href":"https:\/\/wowrxpharmacy.com\/de\/wp-json\/wp\/v2\/product\/4626","targetHints":{"allow":["GET"]}}],"collection":[{"href":"https:\/\/wowrxpharmacy.com\/de\/wp-json\/wp\/v2\/product"}],"about":[{"href":"https:\/\/wowrxpharmacy.com\/de\/wp-json\/wp\/v2\/types\/product"}],"replies":[{"embeddable":true,"href":"https:\/\/wowrxpharmacy.com\/de\/wp-json\/wp\/v2\/comments?post=4626"}],"wp:featuredmedia":[{"embeddable":true,"href":"https:\/\/wowrxpharmacy.com\/de\/wp-json\/wp\/v2\/media\/29573"}],"wp:attachment":[{"href":"https:\/\/wowrxpharmacy.com\/de\/wp-json\/wp\/v2\/media?parent=4626"}],"wp:term":[{"taxonomy":"product_brand","embeddable":true,"href":"https:\/\/wowrxpharmacy.com\/de\/wp-json\/wp\/v2\/product_brand?post=4626"},{"taxonomy":"product_cat","embeddable":true,"href":"https:\/\/wowrxpharmacy.com\/de\/wp-json\/wp\/v2\/product_cat?post=4626"},{"taxonomy":"product_tag","embeddable":true,"href":"https:\/\/wowrxpharmacy.com\/de\/wp-json\/wp\/v2\/product_tag?post=4626"}],"curies":[{"name":"wp","href":"https:\/\/api.w.org\/{rel}","templated":true}]}}