{"id":4542,"date":"2024-09-23T08:00:31","date_gmt":"2024-09-23T12:00:31","guid":{"rendered":"https:\/\/wowrxpharmacy.com\/?post_type=product&#038;p=4542"},"modified":"2024-11-22T04:50:21","modified_gmt":"2024-11-22T09:50:21","slug":"persol-ac-2-5-gel-30-g","status":"publish","type":"product","link":"https:\/\/wowrxpharmacy.com\/de\/product\/persol-ac-2-5-gel-30-g\/","title":{"rendered":"Persol AC 2.5% Gel (30 g)"},"content":{"rendered":"<h3><span style=\"font-weight: 400;\">Was ist <\/span><span style=\"font-weight: 400;\">Persol AC 2.5 Gel 30 g<\/span><span style=\"font-weight: 400;\">?\u00a0<\/span><\/h3>\n<p><span style=\"font-weight: 400;\">Persol Gel ist ein Medikament zur Behandlung von Akne (einschlie\u00dflich Pickeln, Mitessern und Whiteheads) im Gesicht, auf dem R\u00fccken und der Brust. Der Hauptwirkstoff in Persol Gel ist Benzoylperoxid, das zu einer Klasse von Medikamenten geh\u00f6rt, die als antibakterielle Mittel bekannt sind.\u00a0<\/span><\/p>\n<p><span style=\"font-weight: 400;\">Akne ist eine Hauterkrankung, die entsteht, wenn \u00d6l und abgestorbene Hautzellen die Haarfollikel verstopfen. Persol <\/span><span style=\"font-weight: 400;\">AC 2.5 Gel 30 g<\/span><span style=\"font-weight: 400;\"> t\u00f6tet Akne verursachende Bakterien ab. Das Benzoylperoxid-Gel ist ein topisches Medikament, das gem\u00e4\u00df den Anweisungen Ihres Arztes angewendet werden sollte.\u00a0<\/span><\/p>\n<p><span style=\"font-weight: 400;\">Die meisten Bewertungen zu Persol Gel sind sehr positiv; es ist ein weit verbreitetes Medikament zur Behandlung von Akne. Wallace Pharmaceuticals Pvt Ltd stellt Persol AC 2.5 Gel her, das Sie zu g\u00fcnstigen Preisen auf WowRx kaufen k\u00f6nnen.\u00a0<\/span><\/p>\n<h3><span style=\"font-weight: 400;\">Was ist der Nutzen von<\/span><span style=\"font-weight: 400;\"> Persol AC 2.5 Gel 30 g<\/span><span style=\"font-weight: 400;\">?\u00a0<\/span><\/h3>\n<p><span style=\"font-weight: 400;\">Persol AC 2.5 Gel ist ein antibakterielles Medikament zur Behandlung von Akne, einer weit verbreiteten Hauterkrankung, die durch verstopfte Haarfollikel unter der Haut gekennzeichnet ist. Diese Verstopfung <\/span><a href=\"https:\/\/www.mayoclinic.org\/diseases-conditions\/acne\/symptoms-causes\/syc-20368047#dialogId57467057:~:text=main%20factors%20cause,oil%20(sebum)%20production\" target=\"_blank\" rel=\"nofollow noopener\"><span style=\"font-weight: 400;\">tritt auf<\/span><\/a><span style=\"font-weight: 400;\"> Wenn Talg, ein nat\u00fcrliches Haut\u00f6l, das das Austrocknen verhindert, und abgestorbene Hautzellen die Poren verstopfen, entstehen L\u00e4sionen, die allgemein als Pickel oder Pusteln bekannt sind.\u00a0<\/span><\/p>\n<p><span style=\"font-weight: 400;\">Persol AC 2.5 Gel kann nach \u00e4rztlicher Anleitung allein oder in Kombination mit anderen Aknebehandlungen angewendet werden. Beachten Sie die Anweisungen in der Packungsbeilage, um den gr\u00f6\u00dftm\u00f6glichen Nutzen aus diesem Medikament zu ziehen.<\/span><\/p>\n<h3><span style=\"font-weight: 400;\">Wie funktioniert <\/span><span style=\"font-weight: 400;\">Persol AC 2.5 Gel 30 g<\/span><span style=\"font-weight: 400;\"> arbeiten?<\/span><\/h3>\n<p><span style=\"font-weight: 400;\">Topische Medikamente wie Persol AC 2.5 Gel geh\u00f6ren zu einer Klasse von Medikamenten, die als antibakterielle Mittel bekannt sind. Der Hauptbestandteil des Gels, Benzoylperoxid, <\/span><a href=\"https:\/\/www.nhs.uk\/medicines\/benzoyl-peroxide\/about-benzoyl-peroxide\/#:~:text=Benzoyl%20peroxide%20is%20used%20to%20treat%20acne.%20It%20works%20as%20an%20antiseptic%20to%20reduce%20the%20number%20of%20germs%20(bacteria)%20on%20the%20surface%20of%20your%20skin.\" target=\"_blank\" rel=\"nofollow noopener\"><span style=\"font-weight: 400;\">beseitigt<\/span><\/a><span style=\"font-weight: 400;\"> Bakterien, lindert Reizungen und befreit verstopfte Poren.\u00a0<\/span><\/p>\n<p><span style=\"font-weight: 400;\">Als keratolytisches und bakterizides Mittel beseitigt dieses Medikament Akne verursachende Keime und unterst\u00fctzt die Hautabl\u00f6sung durch Lockerung der Keratinschicht. Dar\u00fcber hinaus erm\u00f6glicht die milde trocknende Wirkung des Persol-Gels die Entfernung von \u00fcbersch\u00fcssigem \u00d6l und Unreinheiten von der Haut.\u00a0<\/span><\/p>\n<p><span style=\"font-weight: 400;\">Benzoylperoxid-Gel sollte gem\u00e4\u00df den Anweisungen Ihres Hausarztes angewendet werden. Sollten nach der Anwendung des Gels Nebenwirkungen auftreten, wenden Sie sich umgehend an einen Arzt.<\/span><\/p>\n<h3><span style=\"font-weight: 400;\">So bewerben Sie sich <\/span><span style=\"font-weight: 400;\">Persol AC 2.5 Gel 30 g<\/span><span style=\"font-weight: 400;\">?<\/span><\/h3>\n<p><span style=\"font-weight: 400;\">Persol Gel ist ein topisches Medikament und ist nur zur \u00e4u\u00dferlichen Anwendung bestimmt. Das Gel sollte unter Beachtung der folgenden <\/span><a href=\"https:\/\/www.nhs.uk\/medicines\/benzoyl-peroxide\/how-and-when-to-use-benzoyl-peroxide\/#:~:text=Wash%20your%20hands,benzoyl%20peroxide%20gel.\" target=\"_blank\" rel=\"nofollow noopener\"><span style=\"font-weight: 400;\">Punkte<\/span><\/a><span style=\"font-weight: 400;\"> im Hinterkopf:<\/span><\/p>\n<ul>\n<li style=\"font-weight: 400;\" aria-level=\"1\"><span style=\"font-weight: 400;\">Vor dem Auftragen des Gels die betroffene Stelle waschen und trocken tupfen<\/span><\/li>\n<li style=\"font-weight: 400;\" aria-level=\"1\"><span style=\"font-weight: 400;\">Tragen Sie ein- oder zweimal oder nach Anweisung Ihres Arztes eine d\u00fcnne Schicht Persol-Gel auf<\/span><\/li>\n<li style=\"font-weight: 400;\" aria-level=\"1\"><span style=\"font-weight: 400;\">W\u00e4hrend der Anwendung dieses Produkts sollten Sie die Sonne meiden. Tragen Sie das Gel abends auf, wenn eine Sonneneinstrahlung nicht vermieden werden kann, zusammen mit einer geeigneten Sonnenschutzlotion.<\/span><\/li>\n<li style=\"font-weight: 400;\" aria-level=\"1\"><span style=\"font-weight: 400;\">Vermeiden Sie, dass dieses Medikament in Ihren Mund, Ihre Augen oder Ihre Nase gelangt, und tragen Sie es niemals auf verletzte oder gesch\u00e4digte Haut auf.<\/span><\/li>\n<li style=\"font-weight: 400;\" aria-level=\"1\"><span style=\"font-weight: 400;\">Verwenden Sie von diesem Produkt nur so viel, wie Ihr Arzt verschrieben hat, nicht mehr und nicht weniger<\/span><\/li>\n<\/ul>","protected":false},"excerpt":{"rendered":"<p>Benzoylperoxid im Persol AC Gel reduziert Akne verursachende Bakterien und \u00d6l. Nicht fettend, von Dermatologen empfohlen und einfach anzuwenden.<\/p>","protected":false},"featured_media":29593,"comment_status":"open","ping_status":"closed","template":"","meta":{"om_disable_all_campaigns":false,"_uf_show_specific_survey":0,"_uf_disable_surveys":false},"product_brand":[],"product_cat":[534],"product_tag":[],"class_list":{"0":"post-4542","1":"product","2":"type-product","3":"status-publish","4":"has-post-thumbnail","6":"product_cat-skin-care","8":"first","9":"instock","10":"sale","11":"shipping-taxable","12":"purchasable","13":"product-type-variable","14":"has-default-attributes"},"_links":{"self":[{"href":"https:\/\/wowrxpharmacy.com\/de\/wp-json\/wp\/v2\/product\/4542","targetHints":{"allow":["GET"]}}],"collection":[{"href":"https:\/\/wowrxpharmacy.com\/de\/wp-json\/wp\/v2\/product"}],"about":[{"href":"https:\/\/wowrxpharmacy.com\/de\/wp-json\/wp\/v2\/types\/product"}],"replies":[{"embeddable":true,"href":"https:\/\/wowrxpharmacy.com\/de\/wp-json\/wp\/v2\/comments?post=4542"}],"wp:featuredmedia":[{"embeddable":true,"href":"https:\/\/wowrxpharmacy.com\/de\/wp-json\/wp\/v2\/media\/29593"}],"wp:attachment":[{"href":"https:\/\/wowrxpharmacy.com\/de\/wp-json\/wp\/v2\/media?parent=4542"}],"wp:term":[{"taxonomy":"product_brand","embeddable":true,"href":"https:\/\/wowrxpharmacy.com\/de\/wp-json\/wp\/v2\/product_brand?post=4542"},{"taxonomy":"product_cat","embeddable":true,"href":"https:\/\/wowrxpharmacy.com\/de\/wp-json\/wp\/v2\/product_cat?post=4542"},{"taxonomy":"product_tag","embeddable":true,"href":"https:\/\/wowrxpharmacy.com\/de\/wp-json\/wp\/v2\/product_tag?post=4542"}],"curies":[{"name":"wp","href":"https:\/\/api.w.org\/{rel}","templated":true}]}}