{"id":4396,"date":"2024-07-13T08:07:31","date_gmt":"2024-07-13T12:07:31","guid":{"rendered":"https:\/\/wowrxpharmacy.com\/?post_type=product&#038;p=4396"},"modified":"2024-11-13T03:43:31","modified_gmt":"2024-11-13T08:43:31","slug":"danogen-50-mg","status":"publish","type":"product","link":"https:\/\/wowrxpharmacy.com\/de\/product\/danogen-50-mg\/","title":{"rendered":"Danogen 50 mg"},"content":{"rendered":"<h3><span style=\"font-weight: 400;\">\u00dcber Danogen 50 mg<\/span><\/h3>\n<p><span style=\"font-weight: 400;\">Danogen 50 mg Tabletten sind Menstruationsmedikamente zur Behandlung von schmerzhaften oder unregelm\u00e4\u00dfigen Perioden, pr\u00e4menstruellen Spannungsgef\u00fchlen (PMT), benigner fibrozystischer Brusterkrankung (schmerzhafte Brusterkrankung), Brustzysten und Endometriose.<\/span><\/p>\n<p><span style=\"font-weight: 400;\">Danazol, der Hauptwirkstoff dieser Tablette, geh\u00f6rt zur Klasse der synthetischen Steroide. Danogen-Tabletten sind verschreibungspflichtig und sollten nur nach \u00e4rztlicher Anweisung eingenommen werden. Cipla Ltd stellt Danogen 50 mg Tabletten her.<\/span><\/p>\n<h3><span style=\"font-weight: 400;\">Verwendung von Danogen 50 mg<\/span><\/h3>\n<p><span style=\"font-weight: 400;\">Danogen 50 mg Tabletten werden Patienten typischerweise zur Behandlung der folgenden Erkrankungen verabreicht:<\/span><\/p>\n<ul>\n<li style=\"font-weight: 400;\" aria-level=\"1\"><span style=\"font-weight: 400;\">Endometriose<\/span><\/li>\n<li style=\"font-weight: 400;\" aria-level=\"1\"><span style=\"font-weight: 400;\">Heredit\u00e4res Angio\u00f6dem<\/span><\/li>\n<li style=\"font-weight: 400;\" aria-level=\"1\"><span style=\"font-weight: 400;\">Menstruationsschmerzen<\/span><\/li>\n<li style=\"font-weight: 400;\" aria-level=\"1\"><span style=\"font-weight: 400;\">Gutartige fibrozystische Brusterkrankung<\/span><\/li>\n<li style=\"font-weight: 400;\" aria-level=\"1\"><span style=\"font-weight: 400;\">Knoten in der Brust<\/span><\/li>\n<li style=\"font-weight: 400;\" aria-level=\"1\"><span style=\"font-weight: 400;\">Pr\u00e4menstruelles Syndrom (PMS)<\/span><\/li>\n<\/ul>\n<h3><span style=\"font-weight: 400;\">Wie Danazol wirkt<\/span><\/h3>\n<p><span style=\"font-weight: 400;\">Die Wirkung von Danogen 50 mg Tabletten beruht in erster Linie auf der Einschr\u00e4nkung der Hoden-\/Eierstockfunktion bei M\u00e4nnern und Frauen, indem die Freisetzung von Gonadotropinen (einer Gruppe von Hormonen, die die Aktivit\u00e4t der Keimdr\u00fcsen stimulieren) verringert wird.<\/span><\/p>\n<p><span style=\"font-weight: 400;\">Dar\u00fcber hinaus hemmt es die gonadale Aktivit\u00e4t direkt, indem es die an der Steroidhormonsynthese beteiligten Enzyme hemmt. Danogen Tabletten haben viele positive Bewertungen und Anmerkungen erhalten und sind ein hochwirksames Rezept. Sie m\u00fcssen die Tablette gem\u00e4\u00df den genauen Anweisungen Ihres Arztes einnehmen.<\/span><\/p>\n<h3><span style=\"font-weight: 400;\">Wie ist Danogen einzunehmen?<\/span><\/h3>\n<p><span style=\"font-weight: 400;\">Danogen 50 mg Tabletten sollten gem\u00e4\u00df den ausf\u00fchrlichen Empfehlungen Ihres Arztes eingenommen werden.\u00a0<\/span><\/p>\n<p><span style=\"font-weight: 400;\">Zur ordnungsgem\u00e4\u00dfen Einnahme des Arzneimittels sollten folgende Schritte befolgt werden:<\/span><\/p>\n<ul>\n<li style=\"font-weight: 400;\" aria-level=\"1\"><span style=\"font-weight: 400;\">Nehmen Sie Danogen-Tabletten mit einem Glas Wasser ein<\/span><\/li>\n<li style=\"font-weight: 400;\" aria-level=\"1\"><span style=\"font-weight: 400;\">Nehmen Sie dieses Medikament immer genau nach Anweisung Ihres Arztes ein, ohne es zu zerbrechen oder zu kauen.<\/span><\/li>\n<li style=\"font-weight: 400;\" aria-level=\"1\"><span style=\"font-weight: 400;\">Nehmen Sie niemals mehr als die empfohlene Dosis ein<\/span><\/li>\n<li style=\"font-weight: 400;\" aria-level=\"1\"><span style=\"font-weight: 400;\">Konsultieren Sie Ihren Arzt, bevor Sie die Anwendung dieses Arzneimittels abbrechen<\/span><\/li>\n<\/ul>","protected":false},"excerpt":{"rendered":"<ul>\n<li style=\"font-weight: 400;\" aria-level=\"1\"><span style=\"font-weight: 400;\">Mit Danazol als aktivem Salz<\/span><\/li>\n<li style=\"font-weight: 400;\" aria-level=\"1\"><span style=\"font-weight: 400;\">Behandelt unregelm\u00e4\u00dfige Perioden, Endometriose<\/span><\/li>\n<li style=\"font-weight: 400;\" aria-level=\"1\"><span style=\"font-weight: 400;\">Sichtbare Ergebnisse innerhalb von 2-3 Wochen<\/span><\/li>\n<li style=\"font-weight: 400;\" aria-level=\"1\"><span style=\"font-weight: 400;\">Wirksam bis zu 9 Stunden<\/span><\/li>\n<li style=\"font-weight: 400;\" aria-level=\"1\"><span style=\"font-weight: 400;\">Versand innerhalb von 24 Stunden<\/span><\/li>\n<\/ul>","protected":false},"featured_media":4749,"comment_status":"open","ping_status":"closed","template":"","meta":{"om_disable_all_campaigns":false,"_uf_show_specific_survey":0,"_uf_disable_surveys":false},"product_brand":[],"product_cat":[595],"product_tag":[],"class_list":{"0":"post-4396","1":"product","2":"type-product","3":"status-publish","4":"has-post-thumbnail","6":"product_cat-womens-health","8":"first","9":"instock","10":"shipping-taxable","11":"purchasable","12":"product-type-variable","13":"has-default-attributes"},"_links":{"self":[{"href":"https:\/\/wowrxpharmacy.com\/de\/wp-json\/wp\/v2\/product\/4396","targetHints":{"allow":["GET"]}}],"collection":[{"href":"https:\/\/wowrxpharmacy.com\/de\/wp-json\/wp\/v2\/product"}],"about":[{"href":"https:\/\/wowrxpharmacy.com\/de\/wp-json\/wp\/v2\/types\/product"}],"replies":[{"embeddable":true,"href":"https:\/\/wowrxpharmacy.com\/de\/wp-json\/wp\/v2\/comments?post=4396"}],"wp:featuredmedia":[{"embeddable":true,"href":"https:\/\/wowrxpharmacy.com\/de\/wp-json\/wp\/v2\/media\/4749"}],"wp:attachment":[{"href":"https:\/\/wowrxpharmacy.com\/de\/wp-json\/wp\/v2\/media?parent=4396"}],"wp:term":[{"taxonomy":"product_brand","embeddable":true,"href":"https:\/\/wowrxpharmacy.com\/de\/wp-json\/wp\/v2\/product_brand?post=4396"},{"taxonomy":"product_cat","embeddable":true,"href":"https:\/\/wowrxpharmacy.com\/de\/wp-json\/wp\/v2\/product_cat?post=4396"},{"taxonomy":"product_tag","embeddable":true,"href":"https:\/\/wowrxpharmacy.com\/de\/wp-json\/wp\/v2\/product_tag?post=4396"}],"curies":[{"name":"wp","href":"https:\/\/api.w.org\/{rel}","templated":true}]}}