{"id":4258,"date":"2024-07-13T08:06:31","date_gmt":"2024-07-13T12:06:31","guid":{"rendered":"https:\/\/wowrxpharmacy.com\/?post_type=product&#038;p=4258"},"modified":"2024-10-16T03:51:26","modified_gmt":"2024-10-16T07:51:26","slug":"tretin-creme-0025-30-g","status":"publish","type":"product","link":"https:\/\/wowrxpharmacy.com\/de\/product\/tretin-creme-0025-30-g\/","title":{"rendered":"Tretin-Creme 0,025% (30 g)"},"content":{"rendered":"<h2><span style=\"font-weight: 400;\">\u00dcber Tretin Creme 0,025<\/span><\/h2>\n<p><span style=\"font-weight: 400;\">Tretin Creme 0,025 ist ein Hautpflegemittel zur Behandlung von Akne, die in Form von Pickeln oder Flecken im Gesicht, auf dem R\u00fccken oder der Brust auftreten kann. Das Medikament kann auch helfen, feine F\u00e4ltchen zu mildern und raue Gesichtshaut zu gl\u00e4tten.\u00a0<\/span><\/p>\n<p><span style=\"font-weight: 400;\">Tretin Creme 0,025 ist ein Vitamin-A-Derivat, das zur Klasse der Retinoide geh\u00f6rt. Tretin Creme 0,025 enth\u00e4lt Tretinoin als Hauptwirkstoff. Das Medikament senkt die Talgproduktion der Haut und \u00f6ffnet und befreit die Poren an der Hautoberfl\u00e4che. Dies stoppt das Wachstum von Mitessern und Pickeln.<\/span><\/p>\n<p><span style=\"font-weight: 400;\">Tretinoin-Creme 0,025 ist ein verschreibungspflichtiges Medikament, das gem\u00e4\u00df den Anweisungen Ihres Arztes eingenommen werden sollte. Tretin-Creme 0,025 wird von Hegde und Hegde Pharmaceutical LLP hergestellt.<\/span><\/p>\n<h3><span style=\"font-weight: 400;\">Verwendung von Tretin Creme 0,025<\/span><\/h3>\n<p><span style=\"font-weight: 400;\">Tretin-Creme wird zur Behandlung von Akne eingesetzt. Das Medikament sollte nur nach ausdr\u00fccklicher \u00e4rztlicher Verschreibung angewendet werden. Akne ist eine Hauterkrankung, die zu Mitessern, Whiteheads und Pickeln f\u00fchrt, wenn die Haarfollikel durch \u00d6l und abgestorbene Hautzellen verstopft werden.\u00a0<\/span><\/p>\n<p><span style=\"font-weight: 400;\">Tretinoin-Creme 0,025 kann das Risiko neuer Akneausbr\u00fcche verringern und die Hautregeneration beschleunigen. <\/span><span style=\"font-weight: 400;\">Die Tretin-Creme hat viele positive Bewertungen erhalten und ist daher ein sehr empfehlenswertes Medikament gegen Akne.<\/span><\/p>\n<h3><span style=\"font-weight: 400;\">Wie Tretinoin wirkt<\/span><\/h3>\n<p><span style=\"font-weight: 400;\">Der Hauptwirkstoff in Tretin Creme 0,025 ist Tretinoin, eine Form von Vitamin A, auch bekannt als Retons\u00e4ure. Das Medikament hilft bei der Behandlung von Akne, einer h\u00e4ufigen Hauterkrankung, die entsteht, wenn \u00d6l und abgestorbene Hautzellen die Haarfollikel verstopfen.<\/span><\/p>\n<p><span style=\"font-weight: 400;\">Die Creme wirkt, indem sie zu Akne neigende Haut regeneriert, die Talgproduktion verringert und bei \u00f6rtlicher Anwendung die Poren offen h\u00e4lt. Dies beugt der Entstehung von Mitessern, Whiteheads und Pickeln vor. Tretin Creme 0,025 ist ein topisches Medikament, das nur zur \u00e4u\u00dferlichen Anwendung bestimmt ist. Verwenden Sie Tretin Creme 0,025 gem\u00e4\u00df den Anweisungen Ihres Arztes.<\/span><\/p>\n<h3><span style=\"font-weight: 400;\">Anwendung der Tretin-Creme<\/span><\/h3>\n<p><span style=\"font-weight: 400;\">Tretin Creme 0,025 sollte gem\u00e4\u00df den spezifischen Anweisungen des Arztes angewendet werden. Bevor Sie eine d\u00fcnne Schicht des Medikaments auf die betroffene Stelle auftragen, waschen und trocknen Sie diese. Nach der Reinigung und Trocknung der betroffenen Stelle tragen Sie die Creme gem\u00e4\u00df den Anweisungen des Arztes auf.\u00a0<\/span><\/p>\n<p><span style=\"font-weight: 400;\">Tretinoin-Creme 0,025 sollte nicht in der N\u00e4he von Augen, Ohren, Nase, Vagina oder Mund angewendet werden. Tragen Sie die Creme niemals auf verletzte oder verletzte Haut auf. Sollte Tretin-Creme unbeabsichtigt mit diesen Stellen in Ber\u00fchrung kommen, sp\u00fclen Sie diese gr\u00fcndlich mit Wasser ab.<\/span><\/p>","protected":false},"excerpt":{"rendered":"<ul>\n<li style=\"font-weight: 400;\" aria-level=\"1\"><span style=\"font-weight: 400;\">FDA-zugelassen <\/span><span style=\"font-weight: 400;\">Tretinoin\u00a0<\/span><\/li>\n<li style=\"font-weight: 400;\" aria-level=\"1\"><span style=\"font-weight: 400;\">Bleibt bis zu 24 Stunden wirksam<\/span><\/li>\n<li style=\"font-weight: 400;\" aria-level=\"1\"><span style=\"font-weight: 400;\">Sichtbare Ergebnisse innerhalb von 3 Monaten<\/span><\/li>\n<li style=\"font-weight: 400;\" aria-level=\"1\"><span style=\"font-weight: 400;\">Versand innerhalb von 24 Stunden<\/span><\/li>\n<\/ul>","protected":false},"featured_media":4263,"comment_status":"open","ping_status":"closed","template":"","meta":{"om_disable_all_campaigns":false,"_uf_show_specific_survey":0,"_uf_disable_surveys":false},"product_brand":[],"product_cat":[534],"product_tag":[],"class_list":{"0":"post-4258","1":"product","2":"type-product","3":"status-publish","4":"has-post-thumbnail","6":"product_cat-skin-care","8":"first","9":"instock","10":"shipping-taxable","11":"purchasable","12":"product-type-variable","13":"has-default-attributes"},"_links":{"self":[{"href":"https:\/\/wowrxpharmacy.com\/de\/wp-json\/wp\/v2\/product\/4258","targetHints":{"allow":["GET"]}}],"collection":[{"href":"https:\/\/wowrxpharmacy.com\/de\/wp-json\/wp\/v2\/product"}],"about":[{"href":"https:\/\/wowrxpharmacy.com\/de\/wp-json\/wp\/v2\/types\/product"}],"replies":[{"embeddable":true,"href":"https:\/\/wowrxpharmacy.com\/de\/wp-json\/wp\/v2\/comments?post=4258"}],"wp:featuredmedia":[{"embeddable":true,"href":"https:\/\/wowrxpharmacy.com\/de\/wp-json\/wp\/v2\/media\/4263"}],"wp:attachment":[{"href":"https:\/\/wowrxpharmacy.com\/de\/wp-json\/wp\/v2\/media?parent=4258"}],"wp:term":[{"taxonomy":"product_brand","embeddable":true,"href":"https:\/\/wowrxpharmacy.com\/de\/wp-json\/wp\/v2\/product_brand?post=4258"},{"taxonomy":"product_cat","embeddable":true,"href":"https:\/\/wowrxpharmacy.com\/de\/wp-json\/wp\/v2\/product_cat?post=4258"},{"taxonomy":"product_tag","embeddable":true,"href":"https:\/\/wowrxpharmacy.com\/de\/wp-json\/wp\/v2\/product_tag?post=4258"}],"curies":[{"name":"wp","href":"https:\/\/api.w.org\/{rel}","templated":true}]}}