{"id":4254,"date":"2024-09-23T07:00:32","date_gmt":"2024-09-23T11:00:32","guid":{"rendered":"https:\/\/wowrxpharmacy.com\/?post_type=product&#038;p=4254"},"modified":"2024-11-22T04:54:34","modified_gmt":"2024-11-22T09:54:34","slug":"valif-oral-jelly-20-mg","status":"publish","type":"product","link":"https:\/\/wowrxpharmacy.com\/de\/product\/valif-oral-jelly-20-mg\/","title":{"rendered":"Valif Oral Jelly 20 mg"},"content":{"rendered":"<h3><span style=\"font-weight: 400;\">Was ist Valif Oral Jelly 20 mg?<\/span><\/h3>\n<p><span style=\"font-weight: 400;\">Valif Oral Jelly 20 mg ist ein verschreibungspflichtiges Medikament zur Behandlung von erektiler Dysfunktion (ED) oder Impotenz bei M\u00e4nnern. ED bezeichnet die Unf\u00e4higkeit eines Mannes, eine Erektion f\u00fcr befriedigenden Geschlechtsverkehr aufrechtzuerhalten. Valif Oral Jelly enth\u00e4lt Vardenafil, einen von der FDA zugelassenen Wirkstoff aus der Klasse der PDE5-Hemmer.<\/span><\/p>\n<p><span style=\"font-weight: 400;\">Valif Jelly entspannt die Blutgef\u00e4\u00dfe im Penisbereich und f\u00f6rdert die Durchblutung, was zu starken Erektionen f\u00fchrt. Ajanta Pharma Ltd stellt dieses Oral Jelly her. Es ist speziell f\u00fcr die schnelle Aufl\u00f6sung bei spontaner Intimit\u00e4t entwickelt. Kaufen Sie Valif Oral Jelly bei WowRx zu reduzierten Preisen und sparen Sie zus\u00e4tzlich.<\/span><\/p>\n<h3><span style=\"font-weight: 400;\">Valif Oral Jelly Anwendungen<\/span><\/h3>\n<p><span style=\"font-weight: 400;\">Valif Oral Jelly ist typischerweise <\/span><a href=\"https:\/\/www.mayoclinic.org\/drugs-supplements\/vardenafil-oral-route\/description\/drg-20067107#:~:text=Vardenafil%20is%20used%20to%20treat%20men%20with%20erectile%20dysfunction%20(sexual%20impotence).\" target=\"_blank\" rel=\"nofollow noopener\"><span style=\"font-weight: 400;\">genutzt<\/span><\/a><span style=\"font-weight: 400;\"> Zur Behandlung von erektiler Dysfunktion und hilft, eine Erektion f\u00fcr befriedigenden Geschlechtsverkehr zu erreichen. Diese Gele sind f\u00fcr ihren schnellen Wirkungseintritt bekannt. W\u00e4hrend andere Erektionsbehandlungen mindestens eine Stunde ben\u00f6tigen, um zu wirken, kann Valif Oral Jelly bereits 15\u201330 Minuten nach der Einnahme vor dem Geschlechtsverkehr wirken. Im Gegensatz zu seiner schnellen Wirkung h\u00e4lt die Wirkung von Vardenafil in der Regel l\u00e4nger an, etwa 4\u20135 Stunden.<\/span><\/p>\n<p><span style=\"font-weight: 400;\">Die Wirkung kann jedoch von Person zu Person unterschiedlich sein und h\u00e4ngt vom Stoffwechsel, den Medikamenten und dem allgemeinen Gesundheitszustand ab. Es ist wichtig zu verstehen, dass Valif Oral Jelly Erektionsst\u00f6rungen nur behandeln, aber nicht heilen kann. Sie sollten einen Arzt aufsuchen, um die Ursache der Erektionsst\u00f6rungen zu ermitteln. Valif Oral Jelly wirkt nicht aphrodisierend und erfordert sexuelle Stimulation, um seine Wirkung zu entfalten.<\/span><\/p>\n<h3><span style=\"font-weight: 400;\">Wie wirkt Vardenafil?<\/span><\/h3>\n<p><span style=\"font-weight: 400;\">Vardenafil in Valif Jelly erh\u00f6ht die Durchblutung im Penis und sorgt f\u00fcr kr\u00e4ftige und starke Erektionen. Ihr K\u00f6rper setzt zyklisches Guanosinmonophosphat (cGMP) frei, das die glatte Muskulatur entspannt und den Blutzufluss erh\u00f6ht, was zu einer Erektion f\u00fchrt.<\/span><\/p>\n<p><span style=\"font-weight: 400;\">Das Enzym Phosphodiesterase Typ 5 baut jedoch cGMP-Molek\u00fcle ab und behindert die Erektion. Vardenafil ist ein PDE5-Hemmer, der <\/span><a href=\"https:\/\/www.ncbi.nlm.nih.gov\/books\/NBK548920\/#:~:text=Vardenafil%20(var%20den,States%20in%202003.\" target=\"_blank\" rel=\"nofollow noopener\"><span style=\"font-weight: 400;\">Bl\u00f6cke<\/span><\/a><span style=\"font-weight: 400;\"> Das Enzym. Dadurch wirkt cGMP effizient, erh\u00f6ht den Blutzufluss zum Penis und unterst\u00fctzt eine starke Erektion.<\/span><\/p>\n<h3><span style=\"font-weight: 400;\">Wie wenden Sie Valif Oral Jelly 20 mg an?<\/span><\/h3>\n<p><span style=\"font-weight: 400;\">Die Einnahme von Valif Oral Jelly gegen erektile Dysfunktion ist einfach. F\u00fcr optimale Ergebnisse sollten Sie die folgenden Anweisungen befolgen:<\/span><\/p>\n<ul>\n<li style=\"font-weight: 400;\" aria-level=\"1\"><span style=\"font-weight: 400;\">Nehmen Sie die verschriebene Dosis Valif Oral Jelly 20 mg etwa 15-30 Minuten vor dem Geschlechtsverkehr ein<\/span><\/li>\n<li style=\"font-weight: 400;\" aria-level=\"1\"><span style=\"font-weight: 400;\">Schlucken Sie das Oral Jelly, indem Sie den Beutel im Mund zusammendr\u00fccken<\/span><\/li>\n<li style=\"font-weight: 400;\" aria-level=\"1\"><span style=\"font-weight: 400;\">Das Gelee nicht kauen oder zerdr\u00fccken<\/span><\/li>\n<li style=\"font-weight: 400;\" aria-level=\"1\"><span style=\"font-weight: 400;\">Sie k\u00f6nnen es mit oder ohne Mahlzeit einnehmen<\/span><\/li>\n<li style=\"font-weight: 400;\" aria-level=\"1\"><span style=\"font-weight: 400;\">Nehmen Sie Valif Jelly nur <\/span><a href=\"https:\/\/www.peacehealth.org\/medical-topics\/id\/fdbm11627-9297#:~:text=Do%20not%20take%20the%20medicine%20more%20than%20once%20during%2024%20hours.\" target=\"_blank\" rel=\"nofollow noopener\"><span style=\"font-weight: 400;\">einmal<\/span><\/a><span style=\"font-weight: 400;\"> in 24 Stunden\u00a0<\/span><\/li>\n<li style=\"font-weight: 400;\" aria-level=\"1\"><span style=\"font-weight: 400;\">Konsultieren Sie einen Arzt, wenn Sie anhaltende Erektionen erleben, auch Priapismus genannt<\/span><\/li>\n<\/ul>","protected":false},"excerpt":{"rendered":"<p>Valifs Vardenafil-Gel bietet schnell wirkende Linderung bei erektiler Dysfunktion in leckeren Geschmacksrichtungen. Diese leicht einzunehmende Formel sorgt f\u00fcr befriedigende Intimit\u00e4t und zieht schnell ein.<\/p>","protected":false},"featured_media":29234,"comment_status":"open","ping_status":"closed","template":"","meta":{"om_disable_all_campaigns":false,"_uf_show_specific_survey":0,"_uf_disable_surveys":false},"product_brand":[],"product_cat":[438],"product_tag":[],"class_list":{"0":"post-4254","1":"product","2":"type-product","3":"status-publish","4":"has-post-thumbnail","6":"product_cat-mens-health","8":"first","9":"instock","10":"sale","11":"shipping-taxable","12":"purchasable","13":"product-type-variable","14":"has-default-attributes"},"_links":{"self":[{"href":"https:\/\/wowrxpharmacy.com\/de\/wp-json\/wp\/v2\/product\/4254","targetHints":{"allow":["GET"]}}],"collection":[{"href":"https:\/\/wowrxpharmacy.com\/de\/wp-json\/wp\/v2\/product"}],"about":[{"href":"https:\/\/wowrxpharmacy.com\/de\/wp-json\/wp\/v2\/types\/product"}],"replies":[{"embeddable":true,"href":"https:\/\/wowrxpharmacy.com\/de\/wp-json\/wp\/v2\/comments?post=4254"}],"wp:featuredmedia":[{"embeddable":true,"href":"https:\/\/wowrxpharmacy.com\/de\/wp-json\/wp\/v2\/media\/29234"}],"wp:attachment":[{"href":"https:\/\/wowrxpharmacy.com\/de\/wp-json\/wp\/v2\/media?parent=4254"}],"wp:term":[{"taxonomy":"product_brand","embeddable":true,"href":"https:\/\/wowrxpharmacy.com\/de\/wp-json\/wp\/v2\/product_brand?post=4254"},{"taxonomy":"product_cat","embeddable":true,"href":"https:\/\/wowrxpharmacy.com\/de\/wp-json\/wp\/v2\/product_cat?post=4254"},{"taxonomy":"product_tag","embeddable":true,"href":"https:\/\/wowrxpharmacy.com\/de\/wp-json\/wp\/v2\/product_tag?post=4254"}],"curies":[{"name":"wp","href":"https:\/\/api.w.org\/{rel}","templated":true}]}}