{"id":4165,"date":"2024-07-13T08:05:33","date_gmt":"2024-07-13T12:05:33","guid":{"rendered":"https:\/\/wowrxpharmacy.com\/?post_type=product&#038;p=4165"},"modified":"2025-11-17T02:38:47","modified_gmt":"2025-11-17T07:38:47","slug":"seretide-diskus-100-%c2%b5g-50-%c2%b5g","status":"publish","type":"product","link":"https:\/\/wowrxpharmacy.com\/de\/product\/seretide-diskus-100-%c2%b5g-50-%c2%b5g\/","title":{"rendered":"Seretide Diskus 100 mcg \/ 50 mcg"},"content":{"rendered":"<h3><span style=\"font-weight: 400;\">\u00dcber Seretide Diskus 100 \u00b5g\/50 \u00b5g<\/span><\/h3>\n<p><span style=\"font-weight: 400;\">Der Seretide Diskus Inhalator ist ein wirksames Inhalationsger\u00e4t zur Behandlung der Symptome einer chronisch obstruktiven Lungenerkrankung. Es handelt sich um ein Kombinationsmedikament aus zwei Salzen, Fluticason und Salmeterol.\u00a0<\/span><\/p>\n<p><span style=\"font-weight: 400;\">Es \u00f6ffnet die Atemwege und erleichtert die Atmung. Der Asthma-Inhalator ist ein verschreibungspflichtiges Medikament und wird zur regelm\u00e4\u00dfigen Anwendung verschrieben.\u00a0<\/span><\/p>\n<p><span style=\"font-weight: 400;\">Sie k\u00f6nnen diesen Fluticason-Salmeterol-Inhalator bequem \u00fcber WowRXPharmacy kaufen.\u00a0<\/span><\/p>\n<h3><span style=\"font-weight: 400;\">Verwendung von Seretide Diskus<\/span><\/h3>\n<p><span style=\"font-weight: 400;\">Seretide Diskus 100 \u00b5g \/ 50 \u00b5g Inhalator wird in erster Linie verschrieben, um die Atmung zu erleichtern. Es \u00f6ffnet die Atemwege und erleichtert so die Atmung. Es wird zur Behandlung folgender Erkrankungen angewendet:<\/span><\/p>\n<h4><span style=\"font-weight: 400;\">Asthma<\/span><\/h4>\n<p><span style=\"font-weight: 400;\">Asthma ist eine Erkrankung, bei der sich die Atemwege verengen und vermehrt Schleim produzieren. Dies f\u00fchrt zu Atembeschwerden, Keuchen und Kurzatmigkeit. Der Salmeterol- und Fluticason-Inhalator \u00f6ffnet die Atemwege und lindert die Asthmasymptome.\u00a0<\/span><\/p>\n<h4><span style=\"font-weight: 400;\">Chronisch obstruktive Lungenerkrankung\u00a0<\/span><\/h4>\n<p><span style=\"font-weight: 400;\">Die chronisch obstruktive Lungenerkrankung ist eine Gruppe von Lungenerkrankungen, die zu Kurzatmigkeit, Keuchen oder chronischem Husten f\u00fchren.\u00a0<\/span><\/p>\n<h3><span style=\"font-weight: 400;\">Wirkungsweise von Seretide<\/span><\/h3>\n<p><span style=\"font-weight: 400;\">Seretide Diskus 50\/100 ist ein Kombinationsarzneimittel, das Salmeterol und Fluticason enth\u00e4lt.\u00a0<\/span><\/p>\n<p><span style=\"font-weight: 400;\">Fluticason geh\u00f6rt zur Medikamentenklasse der Steroide. Es <\/span><a href=\"https:\/\/medlineplus.gov\/druginfo\/meds\/a699063.html#:~:text=Fluticasone%20is%20in%20a%20class,making%20it%20easier%20to%20breathe.\" target=\"_blank\" rel=\"nofollow noopener\"><span style=\"font-weight: 400;\">wirkt auf<\/span><\/a><span style=\"font-weight: 400;\"> Schwellungen in den Atemwegen reduzieren.\u00a0<\/span><\/p>\n<p><span style=\"font-weight: 400;\">Salmeterol geh\u00f6rt zur Wirkstoffklasse der langwirksamen Beta-Agonisten. Es entspannt und \u00f6ffnet die Atemwege in der Lunge, wodurch das Atmen erleichtert wird.<\/span><\/p>\n<h3><span style=\"font-weight: 400;\">Wie ist Seretide anzuwenden?<\/span><\/h3>\n<p><span style=\"font-weight: 400;\">Nachfolgend finden Sie die allgemeinen Anweisungen zur Verwendung des Inhalators:<\/span><\/p>\n<ul>\n<li style=\"font-weight: 400;\" aria-level=\"1\"><span style=\"font-weight: 400;\">Stellen Sie sicher, dass der Inhalator vor jedem Gebrauch gesch\u00fcttelt wird<\/span><\/li>\n<li style=\"font-weight: 400;\" aria-level=\"1\"><span style=\"font-weight: 400;\">Platzieren Sie den Inhalator aufrecht im Mund und positionieren Sie das Mundst\u00fcck zwischen Ihren Z\u00e4hnen, ohne zu bei\u00dfen<\/span><\/li>\n<li style=\"font-weight: 400;\" aria-level=\"1\"><span style=\"font-weight: 400;\">Dr\u00fccken Sie einmal auf den Inhalator, um das Medikament freizusetzen, w\u00e4hrend Sie durch den Mund inhalieren.<\/span><\/li>\n<li style=\"font-weight: 400;\" aria-level=\"1\"><span style=\"font-weight: 400;\">Halten Sie Ihren Atem f\u00fcr eine Dauer von 10 Sekunden an<\/span><\/li>\n<li style=\"font-weight: 400;\" aria-level=\"1\"><span style=\"font-weight: 400;\">Setzen Sie diesen Vorgang fort, bis Sie die vorgeschriebene Anzahl von Z\u00fcgen verabreicht haben<\/span><\/li>\n<li style=\"font-weight: 400;\" aria-level=\"1\"><span style=\"font-weight: 400;\">Atmen Sie sanft aus. Sollte eine weitere Dosis erforderlich sein, warten Sie eine Minute, bevor Sie die obigen Schritte wiederholen<\/span><\/li>\n<li style=\"font-weight: 400;\" aria-level=\"1\"><span style=\"font-weight: 400;\">Sch\u00fctzen Sie das Mundst\u00fcck, indem Sie nach Gebrauch die Abdeckung wieder aufsetzen, um Staub und Flusen zu vermeiden.<\/span><\/li>\n<li style=\"font-weight: 400;\" aria-level=\"1\"><span style=\"font-weight: 400;\">Nach der Anwendung den Mund gr\u00fcndlich mit Wasser aussp\u00fclen und das Wasser anschlie\u00dfend ausspucken<\/span><\/li>\n<\/ul>","protected":false},"excerpt":{"rendered":"<ul>\n<li style=\"font-weight: 400;\" aria-level=\"1\"><span style=\"font-weight: 400;\">Wirksam bei der Behandlung von Asthma- und COPD-Symptomen<\/span><\/li>\n<li style=\"font-weight: 400;\" aria-level=\"1\"><span style=\"font-weight: 400;\">Schneller Wirkungseintritt: Innerhalb von 30 bis 60 Minuten\u00a0<\/span><\/li>\n<li style=\"font-weight: 400;\" aria-level=\"1\"><span style=\"font-weight: 400;\">Maximale Verbesserung innerhalb von 3 Stunden<\/span><\/li>\n<li style=\"font-weight: 400;\" aria-level=\"1\"><span style=\"font-weight: 400;\">Einfache Verabreichung mit dem Diskus Inhalator<\/span><\/li>\n<li style=\"font-weight: 400;\" aria-level=\"1\"><span style=\"font-weight: 400;\">Echte Medizin, schneller Versand<\/span><\/li>\n<\/ul>","protected":false},"featured_media":29466,"comment_status":"open","ping_status":"closed","template":"","meta":{"om_disable_all_campaigns":false,"_uf_show_specific_survey":0,"_uf_disable_surveys":false},"product_brand":[],"product_cat":[555],"product_tag":[],"class_list":{"0":"post-4165","1":"product","2":"type-product","3":"status-publish","4":"has-post-thumbnail","6":"product_cat-asthma","8":"first","9":"outofstock","10":"shipping-taxable","11":"purchasable","12":"product-type-variable","13":"has-default-attributes"},"_links":{"self":[{"href":"https:\/\/wowrxpharmacy.com\/de\/wp-json\/wp\/v2\/product\/4165","targetHints":{"allow":["GET"]}}],"collection":[{"href":"https:\/\/wowrxpharmacy.com\/de\/wp-json\/wp\/v2\/product"}],"about":[{"href":"https:\/\/wowrxpharmacy.com\/de\/wp-json\/wp\/v2\/types\/product"}],"replies":[{"embeddable":true,"href":"https:\/\/wowrxpharmacy.com\/de\/wp-json\/wp\/v2\/comments?post=4165"}],"wp:featuredmedia":[{"embeddable":true,"href":"https:\/\/wowrxpharmacy.com\/de\/wp-json\/wp\/v2\/media\/29466"}],"wp:attachment":[{"href":"https:\/\/wowrxpharmacy.com\/de\/wp-json\/wp\/v2\/media?parent=4165"}],"wp:term":[{"taxonomy":"product_brand","embeddable":true,"href":"https:\/\/wowrxpharmacy.com\/de\/wp-json\/wp\/v2\/product_brand?post=4165"},{"taxonomy":"product_cat","embeddable":true,"href":"https:\/\/wowrxpharmacy.com\/de\/wp-json\/wp\/v2\/product_cat?post=4165"},{"taxonomy":"product_tag","embeddable":true,"href":"https:\/\/wowrxpharmacy.com\/de\/wp-json\/wp\/v2\/product_tag?post=4165"}],"curies":[{"name":"wp","href":"https:\/\/api.w.org\/{rel}","templated":true}]}}