{"id":4161,"date":"2024-10-01T07:18:26","date_gmt":"2024-10-01T11:18:26","guid":{"rendered":"https:\/\/wowrxpharmacy.com\/?post_type=product&#038;p=4161"},"modified":"2024-11-22T05:48:32","modified_gmt":"2024-11-22T10:48:32","slug":"sefdin-300-mg","status":"publish","type":"product","link":"https:\/\/wowrxpharmacy.com\/de\/product\/sefdin-300-mg\/","title":{"rendered":"Sefdin 300 mg"},"content":{"rendered":"<h3><span style=\"font-weight: 400;\">Was ist Sefdin 300 mg?<\/span><\/h3>\n<p><span style=\"font-weight: 400;\">Sefdin 300 mg ist eine wirksame antibiotische Kapsel mit dem Wirkstoff Cefdinir. Es wurde entwickelt, um eine Vielzahl von bakteriellen Infektionen der Atemwege und Harnwege, der Ohren, der Nasennebenh\u00f6hlen und des Rachens sowie bestimmte sexuell \u00fcbertragbare Infektionen zu behandeln.<\/span><\/p>\n<p><span style=\"font-weight: 400;\">Dieses Cephalosporin-Antibiotikum t\u00f6tet Bakterien ab und hemmt deren Wachstum. Es wirkt jedoch nicht bei Grippe oder Virusinfektionen. Sefdin 300 mg wird von Torrent Pharmaceuticals hergestellt. Es ist ein verschreibungspflichtiges Medikament, das Sie online bei WowRx zu g\u00fcnstigen Preisen erwerben k\u00f6nnen.<\/span><\/p>\n<h3><span style=\"font-weight: 400;\">Wof\u00fcr wird Sefdin 300 mg angewendet?\u00a0<\/span><\/h3>\n<p><span style=\"font-weight: 400;\">Sefdin 300 mg ist zur Behandlung leichter bis mittelschwerer bakterieller Infektionen indiziert. Sein Wirkstoff Cefdinir ist von der FDA zur Behandlung von <\/span><a href=\"https:\/\/medlineplus.gov\/druginfo\/meds\/a698001.html#:~:text=Cefdinir%20is%20used%20to%20treat%20certain%20infections%20caused%20by%20bacteria%20such%20as%20bronchitis%20(infection%20of%20the%20airway%20tubes%20leading%20to%20the%20lungs)%3B%20pneumonia%3B%20and%20infections%20of%20the%20skin%2C%20ears%2C%20sinuses%2C%20throat%2C%20and%20tonsils..\" target=\"_blank\" rel=\"nofollow noopener\"><span style=\"font-weight: 400;\">folgende<\/span><\/a><span style=\"font-weight: 400;\"> bakterielle Infektionen:<\/span><\/p>\n<ul>\n<li style=\"font-weight: 400;\" aria-level=\"1\"><span style=\"font-weight: 400;\">Halsinfektionen wie Halsentz\u00fcndung, Pharyngitis und Mandelentz\u00fcndung<\/span><\/li>\n<li style=\"font-weight: 400;\" aria-level=\"1\"><span style=\"font-weight: 400;\">Lungeninfektionen wie Lungenentz\u00fcndung und Bronchitis<\/span><\/li>\n<li style=\"font-weight: 400;\" aria-level=\"1\"><span style=\"font-weight: 400;\">Ohren-, Nasen- oder Nebenh\u00f6hlenentz\u00fcndung<\/span><\/li>\n<li style=\"font-weight: 400;\" aria-level=\"1\"><span style=\"font-weight: 400;\">Hautinfektionen<\/span><\/li>\n<li style=\"font-weight: 400;\" aria-level=\"1\"><span style=\"font-weight: 400;\">Harnwegsinfektionen<\/span><\/li>\n<li style=\"font-weight: 400;\" aria-level=\"1\"><span style=\"font-weight: 400;\">Sexuell \u00fcbertragbare Infektionen (STIs) wie Gonorrhoe<\/span><\/li>\n<\/ul>\n<p><span style=\"font-weight: 400;\">Es kann die mit den oben genannten Infektionen verbundenen Symptome wie Halsschmerzen, Fieber, Verstopfung, Husten, Brustschmerzen und Unwohlsein lindern. Es wirkt jedoch nur bei bakteriellen Infektionen.\u00a0<\/span><\/p>\n<h3><span style=\"font-weight: 400;\">Wie wirkt Cefdinir?\u00a0<\/span><\/h3>\n<p><span style=\"font-weight: 400;\">Cefdinir, der Hauptbestandteil von Sefdin 300 mg, ist ein Cephalosporin-Antibiotikum. Es ist ein Breitbandantibiotikum, das gegen eine Vielzahl grampositiver und gramnegativer Bakterien wirksam ist. Es eliminiert Bakterien durch einen dualen Mechanismus: Es t\u00f6tet sie ab und verhindert gleichzeitig, dass sie eine Schutzschicht um sich herum bilden.\u00a0<\/span><\/p>\n<p><span style=\"font-weight: 400;\">Sefdin 300 mg hemmt das Bakterienwachstum durch <\/span><a href=\"https:\/\/pubchem.ncbi.nlm.nih.gov\/compound\/Cefdinir#section=Biological-Half-Life:~:text=With%20a%20mechanism,%2Dbinding%20proteins.\" target=\"_blank\" rel=\"nofollow noopener\"><span style=\"font-weight: 400;\">Blockierung<\/span><\/a><span style=\"font-weight: 400;\"> Enzyme, die f\u00fcr die Produktion von Peptidoglykan verantwortlich sind, einem wesentlichen Bestandteil der bakteriellen Zellwand. Dies schw\u00e4cht die Zellwand und f\u00fchrt zum Tod der Bakterien. Au\u00dferdem werden die Bakterien dadurch weniger wehrhaft und somit zu einem leichteren Ziel f\u00fcr das k\u00f6rpereigene Immunsystem.\u00a0<\/span><\/p>\n<p><span style=\"font-weight: 400;\">Es ist wichtig zu beachten, dass Cefdinir nicht wirkt, wenn die zugrunde liegende Ursache der Infektion ein Virus oder ein anderer Krankheitserreger ist.<\/span><\/p>\n<h3><span style=\"font-weight: 400;\">Wie ist Sefdin 300 mg einzunehmen?\u00a0<\/span><\/h3>\n<p><span style=\"font-weight: 400;\">Befolgen Sie die Anweisungen Ihres Arztes zur Einnahme von Sefdin 300 mg und halten Sie sich an die verschriebene Dosierung. Diese Kapseln werden in der Regel ein- bis zweimal t\u00e4glich eingenommen. Die allgemeinen Anwendungshinweise lauten wie folgt:\u00a0<\/span><\/p>\n<ul>\n<li style=\"font-weight: 400;\" aria-level=\"1\"><span style=\"font-weight: 400;\">Schlucken Sie die Kapsel mit Wasser, ohne sie zu kauen, zu zerdr\u00fccken oder zu zerbrechen<\/span><\/li>\n<li style=\"font-weight: 400;\" aria-level=\"1\"><span style=\"font-weight: 400;\">Sie k\u00f6nnen Sefdin 300 mg mit oder ohne Nahrung einnehmen<\/span><\/li>\n<li style=\"font-weight: 400;\" aria-level=\"1\"><span style=\"font-weight: 400;\">F\u00fcr bessere Ergebnisse nehmen Sie es jeden Tag zur gleichen Zeit ein<\/span><\/li>\n<\/ul>","protected":false},"excerpt":{"rendered":"<p>Sefdin behandelt zusammen mit Cefdinir eine Vielzahl bakterieller Infektionen. Es ist ein zuverl\u00e4ssiges und kosteng\u00fcnstiges Antibiotikum, das eine schnelle Genesung unterst\u00fctzt.<\/p>","protected":false},"featured_media":29470,"comment_status":"open","ping_status":"closed","template":"","meta":{"om_disable_all_campaigns":false,"_uf_show_specific_survey":0,"_uf_disable_surveys":false},"product_brand":[],"product_cat":[504],"product_tag":[],"class_list":{"0":"post-4161","1":"product","2":"type-product","3":"status-publish","4":"has-post-thumbnail","6":"product_cat-antibiotics","8":"first","9":"instock","10":"sale","11":"shipping-taxable","12":"purchasable","13":"product-type-variable","14":"has-default-attributes"},"_links":{"self":[{"href":"https:\/\/wowrxpharmacy.com\/de\/wp-json\/wp\/v2\/product\/4161","targetHints":{"allow":["GET"]}}],"collection":[{"href":"https:\/\/wowrxpharmacy.com\/de\/wp-json\/wp\/v2\/product"}],"about":[{"href":"https:\/\/wowrxpharmacy.com\/de\/wp-json\/wp\/v2\/types\/product"}],"replies":[{"embeddable":true,"href":"https:\/\/wowrxpharmacy.com\/de\/wp-json\/wp\/v2\/comments?post=4161"}],"wp:featuredmedia":[{"embeddable":true,"href":"https:\/\/wowrxpharmacy.com\/de\/wp-json\/wp\/v2\/media\/29470"}],"wp:attachment":[{"href":"https:\/\/wowrxpharmacy.com\/de\/wp-json\/wp\/v2\/media?parent=4161"}],"wp:term":[{"taxonomy":"product_brand","embeddable":true,"href":"https:\/\/wowrxpharmacy.com\/de\/wp-json\/wp\/v2\/product_brand?post=4161"},{"taxonomy":"product_cat","embeddable":true,"href":"https:\/\/wowrxpharmacy.com\/de\/wp-json\/wp\/v2\/product_cat?post=4161"},{"taxonomy":"product_tag","embeddable":true,"href":"https:\/\/wowrxpharmacy.com\/de\/wp-json\/wp\/v2\/product_tag?post=4161"}],"curies":[{"name":"wp","href":"https:\/\/api.w.org\/{rel}","templated":true}]}}