{"id":4157,"date":"2024-07-13T08:03:09","date_gmt":"2024-07-13T12:03:09","guid":{"rendered":"https:\/\/wowrxpharmacy.com\/?post_type=product&#038;p=4157"},"modified":"2024-10-16T03:51:26","modified_gmt":"2024-10-16T07:51:26","slug":"safran-jugendtau-55-g","status":"publish","type":"product","link":"https:\/\/wowrxpharmacy.com\/de\/product\/safran-jugendtau-55-g\/","title":{"rendered":"Safran Jugendtau 55 g"},"content":{"rendered":"<h3><span style=\"font-weight: 400;\">\u00dcber Saffron Youth Dew<\/span><\/h3>\n<p><span style=\"font-weight: 400;\">Biotique Saffron Youth Dew ist eine leichte Feuchtigkeitscreme f\u00fcr Gesicht und K\u00f6rper. Sie besteht aus reinem Safran-, Mandel- und Pistazien\u00f6l sowie Kurkuma- und wildem Kurkuma-Extrakt. Sie regeneriert und erh\u00e4lt die jugendliche Frische der Haut. Trockenheitsf\u00e4ltchen und F\u00e4ltchen werden bei regelm\u00e4\u00dfiger Anwendung sichtbar reduziert.<\/span><\/p>\n<p><span style=\"font-weight: 400;\">Es wird von Bio Veda Action Research Co. hergestellt und weltweit vermarktet.\u00a0<\/span><\/p>\n<h3><span style=\"font-weight: 400;\">Vorteile von Safran-Jugendtau<\/span><span style=\"font-weight: 400;\"><br \/>\n<\/span><\/h3>\n<p><span style=\"font-weight: 400;\">Bei regelm\u00e4\u00dfiger Anwendung von Safran-Jugendtau werden Trockenheitsf\u00e4ltchen und F\u00e4ltchen sichtbar reduziert. Diese Jugendtaulotion ist eine nat\u00fcrliche Quelle von Vitaminen und Mineralien, die die Haut n\u00e4hren. Sie wirkt revitalisierend und pflegend zugleich.\u00a0<\/span><\/p>\n<p><span style=\"font-weight: 400;\">Zu den weiteren Vorteilen von Saffron Youth Dew geh\u00f6ren:\u00a0<\/span><\/p>\n<ul>\n<li style=\"font-weight: 400;\" aria-level=\"1\"><span style=\"font-weight: 400;\">Safran hilft bei der Erneuerung und verf\u00fcgt auch \u00fcber verj\u00fcngende Eigenschaften<\/span><\/li>\n<li style=\"font-weight: 400;\" aria-level=\"1\"><span style=\"font-weight: 400;\">Vitamin E in Pistazien hilft, die <\/span><a href=\"https:\/\/www.verywellhealth.com\/skin-elasticity-overview-5104962#:~:text=Skin%20elasticity%20refers%20to%20your,slowly%20decreases%20as%20we%20age.\" target=\"_blank\" rel=\"nofollow noopener\"><span style=\"font-weight: 400;\">Hautelastizit\u00e4t<\/span><\/a><\/li>\n<li style=\"font-weight: 400;\" aria-level=\"1\"><span style=\"font-weight: 400;\">Die Mandeln in der Feuchtigkeitscreme sind reich an Vitamin E und anderen Antioxidantien, die daf\u00fcr bekannt sind, das Hautbild zu verbessern und zu sch\u00fctzen.\u00a0<\/span><\/li>\n<li style=\"font-weight: 400;\" aria-level=\"1\"><span style=\"font-weight: 400;\">Diese leichte Feuchtigkeitscreme soll die jugendliche Haut regenerieren und erhalten\u00a0<\/span><\/li>\n<li style=\"font-weight: 400;\" aria-level=\"1\"><span style=\"font-weight: 400;\">Es hilft, den Alterungsprozess zu bek\u00e4mpfen und der Entstehung von Falten vorzubeugen, wodurch Sie eine jugendliche Haut erhalten<\/span><\/li>\n<\/ul>\n<h3><span style=\"font-weight: 400;\">Hauptzutaten<\/span><span style=\"font-weight: 400;\"><br \/>\n<\/span><\/h3>\n<p><span style=\"font-weight: 400;\">Saffron Youth Dew 55 g hat sehr positive Bewertungen erhalten und pflegt die Haut effektiv. <\/span><span style=\"font-weight: 400;\">Es enth\u00e4lt nat\u00fcrliche Inhaltsstoffe, die zusammenwirken, um eine mit Feuchtigkeit versorgte und regenerierte Haut zu gew\u00e4hrleisten.\u00a0<\/span><\/p>\n<h4><span style=\"font-weight: 400;\">Safran (Crocus sativus)<\/span><span style=\"font-weight: 400;\"><br \/>\n<\/span><\/h4>\n<p><span style=\"font-weight: 400;\">Safran ist reich an antibakteriellen, medizinischen und pharmakologischen Eigenschaften und daher ein wichtiger Bestandteil nat\u00fcrlicher Hautpflege. Er hilft bei der Bek\u00e4mpfung von Akne, Pigmentflecken und Entz\u00fcndungen und behandelt dunkle Flecken.\u00a0<\/span><\/p>\n<p><span style=\"font-weight: 400;\">Es ist au\u00dferdem reich an Antioxidantien, Vitaminen und Mineralien, die zur Verbesserung des Hauttons beitragen.\u00a0<\/span><\/p>\n<h4><span style=\"font-weight: 400;\">Pistazien\u00f6l (Pistacia Vera)<\/span><span style=\"font-weight: 400;\"><br \/>\n<\/span><\/h4>\n<p><span style=\"font-weight: 400;\">Pistazien\u00f6l f\u00f6rdert die Durchblutung und die Heilung. Es hilft bei der Bek\u00e4mpfung von Akne und behandelt Aknenarben.\u00a0<\/span><\/p>\n<p><span style=\"font-weight: 400;\">Pistazien\u00f6l enth\u00e4lt Vitamin E, das Entz\u00fcndungen reduziert, die Talgproduktion hemmt, die Poren \u00f6ffnet und Talgablagerungen vorbeugt. Insgesamt hilft es, Akne vorzubeugen.<\/span><\/p>\n<h4><span style=\"font-weight: 400;\">Wilde Kurkuma (Curcuma aromatia)<\/span><span style=\"font-weight: 400;\"><br \/>\n<\/span><\/h4>\n<p><span style=\"font-weight: 400;\">Aufgrund spezifischer bioaktiver Bestandteile ist wilde Kurkuma f\u00fcr ihre antibakteriellen Eigenschaften bekannt. Wilde Kurkuma in der Creme kann den Teint verbessern und f\u00fcr glatte, strahlende Haut sorgen, indem sie Augenringe, Akne und Hautunreinheiten reduziert.<\/span><\/p>\n<h4><span style=\"font-weight: 400;\">Mandeln (Prunus amygdalus)<\/span><span style=\"font-weight: 400;\"><br \/>\n<\/span><\/h4>\n<p><span style=\"font-weight: 400;\">Mandeln sind reich an Riboflavin und Niacin. Sie enthalten au\u00dferdem viel Kupfer, das f\u00fcr die Hautpigmentierung wichtig ist. Die in Mandeln enthaltene lebenswichtige Fetts\u00e4ure Linols\u00e4ure beugt trockener Haut vor.<\/span><\/p>\n<h4><span style=\"font-weight: 400;\">Kurkuma (Curcuma longa)<\/span><span style=\"font-weight: 400;\"><br \/>\n<\/span><\/h4>\n<p><span style=\"font-weight: 400;\">Der erste Vorteil von Kurkuma besteht darin, dass es die Ansammlung von Hautzellen und die Verstopfung der Poren verhindert. Seine antiseptischen und antibakteriellen Eigenschaften stoppen das Wachstum von Akne verursachenden Keimen.\u00a0<\/span><\/p>\n<p><span style=\"font-weight: 400;\">Dar\u00fcber hinaus beschleunigt die entz\u00fcndungshemmende Wirkung durch die Entspannung zuvor entz\u00fcndeter Bereiche die Genesung.<\/span><\/p>\n<h3><span style=\"font-weight: 400;\">Gebrauchsanweisung<\/span><span style=\"font-weight: 400;\"><br \/>\n<\/span><\/h3>\n<p><span style=\"font-weight: 400;\">Sie k\u00f6nnen den folgenden Schritt befolgen, um den maximalen Nutzen aus der Creme zu ziehen:\u00a0<\/span><\/p>\n<ul>\n<li style=\"font-weight: 400;\" aria-level=\"1\"><span style=\"font-weight: 400;\">Reinigen Sie Ihr Gesicht und tupfen Sie es trocken<\/span><\/li>\n<li style=\"font-weight: 400;\" aria-level=\"1\"><span style=\"font-weight: 400;\">Tragen Sie eine gewisse Menge Feuchtigkeitscreme auf das Gesicht auf<\/span><\/li>\n<li style=\"font-weight: 400;\" aria-level=\"1\"><span style=\"font-weight: 400;\"><span style=\"font-weight: 400;\">Massieren Sie die Feuchtigkeitscreme sanft in die Haut ein<br \/>\n<\/span><\/span><\/p>\n<h3><span style=\"font-weight: 400;\">Lagerung<\/span><span style=\"font-weight: 400;\"><br \/>\n<\/span><\/h3>\n<p><span style=\"font-weight: 400;\">K\u00fchl und trocken lagern und vor Sonnenlicht sch\u00fctzen. Au\u00dferhalb der Reichweite von Kindern aufbewahren.<\/span><\/li>\n<\/ul>","protected":false},"excerpt":{"rendered":"<ul>\n<li style=\"font-weight: 400;\" aria-level=\"1\"><span style=\"font-weight: 400;\">Anti-Aging, Hautverj\u00fcngung und Feuchtigkeitspflege<\/span><\/li>\n<li style=\"font-weight: 400;\" aria-level=\"1\"><span style=\"font-weight: 400;\">Schnelle Absorption f\u00fcr sofortige Feuchtigkeitsversorgung<\/span><\/li>\n<li style=\"font-weight: 400;\" aria-level=\"1\"><span style=\"font-weight: 400;\">Verfeinert feine Linien, gleicht den Hautton aus und verst\u00e4rkt den Glanz<\/span><\/li>\n<li style=\"font-weight: 400;\" aria-level=\"1\"><span style=\"font-weight: 400;\">Von Dermatologen und Hautpflegeexperten empfohlen<\/span><\/li>\n<li style=\"font-weight: 400;\" aria-level=\"1\"><span style=\"font-weight: 400;\">Originalprodukt, schnell geliefert<\/span><\/li>\n<\/ul>","protected":false},"featured_media":29480,"comment_status":"open","ping_status":"closed","template":"","meta":{"om_disable_all_campaigns":false,"_uf_show_specific_survey":0,"_uf_disable_surveys":false},"product_brand":[],"product_cat":[534],"product_tag":[],"class_list":{"0":"post-4157","1":"product","2":"type-product","3":"status-publish","4":"has-post-thumbnail","6":"product_cat-skin-care","8":"first","9":"instock","10":"shipping-taxable","11":"purchasable","12":"product-type-variable","13":"has-default-attributes"},"_links":{"self":[{"href":"https:\/\/wowrxpharmacy.com\/de\/wp-json\/wp\/v2\/product\/4157","targetHints":{"allow":["GET"]}}],"collection":[{"href":"https:\/\/wowrxpharmacy.com\/de\/wp-json\/wp\/v2\/product"}],"about":[{"href":"https:\/\/wowrxpharmacy.com\/de\/wp-json\/wp\/v2\/types\/product"}],"replies":[{"embeddable":true,"href":"https:\/\/wowrxpharmacy.com\/de\/wp-json\/wp\/v2\/comments?post=4157"}],"wp:featuredmedia":[{"embeddable":true,"href":"https:\/\/wowrxpharmacy.com\/de\/wp-json\/wp\/v2\/media\/29480"}],"wp:attachment":[{"href":"https:\/\/wowrxpharmacy.com\/de\/wp-json\/wp\/v2\/media?parent=4157"}],"wp:term":[{"taxonomy":"product_brand","embeddable":true,"href":"https:\/\/wowrxpharmacy.com\/de\/wp-json\/wp\/v2\/product_brand?post=4157"},{"taxonomy":"product_cat","embeddable":true,"href":"https:\/\/wowrxpharmacy.com\/de\/wp-json\/wp\/v2\/product_cat?post=4157"},{"taxonomy":"product_tag","embeddable":true,"href":"https:\/\/wowrxpharmacy.com\/de\/wp-json\/wp\/v2\/product_tag?post=4157"}],"curies":[{"name":"wp","href":"https:\/\/api.w.org\/{rel}","templated":true}]}}