{"id":4132,"date":"2024-07-13T08:03:08","date_gmt":"2024-07-13T12:03:08","guid":{"rendered":"https:\/\/wowrxpharmacy.com\/?post_type=product&#038;p=4132"},"modified":"2024-10-16T03:51:26","modified_gmt":"2024-10-16T07:51:26","slug":"ramistar-h-10-tablette","status":"publish","type":"product","link":"https:\/\/wowrxpharmacy.com\/de\/product\/ramistar-h-10-tablette\/","title":{"rendered":"Ramistar-H 10 Tabletten"},"content":{"rendered":"<h3><span style=\"font-weight: 400;\">\u00dcber Ramistar-H 10 Tabletten<\/span><\/h3>\n<p><span style=\"font-weight: 400;\">Ramistar-H 10 Tabletten sind ein verschreibungspflichtiges Arzneimittel zur Senkung von erh\u00f6htem Blutdruck. Es kann allein oder in Kombination mit anderen Arzneimitteln verschrieben werden.<\/span><\/p>\n<p><span style=\"font-weight: 400;\">Ramistar-H ist ein Arzneimittel der Kategorie H. Es ist eine Kombination aus zwei Salzen, Ramipril und Hydrochlorothiazid. Lupin stellt Ramistar-H 10 Tabletten her. Sie k\u00f6nnen es bequem und g\u00fcnstig bei WOWRXPharmacy erwerben.<\/span><\/p>\n<h3><span style=\"font-weight: 400;\">Verwendung von Ramistar-H Tabletten<\/span><\/h3>\n<p><span style=\"font-weight: 400;\">Die h\u00e4ufigste Anwendung von Ramistar ist die Behandlung von Bluthochdruck. Hypertonie oder Bluthochdruck ist eine Erkrankung, bei der das Blut einen relativ h\u00f6heren Druck auf die W\u00e4nde der Blutgef\u00e4\u00dfe aus\u00fcbt.<\/span><span style=\"font-weight: 400;\"><br \/>\n<\/span><\/p>\n<h3><span style=\"font-weight: 400;\">Wie wirkt Ramistar Tablette<\/span><\/h3>\n<p><span style=\"font-weight: 400;\">Ramistar-H 10 Tabletten erhalten sehr positive Bewertungen und sind ein empfohlenes Medikament zur Behandlung von Bluthochdruck. Ramistar-H ist ein Kombinationspr\u00e4parat. Es enth\u00e4lt Ramipril und Hydrochlorothiazid.<\/span><\/p>\n<p><span style=\"font-weight: 400;\">Ramipril ist ein Angiotensin-Converting-Enzym (ACE)-Hemmer. ACE verengt Ihre Blutgef\u00e4\u00dfe.<\/span><\/p>\n<p><span style=\"font-weight: 400;\">Ramipril blockiert die Produktion dieses ACE. Es entspannt die Blutgef\u00e4\u00dfe, reduziert so die Belastung des Herzens und sorgt f\u00fcr einen reibungslosen Blutfluss.<\/span><\/p>\n<p><span style=\"font-weight: 400;\">Hydrochlorothiazid ist ein Diuretikum. Es reduziert die Fl\u00fcssigkeits\u00fcberladung im K\u00f6rper. Das bedeutet, dass es \u00fcbersch\u00fcssiges Wasser und einige Elektrolyte aus dem K\u00f6rper entfernt. Dadurch entspannen sich die Gef\u00e4\u00dfe allm\u00e4hlich und die Durchblutung wird verbessert. Es behandelt auch Schwellungen im Zusammenhang mit Herz-, Nieren-, Leber- oder Lungenerkrankungen.<\/span><\/p>\n<p><span style=\"font-weight: 400;\">Beide Salze wirken zusammen, um hohen Blutdruck zu senken und das Risiko eines Herzinfarkts oder Schlaganfalls zu verringern.<\/span><\/p>\n<h3><span style=\"font-weight: 400;\"><br \/>\n<\/span><span style=\"font-weight: 400;\">Wie ist Ramistar-H 10 einzunehmen?<\/span><\/h3>\n<p><span style=\"font-weight: 400;\">Befolgen Sie bei der Einnahme verschreibungspflichtiger Medikamente immer die Anweisungen Ihres Arztes.<\/span><\/p>\n<p><span style=\"font-weight: 400;\">Es wird im Allgemeinen empfohlen, Ramistar-H 10 Tabletten wie folgt einzunehmen:<\/span><\/p>\n<ul>\n<li style=\"font-weight: 400;\" aria-level=\"1\"><span style=\"font-weight: 400;\">Nehmen Sie das Arzneimittel oral ein, ohne es zu zerbrechen oder zu kauen<\/span><\/li>\n<li style=\"font-weight: 400;\" aria-level=\"1\"><span style=\"font-weight: 400;\">\u00a0Ramistar-H 10 mg kann mit oder ohne Nahrung eingenommen werden<\/span><\/li>\n<\/ul>","protected":false},"excerpt":{"rendered":"<ul>\n<li style=\"font-weight: 400;\" aria-level=\"1\"><span style=\"font-weight: 400;\">Schnell wirkende Blutdruckkontrolle<\/span><\/li>\n<li style=\"font-weight: 400;\" aria-level=\"1\"><span style=\"font-weight: 400;\">Vertrauensw\u00fcrdig bei Bluthochdruck<\/span><\/li>\n<li style=\"font-weight: 400;\" aria-level=\"1\"><span style=\"font-weight: 400;\">Reduziert das Herzinfarkt-\/Schlaganfallrisiko<\/span><\/li>\n<li style=\"font-weight: 400;\" aria-level=\"1\"><span style=\"font-weight: 400;\">Schneller Wirkungseintritt: 1\u20132 Stunden<\/span><\/li>\n<li style=\"font-weight: 400;\" aria-level=\"1\"><span style=\"font-weight: 400;\">Versand innerhalb von 24 Stunden<\/span><\/li>\n<\/ul>","protected":false},"featured_media":29561,"comment_status":"open","ping_status":"closed","template":"","meta":{"om_disable_all_campaigns":false,"_uf_show_specific_survey":0,"_uf_disable_surveys":false},"product_brand":[],"product_cat":[608],"product_tag":[],"class_list":{"0":"post-4132","1":"product","2":"type-product","3":"status-publish","4":"has-post-thumbnail","6":"product_cat-heart-blood-pressure","8":"first","9":"instock","10":"shipping-taxable","11":"purchasable","12":"product-type-variable","13":"has-default-attributes"},"_links":{"self":[{"href":"https:\/\/wowrxpharmacy.com\/de\/wp-json\/wp\/v2\/product\/4132","targetHints":{"allow":["GET"]}}],"collection":[{"href":"https:\/\/wowrxpharmacy.com\/de\/wp-json\/wp\/v2\/product"}],"about":[{"href":"https:\/\/wowrxpharmacy.com\/de\/wp-json\/wp\/v2\/types\/product"}],"replies":[{"embeddable":true,"href":"https:\/\/wowrxpharmacy.com\/de\/wp-json\/wp\/v2\/comments?post=4132"}],"wp:featuredmedia":[{"embeddable":true,"href":"https:\/\/wowrxpharmacy.com\/de\/wp-json\/wp\/v2\/media\/29561"}],"wp:attachment":[{"href":"https:\/\/wowrxpharmacy.com\/de\/wp-json\/wp\/v2\/media?parent=4132"}],"wp:term":[{"taxonomy":"product_brand","embeddable":true,"href":"https:\/\/wowrxpharmacy.com\/de\/wp-json\/wp\/v2\/product_brand?post=4132"},{"taxonomy":"product_cat","embeddable":true,"href":"https:\/\/wowrxpharmacy.com\/de\/wp-json\/wp\/v2\/product_cat?post=4132"},{"taxonomy":"product_tag","embeddable":true,"href":"https:\/\/wowrxpharmacy.com\/de\/wp-json\/wp\/v2\/product_tag?post=4132"}],"curies":[{"name":"wp","href":"https:\/\/api.w.org\/{rel}","templated":true}]}}