{"id":3951,"date":"2024-07-09T04:04:39","date_gmt":"2024-07-09T08:04:39","guid":{"rendered":"https:\/\/wowrxpharmacy.com\/?post_type=product&#038;p=3951"},"modified":"2024-10-16T03:51:20","modified_gmt":"2024-10-16T07:51:20","slug":"aerocort-rotacaps-100-100-mcg","status":"publish","type":"product","link":"https:\/\/wowrxpharmacy.com\/de\/product\/aerocort-rotacaps-100-100-mcg\/","title":{"rendered":"Aerocort Rotacaps 100\/100\u00a0mcg"},"content":{"rendered":"<h2><span style=\"font-weight: 400;\">\u00dcber Aerocort Rotacaps 100\/100\u00a0mcg<\/span><\/h2>\n<p><span style=\"font-weight: 400;\">Aerocort Rotacaps 100\/100\u00b5g ist ein Kombinationspr\u00e4parat zur Behandlung von Asthma. Es enth\u00e4lt zwei Wirkstoffe: Levosalbutamol (100\u00b5g) und Beclometason (100\u00b5g). Levosalbutamol ist ein Bronchodilatator, der die Atemwege entspannt und erweitert und so das Atmen erleichtert. Beclometason ist ein Kortikosteroid, das Entz\u00fcndungen in der Lunge reduziert und so Asthmasymptomen vorbeugt und sie kontrolliert.<\/span><\/p>\n<h3><span style=\"font-weight: 400;\">Verwendung von Aerocort Rotacaps<\/span><\/h3>\n<p><span style=\"font-weight: 400;\">Aerocort Rotacaps werden haupts\u00e4chlich zur Behandlung von Asthma und chronisch obstruktiver Lungenerkrankung (COPD) bei Erwachsenen und Kindern ab 4 Jahren eingesetzt. Die Kombination aus Levosalbutamol und Beclometason in Aerocort Rotacaps lindert die Symptome dieser Atemwegserkrankungen, darunter Keuchen, Kurzatmigkeit, Engegef\u00fchl in der Brust und Husten.<\/span><\/p>\n<p><span style=\"font-weight: 400;\">Bei regelm\u00e4\u00dfiger Anwendung gem\u00e4\u00df Verschreibung k\u00f6nnen Aerocort Rotacaps dazu beitragen, die Symptome von Asthma und COPD zu verhindern und zu kontrollieren und so die Lebensqualit\u00e4t des Patienten zu verbessern.\u00a0<\/span><\/p>\n<h3><span style=\"font-weight: 400;\">Funktionsweise von Aerocort<\/span><\/h3>\n<p><span style=\"font-weight: 400;\">Aerocort Rotacaps 100\/100\u00a0\u00b5g behandelt Asthma wirksam durch die Kombination zweier Wirkstoffe: Levosalbutamol und Beclometason. Levosalbutamol <\/span><a href=\"https:\/\/www.nhs.uk\/conditions\/bronchodilators\/#:~:text=Bronchodilators%20are%20a%20type%20of%20medication%20that%C2%A0make%20breathing%20easier%20by%20relaxing%20the%20muscles%20in%20the%20lungs%20and%20widening%20the%20airways%20(bronchi).\" target=\"_blank\" rel=\"nofollow noopener\"><span style=\"font-weight: 400;\">wirkt als Bronchodilatator<\/span><\/a><span style=\"font-weight: 400;\">, entspannt und erweitert die Atemwege, um das Atmen zu erleichtern.<\/span><\/p>\n<p><span style=\"font-weight: 400;\">Alternativ reduziert Beclometason, ein Kortikosteroid, Entz\u00fcndungen in den Atemwegen, wenn es direkt in die Lunge inhaliert wird. Diese Kombination bek\u00e4mpft Asthmasymptome wie Keuchen und Kurzatmigkeit an der Quelle und bietet lokale Linderung mit weniger systemischen Nebenwirkungen als orale Medikamente.<\/span><\/p>\n<p><span style=\"font-weight: 400;\">Dieser gezielte Ansatz gew\u00e4hrleistet eine effiziente Behandlung der Asthmasymptome und hilft Ihnen, leichter zu atmen und angenehmer zu leben.<\/span><\/p>\n<h3><span style=\"font-weight: 400;\">Anwendung von Aerocort Rotacaps<\/span><span style=\"font-weight: 400;\"><br \/>\n<\/span><\/h3>\n<ul>\n<li style=\"font-weight: 400;\" aria-level=\"1\"><span style=\"font-weight: 400;\">Aerocort Rotacaps sind mit einem Cipla Rotahaler oder Revolizer Inhalator zu verwenden.<\/span><\/li>\n<li style=\"font-weight: 400;\" aria-level=\"1\"><span style=\"font-weight: 400;\">Legen Sie die Rotacap-Kapsel in die Basis des Inhalators, nicht in das Mundst\u00fcck<\/span><\/li>\n<li style=\"font-weight: 400;\" aria-level=\"1\"><span style=\"font-weight: 400;\">Drehen Sie das Mundst\u00fcck im Uhrzeigersinn, bis Sie ein Klicken h\u00f6ren<\/span><\/li>\n<li style=\"font-weight: 400;\" aria-level=\"1\"><span style=\"font-weight: 400;\">Nach dem vollst\u00e4ndigen Ausatmen das Mundst\u00fcck in den Mund nehmen und tief einatmen<\/span><\/li>\n<li style=\"font-weight: 400;\" aria-level=\"1\"><span style=\"font-weight: 400;\">Dr\u00fccken Sie w\u00e4hrend des Einatmens einmal auf den Inhalatorknopf, um das Medikament freizusetzen<\/span><\/li>\n<li style=\"font-weight: 400;\" aria-level=\"1\"><span style=\"font-weight: 400;\">Halten Sie nach der Inhalation den Atem bis zu 10 Sekunden lang an<\/span><\/li>\n<li style=\"font-weight: 400;\" aria-level=\"1\"><span style=\"font-weight: 400;\">Wiederholen Sie den Inhalationsvorgang, wenn Ihr Arzt Ihnen mehr als einen Rotacap verschrieben hat.<\/span><\/li>\n<li style=\"font-weight: 400;\" aria-level=\"1\"><span style=\"font-weight: 400;\">Setzen Sie die Kappe nach Gebrauch wieder sicher auf den Inhalator.<\/span><\/li>\n<\/ul>\n<h4><span style=\"font-weight: 400;\">Dosierung und H\u00e4ufigkeit<\/span><\/h4>\n<ul>\n<li style=\"font-weight: 400;\" aria-level=\"1\"><span style=\"font-weight: 400;\">Aerocort Rotacaps sind f\u00fcr den langfristigen, t\u00e4glichen Gebrauch bestimmt, nicht f\u00fcr akute Asthmaanf\u00e4lle<\/span><\/li>\n<li style=\"font-weight: 400;\" aria-level=\"1\"><span style=\"font-weight: 400;\">Befolgen Sie die Anweisungen Ihres Arztes bez\u00fcglich Dosierung und Anwendungsh\u00e4ufigkeit sorgf\u00e4ltig<\/span><\/li>\n<li style=\"font-weight: 400;\" aria-level=\"1\"><span style=\"font-weight: 400;\">Normalerweise wird Aerocort 3-4 Mal pro Tag angewendet<\/span><\/li>\n<li style=\"font-weight: 400;\" aria-level=\"1\"><span style=\"font-weight: 400;\">Konsultieren Sie Ihren Arzt, bevor Sie die verschriebene Dosis \u00fcberschreiten<\/span><\/li>\n<\/ul>","protected":false},"excerpt":{"rendered":"<ul>\n<li style=\"font-weight: 400;\" aria-level=\"1\"><span style=\"font-weight: 400;\">Behandelt Asthma- und COPD-Symptome<\/span><\/li>\n<li style=\"font-weight: 400;\" aria-level=\"1\"><span style=\"font-weight: 400;\">Lindert Husten, Engegef\u00fchl in der Brust und Keuchen<\/span><\/li>\n<li style=\"font-weight: 400;\" aria-level=\"1\"><span style=\"font-weight: 400;\">Originalprodukte mit vertrauensw\u00fcrdigen Bewertungen<\/span><\/li>\n<li style=\"font-weight: 400;\" aria-level=\"1\"><span style=\"font-weight: 400;\">Versand innerhalb von 24 Stunden nach der Bestellung<\/span><\/li>\n<\/ul>","protected":false},"featured_media":29210,"comment_status":"open","ping_status":"closed","template":"","meta":{"om_disable_all_campaigns":false,"_uf_show_specific_survey":0,"_uf_disable_surveys":false},"product_brand":[],"product_cat":[555],"product_tag":[],"class_list":{"0":"post-3951","1":"product","2":"type-product","3":"status-publish","4":"has-post-thumbnail","6":"product_cat-asthma","8":"first","9":"instock","10":"shipping-taxable","11":"purchasable","12":"product-type-variable"},"_links":{"self":[{"href":"https:\/\/wowrxpharmacy.com\/de\/wp-json\/wp\/v2\/product\/3951","targetHints":{"allow":["GET"]}}],"collection":[{"href":"https:\/\/wowrxpharmacy.com\/de\/wp-json\/wp\/v2\/product"}],"about":[{"href":"https:\/\/wowrxpharmacy.com\/de\/wp-json\/wp\/v2\/types\/product"}],"replies":[{"embeddable":true,"href":"https:\/\/wowrxpharmacy.com\/de\/wp-json\/wp\/v2\/comments?post=3951"}],"wp:featuredmedia":[{"embeddable":true,"href":"https:\/\/wowrxpharmacy.com\/de\/wp-json\/wp\/v2\/media\/29210"}],"wp:attachment":[{"href":"https:\/\/wowrxpharmacy.com\/de\/wp-json\/wp\/v2\/media?parent=3951"}],"wp:term":[{"taxonomy":"product_brand","embeddable":true,"href":"https:\/\/wowrxpharmacy.com\/de\/wp-json\/wp\/v2\/product_brand?post=3951"},{"taxonomy":"product_cat","embeddable":true,"href":"https:\/\/wowrxpharmacy.com\/de\/wp-json\/wp\/v2\/product_cat?post=3951"},{"taxonomy":"product_tag","embeddable":true,"href":"https:\/\/wowrxpharmacy.com\/de\/wp-json\/wp\/v2\/product_tag?post=3951"}],"curies":[{"name":"wp","href":"https:\/\/api.w.org\/{rel}","templated":true}]}}