{"id":3625,"date":"2024-06-25T04:13:06","date_gmt":"2024-06-25T08:13:06","guid":{"rendered":"https:\/\/wowrxpharmacy.com\/?post_type=product&#038;p=3625"},"modified":"2024-10-16T03:51:27","modified_gmt":"2024-10-16T07:51:27","slug":"irovel-150-mg","status":"publish","type":"product","link":"https:\/\/wowrxpharmacy.com\/de\/product\/irovel-150-mg\/","title":{"rendered":"Irovel 150 mg"},"content":{"rendered":"<h3><span style=\"font-weight: 400;\">\u00dcber Irovel 150 mg<\/span><\/h3>\n<p><span style=\"font-weight: 400;\">Irovel 150 mg ist ein verschreibungspflichtiges Arzneimittel zur Behandlung von Bluthochdruck und zur Vorbeugung von Herzinsuffizienz. Dieses Medikament wird auch zur Erhaltung der Nierenfunktion bei Diabetikern eingesetzt.<\/span><\/p>\n<p><span style=\"font-weight: 400;\">Der Hauptbestandteil von Irovel 150 mg ist Irbesartan. Es geh\u00f6rt zur Wirkstoffklasse der Angiotensin-Rezeptorblocker (ARB). Sun Pharma ist Hersteller von Irovel. Sie k\u00f6nnen es bequem bei WOWRXPharmacy zu sehr g\u00fcnstigen Preisen erwerben.<\/span><\/p>\n<h3><span style=\"font-weight: 400;\">Verwendung von Irbesartan 150 mg<\/span><\/h3>\n<p><span style=\"font-weight: 400;\">Irbesartan wird wie folgt angewendet:<\/span><\/p>\n<h4><span style=\"font-weight: 400;\">Hypertonie\u00a0<\/span><\/h4>\n<p><span style=\"font-weight: 400;\">Hypertonie oder Bluthochdruck ist eine Erkrankung, bei der das Blut eine relativ h\u00f6here Kraft auf die W\u00e4nde der Blutgef\u00e4\u00dfe aus\u00fcbt.<\/span><\/p>\n<h4><span style=\"font-weight: 400;\">Herzinsuffizienz<\/span><\/h4>\n<p><span style=\"font-weight: 400;\">Es handelt sich um einen medizinischen Notfall, der auftritt, wenn der Blut- und Sauerstofffluss zum Herzen aufgrund eines Blutgerinnsels behindert ist.\u00a0<\/span><\/p>\n<p><span style=\"font-weight: 400;\">Zu den Symptomen z\u00e4hlen Schmerzen oder Engegef\u00fchl in Brust, Armen, R\u00fccken oder Nacken, Herzrhythmusst\u00f6rungen, Benommenheit, M\u00fcdigkeit und Angstzust\u00e4nde. Dar\u00fcber hinaus hilft es Diabetikern, ihre Nierenfunktion aufrechtzuerhalten.<\/span><span style=\"font-weight: 400;\"><br \/>\n<\/span><\/p>\n<h3><span style=\"font-weight: 400;\">Wie wirkt Irbesartan?<\/span><\/h3>\n<p><span style=\"font-weight: 400;\">Irovel 150 mg erh\u00e4lt \u00e4u\u00dferst positive Bewertungen und ist ein empfohlenes Medikament gegen Bluthochdruck und Herzinsuffizienz. Es enth\u00e4lt ein Salz namens Irbesartan, einen Angiotensin-Rezeptorblocker (ARB).<\/span><\/p>\n<p><span style=\"font-weight: 400;\">Angiotensin II ist eine Substanz, die von den Nieren produziert wird. Es bindet an Rezeptoren in den Gef\u00e4\u00dfen und bewirkt durch kleine Muskeln in den Gef\u00e4\u00dfw\u00e4nden eine Verengung der Blutgef\u00e4\u00dfe. Irbesartan hemmt diese Bindung von Angiotensin II und kontrolliert so Bluthochdruck. Dies wiederum reduziert das Risiko zuk\u00fcnftiger Herzinfarkte oder Schlaganf\u00e4lle.<\/span><\/p>","protected":false},"excerpt":{"rendered":"<ul>\n<li style=\"font-weight: 400;\" aria-level=\"1\"><span style=\"font-weight: 400;\">Von der FDA zugelassenes Irbesartan<\/span><\/li>\n<li style=\"font-weight: 400;\" aria-level=\"1\"><span style=\"font-weight: 400;\">Sichtbare Ergebnisse in 2 Stunden<\/span><\/li>\n<li style=\"font-weight: 400;\" aria-level=\"1\"><span style=\"font-weight: 400;\">Wirksam f\u00fcr 24 Stunden<\/span><\/li>\n<li style=\"font-weight: 400;\" aria-level=\"1\"><span style=\"font-weight: 400;\">Versand innerhalb von 24 Stunden<\/span><\/li>\n<\/ul>","protected":false},"featured_media":3635,"comment_status":"open","ping_status":"closed","template":"","meta":{"om_disable_all_campaigns":false,"_uf_show_specific_survey":0,"_uf_disable_surveys":false},"product_brand":[],"product_cat":[608],"product_tag":[],"class_list":{"0":"post-3625","1":"product","2":"type-product","3":"status-publish","4":"has-post-thumbnail","6":"product_cat-heart-blood-pressure","8":"first","9":"instock","10":"shipping-taxable","11":"purchasable","12":"product-type-variable","13":"has-default-attributes"},"_links":{"self":[{"href":"https:\/\/wowrxpharmacy.com\/de\/wp-json\/wp\/v2\/product\/3625","targetHints":{"allow":["GET"]}}],"collection":[{"href":"https:\/\/wowrxpharmacy.com\/de\/wp-json\/wp\/v2\/product"}],"about":[{"href":"https:\/\/wowrxpharmacy.com\/de\/wp-json\/wp\/v2\/types\/product"}],"replies":[{"embeddable":true,"href":"https:\/\/wowrxpharmacy.com\/de\/wp-json\/wp\/v2\/comments?post=3625"}],"wp:featuredmedia":[{"embeddable":true,"href":"https:\/\/wowrxpharmacy.com\/de\/wp-json\/wp\/v2\/media\/3635"}],"wp:attachment":[{"href":"https:\/\/wowrxpharmacy.com\/de\/wp-json\/wp\/v2\/media?parent=3625"}],"wp:term":[{"taxonomy":"product_brand","embeddable":true,"href":"https:\/\/wowrxpharmacy.com\/de\/wp-json\/wp\/v2\/product_brand?post=3625"},{"taxonomy":"product_cat","embeddable":true,"href":"https:\/\/wowrxpharmacy.com\/de\/wp-json\/wp\/v2\/product_cat?post=3625"},{"taxonomy":"product_tag","embeddable":true,"href":"https:\/\/wowrxpharmacy.com\/de\/wp-json\/wp\/v2\/product_tag?post=3625"}],"curies":[{"name":"wp","href":"https:\/\/api.w.org\/{rel}","templated":true}]}}